{"id":6058,"date":"2022-02-23T11:48:22","date_gmt":"2022-02-23T11:48:22","guid":{"rendered":"https:\/\/mundo.seashell.pt\/?post_type=product&#038;p=6058"},"modified":"2022-02-23T11:48:24","modified_gmt":"2022-02-23T11:48:24","slug":"solim-lixivia-5kg","status":"publish","type":"product","link":"https:\/\/mundo.seashell.pt\/?product=solim-lixivia-5kg","title":{"rendered":"Solim Lixivia 5Kg"},"content":{"rendered":"<p><strong>APLICA\u00c7\u00c3O<\/strong><\/p>\n<p>Lix\u00edvia concentrada de uso industrial<\/p>\n<p><strong><br \/><\/strong><\/p>\n<p><strong>PROPRIEDADES<\/strong><\/p>\n<p>Branqueador l\u00edquido clorado com uma elevada capacidade de limpeza e quando usado nas concentra\u00e7\u00f5es indicadas.<\/p>\n<p>Faz uma boa complexa\u00e7\u00e3o de sais minerais, contidos na \u00e1gua.<\/p>\n<p>Possui cerca de 4% de cloro ativo.<\/p>\n<p>Quimicamente \u00e9 um produto de base de hipoclorito de s\u00f3dio.<\/p>\n<p><strong><br \/><\/strong><\/p>\n<p><strong>CONDI\u00c7\u00d5ES DE UTILIZA\u00c7\u00c3O<\/strong><\/p>\n<p>Devido \u00e0 sua elevada concentra\u00e7\u00e3o em cloro recomendamos que o produto seja dilu\u00eddo em \u00e1gua conforme as aplica\u00e7\u00f5es.<\/p>\n<p>Diluir o produto entre 2-3% (20 a 30 g\/L de \u00e1gua) e aplicar nas superf\u00edcies a limpar. Deixar atuar cerca de 10 minutos. No final enxaguar com \u00e1gua abundante.<\/p>\n<p><strong><br \/><\/strong><\/p>\n<p><strong>CARACTERISTICAS FISICO QU\u00cdMICAS<\/strong><strong><\/strong><br \/>Aspecto: Produto L\u00edquido<br \/>Cor: levemente amarelado<br \/>pH 13\u00b11.0<br \/>Biodegrad\u00e1vel, conforme regulamento (CE) No 648\/2004 Anexo II e III<\/p>\n","protected":false},"excerpt":{"rendered":"<p>Lix\u00edvia concentrada de uso industrial, possui cerca de 4% de cloro ativo.<\/p>\n","protected":false},"featured_media":6059,"template":"","meta":{"spay_email":""},"product_cat":[15],"product_tag":[],"class_list":{"0":"post-6058","1":"product","2":"type-product","3":"status-publish","4":"has-post-thumbnail","6":"product_cat-sem-categoria","8":"first","9":"instock","10":"taxable","11":"shipping-taxable","12":"purchasable","13":"product-type-simple"},"acf":[],"jetpack-related-posts":[{"id":5972,"url":"https:\/\/mundo.seashell.pt\/?product=sf-300-5kg","url_meta":{"origin":6058,"position":0},"title":"Detergente Desinfetante SF 300 5Kg","date":"Fevereiro 23, 2022","format":false,"excerpt":"Detergente Desinfetante contendo cloro para a desinfe\u00e7\u00e3o de \u00e1reas de alimentos.","rel":"","context":"Similar post","img":{"alt_text":"","src":"https:\/\/i0.wp.com\/mundo.seashell.pt\/wp-content\/uploads\/2022\/02\/sf_300.jpg?resize=350%2C200&ssl=1","width":350,"height":200},"classes":[]},{"id":6006,"url":"https:\/\/mundo.seashell.pt\/?product=chlor-ha-24-kg","url_meta":{"origin":6058,"position":1},"title":"Desinfetante Clorado Chlor HA 24 Kg","date":"Fevereiro 23, 2022","format":false,"excerpt":"Desinfetante clorado formulado para ser utilizado em \u00e1reas agro-alimentares.","rel":"","context":"Similar post","img":{"alt_text":"","src":"https:\/\/i0.wp.com\/mundo.seashell.pt\/wp-content\/uploads\/2022\/02\/chlor.jpg?resize=350%2C200&ssl=1","width":350,"height":200},"classes":[]},{"id":5690,"url":"https:\/\/mundo.seashell.pt\/?product=alkachlor-foam-ha-22kg","url_meta":{"origin":6058,"position":2},"title":"Desengordurante Alkachlor Foam Ha 22Kg","date":"Fevereiro 23, 2022","format":false,"excerpt":"Espuma de elevado poder desengordurante e higienizante de base cloro. Recomendado para limpeza em \u00e1reas de processo agro-alimentar.","rel":"","context":"Similar post","img":{"alt_text":"","src":"https:\/\/i0.wp.com\/mundo.seashell.pt\/wp-content\/uploads\/2022\/02\/PhotoRoom_20210325_092137.jpg?resize=350%2C200&ssl=1","width":350,"height":200},"classes":[]},{"id":5866,"url":"https:\/\/mundo.seashell.pt\/?product=solim-10la-55kg-loica-automatica","url_meta":{"origin":6058,"position":3},"title":"Solim 10LA 5.5Kg &#8211; Loi\u00e7a Autom\u00e1tica","date":"Fevereiro 23, 2022","format":false,"excerpt":"Detergente l\u00edquido para lavagem autom\u00e1tica de loi\u00e7a.","rel":"","context":"Similar post","img":{"alt_text":"","src":"https:\/\/i0.wp.com\/mundo.seashell.pt\/wp-content\/uploads\/2022\/02\/Solim_10LA_PhotoRoom_20210402_103540.jpg?resize=350%2C200&ssl=1","width":350,"height":200},"classes":[]},{"id":6079,"url":"https:\/\/mundo.seashell.pt\/?product=fun-wc-lixivia-750ml","url_meta":{"origin":6058,"position":4},"title":"Fun WC Lixivia 750ML","date":"Fevereiro 23, 2022","format":false,"excerpt":"E\u0301 um produto incolor, viscoso levemente perfumado, especialmente concebido para a limpeza de instalac\u0327o\u0303es sanita\u0301rias.","rel":"","context":"Similar post","img":{"alt_text":"","src":"https:\/\/i0.wp.com\/mundo.seashell.pt\/wp-content\/uploads\/2022\/02\/FUN_WC_LIXI_VIA_750ML_PhotoRoom_20210402_103049.jpg?resize=350%2C200&ssl=1","width":350,"height":200},"classes":[]},{"id":5696,"url":"https:\/\/mundo.seashell.pt\/?product=chlordet-24kg","url_meta":{"origin":6058,"position":5},"title":"Desengordurante Higienizante Chlordet 24Kg","date":"Fevereiro 23, 2022","format":false,"excerpt":"Detergente desengordurante higienizante sem espuma com cloro ativo para lavagem manual, mec\u00e2nica o em CIP de todas as superf\u00edcies lav\u00e1veis.","rel":"","context":"Similar post","img":{"alt_text":"","src":"https:\/\/i0.wp.com\/mundo.seashell.pt\/wp-content\/uploads\/2022\/02\/chlordet.jpg?resize=350%2C200&ssl=1","width":350,"height":200},"classes":[]}],"_links":{"self":[{"href":"https:\/\/mundo.seashell.pt\/index.php?rest_route=\/wp\/v2\/product\/6058","targetHints":{"allow":["GET"]}}],"collection":[{"href":"https:\/\/mundo.seashell.pt\/index.php?rest_route=\/wp\/v2\/product"}],"about":[{"href":"https:\/\/mundo.seashell.pt\/index.php?rest_route=\/wp\/v2\/types\/product"}],"wp:featuredmedia":[{"embeddable":true,"href":"https:\/\/mundo.seashell.pt\/index.php?rest_route=\/wp\/v2\/media\/6059"}],"wp:attachment":[{"href":"https:\/\/mundo.seashell.pt\/index.php?rest_route=%2Fwp%2Fv2%2Fmedia&parent=6058"}],"wp:term":[{"taxonomy":"product_cat","embeddable":true,"href":"https:\/\/mundo.seashell.pt\/index.php?rest_route=%2Fwp%2Fv2%2Fproduct_cat&post=6058"},{"taxonomy":"product_tag","embeddable":true,"href":"https:\/\/mundo.seashell.pt\/index.php?rest_route=%2Fwp%2Fv2%2Fproduct_tag&post=6058"}],"curies":[{"name":"wp","href":"https:\/\/api.w.org\/{rel}","templated":true}]}}