{"id":6056,"date":"2022-02-23T11:48:18","date_gmt":"2022-02-23T11:48:18","guid":{"rendered":"https:\/\/mundo.seashell.pt\/?post_type=product&#038;p=6056"},"modified":"2022-02-23T11:48:22","modified_gmt":"2022-02-23T11:48:22","slug":"lactic-500ml","status":"publish","type":"product","link":"https:\/\/mundo.seashell.pt\/?product=lactic-500ml","title":{"rendered":"Desinfetante Lactic 500Ml"},"content":{"rendered":"<h2>Desinfetante multiusos pronto para usar natural*<\/h2>\n<ul>\n<li>Efic\u00e1cia biocida em conformidade com as <a target=\"_blank\" href=\"https:\/\/www.sutterprofessional.it\/pt\/sutterpedia#rule\" rel=\"noopener\">normas<\/a> EN**:1276, 1650, 13697 e 14476+A1<\/li>\n<li>Produto com mat\u00e9rias-primas de origem vegetal e completamente biodegrad\u00e1vel*<\/li>\n<li>Sem sais quatern\u00e1rios de am\u00f3nio, indicado em ambiente alimentar<\/li>\n<\/ul>\n<h4><\/h4>\n<h4>Descri\u00e7\u00e3o<\/h4>\n<p>Desinfetante multiusos pronto para usar para todas as superf\u00edcies duras lav\u00e1veis: pavimentos, mobili\u00e1rio, bancadas de trabalho, instala\u00e7\u00f5es sanit\u00e1rias e caixotes do lixo. O produto pode ser usado nas superf\u00edcies em contato com alimentos (instala\u00e7\u00f5es\/equipamentos de produ\u00e7\u00e3o e instala\u00e7\u00f5es\/ equipamentos de armazenagem). Indicado inclusive em ambientes HACCP. Utiliz\u00e1vel em quartos, cozinhas,  casas de banho, habita\u00e7\u00f5es, hospitais, creches, ind\u00fastrias, laborat\u00f3rios t\u00e9cnicos e armaz\u00e9ns.<br \/>Cont\u00e9m mat\u00e9rias-primas de origem vegetal (\u00c1cido l\u00e1ctico)*. <\/p>\n<p><strong><br \/><\/strong><\/p>\n<p><strong>COMPOSI\u00c7\u00c3O:<\/strong> \u00c1cido l\u00e1ctico (EC 200-018-0): 0,42 g\/100g; &lt;5% <a target=\"_blank\" href=\"https:\/\/www.sutterprofessional.it\/pt\/sutterpedia#surfactants\" rel=\"noopener\">tensioativos<\/a> n\u00e3o i\u00f3nicos, <a target=\"_blank\" href=\"https:\/\/www.sutterprofessional.it\/pt\/sutterpedia#surfactants\" rel=\"noopener\">tensioativos<\/a> ani\u00f3nicos, perfume.<\/p>\n<p>Produto biocida PT2, PT4 &#8211; AL. N\u00famero de autoriza\u00e7\u00e3o biocida: EU-0006622-0010.<\/p>\n<p>Em conformidade com as <a target=\"_blank\" href=\"https:\/\/www.sutterprofessional.it\/pt\/sutterpedia#rule\" rel=\"noopener\">normas<\/a> EN**: 1276, 1650, 13697 e 14476+A1.<\/p>\n<h4><\/h4>\n<h4>Dilui\u00e7\u00e3o<\/h4>\n<p>Pronto para o uso.<\/p>\n<h4><\/h4>\n<h4>Como usar<\/h4>\n<p>Aplicar o produto em toda a superf\u00edcie h\u00famida ou mergulhar a superf\u00edcie numa bacia com o produto. Deixar de molho durante 5 minutos. Esfregar ou escovar, se necess\u00e1rio e a seguir enxaguar com \u00e1gua, principalmente no caso de contato com os alimentos. Aplicar somente uma vez. Repetir a aplica\u00e7\u00e3o apenas em caso de uma nova infesta\u00e7\u00e3o ou se a segunda aplica\u00e7\u00e3o for recomendada no protocolo espec\u00edfico de limpeza.<br \/>PT2, PT4. AL &#8211; Outro l\u00edquido qualquer.<\/p>\n","protected":false},"excerpt":{"rendered":"<p>Desinfetante multiusos pronto para usar para todas as superf\u00edcies duras lav\u00e1veis: pavimentos, mobili\u00e1rio, bancadas de trabalho, instala\u00e7\u00f5es sanit\u00e1rias e caixotes do lixo<\/p>\n","protected":false},"featured_media":6057,"template":"","meta":{"spay_email":""},"product_cat":[15],"product_tag":[],"class_list":{"0":"post-6056","1":"product","2":"type-product","3":"status-publish","4":"has-post-thumbnail","6":"product_cat-sem-categoria","8":"first","9":"instock","10":"taxable","11":"shipping-taxable","12":"purchasable","13":"product-type-simple"},"acf":[],"jetpack-related-posts":[{"id":6239,"url":"https:\/\/mundo.seashell.pt\/?product=lysol-multiusos-500ml","url_meta":{"origin":6056,"position":0},"title":"Lysol Multiusos 500ml","date":"Fevereiro 23, 2022","format":false,"excerpt":"Lysol Desinfetante Multiusos Frescura Elimina a sujidade e as manchas deixando as superf\u00edcies desinfetadas e com uma agrad\u00e1vel fragr\u00e2ncia a Ma\u00e7\u00e3....","rel":"","context":"Similar post","img":{"alt_text":"","src":"https:\/\/i0.wp.com\/mundo.seashell.pt\/wp-content\/uploads\/2022\/02\/Lysol_Desinfetante_Multiusos_Pistola_500ML_x12_5601217134806.jpeg?resize=350%2C200&ssl=1","width":350,"height":200},"classes":[]},{"id":6093,"url":"https:\/\/mundo.seashell.pt\/?product=descaler-plus-1lt-loica-automatica","url_meta":{"origin":6056,"position":1},"title":"Detergente Desincrustante Descaler Plus 1Lt","date":"Fevereiro 23, 2022","format":false,"excerpt":"Detergente desincrustante \u00e0 base de \u00e1cidos org\u00e2nicos de origem natural","rel":"","context":"Similar post","img":{"alt_text":"","src":"https:\/\/i0.wp.com\/mundo.seashell.pt\/wp-content\/uploads\/2022\/02\/descaler_plus.jpg?resize=350%2C200&ssl=1","width":350,"height":200},"classes":[]},{"id":6243,"url":"https:\/\/mundo.seashell.pt\/?product=lysol-cozinha-500ml","url_meta":{"origin":6056,"position":2},"title":"Lysol Cozinha 500ml","date":"Fevereiro 23, 2022","format":false,"excerpt":"Lysol Desinfetante Cozinha Lim\u00e3o","rel":"","context":"Similar post","img":{"alt_text":"","src":"https:\/\/i0.wp.com\/mundo.seashell.pt\/wp-content\/uploads\/2022\/02\/Lysol_Desinfetante_Cozinha_Pistola_500ML_x12_5601217134424.jpeg?resize=350%2C200&ssl=1","width":350,"height":200},"classes":[]},{"id":6101,"url":"https:\/\/mundo.seashell.pt\/?product=pom-wc-750ml","url_meta":{"origin":6056,"position":3},"title":"Desincrustante Pom WC 750Ml","date":"Fevereiro 23, 2022","format":false,"excerpt":"Detergente desincrustante \u00e0 base de \u00e1cidos org\u00e2nicos de origem natural (\u00e1cido c\u00edtrico e \u00e1cido l\u00e1ctico) com elevada a\u00e7\u00e3o desodorizante para a limpeza di\u00e1ria da sanita","rel":"","context":"Similar post","img":{"alt_text":"","src":"https:\/\/i0.wp.com\/mundo.seashell.pt\/wp-content\/uploads\/2022\/02\/PhotoRoom_20210325_092139.jpg?resize=350%2C200&ssl=1","width":350,"height":200},"classes":[]},{"id":6067,"url":"https:\/\/mundo.seashell.pt\/?product=diamond-500ml","url_meta":{"origin":6056,"position":4},"title":"Detergente Natural Diamond","date":"Fevereiro 23, 2022","format":false,"excerpt":"Detergente multiusos para a limpeza di\u00e1ria de todo o mobili\u00e1rio. Indicado para vidros, espelhos, superf\u00edcies lav\u00e1veis etc","rel":"","context":"Similar post","img":{"alt_text":"","src":"https:\/\/i0.wp.com\/mundo.seashell.pt\/wp-content\/uploads\/2022\/02\/diamond.jpg?resize=350%2C200&ssl=1","width":350,"height":200},"classes":[]},{"id":6241,"url":"https:\/\/mundo.seashell.pt\/?product=lysol-banhos-500ml","url_meta":{"origin":6056,"position":5},"title":"Lysol Banhos 500ml","date":"Fevereiro 23, 2022","format":false,"excerpt":"Lysol Desinfetante Casa de Banho Marinho","rel":"","context":"Similar post","img":{"alt_text":"","src":"https:\/\/i0.wp.com\/mundo.seashell.pt\/wp-content\/uploads\/2022\/02\/Lysol_Desinfetante_Casa_de_Banho_Pistola_500ML_x12_5601217134400.jpeg?resize=350%2C200&ssl=1","width":350,"height":200},"classes":[]}],"_links":{"self":[{"href":"https:\/\/mundo.seashell.pt\/index.php?rest_route=\/wp\/v2\/product\/6056","targetHints":{"allow":["GET"]}}],"collection":[{"href":"https:\/\/mundo.seashell.pt\/index.php?rest_route=\/wp\/v2\/product"}],"about":[{"href":"https:\/\/mundo.seashell.pt\/index.php?rest_route=\/wp\/v2\/types\/product"}],"wp:featuredmedia":[{"embeddable":true,"href":"https:\/\/mundo.seashell.pt\/index.php?rest_route=\/wp\/v2\/media\/6057"}],"wp:attachment":[{"href":"https:\/\/mundo.seashell.pt\/index.php?rest_route=%2Fwp%2Fv2%2Fmedia&parent=6056"}],"wp:term":[{"taxonomy":"product_cat","embeddable":true,"href":"https:\/\/mundo.seashell.pt\/index.php?rest_route=%2Fwp%2Fv2%2Fproduct_cat&post=6056"},{"taxonomy":"product_tag","embeddable":true,"href":"https:\/\/mundo.seashell.pt\/index.php?rest_route=%2Fwp%2Fv2%2Fproduct_tag&post=6056"}],"curies":[{"name":"wp","href":"https:\/\/api.w.org\/{rel}","templated":true}]}}