{"id":6054,"date":"2022-02-23T11:48:16","date_gmt":"2022-02-23T11:48:16","guid":{"rendered":"https:\/\/mundo.seashell.pt\/?post_type=product&#038;p=6054"},"modified":"2022-02-23T11:48:18","modified_gmt":"2022-02-23T11:48:18","slug":"stark-desidin-pastilhas-1kg","status":"publish","type":"product","link":"https:\/\/mundo.seashell.pt\/?product=stark-desidin-pastilhas-1kg","title":{"rendered":"Stark Desidin Pastilhas 1KG"},"content":{"rendered":"<p>Pastilhas efervescentes de cloro<\/p>\n<p><strong><br \/><\/strong><\/p>\n<p><strong>PROPRIEDADES<\/strong><\/p>\n<p>As pastilhas Desidin promovem a maior limpeza e higiene dos locais&nbsp;onde s\u00e3o utilizadas. A subst\u00e2ncia ativa deste produto \u00e9 o dicloro-isocianurato de s\u00f3dio, dihidratado. Podem ser usadas para a higiene di\u00e1ria de hospitais, escolas, \u00e1reas&nbsp;de prepara\u00e7\u00e3o de comida, todos os espa\u00e7os p\u00fablicos e ind\u00fastria alimentar nomeadamente na lavagem de pratos, sanit\u00e1rios, chuveiros, ch\u00e3o, etc.&nbsp;<\/p>\n<p>Pode ainda ser utilizado como auxiliar na lavagem de frutas&nbsp;e vegetais.<\/p>\n<p><strong><br \/><\/strong><\/p>\n<p><strong>Caracter\u00edsticas :<\/strong><\/p>\n<ul>\n<li>Pastilhas<\/li>\n<li>Produto seco&nbsp;<\/li>\n<li>Efervescentes<\/li>\n<li>Cont\u00e9m cloro<\/li>\n<li>Est\u00e1vel, f\u00e1cil armazenamento <\/li>\n<\/ul>\n<p><strong><\/strong><\/p>\n<p><strong>Vantagens :<\/strong><\/p>\n<ul>\n<li>Sem necessidade de medidas<\/li>\n<li>Seguro (sem risco de espirrar)<\/li>\n<li>Dissolu\u00e7\u00e3o muito r\u00e1pida&nbsp;<\/li>\n<li>A\u00e7\u00e3o r\u00e1pida<\/li>\n<li>Vers\u00e1til&nbsp;<\/li>\n<li>Sem res\u00edduos<\/li>\n<li>Econ\u00f3mico<\/li>\n<\/ul>\n<p><strong><br \/><\/strong><\/p>\n<p><strong>CONDI\u00c7\u00d5ES DE UTILIZA\u00c7\u00c3O<\/strong><\/p>\n<p><strong><\/strong><strong><br \/>Limpeza de superf\u00edcies:&nbsp;<\/strong><\/p>\n<p>dissolver 1 pastilha em 5L de \u00e1gua.&nbsp;<\/p>\n<p>Aplicar a&nbsp;solu\u00e7\u00e3o na \u00e1rea a limpar.&nbsp;<\/p>\n<p>Deixar atuar 5 minutos antes de enxaguar&nbsp;com \u00e1gua limpa.<strong><\/p>\n<p><\/strong><\/p>\n<p><strong>Para a lavagem de frutas e vegetais:&nbsp;<\/strong><\/p>\n<p>dissolver 1 pastilha em 10L de&nbsp;\u00e1gua.&nbsp;<\/p>\n<p>Aplicar a solu\u00e7\u00e3o na \u00e1rea a limpar.&nbsp;<\/p>\n<p>Deixar atuar 5 minutos antes&nbsp;de enxaguar com \u00e1gua limpa.<strong><\/p>\n<p><\/strong><\/p>\n<p><strong>CARACTERISTICAS FISICO QU\u00cdMICAS<\/strong><br \/>Aspecto: Pastilhas de 5g<br \/>Cor: branco<br \/>Produto ativo : dicloro-isocianurato de s\u00f3dio, dihidratado<br \/>Biodegrad\u00e1vel, conforme regulamento (CE) N\u00ba 648\/2004 Anexo II e III<\/p>\n","protected":false},"excerpt":{"rendered":"<p>Pastilhas efervescentes de cloro<\/p>\n","protected":false},"featured_media":6055,"template":"","meta":{"spay_email":""},"product_cat":[15],"product_tag":[],"class_list":{"0":"post-6054","1":"product","2":"type-product","3":"status-publish","4":"has-post-thumbnail","6":"product_cat-sem-categoria","8":"first","9":"instock","10":"taxable","11":"shipping-taxable","12":"purchasable","13":"product-type-simple"},"acf":[],"jetpack-related-posts":[{"id":6002,"url":"https:\/\/mundo.seashell.pt\/?product=tabs-chlorine-500gr","url_meta":{"origin":6054,"position":0},"title":"Pastilhas Tabs Chlorine 500gr","date":"Fevereiro 23, 2022","format":false,"excerpt":"Pastilhas efervescentes com a\u00e7\u00e3o higienizante\/branqueadora \u00e0 base de dicloroisocianurato, para cada tipo de sanitiza\u00e7\u00e3o e em qualquer superf\u00edcie","rel":"","context":"Similar post","img":{"alt_text":"","src":"https:\/\/i0.wp.com\/mundo.seashell.pt\/wp-content\/uploads\/2022\/02\/tabs_chlorine_1.jpg?resize=350%2C200&ssl=1","width":350,"height":200},"classes":[]},{"id":6507,"url":"https:\/\/mundo.seashell.pt\/?product=sun-classic-32-pastilhas","url_meta":{"origin":6054,"position":1},"title":"Sun Classic 32 Pastilhas","date":"Fevereiro 23, 2022","format":false,"excerpt":"As pastilhas Sun Classic, com a sua f\u00f3rmula All in One, garantem uma limpeza perfeita numa s\u00f3 lavagem. Cont\u00eam abrilhantador e removem as manchas mais dif\u00edceis, mesmo sem pr\u00e9-lavagem. Tipo de produto: Detergente Pastilhas Benef\u00edcios: - Anti-gordura e anti-manchas;- Limpeza perfeita;- N\u00e3o necessita de pr\u00e9...","rel":"","context":"Similar post","img":{"alt_text":"","src":"https:\/\/i0.wp.com\/mundo.seashell.pt\/wp-content\/uploads\/2022\/02\/8915914784798.jpeg?resize=350%2C200&ssl=1","width":350,"height":200},"classes":[]},{"id":6505,"url":"https:\/\/mundo.seashell.pt\/?product=sun-pastilhas-maquina-loica","url_meta":{"origin":6054,"position":2},"title":"Sun All in One 30 Pastilhas","date":"Fevereiro 23, 2022","format":false,"excerpt":"As pastilhas Sun All In 1 regular, com a sua f\u00f3rmula All in One, garantem uma limpeza perfeita numa s\u00f3 lavagem. Cont\u00eam abrilhantador e removem as manchas mais dif\u00edceis, mesmo sem pr\u00e9-lavagem. Tipo de produto: Detergente PastilhasBenef\u00edcios: - Anti-gordura e anti-manchas;- Limpeza perfeita;- N\u00e3o necessit...","rel":"","context":"Similar post","img":{"alt_text":"","src":"https:\/\/i0.wp.com\/mundo.seashell.pt\/wp-content\/uploads\/2022\/02\/7128672-frente.jpeg?resize=350%2C200&ssl=1","width":350,"height":200},"classes":[]},{"id":6509,"url":"https:\/\/mundo.seashell.pt\/?product=finish-pastilhas-mll","url_meta":{"origin":6054,"position":3},"title":"Finish Pastilhas MLL","date":"Fevereiro 23, 2022","format":false,"excerpt":"Tipo de produto: Detergente Pastilhas","rel":"","context":"Similar post","img":{"alt_text":"","src":"https:\/\/i0.wp.com\/mundo.seashell.pt\/wp-content\/uploads\/2022\/02\/7447098-frente.jpeg?resize=350%2C200&ssl=1","width":350,"height":200},"classes":[]},{"id":6501,"url":"https:\/\/mundo.seashell.pt\/?product=fairy-fresh-laranja-25-pastilhas","url_meta":{"origin":6054,"position":4},"title":"Fairy Fresh Laranja 25 Pastilhas","date":"Fevereiro 23, 2022","format":false,"excerpt":"As c\u00e1psulas para m\u00e1quina da loi\u00e7a Fairy t\u00eam uma a\u00e7\u00e3o de limpeza \u00e0 primeira e a sua f\u00f3rmula remove mesmo a gordura incrustada. Fairy combina l\u00edquido e p\u00f3 numa s\u00f3 c\u00e1psula poderosa. O seu inv\u00f3lucro ultrassol\u00favel dissolve-se muito mais rapidamente do que as c\u00e1psulas prensadas, por isso come\u00e7am a funcionar\u2026","rel":"","context":"Similar post","img":{"alt_text":"","src":"https:\/\/i0.wp.com\/mundo.seashell.pt\/wp-content\/uploads\/2022\/02\/002299866.jpeg?resize=350%2C200&ssl=1","width":350,"height":200},"classes":[]},{"id":6513,"url":"https:\/\/mundo.seashell.pt\/?product=super-pop-mll","url_meta":{"origin":6054,"position":5},"title":"Super Pop MLL","date":"Fevereiro 23, 2022","format":false,"excerpt":"Super Pop \u00e9 uma marca nacional e est\u00e1 no mercado portugu\u00eas desde 1972! As novas pastilhas para m\u00e1quina de loi\u00e7a Super Pop OxyPlus Tudo em 1 s\u00e3o fortes contra a sujidade da loi\u00e7a e cuidam da m\u00e1quina. Al\u00e9m de removerem eficazmente a gordura mais incrustada e os restos de comida\u2026","rel":"","context":"Similar post","img":{"alt_text":"","src":"https:\/\/i0.wp.com\/mundo.seashell.pt\/wp-content\/uploads\/2022\/02\/6371924-frente.jpeg?resize=350%2C200&ssl=1","width":350,"height":200},"classes":[]}],"_links":{"self":[{"href":"https:\/\/mundo.seashell.pt\/index.php?rest_route=\/wp\/v2\/product\/6054","targetHints":{"allow":["GET"]}}],"collection":[{"href":"https:\/\/mundo.seashell.pt\/index.php?rest_route=\/wp\/v2\/product"}],"about":[{"href":"https:\/\/mundo.seashell.pt\/index.php?rest_route=\/wp\/v2\/types\/product"}],"wp:featuredmedia":[{"embeddable":true,"href":"https:\/\/mundo.seashell.pt\/index.php?rest_route=\/wp\/v2\/media\/6055"}],"wp:attachment":[{"href":"https:\/\/mundo.seashell.pt\/index.php?rest_route=%2Fwp%2Fv2%2Fmedia&parent=6054"}],"wp:term":[{"taxonomy":"product_cat","embeddable":true,"href":"https:\/\/mundo.seashell.pt\/index.php?rest_route=%2Fwp%2Fv2%2Fproduct_cat&post=6054"},{"taxonomy":"product_tag","embeddable":true,"href":"https:\/\/mundo.seashell.pt\/index.php?rest_route=%2Fwp%2Fv2%2Fproduct_tag&post=6054"}],"curies":[{"name":"wp","href":"https:\/\/api.w.org\/{rel}","templated":true}]}}