{"id":6052,"date":"2022-02-23T11:48:13","date_gmt":"2022-02-23T11:48:13","guid":{"rendered":"https:\/\/mundo.seashell.pt\/?post_type=product&#038;p=6052"},"modified":"2022-02-23T11:48:15","modified_gmt":"2022-02-23T11:48:15","slug":"solim-lg-higienizante-5l","status":"publish","type":"product","link":"https:\/\/mundo.seashell.pt\/?product=solim-lg-higienizante-5l","title":{"rendered":"Solim LG Higienizante 5L"},"content":{"rendered":"<p>Higienizante. Limpezas gerais de aplica\u00e7\u00e3o universal<\/p>\n<p><strong><br \/><\/strong><\/p>\n<p><strong>PROPRIEDADES<\/strong><\/p>\n<p>Detergente l\u00edquido de limpeza e higieniza\u00e7\u00e3o. Possui, na sua composi\u00e7\u00e3o quatern\u00e1rios de am\u00f3nio (0.5%).<\/p>\n<p>Pode ser utilizado em todas as superf\u00edcies pintadas, viaturas (interior e exterior), cer\u00e2micas, metais, madeiras e pl\u00e1sticos.<\/p>\n<p>Devido \u00e0 sua composi\u00e7\u00e3o, tem um bom efeito de limpeza e higieniza\u00e7\u00e3o, evitando assim o desenvolvimento de bact\u00e9rias, fungos e v\u00edrus que podem&nbsp;provocar maus cheiros. Destina-se especialmente \u00e0 higieniza\u00e7\u00e3o na ind\u00fastria hoteleira, hospitais, em pavimentos, casas de banho, puxadores, cadeiras e mesas.<\/p>\n<p><strong><br \/><\/strong><\/p>\n<p><strong>CONDI\u00c7\u00d5ES DE UTILIZA\u00c7\u00c3O<\/strong><\/p>\n<p>Dever\u00e1 usar uma concentra\u00e7\u00e3o de 20 a 100 g\/L conforme a dureza da \u00e1gua para a limpeza das superf\u00edcies. Quando utilizado em \u00e1guas duras, aumentar&nbsp; ligeiramente a concentra\u00e7\u00e3o.<\/p>\n<p>Para uma melhor higieniza\u00e7\u00e3o, utilizar o produto em puro.<\/p>\n<p>Aplicar o produto dilu\u00eddo na superf\u00edcie e aguardar 5-10 minutos e enxaguar&nbsp;com \u00e1gua.<\/p>\n<p><strong><br \/><\/strong><\/p>\n<p><strong>CARACTERISTICAS FISICO QU\u00cdMICAS<\/strong><br \/>Aspecto: Produto L\u00edquido<br \/>Cor: incolor<br \/>pH 8<br \/>Biodegrad\u00e1vel, conforme regulamento (CE) N\u00ba 648\/2004 Anexo II e III<\/p>\n<p><\/p>\n","protected":false},"excerpt":{"rendered":"<p>Higienizante. Limpezas gerais de aplica\u00e7\u00e3o universal.<\/p>\n","protected":false},"featured_media":6053,"template":"","meta":{"spay_email":""},"product_cat":[15],"product_tag":[],"class_list":{"0":"post-6052","1":"product","2":"type-product","3":"status-publish","4":"has-post-thumbnail","6":"product_cat-sem-categoria","8":"first","9":"instock","10":"taxable","11":"shipping-taxable","12":"purchasable","13":"product-type-simple"},"acf":[],"jetpack-related-posts":[{"id":5714,"url":"https:\/\/mundo.seashell.pt\/?product=fun-higienizante-multiusos-750-ml","url_meta":{"origin":6052,"position":0},"title":"Fun Higienizante Multiusos 750 ML","date":"Fevereiro 23, 2022","format":false,"excerpt":"Detergente l\u00edquido adequado para a limpeza e higieniza\u00e7\u00e3o de todo o tipo de superf\u00edcies e equipamentos.","rel":"","context":"Similar post","img":{"alt_text":"","src":"https:\/\/i0.wp.com\/mundo.seashell.pt\/wp-content\/uploads\/2022\/02\/Fun_Higienizante_Multiusos_PhotoRoom_20210402_103034.jpg?resize=350%2C200&ssl=1","width":350,"height":200},"classes":[]},{"id":5996,"url":"https:\/\/mundo.seashell.pt\/?product=onda-lime-5kg","url_meta":{"origin":6052,"position":1},"title":"Detergente Higienizante Onda Lime 5kg","date":"Fevereiro 23, 2022","format":false,"excerpt":"Detergente higienizante com efeito desodorizante para todas as superf\u00edcies lav\u00e1veis e para a manuten\u00e7\u00e3o de todos os tipos de pavimento.","rel":"","context":"Similar post","img":{"alt_text":"","src":"https:\/\/i0.wp.com\/mundo.seashell.pt\/wp-content\/uploads\/2022\/02\/onda_lime.jpg?resize=350%2C200&ssl=1","width":350,"height":200},"classes":[]},{"id":5720,"url":"https:\/\/mundo.seashell.pt\/?product=cleanox-5kg","url_meta":{"origin":6052,"position":2},"title":"Higienizante Cleanox 5Kg","date":"Fevereiro 23, 2022","format":false,"excerpt":"Detergente higienizante concentrado \u00e0 base de per\u00f3xido de hidrog\u00eanio adequado para todas as superf\u00edcies lav\u00e1veis","rel":"","context":"Similar post","img":{"alt_text":"","src":"https:\/\/i0.wp.com\/mundo.seashell.pt\/wp-content\/uploads\/2022\/02\/cleanox.jpg?resize=350%2C200&ssl=1","width":350,"height":200},"classes":[]},{"id":6034,"url":"https:\/\/mundo.seashell.pt\/?product=solim-d-san-5kg","url_meta":{"origin":6052,"position":3},"title":"Solim D-San 5Kg","date":"Fevereiro 23, 2022","format":false,"excerpt":"Desengordurante, higienizante l\u00edquido, completamente sol\u00favel, inodoro, constitu\u00eddo por agentes \ufefforg\u00e2nicos e inorg\u00e2nicos capazes de remover \u00f3leos...","rel":"","context":"Similar post","img":{"alt_text":"","src":"https:\/\/i0.wp.com\/mundo.seashell.pt\/wp-content\/uploads\/2022\/02\/Solim_D_San_PhotoRoom_20210402_103339.jpg?resize=350%2C200&ssl=1","width":350,"height":200},"classes":[]},{"id":6050,"url":"https:\/\/mundo.seashell.pt\/?product=solim-bioactivo-5l","url_meta":{"origin":6052,"position":4},"title":"Solim Bioactivo 5L","date":"Fevereiro 23, 2022","format":false,"excerpt":"Higienizante l\u00edquido multi superf\u00edcies com base de \u00e1lcool, incolor, de secagem r\u00e1pida.","rel":"","context":"Similar post","img":{"alt_text":"","src":"https:\/\/i0.wp.com\/mundo.seashell.pt\/wp-content\/uploads\/2022\/02\/Solim_Bioactivo_PhotoRoom_20210402_103424.jpg?resize=350%2C200&ssl=1","width":350,"height":200},"classes":[]},{"id":5722,"url":"https:\/\/mundo.seashell.pt\/?product=xtra-alko-500ml","url_meta":{"origin":6052,"position":5},"title":"Higienizante Xtra-Alko 500Ml","date":"Fevereiro 23, 2022","format":false,"excerpt":"Detergente higienizante hidroalc\u00f3olico pronto para o uso, adequado para todas as superf\u00edcies lav\u00e1veis","rel":"","context":"Similar post","img":{"alt_text":"","src":"https:\/\/i0.wp.com\/mundo.seashell.pt\/wp-content\/uploads\/2022\/02\/xtra-alko.jpg?resize=350%2C200&ssl=1","width":350,"height":200},"classes":[]}],"_links":{"self":[{"href":"https:\/\/mundo.seashell.pt\/index.php?rest_route=\/wp\/v2\/product\/6052","targetHints":{"allow":["GET"]}}],"collection":[{"href":"https:\/\/mundo.seashell.pt\/index.php?rest_route=\/wp\/v2\/product"}],"about":[{"href":"https:\/\/mundo.seashell.pt\/index.php?rest_route=\/wp\/v2\/types\/product"}],"wp:featuredmedia":[{"embeddable":true,"href":"https:\/\/mundo.seashell.pt\/index.php?rest_route=\/wp\/v2\/media\/6053"}],"wp:attachment":[{"href":"https:\/\/mundo.seashell.pt\/index.php?rest_route=%2Fwp%2Fv2%2Fmedia&parent=6052"}],"wp:term":[{"taxonomy":"product_cat","embeddable":true,"href":"https:\/\/mundo.seashell.pt\/index.php?rest_route=%2Fwp%2Fv2%2Fproduct_cat&post=6052"},{"taxonomy":"product_tag","embeddable":true,"href":"https:\/\/mundo.seashell.pt\/index.php?rest_route=%2Fwp%2Fv2%2Fproduct_tag&post=6052"}],"curies":[{"name":"wp","href":"https:\/\/api.w.org\/{rel}","templated":true}]}}