{"id":6050,"date":"2022-02-23T11:47:54","date_gmt":"2022-02-23T11:47:54","guid":{"rendered":"https:\/\/mundo.seashell.pt\/?post_type=product&#038;p=6050"},"modified":"2022-02-23T11:47:59","modified_gmt":"2022-02-23T11:47:59","slug":"solim-bioactivo-5l","status":"publish","type":"product","link":"https:\/\/mundo.seashell.pt\/?product=solim-bioactivo-5l","title":{"rendered":"Solim Bioactivo 5L"},"content":{"rendered":"<p><strong>APLICA\u00c7\u00c3O<\/strong><\/p>\n<p>Higienizante l\u00edquido multisuperf\u00edcies de secagem r\u00e1pida<\/p>\n<p><strong><br \/><\/strong><\/p>\n<p><strong>PROPRIEDADES<\/strong><\/p>\n<p>O SOLIM\u00ae BIOATIVO \u00e9 um higienizante com base de \u00e1lcool, incolor, de secagem r\u00e1pida. Possui excelentes propriedades como higienizante de superf\u00edcies e equipamentos, n\u00e3o sendo necess\u00e1rio enxaguar.<\/p>\n<p><strong><br \/><\/strong><\/p>\n<p><strong>CONDI\u00c7\u00d5ES DE UTILIZA\u00c7\u00c3O<\/strong><\/p>\n<p>Antes de aplicar o higienizante, a superf\u00edcie deve ser lavada com um detergente adequado.<\/p>\n<p>Para a higieniza\u00e7\u00e3o eficaz dos equipamentos e superf\u00edcies, pulverizar o produto, passar com um toalhete seco e aguardar alguns segundos at\u00e9 evapora\u00e7\u00e3o completa, sem enxaguar.<\/p>\n","protected":false},"excerpt":{"rendered":"<p>Higienizante l\u00edquido multi superf\u00edcies com base de \u00e1lcool, incolor, de  secagem r\u00e1pida.<\/p>\n","protected":false},"featured_media":6051,"template":"","meta":{"spay_email":""},"product_cat":[15],"product_tag":[],"class_list":{"0":"post-6050","1":"product","2":"type-product","3":"status-publish","4":"has-post-thumbnail","6":"product_cat-sem-categoria","8":"first","9":"instock","10":"taxable","11":"shipping-taxable","12":"purchasable","13":"product-type-simple"},"acf":[],"jetpack-related-posts":[{"id":5624,"url":"https:\/\/mundo.seashell.pt\/?product=solim-biopur-5l","url_meta":{"origin":6050,"position":0},"title":"Higienizante M\u00e3os &#8211; Solim Biopur 5L","date":"Fevereiro 23, 2022","format":false,"excerpt":"Higienizante para as m\u00e3os PROPRIEDADESO SOLIM\u00ae BIOPUR \u00e9 um higienizante com base de \u00e1lcool, incolor, de uso agrad\u00e1vel muito eficaz contra bact\u00e9rias, v\u00edrus e fungos. N\u00e3o cont\u00e9m perfumes ou corantes, sendo indicado para utiliza\u00e7\u00e3o em \u00e1reas de processamento alimentar. CONDI\u00c7\u00d5ES DE UTILIZA\u00c7\u00c3OPara higieniza\u00e7\u00e3o das m\u00e3os, aplicar uma medida doseadora e\u2026","rel":"","context":"Similar post","img":{"alt_text":"","src":"https:\/\/i0.wp.com\/mundo.seashell.pt\/wp-content\/uploads\/2022\/02\/Solim_Biopur_PhotoRoom_20210402_103353.jpg?resize=350%2C200&ssl=1","width":350,"height":200},"classes":[]},{"id":5864,"url":"https:\/\/mundo.seashell.pt\/?product=solim-loica-higiene-5l-loica-manual","url_meta":{"origin":6050,"position":1},"title":"Solim Loi\u00e7a Higiene 5L &#8211; Loi\u00e7a Manual","date":"Fevereiro 23, 2022","format":false,"excerpt":"Detergente l\u00edquido higienizante para lavagem manual de loi\u00e7a.","rel":"","context":"Similar post","img":{"alt_text":"","src":"https:\/\/i0.wp.com\/mundo.seashell.pt\/wp-content\/uploads\/2022\/02\/SOLIM_LOIC_A_HIGIENIZANTE_PhotoRoom_20210402_103557.jpg?resize=350%2C200&ssl=1","width":350,"height":200},"classes":[]},{"id":6034,"url":"https:\/\/mundo.seashell.pt\/?product=solim-d-san-5kg","url_meta":{"origin":6050,"position":2},"title":"Solim D-San 5Kg","date":"Fevereiro 23, 2022","format":false,"excerpt":"Desengordurante, higienizante l\u00edquido, completamente sol\u00favel, inodoro, constitu\u00eddo por agentes \ufefforg\u00e2nicos e inorg\u00e2nicos capazes de remover \u00f3leos...","rel":"","context":"Similar post","img":{"alt_text":"","src":"https:\/\/i0.wp.com\/mundo.seashell.pt\/wp-content\/uploads\/2022\/02\/Solim_D_San_PhotoRoom_20210402_103339.jpg?resize=350%2C200&ssl=1","width":350,"height":200},"classes":[]},{"id":6052,"url":"https:\/\/mundo.seashell.pt\/?product=solim-lg-higienizante-5l","url_meta":{"origin":6050,"position":3},"title":"Solim LG Higienizante 5L","date":"Fevereiro 23, 2022","format":false,"excerpt":"Higienizante. Limpezas gerais de aplica\u00e7\u00e3o universal.","rel":"","context":"Similar post","img":{"alt_text":"","src":"https:\/\/i0.wp.com\/mundo.seashell.pt\/wp-content\/uploads\/2022\/02\/Solim_LG_Higienizante.jpg?resize=350%2C200&ssl=1","width":350,"height":200},"classes":[]},{"id":5655,"url":"https:\/\/mundo.seashell.pt\/?product=solim-d-clean-5l","url_meta":{"origin":6050,"position":4},"title":"Desengordurante Higienizante &#8211; Solim D-Clean 5L","date":"Fevereiro 23, 2022","format":false,"excerpt":"Lava tudo desengordurante \/ higienizante, detergente constitu\u00eddo por uma combina\u00e7\u00e3o de agentes tensioativos, sequestrantes e emulsionantes.","rel":"","context":"Similar post","img":{"alt_text":"","src":"https:\/\/i0.wp.com\/mundo.seashell.pt\/wp-content\/uploads\/2022\/02\/Solim_D_CLEAN_PhotoRoom_20210402_102955.jpg?resize=350%2C200&ssl=1","width":350,"height":200},"classes":[]},{"id":5714,"url":"https:\/\/mundo.seashell.pt\/?product=fun-higienizante-multiusos-750-ml","url_meta":{"origin":6050,"position":5},"title":"Fun Higienizante Multiusos 750 ML","date":"Fevereiro 23, 2022","format":false,"excerpt":"Detergente l\u00edquido adequado para a limpeza e higieniza\u00e7\u00e3o de todo o tipo de superf\u00edcies e equipamentos.","rel":"","context":"Similar post","img":{"alt_text":"","src":"https:\/\/i0.wp.com\/mundo.seashell.pt\/wp-content\/uploads\/2022\/02\/Fun_Higienizante_Multiusos_PhotoRoom_20210402_103034.jpg?resize=350%2C200&ssl=1","width":350,"height":200},"classes":[]}],"_links":{"self":[{"href":"https:\/\/mundo.seashell.pt\/index.php?rest_route=\/wp\/v2\/product\/6050","targetHints":{"allow":["GET"]}}],"collection":[{"href":"https:\/\/mundo.seashell.pt\/index.php?rest_route=\/wp\/v2\/product"}],"about":[{"href":"https:\/\/mundo.seashell.pt\/index.php?rest_route=\/wp\/v2\/types\/product"}],"wp:featuredmedia":[{"embeddable":true,"href":"https:\/\/mundo.seashell.pt\/index.php?rest_route=\/wp\/v2\/media\/6051"}],"wp:attachment":[{"href":"https:\/\/mundo.seashell.pt\/index.php?rest_route=%2Fwp%2Fv2%2Fmedia&parent=6050"}],"wp:term":[{"taxonomy":"product_cat","embeddable":true,"href":"https:\/\/mundo.seashell.pt\/index.php?rest_route=%2Fwp%2Fv2%2Fproduct_cat&post=6050"},{"taxonomy":"product_tag","embeddable":true,"href":"https:\/\/mundo.seashell.pt\/index.php?rest_route=%2Fwp%2Fv2%2Fproduct_tag&post=6050"}],"curies":[{"name":"wp","href":"https:\/\/api.w.org\/{rel}","templated":true}]}}