{"id":6040,"date":"2022-02-23T11:47:38","date_gmt":"2022-02-23T11:47:38","guid":{"rendered":"https:\/\/mundo.seashell.pt\/?post_type=product&#038;p=6040"},"modified":"2022-02-23T11:47:40","modified_gmt":"2022-02-23T11:47:40","slug":"pine-1lt","status":"publish","type":"product","link":"https:\/\/mundo.seashell.pt\/?product=pine-1lt","title":{"rendered":"Detergente Natural Pine"},"content":{"rendered":"<h2>Detergente natural multiusos perfumado<\/h2>\n<ul>\n<li>Efic\u00e1cia vs l\u00edderes de mercado testada em laborat\u00f3rio certificado ISO 17025<\/li>\n<li>Produto com mat\u00e9rias-primas de origem vegetal e completamente biodegrad\u00e1vel*<\/li>\n<li>Sem pictogramas CLP<\/li>\n<\/ul>\n<h4><\/h4>\n<h4>Descri\u00e7\u00e3o<\/h4>\n<p>Detergente universal multiusos para a limpeza di\u00e1ria de superf\u00edcies duras. \u00d3timo inclusive com lavadora-aspiradora. Perfume a pinheiro delicado e persistente, com \u00f3leo essencial de eucalipto. Cont\u00e9m mat\u00e9rias-primas de origem vegetal (por ex. tensioativos, solventes) derivadas do processamento do milho, batata, beterraba sacarina e \u00f3leo de coco. Sem fosfatos, sem n\u00edquel (inferior a 0,01 ppm). Produto testado dermatologicamente (human patch test &#8211; n\u00e3o testado em animais). A aus\u00eancia de s\u00edmbolos de perigo CLP torna o produto seguro para o operador e amigo do ambiente, se for utilizado de acordo com as instru\u00e7\u00f5es de uso e demais informa\u00e7\u00f5es existentes no r\u00f3tulo.<\/p>\n<h4><\/h4>\n<h4>Dilui\u00e7\u00e3o<\/h4>\n<p>Para a limpeza di\u00e1ria diluir PINE a 1%. A dose aconselhada permite poupar e reduzir ao m\u00ednimo o impacto ambiental. Em rela\u00e7\u00e3o a um produto j\u00e1 dilu\u00eddo, basta usar uma pequena quantidade de produto. Em caso de sujidade persistente considerar outra dilui\u00e7\u00e3o.<\/p>\n<h4><\/h4>\n<h4>Como usar<\/h4>\n<p>Uso manual e\/ou com lavadora-aspiradora. Diluir o produto e aplicar na superf\u00edcie. Deixar atuar. Enxaguar em caso de res\u00edduos.<\/p>\n","protected":false},"excerpt":{"rendered":"<p>Detergente universal multiusos para a limpeza di\u00e1ria de superf\u00edcies duras<\/p>\n","protected":false},"featured_media":6041,"template":"","meta":{"spay_email":""},"product_cat":[15],"product_tag":[],"class_list":{"0":"post-6040","1":"product","2":"type-product","3":"status-publish","4":"has-post-thumbnail","6":"product_cat-sem-categoria","8":"first","9":"instock","10":"taxable","11":"shipping-taxable","12":"purchasable","13":"product-type-simple"},"acf":[],"jetpack-related-posts":[{"id":6046,"url":"https:\/\/mundo.seashell.pt\/?product=cologne-5kg","url_meta":{"origin":6040,"position":0},"title":"Detergente Natural Cologne 5Kg","date":"Fevereiro 23, 2022","format":false,"excerpt":"Detergente universal multiusos para a limpeza di\u00e1ria de superf\u00edcies duras","rel":"","context":"Similar post","img":{"alt_text":"","src":"https:\/\/i0.wp.com\/mundo.seashell.pt\/wp-content\/uploads\/2022\/02\/cologne.jpg?resize=350%2C200&ssl=1","width":350,"height":200},"classes":[]},{"id":6044,"url":"https:\/\/mundo.seashell.pt\/?product=apple-1lt","url_meta":{"origin":6040,"position":1},"title":"Detergente Natural Apple","date":"Fevereiro 23, 2022","format":false,"excerpt":"Detergente universal multiusos para a limpeza di\u00e1ria de superf\u00edcies duras.","rel":"","context":"Similar post","img":{"alt_text":"","src":"https:\/\/i0.wp.com\/mundo.seashell.pt\/wp-content\/uploads\/2022\/02\/apple.jpg?resize=350%2C200&ssl=1","width":350,"height":200},"classes":[]},{"id":5944,"url":"https:\/\/mundo.seashell.pt\/?product=flower-5kg","url_meta":{"origin":6040,"position":2},"title":"Detergente Flower 5Kg","date":"Fevereiro 23, 2022","format":false,"excerpt":"Detergente natural hidroalc\u00f3olico perfumado","rel":"","context":"Similar post","img":{"alt_text":"","src":"https:\/\/i0.wp.com\/mundo.seashell.pt\/wp-content\/uploads\/2022\/02\/flower.jpg?resize=350%2C200&ssl=1","width":350,"height":200},"classes":[]},{"id":6042,"url":"https:\/\/mundo.seashell.pt\/?product=pine-easy-750ml","url_meta":{"origin":6040,"position":3},"title":"Detergente natural Pine Easy","date":"Fevereiro 23, 2022","format":false,"excerpt":"Detergente universal multiusos super concentrado para a limpeza di\u00e1ria de superf\u00edcies duras","rel":"","context":"Similar post","img":{"alt_text":"","src":"https:\/\/i0.wp.com\/mundo.seashell.pt\/wp-content\/uploads\/2022\/02\/pine_easy.jpg?resize=350%2C200&ssl=1","width":350,"height":200},"classes":[]},{"id":6067,"url":"https:\/\/mundo.seashell.pt\/?product=diamond-500ml","url_meta":{"origin":6040,"position":4},"title":"Detergente Natural Diamond","date":"Fevereiro 23, 2022","format":false,"excerpt":"Detergente multiusos para a limpeza di\u00e1ria de todo o mobili\u00e1rio. Indicado para vidros, espelhos, superf\u00edcies lav\u00e1veis etc","rel":"","context":"Similar post","img":{"alt_text":"","src":"https:\/\/i0.wp.com\/mundo.seashell.pt\/wp-content\/uploads\/2022\/02\/diamond.jpg?resize=350%2C200&ssl=1","width":350,"height":200},"classes":[]},{"id":5946,"url":"https:\/\/mundo.seashell.pt\/?product=flower-easy-750ml","url_meta":{"origin":6040,"position":5},"title":"Detergente Flower Easy","date":"Fevereiro 23, 2022","format":false,"excerpt":"Detergente universal multiusos super concentrado para a limpeza di\u00e1ria de superf\u00edcies com ou sem tratamento.","rel":"","context":"Similar post","img":{"alt_text":"","src":"https:\/\/i0.wp.com\/mundo.seashell.pt\/wp-content\/uploads\/2022\/02\/flower_easy.jpg?resize=350%2C200&ssl=1","width":350,"height":200},"classes":[]}],"_links":{"self":[{"href":"https:\/\/mundo.seashell.pt\/index.php?rest_route=\/wp\/v2\/product\/6040","targetHints":{"allow":["GET"]}}],"collection":[{"href":"https:\/\/mundo.seashell.pt\/index.php?rest_route=\/wp\/v2\/product"}],"about":[{"href":"https:\/\/mundo.seashell.pt\/index.php?rest_route=\/wp\/v2\/types\/product"}],"wp:featuredmedia":[{"embeddable":true,"href":"https:\/\/mundo.seashell.pt\/index.php?rest_route=\/wp\/v2\/media\/6041"}],"wp:attachment":[{"href":"https:\/\/mundo.seashell.pt\/index.php?rest_route=%2Fwp%2Fv2%2Fmedia&parent=6040"}],"wp:term":[{"taxonomy":"product_cat","embeddable":true,"href":"https:\/\/mundo.seashell.pt\/index.php?rest_route=%2Fwp%2Fv2%2Fproduct_cat&post=6040"},{"taxonomy":"product_tag","embeddable":true,"href":"https:\/\/mundo.seashell.pt\/index.php?rest_route=%2Fwp%2Fv2%2Fproduct_tag&post=6040"}],"curies":[{"name":"wp","href":"https:\/\/api.w.org\/{rel}","templated":true}]}}