{"id":6038,"date":"2022-02-23T11:47:31","date_gmt":"2022-02-23T11:47:31","guid":{"rendered":"https:\/\/mundo.seashell.pt\/?post_type=product&#038;p=6038"},"modified":"2022-02-23T11:47:33","modified_gmt":"2022-02-23T11:47:33","slug":"fun-multiusos-15l","status":"publish","type":"product","link":"https:\/\/mundo.seashell.pt\/?product=fun-multiusos-15l","title":{"rendered":"Fun Multiusos 1.5L"},"content":{"rendered":"<p>Detergente Lava tudo FUN Limpezas gerais e&nbsp;de aplica\u00e7\u00e3o universal, com 6 variedades \u00e0 sua escolha:<\/p>\n<ul>\n<li>FUN MONTANHA&nbsp;<\/li>\n<li>FUN ALO\u00c9<\/li>\n<li>FUN LAVANDA<\/li>\n<li>FUN LIMA<\/li>\n<li>FUN FLORES DA PRIMAVERA<\/li>\n<li>FUN FLORES VERMELHAS<\/li>\n<\/ul>\n<p><strong><br \/><\/strong><\/p>\n<p><strong>PROPRIEDADES<\/strong><\/p>\n<p>\u00c9 um l\u00edquido, completamente sol\u00favel, perfumado, de reac\u00e7\u00e3o neutra, logo pode ser manuseado.<br \/>Com uma \u00f3ptima mistura de tensioactivos n\u00e3o i\u00f3nicos \u00e9 indicado na limpeza manual de todas as superf\u00edcies. Pode ser utilizado em superf\u00edcies pintadas, viaturas (interior e exterior), cer\u00e2micas, metais e pl\u00e1sticos.<\/p>\n<p><strong><br \/><\/strong><\/p>\n<p><strong>CONDI\u00c7\u00d5ES DE UTILIZA\u00c7\u00c3O<\/strong><\/p>\n<p>Dever\u00e1 usar uma concentra\u00e7\u00e3o de 1 tampa para 5L de \u00e1gua.<br \/>Quando usado em \u00e1guas duras aumentar ligeiramente a concentra\u00e7\u00e3o.<\/p>\n<p><strong><br \/><\/strong><\/p>\n<p><strong>CARACTERISTICAS FISICO QU\u00cdMICAS<\/strong><\/p>\n<p>Aspecto: Produto L\u00edquido<br \/>pH 8<br \/>Perfumado<br \/>Biodegrad\u00e1vel, conforme regulamento (CE) No 648\/2004 Anexo II e III<\/p>\n","protected":false},"excerpt":{"rendered":"<p>Detergente lava tudo FUN limpezas gerais e \ufeffde aplica\u00e7\u00e3o universal\ufeff, com 6 variedades \u00e0 sua escolha<\/p>\n","protected":false},"featured_media":6039,"template":"","meta":{"spay_email":""},"product_cat":[15],"product_tag":[],"class_list":{"0":"post-6038","1":"product","2":"type-product","3":"status-publish","4":"has-post-thumbnail","6":"product_cat-sem-categoria","8":"first","9":"instock","10":"taxable","11":"shipping-taxable","12":"purchasable","13":"product-type-simple"},"acf":[],"jetpack-related-posts":[{"id":6052,"url":"https:\/\/mundo.seashell.pt\/?product=solim-lg-higienizante-5l","url_meta":{"origin":6038,"position":0},"title":"Solim LG Higienizante 5L","date":"Fevereiro 23, 2022","format":false,"excerpt":"Higienizante. Limpezas gerais de aplica\u00e7\u00e3o universal.","rel":"","context":"Similar post","img":{"alt_text":"","src":"https:\/\/i0.wp.com\/mundo.seashell.pt\/wp-content\/uploads\/2022\/02\/Solim_LG_Higienizante.jpg?resize=350%2C200&ssl=1","width":350,"height":200},"classes":[]},{"id":5938,"url":"https:\/\/mundo.seashell.pt\/?product=terso-5kg","url_meta":{"origin":6038,"position":1},"title":"Detergente Universal Terso 5Kg","date":"Fevereiro 23, 2022","format":false,"excerpt":"Detergente universal concentrado de alta efic\u00e1cia para a limpeza de todas as superf\u00edcies lav\u00e1veis","rel":"","context":"Similar post","img":{"alt_text":"","src":"https:\/\/i0.wp.com\/mundo.seashell.pt\/wp-content\/uploads\/2022\/02\/terso.jpg?resize=350%2C200&ssl=1","width":350,"height":200},"classes":[]},{"id":6028,"url":"https:\/\/mundo.seashell.pt\/?product=solim-lg-montanha-5l","url_meta":{"origin":6038,"position":2},"title":"Solim LG 5L","date":"Fevereiro 23, 2022","format":false,"excerpt":"Detergente l\u00edquido, completamente sol\u00favel, perfumado. Tensioactivos n\u00e3o i\u00f3nicos \u00e9 indicado na \ufefflimpeza manual","rel":"","context":"Similar post","img":{"alt_text":"","src":"https:\/\/i0.wp.com\/mundo.seashell.pt\/wp-content\/uploads\/2022\/02\/solim_lg.jpg?resize=350%2C200&ssl=1","width":350,"height":200},"classes":[]},{"id":5836,"url":"https:\/\/mundo.seashell.pt\/?product=fun-madeiras-1l","url_meta":{"origin":6038,"position":3},"title":"Fun Madeiras 1L","date":"Fevereiro 23, 2022","format":false,"excerpt":"Limpeza de parquets e outras superf\u00edcies delicadas","rel":"","context":"Similar post","img":{"alt_text":"","src":"https:\/\/i0.wp.com\/mundo.seashell.pt\/wp-content\/uploads\/2022\/02\/Fun_Madeiras_PhotoRoom_20210402_103002.jpg?resize=350%2C200&ssl=1","width":350,"height":200},"classes":[]},{"id":6066,"url":"https:\/\/mundo.seashell.pt\/?product=stark-vm-2l","url_meta":{"origin":6038,"position":4},"title":"Multiusos Stark VM 2L","date":"Fevereiro 23, 2022","format":false,"excerpt":"Detergente neutro ultraconcentrado indicado para a limpeza r\u00e1pida, por spray, de todo o tipo de superf\u00edcies lav\u00e1veis.","rel":"","context":"Similar post","img":{"alt_text":"","src":"","width":0,"height":0},"classes":[]},{"id":6048,"url":"https:\/\/mundo.seashell.pt\/?product=plural-10lt","url_meta":{"origin":6038,"position":5},"title":"Detergente Multiusos Plural 10Lt","date":"Fevereiro 23, 2022","format":false,"excerpt":"Detergente multiusos ultra-concentrado para a limpeza di\u00e1ria do mobili\u00e1rio. Indicado para vidros, espelhos, superf\u00edcies lav\u00e1veis.","rel":"","context":"Similar post","img":{"alt_text":"","src":"https:\/\/i0.wp.com\/mundo.seashell.pt\/wp-content\/uploads\/2022\/02\/plural.jpg?resize=350%2C200&ssl=1","width":350,"height":200},"classes":[]}],"_links":{"self":[{"href":"https:\/\/mundo.seashell.pt\/index.php?rest_route=\/wp\/v2\/product\/6038","targetHints":{"allow":["GET"]}}],"collection":[{"href":"https:\/\/mundo.seashell.pt\/index.php?rest_route=\/wp\/v2\/product"}],"about":[{"href":"https:\/\/mundo.seashell.pt\/index.php?rest_route=\/wp\/v2\/types\/product"}],"wp:featuredmedia":[{"embeddable":true,"href":"https:\/\/mundo.seashell.pt\/index.php?rest_route=\/wp\/v2\/media\/6039"}],"wp:attachment":[{"href":"https:\/\/mundo.seashell.pt\/index.php?rest_route=%2Fwp%2Fv2%2Fmedia&parent=6038"}],"wp:term":[{"taxonomy":"product_cat","embeddable":true,"href":"https:\/\/mundo.seashell.pt\/index.php?rest_route=%2Fwp%2Fv2%2Fproduct_cat&post=6038"},{"taxonomy":"product_tag","embeddable":true,"href":"https:\/\/mundo.seashell.pt\/index.php?rest_route=%2Fwp%2Fv2%2Fproduct_tag&post=6038"}],"curies":[{"name":"wp","href":"https:\/\/api.w.org\/{rel}","templated":true}]}}