{"id":6036,"date":"2022-02-23T11:47:27","date_gmt":"2022-02-23T11:47:27","guid":{"rendered":"https:\/\/mundo.seashell.pt\/?post_type=product&#038;p=6036"},"modified":"2022-02-23T11:47:31","modified_gmt":"2022-02-23T11:47:31","slug":"stark-lt-flores-vermelhas","status":"publish","type":"product","link":"https:\/\/mundo.seashell.pt\/?product=stark-lt-flores-vermelhas","title":{"rendered":"Stark LT Flores Vermelhas"},"content":{"rendered":"<p>Multiusos concentrado\n<\/p>\n<p><strong><br \/><\/strong><\/p>\n<p><strong>PROPRIEDADES<br \/>\n<\/strong><\/p>\n<p>Detergente li\u0301quido concentrado indicado para a limpeza de superfi\u0301cies<br \/>\nduras tais como pavimentos, paredes, portas, tectos, equipamento em<br \/>\ngeral, entre outros.<br \/>\nTem uma o\u0301tima mistura de tensioativos na\u0303o io\u0301nicos que o tornam eficaz<br \/>\nna remoc\u0327a\u0303o de sujidades, mesmo em localidades com a\u0301gua de elevada<br \/>\ndureza.\n<\/p>\n<p>O <strong>S<\/strong><strong>TARK<\/strong><strong>\u00ae <\/strong><strong>LT F<\/strong><strong>LORES <\/strong><strong>V<\/strong><strong>ERMELHAS <\/strong>possui um excelente custo em uso.\n<\/p>\n<p><strong><br \/><\/strong><\/p>\n<p><strong>CONDIC\u0327O\u0303ES DE UTILIZAC\u0327A\u0303O<br \/>\n<\/strong><\/p>\n<p>O <strong>S<\/strong><strong>TARK<\/strong><strong>\u00ae <\/strong><strong>LT F<\/strong><strong>LORES <\/strong><strong>V<\/strong><strong>ERMELHAS <\/strong>(180mL) deve ser dilui\u0301do da seguinte<br \/>\nforma:<\/p>\n<p>&#8211; Colocar o conteu\u0301do de 1 frasco (180mL) no interior de uma<br \/>\nembalagem de 5L.&nbsp;<\/p>\n<p>&#8211; Encher a embalagem de 5L com a\u0301gua pota\u0301vel.<\/p>\n<p>O produto preparado deve ser dilui\u0301do a uma concentrac\u0327a\u0303o<br \/>\ncompreendida entre 1 e 10%, dependendo da sujidade a eliminar.<\/p>\n<p>O <strong>S<\/strong><strong>TARK<\/strong><strong>\u00ae <\/strong><strong>LT F<\/strong><strong>LORES <\/strong><strong>V<\/strong><strong>ERMELHAS <\/strong>(2L) e\u0301 adequado para sistema de<br \/>\ndiluic\u0327a\u0303o automa\u0301ticos. Neste caso, o produto deve ser preparado a 3.6%<br \/>\nde concentrac\u0327a\u0303o para frasco ou 0.036% para balde.\n<\/p>\n<\/p>\n<p><strong>CARACTERISTICAS FISICO QU\u00cdMICAS<\/strong><br \/>Aspeto: Produto L\u00edquido<br \/>Cor: vermelho<br \/>pH 8<br \/>Perfumado<br \/>Biodegrad\u00e1vel, conforme regulamento (CE) N\u00ba 648\/2004 Anexo II e III<\/p>\n","protected":false},"excerpt":{"rendered":"<p>Detergente li\u0301quido concentrado indicado para a limpeza de superfi\u0301cies duras tais como pavimentos, paredes, portas, tectos, equipamento em geral, entre outros.<\/p>\n","protected":false},"featured_media":6037,"template":"","meta":{"spay_email":""},"product_cat":[15],"product_tag":[],"class_list":{"0":"post-6036","1":"product","2":"type-product","3":"status-publish","4":"has-post-thumbnail","6":"product_cat-sem-categoria","8":"first","9":"instock","10":"taxable","11":"shipping-taxable","12":"purchasable","13":"product-type-simple"},"acf":[],"jetpack-related-posts":[{"id":6032,"url":"https:\/\/mundo.seashell.pt\/?product=stark-intense-5l","url_meta":{"origin":6036,"position":0},"title":"Multiusos Stark Intense 5L","date":"Fevereiro 23, 2022","format":false,"excerpt":"Multiusos concentrado super perfumado","rel":"","context":"Similar post","img":{"alt_text":"","src":"https:\/\/i0.wp.com\/mundo.seashell.pt\/wp-content\/uploads\/2022\/02\/Stark_Intense_PhotoRoom_20210402_103209.jpg?resize=350%2C200&ssl=1","width":350,"height":200},"classes":[]},{"id":5933,"url":"https:\/\/mundo.seashell.pt\/?product=stark-super-lp-2l","url_meta":{"origin":6036,"position":1},"title":"Stark Super LP 2L","date":"Fevereiro 23, 2022","format":false,"excerpt":"Detergente alcalino concentrado para pavimentos e superf\u00edcies duras","rel":"","context":"Similar post","img":{"alt_text":"","src":"https:\/\/i0.wp.com\/mundo.seashell.pt\/wp-content\/uploads\/2022\/02\/goods_02_436158.jpg?resize=350%2C200&ssl=1","width":350,"height":200},"classes":[]},{"id":6075,"url":"https:\/\/mundo.seashell.pt\/?product=stark-wc-2l","url_meta":{"origin":6036,"position":2},"title":"Detergente Stark WC 2L","date":"Fevereiro 23, 2022","format":false,"excerpt":"Detergente concentrado \u00e1cido para WC com forte poder aromatizante","rel":"","context":"Similar post","img":{"alt_text":"","src":"https:\/\/i0.wp.com\/mundo.seashell.pt\/wp-content\/uploads\/2022\/02\/goods_02_436158_2.jpg?resize=350%2C200&ssl=1","width":350,"height":200},"classes":[]},{"id":6038,"url":"https:\/\/mundo.seashell.pt\/?product=fun-multiusos-15l","url_meta":{"origin":6036,"position":3},"title":"Fun Multiusos 1.5L","date":"Fevereiro 23, 2022","format":false,"excerpt":"Detergente lava tudo FUN limpezas gerais e \ufeffde aplica\u00e7\u00e3o universal\ufeff, com 6 variedades \u00e0 sua escolha","rel":"","context":"Similar post","img":{"alt_text":"","src":"https:\/\/i0.wp.com\/mundo.seashell.pt\/wp-content\/uploads\/2022\/02\/fun_lava_tudo_1.5l.jpg?resize=350%2C200&ssl=1","width":350,"height":200},"classes":[]},{"id":5836,"url":"https:\/\/mundo.seashell.pt\/?product=fun-madeiras-1l","url_meta":{"origin":6036,"position":4},"title":"Fun Madeiras 1L","date":"Fevereiro 23, 2022","format":false,"excerpt":"Limpeza de parquets e outras superf\u00edcies delicadas","rel":"","context":"Similar post","img":{"alt_text":"","src":"https:\/\/i0.wp.com\/mundo.seashell.pt\/wp-content\/uploads\/2022\/02\/Fun_Madeiras_PhotoRoom_20210402_103002.jpg?resize=350%2C200&ssl=1","width":350,"height":200},"classes":[]},{"id":6028,"url":"https:\/\/mundo.seashell.pt\/?product=solim-lg-montanha-5l","url_meta":{"origin":6036,"position":5},"title":"Solim LG 5L","date":"Fevereiro 23, 2022","format":false,"excerpt":"Detergente l\u00edquido, completamente sol\u00favel, perfumado. Tensioactivos n\u00e3o i\u00f3nicos \u00e9 indicado na \ufefflimpeza manual","rel":"","context":"Similar post","img":{"alt_text":"","src":"https:\/\/i0.wp.com\/mundo.seashell.pt\/wp-content\/uploads\/2022\/02\/solim_lg.jpg?resize=350%2C200&ssl=1","width":350,"height":200},"classes":[]}],"_links":{"self":[{"href":"https:\/\/mundo.seashell.pt\/index.php?rest_route=\/wp\/v2\/product\/6036","targetHints":{"allow":["GET"]}}],"collection":[{"href":"https:\/\/mundo.seashell.pt\/index.php?rest_route=\/wp\/v2\/product"}],"about":[{"href":"https:\/\/mundo.seashell.pt\/index.php?rest_route=\/wp\/v2\/types\/product"}],"wp:featuredmedia":[{"embeddable":true,"href":"https:\/\/mundo.seashell.pt\/index.php?rest_route=\/wp\/v2\/media\/6037"}],"wp:attachment":[{"href":"https:\/\/mundo.seashell.pt\/index.php?rest_route=%2Fwp%2Fv2%2Fmedia&parent=6036"}],"wp:term":[{"taxonomy":"product_cat","embeddable":true,"href":"https:\/\/mundo.seashell.pt\/index.php?rest_route=%2Fwp%2Fv2%2Fproduct_cat&post=6036"},{"taxonomy":"product_tag","embeddable":true,"href":"https:\/\/mundo.seashell.pt\/index.php?rest_route=%2Fwp%2Fv2%2Fproduct_tag&post=6036"}],"curies":[{"name":"wp","href":"https:\/\/api.w.org\/{rel}","templated":true}]}}