{"id":6034,"date":"2022-02-23T11:47:23","date_gmt":"2022-02-23T11:47:23","guid":{"rendered":"https:\/\/mundo.seashell.pt\/?post_type=product&#038;p=6034"},"modified":"2022-02-23T11:47:26","modified_gmt":"2022-02-23T11:47:26","slug":"solim-d-san-5kg","status":"publish","type":"product","link":"https:\/\/mundo.seashell.pt\/?product=solim-d-san-5kg","title":{"rendered":"Solim D-San 5Kg"},"content":{"rendered":"<p><strong>APLICA\u00c7\u00c3O<\/strong><\/p>\n<p>Desengordurante, higienizante<\/p>\n<p><strong><br \/><\/strong><\/p>\n<p><strong>PROPRIEDADES<\/strong><\/p>\n<p>L\u00edquido, completamente sol\u00favel, inodoro, constitu\u00eddo por agentes&nbsp;org\u00e2nicos e inorg\u00e2nicos capazes de remover \u00f3leos, gorduras e outro&nbsp;tipo de sujidades de metais, pl\u00e1sticos e borracha. N\u00e3o deve ser utilizado&nbsp;em superf\u00edcies em alum\u00ednio.<\/p>\n<p>O SOLIM\u00ae D-SAN pode ser utilizado na limpeza de equipamentos,&nbsp;pavimentos e superf\u00edcies em todo o tipo de ind\u00fastrias, incluindo&nbsp;ind\u00fastria alimentar. Possui quatern\u00e1rios de am\u00f3nio na sua composi\u00e7\u00e3o.<\/p>\n<p><strong><br \/><\/strong><\/p>\n<p><strong>CONDI\u00c7\u00d5ES DE UTILIZA\u00c7\u00c3O<\/strong><br \/>Dever\u00e1 usar uma concentra\u00e7\u00e3o de 2 a 10% (20 a 100 g de produto por&nbsp;litro de \u00e1gua) dependendo do tipo de sujidade a remover.<br \/>Ap\u00f3s dilui\u00e7\u00e3o aplicar o produto sobre a superf\u00edcie a limpar e deixar atuar&nbsp;cerca alguns minutos. No final enxaguar a superf\u00edcie abundantemente&nbsp;com \u00e1gua.<strong><br \/><\/strong><\/p>\n","protected":false},"excerpt":{"rendered":"<p>Desengordurante, higienizante l\u00edquido, completamente sol\u00favel, inodoro, constitu\u00eddo por agentes \ufefforg\u00e2nicos e inorg\u00e2nicos capazes de remover \u00f3leos&#8230;<\/p>\n","protected":false},"featured_media":6035,"template":"","meta":{"spay_email":""},"product_cat":[15],"product_tag":[],"class_list":{"0":"post-6034","1":"product","2":"type-product","3":"status-publish","4":"has-post-thumbnail","6":"product_cat-sem-categoria","8":"first","9":"instock","10":"taxable","11":"shipping-taxable","12":"purchasable","13":"product-type-simple"},"acf":[],"jetpack-related-posts":[{"id":5655,"url":"https:\/\/mundo.seashell.pt\/?product=solim-d-clean-5l","url_meta":{"origin":6034,"position":0},"title":"Desengordurante Higienizante &#8211; Solim D-Clean 5L","date":"Fevereiro 23, 2022","format":false,"excerpt":"Lava tudo desengordurante \/ higienizante, detergente constitu\u00eddo por uma combina\u00e7\u00e3o de agentes tensioativos, sequestrantes e emulsionantes.","rel":"","context":"Similar post","img":{"alt_text":"","src":"https:\/\/i0.wp.com\/mundo.seashell.pt\/wp-content\/uploads\/2022\/02\/Solim_D_CLEAN_PhotoRoom_20210402_102955.jpg?resize=350%2C200&ssl=1","width":350,"height":200},"classes":[]},{"id":5933,"url":"https:\/\/mundo.seashell.pt\/?product=stark-super-lp-2l","url_meta":{"origin":6034,"position":1},"title":"Stark Super LP 2L","date":"Fevereiro 23, 2022","format":false,"excerpt":"Detergente alcalino concentrado para pavimentos e superf\u00edcies duras","rel":"","context":"Similar post","img":{"alt_text":"","src":"https:\/\/i0.wp.com\/mundo.seashell.pt\/wp-content\/uploads\/2022\/02\/goods_02_436158.jpg?resize=350%2C200&ssl=1","width":350,"height":200},"classes":[]},{"id":5659,"url":"https:\/\/mundo.seashell.pt\/?product=solim-d-forte-5kg","url_meta":{"origin":6034,"position":2},"title":"Desengordurante Alcalino &#8211; Solim D-Forte 5Kg","date":"Fevereiro 23, 2022","format":false,"excerpt":"Desengordurante l\u00edquido alcalino com um excelente desempenho na remo\u00e7\u00e3o de gorduras, \u00f3leos e outro tipo de sujidades em pl\u00e1sticos, borracha, cimento e pedra.","rel":"","context":"Similar post","img":{"alt_text":"","src":"https:\/\/i0.wp.com\/mundo.seashell.pt\/wp-content\/uploads\/2022\/02\/SOLIM_D-FORTE_PhotoRoom_20210402_103423.jpg?resize=350%2C200&ssl=1","width":350,"height":200},"classes":[]},{"id":5864,"url":"https:\/\/mundo.seashell.pt\/?product=solim-loica-higiene-5l-loica-manual","url_meta":{"origin":6034,"position":3},"title":"Solim Loi\u00e7a Higiene 5L &#8211; Loi\u00e7a Manual","date":"Fevereiro 23, 2022","format":false,"excerpt":"Detergente l\u00edquido higienizante para lavagem manual de loi\u00e7a.","rel":"","context":"Similar post","img":{"alt_text":"","src":"https:\/\/i0.wp.com\/mundo.seashell.pt\/wp-content\/uploads\/2022\/02\/SOLIM_LOIC_A_HIGIENIZANTE_PhotoRoom_20210402_103557.jpg?resize=350%2C200&ssl=1","width":350,"height":200},"classes":[]},{"id":6052,"url":"https:\/\/mundo.seashell.pt\/?product=solim-lg-higienizante-5l","url_meta":{"origin":6034,"position":4},"title":"Solim LG Higienizante 5L","date":"Fevereiro 23, 2022","format":false,"excerpt":"Higienizante. Limpezas gerais de aplica\u00e7\u00e3o universal.","rel":"","context":"Similar post","img":{"alt_text":"","src":"https:\/\/i0.wp.com\/mundo.seashell.pt\/wp-content\/uploads\/2022\/02\/Solim_LG_Higienizante.jpg?resize=350%2C200&ssl=1","width":350,"height":200},"classes":[]},{"id":6050,"url":"https:\/\/mundo.seashell.pt\/?product=solim-bioactivo-5l","url_meta":{"origin":6034,"position":5},"title":"Solim Bioactivo 5L","date":"Fevereiro 23, 2022","format":false,"excerpt":"Higienizante l\u00edquido multi superf\u00edcies com base de \u00e1lcool, incolor, de secagem r\u00e1pida.","rel":"","context":"Similar post","img":{"alt_text":"","src":"https:\/\/i0.wp.com\/mundo.seashell.pt\/wp-content\/uploads\/2022\/02\/Solim_Bioactivo_PhotoRoom_20210402_103424.jpg?resize=350%2C200&ssl=1","width":350,"height":200},"classes":[]}],"_links":{"self":[{"href":"https:\/\/mundo.seashell.pt\/index.php?rest_route=\/wp\/v2\/product\/6034","targetHints":{"allow":["GET"]}}],"collection":[{"href":"https:\/\/mundo.seashell.pt\/index.php?rest_route=\/wp\/v2\/product"}],"about":[{"href":"https:\/\/mundo.seashell.pt\/index.php?rest_route=\/wp\/v2\/types\/product"}],"wp:featuredmedia":[{"embeddable":true,"href":"https:\/\/mundo.seashell.pt\/index.php?rest_route=\/wp\/v2\/media\/6035"}],"wp:attachment":[{"href":"https:\/\/mundo.seashell.pt\/index.php?rest_route=%2Fwp%2Fv2%2Fmedia&parent=6034"}],"wp:term":[{"taxonomy":"product_cat","embeddable":true,"href":"https:\/\/mundo.seashell.pt\/index.php?rest_route=%2Fwp%2Fv2%2Fproduct_cat&post=6034"},{"taxonomy":"product_tag","embeddable":true,"href":"https:\/\/mundo.seashell.pt\/index.php?rest_route=%2Fwp%2Fv2%2Fproduct_tag&post=6034"}],"curies":[{"name":"wp","href":"https:\/\/api.w.org\/{rel}","templated":true}]}}