{"id":6032,"date":"2022-02-23T11:47:21","date_gmt":"2022-02-23T11:47:21","guid":{"rendered":"https:\/\/mundo.seashell.pt\/?post_type=product&#038;p=6032"},"modified":"2022-02-23T11:47:22","modified_gmt":"2022-02-23T11:47:22","slug":"stark-intense-5l","status":"publish","type":"product","link":"https:\/\/mundo.seashell.pt\/?product=stark-intense-5l","title":{"rendered":"Multiusos Stark Intense 5L"},"content":{"rendered":"<p><strong>APLICA\u00c7\u00c3O<\/strong><\/p>\n<p>Multiusos concentrado super perfumado<\/p>\n<\/p>\n<p><strong>PROPRIEDADES<\/strong><\/p>\n<p>Detergente l\u00edquido n\u00e3o i\u00f3nico concentrado indicado para a limpeza de&nbsp;superf\u00edcies duras tais como pavimentos, paredes, portas, tectos, equipamento em geral, entre outros.<\/p>\n<p>Para al\u00e9m de uma excelente capacidade de limpeza, o Stark Intense&nbsp;possui um perfume bastante intenso e duradouro.<\/p>\n<p><strong><br \/><\/strong><\/p>\n<p><strong>CONDI\u00c7\u00d5ES DE UTILIZA\u00c7\u00c3O<\/strong><\/p>\n<p>O STARK INTENSE deve ser dilu\u00eddo em \u00e1gua preferencialmente morna a&nbsp;uma concentra\u00e7\u00e3o de 1 a 2%. Com a ajuda de uma mopa passar os pavimentos sem enxaguar.<\/p>\n<p>Por se tratar de um detergente neutro, o produto pode ser utilizado&nbsp;manualmente em superf\u00edcies e equipamentos utilizando um pano humedecido numa solu\u00e7\u00e3o de produto com uma concentra\u00e7\u00e3o entre 2-&nbsp;5%, dependendo da sujidade a remover.<\/p>\n<\/p>\n<p><strong>CARACTERISTICAS FISICO QU\u00cdMICAS<\/strong><\/p>\n<p>Aspeto: Produto L\u00edquido<\/p>\n<p>Cor: branco<\/p>\n<p>pH 8<\/p>\n<p>Perfumado<\/p>\n<p>Biodegrad\u00e1vel, conforme regulamento (CE) No 648\/2004 Anexo II e III<\/p>\n","protected":false},"excerpt":{"rendered":"<p>Multiusos concentrado super perfumado<\/p>\n","protected":false},"featured_media":6033,"template":"","meta":{"spay_email":""},"product_cat":[15],"product_tag":[],"class_list":{"0":"post-6032","1":"product","2":"type-product","3":"status-publish","4":"has-post-thumbnail","6":"product_cat-sem-categoria","8":"first","9":"instock","10":"taxable","11":"shipping-taxable","12":"purchasable","13":"product-type-simple"},"acf":[],"jetpack-related-posts":[{"id":6066,"url":"https:\/\/mundo.seashell.pt\/?product=stark-vm-2l","url_meta":{"origin":6032,"position":0},"title":"Multiusos Stark VM 2L","date":"Fevereiro 23, 2022","format":false,"excerpt":"Detergente neutro ultraconcentrado indicado para a limpeza r\u00e1pida, por spray, de todo o tipo de superf\u00edcies lav\u00e1veis.","rel":"","context":"Similar post","img":{"alt_text":"","src":"","width":0,"height":0},"classes":[]},{"id":6036,"url":"https:\/\/mundo.seashell.pt\/?product=stark-lt-flores-vermelhas","url_meta":{"origin":6032,"position":1},"title":"Stark LT Flores Vermelhas","date":"Fevereiro 23, 2022","format":false,"excerpt":"Detergente li\u0301quido concentrado indicado para a limpeza de superfi\u0301cies duras tais como pavimentos, paredes, portas, tectos, equipamento em geral, entre outros.","rel":"","context":"Similar post","img":{"alt_text":"","src":"https:\/\/i0.wp.com\/mundo.seashell.pt\/wp-content\/uploads\/2022\/02\/stark_lt_flores_vermelhas.jpg?resize=350%2C200&ssl=1","width":350,"height":200},"classes":[]},{"id":5933,"url":"https:\/\/mundo.seashell.pt\/?product=stark-super-lp-2l","url_meta":{"origin":6032,"position":2},"title":"Stark Super LP 2L","date":"Fevereiro 23, 2022","format":false,"excerpt":"Detergente alcalino concentrado para pavimentos e superf\u00edcies duras","rel":"","context":"Similar post","img":{"alt_text":"","src":"https:\/\/i0.wp.com\/mundo.seashell.pt\/wp-content\/uploads\/2022\/02\/goods_02_436158.jpg?resize=350%2C200&ssl=1","width":350,"height":200},"classes":[]},{"id":6075,"url":"https:\/\/mundo.seashell.pt\/?product=stark-wc-2l","url_meta":{"origin":6032,"position":3},"title":"Detergente Stark WC 2L","date":"Fevereiro 23, 2022","format":false,"excerpt":"Detergente concentrado \u00e1cido para WC com forte poder aromatizante","rel":"","context":"Similar post","img":{"alt_text":"","src":"https:\/\/i0.wp.com\/mundo.seashell.pt\/wp-content\/uploads\/2022\/02\/goods_02_436158_2.jpg?resize=350%2C200&ssl=1","width":350,"height":200},"classes":[]},{"id":6042,"url":"https:\/\/mundo.seashell.pt\/?product=pine-easy-750ml","url_meta":{"origin":6032,"position":4},"title":"Detergente natural Pine Easy","date":"Fevereiro 23, 2022","format":false,"excerpt":"Detergente universal multiusos super concentrado para a limpeza di\u00e1ria de superf\u00edcies duras","rel":"","context":"Similar post","img":{"alt_text":"","src":"https:\/\/i0.wp.com\/mundo.seashell.pt\/wp-content\/uploads\/2022\/02\/pine_easy.jpg?resize=350%2C200&ssl=1","width":350,"height":200},"classes":[]},{"id":6038,"url":"https:\/\/mundo.seashell.pt\/?product=fun-multiusos-15l","url_meta":{"origin":6032,"position":5},"title":"Fun Multiusos 1.5L","date":"Fevereiro 23, 2022","format":false,"excerpt":"Detergente lava tudo FUN limpezas gerais e \ufeffde aplica\u00e7\u00e3o universal\ufeff, com 6 variedades \u00e0 sua escolha","rel":"","context":"Similar post","img":{"alt_text":"","src":"https:\/\/i0.wp.com\/mundo.seashell.pt\/wp-content\/uploads\/2022\/02\/fun_lava_tudo_1.5l.jpg?resize=350%2C200&ssl=1","width":350,"height":200},"classes":[]}],"_links":{"self":[{"href":"https:\/\/mundo.seashell.pt\/index.php?rest_route=\/wp\/v2\/product\/6032","targetHints":{"allow":["GET"]}}],"collection":[{"href":"https:\/\/mundo.seashell.pt\/index.php?rest_route=\/wp\/v2\/product"}],"about":[{"href":"https:\/\/mundo.seashell.pt\/index.php?rest_route=\/wp\/v2\/types\/product"}],"wp:featuredmedia":[{"embeddable":true,"href":"https:\/\/mundo.seashell.pt\/index.php?rest_route=\/wp\/v2\/media\/6033"}],"wp:attachment":[{"href":"https:\/\/mundo.seashell.pt\/index.php?rest_route=%2Fwp%2Fv2%2Fmedia&parent=6032"}],"wp:term":[{"taxonomy":"product_cat","embeddable":true,"href":"https:\/\/mundo.seashell.pt\/index.php?rest_route=%2Fwp%2Fv2%2Fproduct_cat&post=6032"},{"taxonomy":"product_tag","embeddable":true,"href":"https:\/\/mundo.seashell.pt\/index.php?rest_route=%2Fwp%2Fv2%2Fproduct_tag&post=6032"}],"curies":[{"name":"wp","href":"https:\/\/api.w.org\/{rel}","templated":true}]}}