{"id":6030,"date":"2022-02-23T11:47:19","date_gmt":"2022-02-23T11:47:19","guid":{"rendered":"https:\/\/mundo.seashell.pt\/?post_type=product&#038;p=6030"},"modified":"2022-02-23T11:47:21","modified_gmt":"2022-02-23T11:47:21","slug":"stark-ls-express-500ml","status":"publish","type":"product","link":"https:\/\/mundo.seashell.pt\/?product=stark-ls-express-500ml","title":{"rendered":"Stark LS Express 500Ml"},"content":{"rendered":"<p>Para a limpeza de tinta de esferogr\u00e1ficas e marcadores.<\/p>\n<p><strong><br \/><\/strong><\/p>\n<p><strong>PROPRIEDADES<\/strong><\/p>\n<p>\u00c9 um produto constitu\u00eddo por uma mistura de \u00e1lcoois e tensioativos&nbsp;ani\u00f3nicos. Est\u00e1 indicado para a remo\u00e7\u00e3o de tinta de esferogr\u00e1fica e<\/p>\n<p>marcador em secret\u00e1rias, instala\u00e7\u00f5es, bancadas de trabalho ou pe\u00e7as&nbsp;de roupa.<\/p>\n<p><strong><br \/><\/strong><\/p>\n<p><strong>CONDI\u00c7\u00d5ES DE UTILIZA\u00c7\u00c3O<\/strong><\/p>\n<p>Dever\u00e1 usar uma concentra\u00e7\u00e3o de 1 a 10% (10 a 100 g de produto por&nbsp;litro de \u00e1gua).<\/p>\n<p>Em situa\u00e7\u00f5es mais dif\u00edceis aplicar o produto diretamente sobre as&nbsp;superf\u00edcies a limpar.<\/p>\n<p><strong><br \/><\/strong><\/p>\n<p><strong>CARACTERISTICAS FISICO QU\u00cdMICAS<\/strong><\/p>\n<p>Aspecto: Produto L\u00edquido<\/p>\n<p>Cor: levemente amarelo<\/p>\n<p>Biodegrad\u00e1vel, conforme regulamento (CE) No 648\/2004 Anexo II e III<\/p>\n","protected":false},"excerpt":{"rendered":"<p>Para a limpeza de tinta de esferogr\u00e1ficas e marcadores.<\/p>\n","protected":false},"featured_media":6031,"template":"","meta":{"spay_email":""},"product_cat":[15],"product_tag":[],"class_list":{"0":"post-6030","1":"product","2":"type-product","3":"status-publish","4":"has-post-thumbnail","6":"product_cat-sem-categoria","8":"first","9":"instock","10":"taxable","11":"shipping-taxable","12":"purchasable","13":"product-type-simple"},"acf":[],"jetpack-related-posts":[{"id":7222,"url":"https:\/\/mundo.seashell.pt\/?product=supergel-pasta-de-limpeza-100gr","url_meta":{"origin":6030,"position":0},"title":"Supergel Pasta de Limpeza 100gr","date":"Fevereiro 23, 2022","format":false,"excerpt":"Supergel Pasta de Limpeza 100gr Dissolve e retira toda a sujidade proveniente de \u00f3leos minerais, vegetais e animais, alcatr\u00e3o, nafta, borracha, tintas de impress\u00e3o, alguns tipos de esferogr\u00e1ficas e verniz. Retira n\u00f3doas dos estofos e alcatifas.Tipo de produto: Limpeza Interior Tamanho: 100g","rel":"","context":"Similar post","img":{"alt_text":"","src":"https:\/\/i0.wp.com\/mundo.seashell.pt\/wp-content\/uploads\/2022\/02\/2101066-frente.jpeg?resize=350%2C200&ssl=1","width":350,"height":200},"classes":[]},{"id":7224,"url":"https:\/\/mundo.seashell.pt\/?product=supergel-pasta-de-limpeza-1kg","url_meta":{"origin":6030,"position":1},"title":"Supergel Pasta de Limpeza 1Kg","date":"Fevereiro 23, 2022","format":false,"excerpt":"Dissolve e retira toda a sujidade proveniente de \u00f3leos minerais, vegetais e animais, alcatr\u00e3o, nafta, borracha, tintas de impress\u00e3o, alguns tipos de esferogr\u00e1ficas e verniz. Retira n\u00f3doas dos estofos e alcatifas.Tipo de produto: Limpeza Interior Tamanho: 1L Utiliza\u00e7\u00e3o: Estofos e text\u00e9is","rel":"","context":"Similar post","img":{"alt_text":"","src":"https:\/\/i0.wp.com\/mundo.seashell.pt\/wp-content\/uploads\/2022\/02\/2101064-frente.jpeg?resize=350%2C200&ssl=1","width":350,"height":200},"classes":[]},{"id":5712,"url":"https:\/\/mundo.seashell.pt\/?product=spot-500ml","url_meta":{"origin":6030,"position":2},"title":"Removedor de Manchas Spot 500Ml","date":"Fevereiro 23, 2022","format":false,"excerpt":"Agente de limpeza r\u00e1pido de elevada efic\u00e1cia em manchas de tinta, marcadores e manchas de origem gordurosa.","rel":"","context":"Similar post","img":{"alt_text":"","src":"https:\/\/i0.wp.com\/mundo.seashell.pt\/wp-content\/uploads\/2022\/02\/spot.jpg?resize=350%2C200&ssl=1","width":350,"height":200},"classes":[]},{"id":5704,"url":"https:\/\/mundo.seashell.pt\/?product=flash-500ml","url_meta":{"origin":6030,"position":3},"title":"Limpador Natural Superactivo Flash","date":"Fevereiro 23, 2022","format":false,"excerpt":"Produto de limpeza r\u00e1pido e altamente eficaz em manchas de tinta, canetas de feltro e n\u00f3doas de gordura vegetal ou mineral.","rel":"","context":"Similar post","img":{"alt_text":"","src":"https:\/\/i0.wp.com\/mundo.seashell.pt\/wp-content\/uploads\/2022\/02\/flash.jpg?resize=350%2C200&ssl=1","width":350,"height":200},"classes":[]},{"id":5798,"url":"https:\/\/mundo.seashell.pt\/?product=stark-tira-nodoas-10kg","url_meta":{"origin":6030,"position":4},"title":"Stark Tira N\u00f3doas 10Kg","date":"Fevereiro 23, 2022","format":false,"excerpt":"O STARK MASSA TIRA N\u00d3DOAS \u00e9 um produto especialmente indicado para a remo\u00e7\u00e3o de sujidades e n\u00f3doas dif\u00edceis em t\u00eaxteis antes da \ufefflavagem em m\u00e1quinas autom\u00e1ticas.","rel":"","context":"Similar post","img":{"alt_text":"","src":"https:\/\/i0.wp.com\/mundo.seashell.pt\/wp-content\/uploads\/2022\/02\/STARK_TIRA_NODOAS_PhotoRoom_20210402_103037.jpg?resize=350%2C200&ssl=1","width":350,"height":200},"classes":[]},{"id":6231,"url":"https:\/\/mundo.seashell.pt\/?product=esfregao-miraclean-vileda","url_meta":{"origin":6030,"position":5},"title":"Esfreg\u00e3o Miraclean &#8211; Vileda","date":"Fevereiro 23, 2022","format":false,"excerpt":"MiraClean A solu\u00e7\u00e3o de problemas na elimina\u00e7\u00e3o de manchas Cansado de ver marcas de marcadores permanentes, pisos arranhados, restos de calc\u00e1rio nas casas de banho, quadros sujos, pias gordurosas, paredes de impress\u00f5es digitais e pisos em geral? Miraclean \u00e9 a solu\u00e7\u00e3o para tudo isso. Com um m\u00ednimo de esfor\u00e7o e\u2026","rel":"","context":"Similar post","img":{"alt_text":"","src":"https:\/\/i0.wp.com\/mundo.seashell.pt\/wp-content\/uploads\/2022\/02\/02-scouring-06-miraclean-01-miraclean-miraclean-set-01-580x550_PhotoRoom_20210418_123004.jpg?resize=350%2C200&ssl=1","width":350,"height":200},"classes":[]}],"_links":{"self":[{"href":"https:\/\/mundo.seashell.pt\/index.php?rest_route=\/wp\/v2\/product\/6030","targetHints":{"allow":["GET"]}}],"collection":[{"href":"https:\/\/mundo.seashell.pt\/index.php?rest_route=\/wp\/v2\/product"}],"about":[{"href":"https:\/\/mundo.seashell.pt\/index.php?rest_route=\/wp\/v2\/types\/product"}],"wp:featuredmedia":[{"embeddable":true,"href":"https:\/\/mundo.seashell.pt\/index.php?rest_route=\/wp\/v2\/media\/6031"}],"wp:attachment":[{"href":"https:\/\/mundo.seashell.pt\/index.php?rest_route=%2Fwp%2Fv2%2Fmedia&parent=6030"}],"wp:term":[{"taxonomy":"product_cat","embeddable":true,"href":"https:\/\/mundo.seashell.pt\/index.php?rest_route=%2Fwp%2Fv2%2Fproduct_cat&post=6030"},{"taxonomy":"product_tag","embeddable":true,"href":"https:\/\/mundo.seashell.pt\/index.php?rest_route=%2Fwp%2Fv2%2Fproduct_tag&post=6030"}],"curies":[{"name":"wp","href":"https:\/\/api.w.org\/{rel}","templated":true}]}}