{"id":6026,"date":"2022-02-23T11:47:11","date_gmt":"2022-02-23T11:47:11","guid":{"rendered":"https:\/\/mundo.seashell.pt\/?post_type=product&#038;p=6026"},"modified":"2022-02-23T11:47:13","modified_gmt":"2022-02-23T11:47:13","slug":"dry-mok-5kg","status":"publish","type":"product","link":"https:\/\/mundo.seashell.pt\/?product=dry-mok-5kg","title":{"rendered":"Shampoo Neutro Dry Mok 5Kg"},"content":{"rendered":"<h2>Shampoo neutro de espuma seca para alcatifas e tapetes<\/h2>\n<ul>\n<li>F\u00f3rmula especial de espuma seca<\/li>\n<li>Cont\u00e9m componentes especiais que retardam a fixa\u00e7\u00e3o de sujidade na alcatifa<\/li>\n<li>F\u00f3rmula com pH neutro<\/li>\n<\/ul>\n<h4><\/h4>\n<h4>Descri\u00e7\u00e3o<\/h4>\n<p>Detergente neutro espec\u00edfico para a limpeza a seco de alcatifas e tapetes. Seca muito rapidamente com efeito anti mancha. Agradavelmente perfumado.<\/p>\n<h4><\/h4>\n<h4>Dilui\u00e7\u00e3o<\/h4>\n<p>3%-10% (300 ml 1 L em cada 10 L de \u00e1gua).<\/p>\n<h4><\/h4>\n<h4>Como usar<\/h4>\n<p>Aspire previamente a alcatifa. Espalhar a espuma pela superf\u00edcie a limpar com uma m\u00e1quina rotativa equipada com gerador de espuma. Deixe atuar e aspire. O produto tamb\u00e9m produz espuma com m\u00e1quina rotativa sem gerador de espuma. A espuma \u00e9 produzida pela a\u00e7\u00e3o mec\u00e2nica.<\/p>\n","protected":false},"excerpt":{"rendered":"<p>Detergente neutro espec\u00edfico para a limpeza a seco de alcatifas e tapetes.<\/p>\n","protected":false},"featured_media":6027,"template":"","meta":{"spay_email":""},"product_cat":[15],"product_tag":[],"class_list":{"0":"post-6026","1":"product","2":"type-product","3":"status-publish","4":"has-post-thumbnail","6":"product_cat-sem-categoria","8":"first","9":"instock","10":"taxable","11":"shipping-taxable","12":"purchasable","13":"product-type-simple"},"acf":[],"jetpack-related-posts":[{"id":6024,"url":"https:\/\/mundo.seashell.pt\/?product=ini-mok-5kg","url_meta":{"origin":6026,"position":0},"title":"Detergente Ini Mok 5Kg","date":"Fevereiro 23, 2022","format":false,"excerpt":"Detergente sem espuma para a limpeza de tapetes, alcatifas e revestimentos t\u00eaxteis para ser usado com m\u00e1quina de injec\u00e7\u00e3o-extrac\u00e7\u00e3o.","rel":"","context":"Similar post","img":{"alt_text":"","src":"https:\/\/i0.wp.com\/mundo.seashell.pt\/wp-content\/uploads\/2022\/02\/ini-mok.jpg?resize=350%2C200&ssl=1","width":350,"height":200},"classes":[]},{"id":5806,"url":"https:\/\/mundo.seashell.pt\/?product=solim-tapex-5l","url_meta":{"origin":6026,"position":1},"title":"Solim Tapex 5L","date":"Fevereiro 23, 2022","format":false,"excerpt":"Limpeza de alcatifas e estofos, uma combina\u00e7\u00e3o l\u00edquida de tensioactivos com espuma controlada, o que facilita a lavagem.","rel":"","context":"Similar post","img":{"alt_text":"","src":"https:\/\/i0.wp.com\/mundo.seashell.pt\/wp-content\/uploads\/2022\/02\/Solim_Tapex_PhotoRoom_20210402_103633.jpg?resize=350%2C200&ssl=1","width":350,"height":200},"classes":[]},{"id":5962,"url":"https:\/\/mundo.seashell.pt\/?product=parquet-clean-5kg","url_meta":{"origin":6026,"position":2},"title":"Detergente Parquet Clean 5Kg","date":"Fevereiro 23, 2022","format":false,"excerpt":"Detergente neutro concentrado adequado para a manuten\u00e7\u00e3o de todos os pavimentos em parquet","rel":"","context":"Similar post","img":{"alt_text":"","src":"https:\/\/i0.wp.com\/mundo.seashell.pt\/wp-content\/uploads\/2022\/02\/parquet_clean.jpg?resize=350%2C200&ssl=1","width":350,"height":200},"classes":[]},{"id":5960,"url":"https:\/\/mundo.seashell.pt\/?product=reflesh-5kg","url_meta":{"origin":6026,"position":3},"title":"Detergente Reflesh 5Kg","date":"Fevereiro 23, 2022","format":false,"excerpt":"Detergente neutro concentrado de efeito brilhante adequado para a manuten\u00e7\u00e3o de todos os pavimentos polidos.","rel":"","context":"Similar post","img":{"alt_text":"","src":"https:\/\/i0.wp.com\/mundo.seashell.pt\/wp-content\/uploads\/2022\/02\/reflesh_1.jpg?resize=350%2C200&ssl=1","width":350,"height":200},"classes":[]},{"id":5862,"url":"https:\/\/mundo.seashell.pt\/?product=solim-loica-neutro-5l-loica-manual","url_meta":{"origin":6026,"position":4},"title":"Solim Loi\u00e7a Neutro 5L &#8211; Loi\u00e7a Manual","date":"Fevereiro 23, 2022","format":false,"excerpt":"Detergente l\u00edquido para lavagem manual de loi\u00e7a","rel":"","context":"Similar post","img":{"alt_text":"","src":"https:\/\/i0.wp.com\/mundo.seashell.pt\/wp-content\/uploads\/2022\/02\/SOLIM_LOIC_A_NEUTRO_PhotoRoom_20210402_103243.jpg?resize=350%2C200&ssl=1","width":350,"height":200},"classes":[]},{"id":5850,"url":"https:\/\/mundo.seashell.pt\/?product=stark-loica-sensitiv-5l-loica-manual","url_meta":{"origin":6026,"position":5},"title":"Stark Loi\u00e7a Sensitiv 5L &#8211; Loi\u00e7a Manual","date":"Fevereiro 23, 2022","format":false,"excerpt":"Detergente l\u00edquido concentrado para lavagem manual de loi\u00e7a","rel":"","context":"Similar post","img":{"alt_text":"","src":"https:\/\/i0.wp.com\/mundo.seashell.pt\/wp-content\/uploads\/2022\/02\/Stark_Loic_a_Sensitive_PhotoRoom_20210402_103522.jpg?resize=350%2C200&ssl=1","width":350,"height":200},"classes":[]}],"_links":{"self":[{"href":"https:\/\/mundo.seashell.pt\/index.php?rest_route=\/wp\/v2\/product\/6026","targetHints":{"allow":["GET"]}}],"collection":[{"href":"https:\/\/mundo.seashell.pt\/index.php?rest_route=\/wp\/v2\/product"}],"about":[{"href":"https:\/\/mundo.seashell.pt\/index.php?rest_route=\/wp\/v2\/types\/product"}],"wp:featuredmedia":[{"embeddable":true,"href":"https:\/\/mundo.seashell.pt\/index.php?rest_route=\/wp\/v2\/media\/6027"}],"wp:attachment":[{"href":"https:\/\/mundo.seashell.pt\/index.php?rest_route=%2Fwp%2Fv2%2Fmedia&parent=6026"}],"wp:term":[{"taxonomy":"product_cat","embeddable":true,"href":"https:\/\/mundo.seashell.pt\/index.php?rest_route=%2Fwp%2Fv2%2Fproduct_cat&post=6026"},{"taxonomy":"product_tag","embeddable":true,"href":"https:\/\/mundo.seashell.pt\/index.php?rest_route=%2Fwp%2Fv2%2Fproduct_tag&post=6026"}],"curies":[{"name":"wp","href":"https:\/\/api.w.org\/{rel}","templated":true}]}}