{"id":6024,"date":"2022-02-23T11:47:02","date_gmt":"2022-02-23T11:47:02","guid":{"rendered":"https:\/\/mundo.seashell.pt\/?post_type=product&#038;p=6024"},"modified":"2022-02-23T11:47:07","modified_gmt":"2022-02-23T11:47:07","slug":"ini-mok-5kg","status":"publish","type":"product","link":"https:\/\/mundo.seashell.pt\/?product=ini-mok-5kg","title":{"rendered":"Detergente Ini Mok 5Kg"},"content":{"rendered":"<h2>Detergente removedor de manchas para a limpeza dos revestimentos t\u00eaxteis com sistema injec\u00e7\u00e3o-extrac\u00e7\u00e3o<\/h2>\n<ul>\n<li>Apropriado para o sistema inje\u00e7\u00e3o-extra\u00e7\u00e3o<\/li>\n<li>Para fibras sint\u00e9ticas e l\u00e3<\/li>\n<li>Detergente sem espuma para todo o tipo de manchas<\/li>\n<\/ul>\n<h4><\/h4>\n<h4>Descri\u00e7\u00e3o<\/h4>\n<p>Detergente sem espuma para a limpeza de tapetes, alcatifas e revestimentos t\u00eaxteis para ser usado com m\u00e1quina de injec\u00e7\u00e3o-extrac\u00e7\u00e3o.<\/p>\n<h4><\/h4>\n<h4>Dilui\u00e7\u00e3o<\/h4>\n<p>5% (500 ml em 10 L de \u00e1gua).<\/p>\n<h4><\/h4>\n<h4>Como usar<\/h4>\n<p>Prepare a solu\u00e7\u00e3o e vaporize-a na superf\u00edcie de limpar. Deixe atuar e enxague com a m\u00e1quina de injec\u00e7\u00e3o-extrac\u00e7\u00e3o.<\/p>\n","protected":false},"excerpt":{"rendered":"<p>Detergente sem espuma para a limpeza de tapetes, alcatifas e revestimentos t\u00eaxteis para ser usado com m\u00e1quina de injec\u00e7\u00e3o-extrac\u00e7\u00e3o.<\/p>\n","protected":false},"featured_media":6025,"template":"","meta":{"spay_email":""},"product_cat":[15],"product_tag":[],"class_list":{"0":"post-6024","1":"product","2":"type-product","3":"status-publish","4":"has-post-thumbnail","6":"product_cat-sem-categoria","8":"first","9":"instock","10":"taxable","11":"shipping-taxable","12":"purchasable","13":"product-type-simple"},"acf":[],"jetpack-related-posts":[{"id":6026,"url":"https:\/\/mundo.seashell.pt\/?product=dry-mok-5kg","url_meta":{"origin":6024,"position":0},"title":"Shampoo Neutro Dry Mok 5Kg","date":"Fevereiro 23, 2022","format":false,"excerpt":"Detergente neutro espec\u00edfico para a limpeza a seco de alcatifas e tapetes.","rel":"","context":"Similar post","img":{"alt_text":"","src":"https:\/\/i0.wp.com\/mundo.seashell.pt\/wp-content\/uploads\/2022\/02\/dry_mok.jpg?resize=350%2C200&ssl=1","width":350,"height":200},"classes":[]},{"id":6081,"url":"https:\/\/mundo.seashell.pt\/?product=clorogel-1lt","url_meta":{"origin":6024,"position":1},"title":"Detergente Higienizante Clorogel","date":"Fevereiro 23, 2022","format":false,"excerpt":"Detergente higienizante com cloro para uma eficaz limpeza de lavabos, bancadas de trabalho, sanit\u00e1rios, WC e revestimentos cer\u00e2micos e pavimentos n\u00e3o encerados.","rel":"","context":"Similar post","img":{"alt_text":"","src":"https:\/\/i0.wp.com\/mundo.seashell.pt\/wp-content\/uploads\/2022\/02\/clorogel.jpg?resize=350%2C200&ssl=1","width":350,"height":200},"classes":[]},{"id":5696,"url":"https:\/\/mundo.seashell.pt\/?product=chlordet-24kg","url_meta":{"origin":6024,"position":2},"title":"Desengordurante Higienizante Chlordet 24Kg","date":"Fevereiro 23, 2022","format":false,"excerpt":"Detergente desengordurante higienizante sem espuma com cloro ativo para lavagem manual, mec\u00e2nica o em CIP de todas as superf\u00edcies lav\u00e1veis.","rel":"","context":"Similar post","img":{"alt_text":"","src":"https:\/\/i0.wp.com\/mundo.seashell.pt\/wp-content\/uploads\/2022\/02\/chlordet.jpg?resize=350%2C200&ssl=1","width":350,"height":200},"classes":[]},{"id":5888,"url":"https:\/\/mundo.seashell.pt\/?product=bar-hygiene-5kg-loica-automatica","url_meta":{"origin":6024,"position":3},"title":"Detergente Bar Hygiene &#8211; Loi\u00e7a Autom\u00e1tica","date":"Fevereiro 23, 2022","format":false,"excerpt":"Detergente alcalino com cloro activo, espec\u00edfico para a lavagem mec\u00e2nica da loi\u00e7a.","rel":"","context":"Similar post","img":{"alt_text":"","src":"https:\/\/i0.wp.com\/mundo.seashell.pt\/wp-content\/uploads\/2022\/02\/bar_hygiene.jpg?resize=350%2C200&ssl=1","width":350,"height":200},"classes":[]},{"id":5886,"url":"https:\/\/mundo.seashell.pt\/?product=cristal-bar-750ml-loica-automatica","url_meta":{"origin":6024,"position":4},"title":"Detergente Cristal Bar &#8211; Loi\u00e7a Autom\u00e1tica","date":"Fevereiro 23, 2022","format":false,"excerpt":"Detergente alcalino de elevada concentra\u00e7\u00e3o para pequenas m\u00e1quinas de lavar loi\u00e7a, com MGDA para um melhor desempenho e menor impacto ambiental. Concebido para a lavagem autom\u00e1tica da loi\u00e7a.","rel":"","context":"Similar post","img":{"alt_text":"","src":"https:\/\/i0.wp.com\/mundo.seashell.pt\/wp-content\/uploads\/2022\/02\/cristal_bar.jpg?resize=350%2C200&ssl=1","width":350,"height":200},"classes":[]},{"id":5702,"url":"https:\/\/mundo.seashell.pt\/?product=alkanet-plus-24kg","url_meta":{"origin":6024,"position":5},"title":"Desengordurante Alcalino Alkanet Plus 24Kg","date":"Fevereiro 23, 2022","format":false,"excerpt":"Detergente desengordurante fortemente alcalino, pode ser usado em sistemas CIP.","rel":"","context":"Similar post","img":{"alt_text":"","src":"https:\/\/i0.wp.com\/mundo.seashell.pt\/wp-content\/uploads\/2022\/02\/alkanet_plus.jpg?resize=350%2C200&ssl=1","width":350,"height":200},"classes":[]}],"_links":{"self":[{"href":"https:\/\/mundo.seashell.pt\/index.php?rest_route=\/wp\/v2\/product\/6024","targetHints":{"allow":["GET"]}}],"collection":[{"href":"https:\/\/mundo.seashell.pt\/index.php?rest_route=\/wp\/v2\/product"}],"about":[{"href":"https:\/\/mundo.seashell.pt\/index.php?rest_route=\/wp\/v2\/types\/product"}],"wp:featuredmedia":[{"embeddable":true,"href":"https:\/\/mundo.seashell.pt\/index.php?rest_route=\/wp\/v2\/media\/6025"}],"wp:attachment":[{"href":"https:\/\/mundo.seashell.pt\/index.php?rest_route=%2Fwp%2Fv2%2Fmedia&parent=6024"}],"wp:term":[{"taxonomy":"product_cat","embeddable":true,"href":"https:\/\/mundo.seashell.pt\/index.php?rest_route=%2Fwp%2Fv2%2Fproduct_cat&post=6024"},{"taxonomy":"product_tag","embeddable":true,"href":"https:\/\/mundo.seashell.pt\/index.php?rest_route=%2Fwp%2Fv2%2Fproduct_tag&post=6024"}],"curies":[{"name":"wp","href":"https:\/\/api.w.org\/{rel}","templated":true}]}}