{"id":6022,"date":"2022-02-23T11:46:59","date_gmt":"2022-02-23T11:46:59","guid":{"rendered":"https:\/\/mundo.seashell.pt\/?post_type=product&#038;p=6022"},"modified":"2022-02-23T11:47:02","modified_gmt":"2022-02-23T11:47:02","slug":"cotto-wp-5kg","status":"publish","type":"product","link":"https:\/\/mundo.seashell.pt\/?product=cotto-wp-5kg","title":{"rendered":"Impermeabilizante Cotto WP 5Kg"},"content":{"rendered":"<h2>Impermeabilizante de base aquosa para pavimentos porosos de tijoleira<\/h2>\n<ul>\n<li>Elevado poder impermeabilizante, sem altera\u00e7\u00e3o do aspeto est\u00e9tico<\/li>\n<li>Adequado tamb\u00e9m para ambientes interiores<\/li>\n<li>Ideal para tijoleira e pedra natural<\/li>\n<\/ul>\n<h4><\/h4>\n<h4>Descri\u00e7\u00e3o<\/h4>\n<p>Formula especifica para o tratamento hidro-oleorepelente de pavimentos de tijoleira, pedras naturais e cimento n\u00e3o tratados. Permite uma excelente impermeabiliza\u00e7\u00e3o sem alterar o aspeto est\u00e9tico evitando a subida das efloresc\u00eancias salinas.<\/p>\n<h4><\/h4>\n<h4>Dilui\u00e7\u00e3o<\/h4>\n<p>Pronto para o uso.<\/p>\n<h4><\/h4>\n<h4>Como usar<\/h4>\n<p>Depois de ter cuidadosamente decapado com o apropriado decapante da linha SUTTER PROFESSIONAL, e desincrustado com o \u00e1cido apropriado (para pavimentos em tijoleira), aplique uma ou duas dem\u00e3os de COTTO WP com o aplicador de cera apropriado. Deixe secar durante cerca de 30-60 min., entre uma dem\u00e3o e outra. Para obter um efeito de brilho, em seguida, aplique o produto METEOR EXTRA SOLV ou cera metalizada.<\/p>\n","protected":false},"excerpt":{"rendered":"<p>Formula especifica para o tratamento hidro-oleorepelente de pavimentos de tijoleira, pedras naturais e cimento n\u00e3o tratados. Permite uma excelente impermeabiliza\u00e7\u00e3o sem alterar o aspeto est\u00e9tico evitando.<\/p>\n","protected":false},"featured_media":6023,"template":"","meta":{"spay_email":""},"product_cat":[15],"product_tag":[],"class_list":{"0":"post-6022","1":"product","2":"type-product","3":"status-publish","4":"has-post-thumbnail","6":"product_cat-sem-categoria","8":"first","9":"instock","10":"taxable","11":"shipping-taxable","12":"purchasable","13":"product-type-simple"},"acf":[],"jetpack-related-posts":[{"id":6020,"url":"https:\/\/mundo.seashell.pt\/?product=if-110-5lt","url_meta":{"origin":6022,"position":0},"title":"Impermeabilizante IF 110 5Lt","date":"Fevereiro 23, 2022","format":false,"excerpt":"Concebido especificamente para o tratamento hidro-\u00f3leo repelente de pavimentos em tijoleira e pedra natural. Permite uma \u00f3tima impermeabiliza\u00e7\u00e3o sem alterar o aspeto est\u00e9tico","rel":"","context":"Similar post","img":{"alt_text":"","src":"https:\/\/i0.wp.com\/mundo.seashell.pt\/wp-content\/uploads\/2022\/02\/if_110.jpg?resize=350%2C200&ssl=1","width":350,"height":200},"classes":[]},{"id":6018,"url":"https:\/\/mundo.seashell.pt\/?product=beton-5kg","url_meta":{"origin":6022,"position":1},"title":"Selante Beton 5Kg","date":"Fevereiro 23, 2022","format":false,"excerpt":"Selante acr\u00edlico particularmente estudado para pavimentos muito porosos. Efeito anti-p\u00f3 e resistente ao tr\u00e1fego pesado.","rel":"","context":"Similar post","img":{"alt_text":"","src":"https:\/\/i0.wp.com\/mundo.seashell.pt\/wp-content\/uploads\/2022\/02\/beton.jpg?resize=350%2C200&ssl=1","width":350,"height":200},"classes":[]},{"id":7228,"url":"https:\/\/mundo.seashell.pt\/?product=siril-desincrustrante-500ml","url_meta":{"origin":6022,"position":2},"title":"Siril Desincrustrante 500ml","date":"Fevereiro 23, 2022","format":false,"excerpt":"Siril Desincrustrante 500ml Limpeza de res\u00edduos de cimento, forma\u00e7\u00f5es calc\u00e1rias, ferrugem e encardido em superf\u00edcies de m\u00e1rmore, marmorite, mosaico, tijoleira e pedra. Recupera\u00e7\u00e3o de superf\u00edcies em pedras antigas. Limpeza de calc\u00e1rio em sanit\u00e1rios. Aplic\u00e1vel em pavimentos, ombreiras, bancadas, soleiras, lareiras, rebordo de pisc...","rel":"","context":"Similar post","img":{"alt_text":"","src":"https:\/\/i0.wp.com\/mundo.seashell.pt\/wp-content\/uploads\/2022\/02\/siril500.jpeg?resize=350%2C200&ssl=1","width":350,"height":200},"classes":[]},{"id":7230,"url":"https:\/\/mundo.seashell.pt\/?product=siril-desincrustrante-1-litro","url_meta":{"origin":6022,"position":3},"title":"Siril Desincrustrante 1 Litro","date":"Fevereiro 23, 2022","format":false,"excerpt":"Siril Desincrustrante 1 Litro Limpeza de res\u00edduos de cimento, forma\u00e7\u00f5es calc\u00e1rias, ferrugem e encardido em superf\u00edcies de m\u00e1rmore, marmorite, mosaico, tijoleira e pedra. Recupera\u00e7\u00e3o de superf\u00edcies em pedras antigas. Limpeza de calc\u00e1rio em sanit\u00e1rios. Aplic\u00e1vel em pavimentos, ombreiras, bancadas, soleiras, lareiras, rebordo de pi...","rel":"","context":"Similar post","img":{"alt_text":"","src":"https:\/\/i0.wp.com\/mundo.seashell.pt\/wp-content\/uploads\/2022\/02\/transferir__5_.jpeg?resize=350%2C200&ssl=1","width":350,"height":200},"classes":[]},{"id":7232,"url":"https:\/\/mundo.seashell.pt\/?product=siril-desincrustrante-5-litros","url_meta":{"origin":6022,"position":4},"title":"Siril Desincrustrante 5 Litros","date":"Fevereiro 23, 2022","format":false,"excerpt":"Siril Desincrustrante 5 Litros Limpeza de res\u00edduos de cimento, forma\u00e7\u00f5es calc\u00e1rias, ferrugem e encardido em superf\u00edcies de m\u00e1rmore, marmorite, mosaico, tijoleira e pedra. Recupera\u00e7\u00e3o de superf\u00edcies em pedras antigas. Limpeza de calc\u00e1rio em sanit\u00e1rios. Aplic\u00e1vel em pavimentos, ombreiras, bancadas, soleiras, lareiras, rebordo de p...","rel":"","context":"Similar post","img":{"alt_text":"","src":"https:\/\/i0.wp.com\/mundo.seashell.pt\/wp-content\/uploads\/2022\/02\/transferir__6_-1.jpeg?resize=350%2C200&ssl=1","width":350,"height":200},"classes":[]},{"id":5915,"url":"https:\/\/mundo.seashell.pt\/?product=pb-28-5kg","url_meta":{"origin":6022,"position":5},"title":"Cera PB 28 5Kg","date":"Fevereiro 23, 2022","format":false,"excerpt":"Cera de prote\u00e7\u00e3o para pavimentos.","rel":"","context":"Similar post","img":{"alt_text":"","src":"https:\/\/i0.wp.com\/mundo.seashell.pt\/wp-content\/uploads\/2022\/02\/pb_28.jpg?resize=350%2C200&ssl=1","width":350,"height":200},"classes":[]}],"_links":{"self":[{"href":"https:\/\/mundo.seashell.pt\/index.php?rest_route=\/wp\/v2\/product\/6022","targetHints":{"allow":["GET"]}}],"collection":[{"href":"https:\/\/mundo.seashell.pt\/index.php?rest_route=\/wp\/v2\/product"}],"about":[{"href":"https:\/\/mundo.seashell.pt\/index.php?rest_route=\/wp\/v2\/types\/product"}],"wp:featuredmedia":[{"embeddable":true,"href":"https:\/\/mundo.seashell.pt\/index.php?rest_route=\/wp\/v2\/media\/6023"}],"wp:attachment":[{"href":"https:\/\/mundo.seashell.pt\/index.php?rest_route=%2Fwp%2Fv2%2Fmedia&parent=6022"}],"wp:term":[{"taxonomy":"product_cat","embeddable":true,"href":"https:\/\/mundo.seashell.pt\/index.php?rest_route=%2Fwp%2Fv2%2Fproduct_cat&post=6022"},{"taxonomy":"product_tag","embeddable":true,"href":"https:\/\/mundo.seashell.pt\/index.php?rest_route=%2Fwp%2Fv2%2Fproduct_tag&post=6022"}],"curies":[{"name":"wp","href":"https:\/\/api.w.org\/{rel}","templated":true}]}}