{"id":6020,"date":"2022-02-23T11:46:57","date_gmt":"2022-02-23T11:46:57","guid":{"rendered":"https:\/\/mundo.seashell.pt\/?post_type=product&#038;p=6020"},"modified":"2022-02-23T11:46:59","modified_gmt":"2022-02-23T11:46:59","slug":"if-110-5lt","status":"publish","type":"product","link":"https:\/\/mundo.seashell.pt\/?product=if-110-5lt","title":{"rendered":"Impermeabilizante IF 110 5Lt"},"content":{"rendered":"<h2>Impermeabilizante para pavimentos porosos de tijoleira<\/h2>\n<ul>\n<li>Elevado poder impermeabilizante<\/li>\n<li>N\u00e3o altera as cores naturais e o aspeto est\u00e9tico<\/li>\n<li>Ideal para tijoleira e pedra natural<\/li>\n<\/ul>\n<h4><\/h4>\n<h4>Descri\u00e7\u00e3o<\/h4>\n<p>Concebido especificamente para o tratamento hidro-\u00f3leo repelente de pavimentos em tijoleira e pedra natural. Permite uma \u00f3tima impermeabiliza\u00e7\u00e3o sem alterar o aspeto est\u00e9tico, evitando a subida das efloresc\u00eancias salinas.<\/p>\n<h4><\/h4>\n<h4>Dilui\u00e7\u00e3o<\/h4>\n<p>Pronto para o uso.<\/p>\n<h4><\/h4>\n<h4>Como usar<\/h4>\n<p>Depois de ter cuidadosamente decapado com o apropriado decapante da linha SUTTER PROFESSIONAL, e desincrustado com o \u00e1cido apropriado AT 100 (para pavimentos em tijoleira), aplique uma ou duas camadas de IF 110 com o aplicador de cera apropriado. Deixe secar durante cerca de 30 &#8211; 60 min. entre uma dem\u00e3o e outra. Para obter um acabamento brilhante, em seguida, aplique o produto FL 201 NEUTRO.<\/p>\n","protected":false},"excerpt":{"rendered":"<p>Concebido especificamente para o tratamento hidro-\u00f3leo repelente de pavimentos em tijoleira e pedra natural. Permite uma \u00f3tima impermeabiliza\u00e7\u00e3o sem alterar o aspeto est\u00e9tico<\/p>\n","protected":false},"featured_media":6021,"template":"","meta":{"spay_email":""},"product_cat":[15],"product_tag":[],"class_list":{"0":"post-6020","1":"product","2":"type-product","3":"status-publish","4":"has-post-thumbnail","6":"product_cat-sem-categoria","8":"first","9":"instock","10":"taxable","11":"shipping-taxable","12":"purchasable","13":"product-type-simple"},"acf":[],"jetpack-related-posts":[{"id":6022,"url":"https:\/\/mundo.seashell.pt\/?product=cotto-wp-5kg","url_meta":{"origin":6020,"position":0},"title":"Impermeabilizante Cotto WP 5Kg","date":"Fevereiro 23, 2022","format":false,"excerpt":"Formula especifica para o tratamento hidro-oleorepelente de pavimentos de tijoleira, pedras naturais e cimento n\u00e3o tratados. Permite uma excelente impermeabiliza\u00e7\u00e3o sem alterar o aspeto est\u00e9tico evitando.","rel":"","context":"Similar post","img":{"alt_text":"","src":"https:\/\/i0.wp.com\/mundo.seashell.pt\/wp-content\/uploads\/2022\/02\/cotto_wp.jpg?resize=350%2C200&ssl=1","width":350,"height":200},"classes":[]},{"id":6018,"url":"https:\/\/mundo.seashell.pt\/?product=beton-5kg","url_meta":{"origin":6020,"position":1},"title":"Selante Beton 5Kg","date":"Fevereiro 23, 2022","format":false,"excerpt":"Selante acr\u00edlico particularmente estudado para pavimentos muito porosos. Efeito anti-p\u00f3 e resistente ao tr\u00e1fego pesado.","rel":"","context":"Similar post","img":{"alt_text":"","src":"https:\/\/i0.wp.com\/mundo.seashell.pt\/wp-content\/uploads\/2022\/02\/beton.jpg?resize=350%2C200&ssl=1","width":350,"height":200},"classes":[]},{"id":7228,"url":"https:\/\/mundo.seashell.pt\/?product=siril-desincrustrante-500ml","url_meta":{"origin":6020,"position":2},"title":"Siril Desincrustrante 500ml","date":"Fevereiro 23, 2022","format":false,"excerpt":"Siril Desincrustrante 500ml Limpeza de res\u00edduos de cimento, forma\u00e7\u00f5es calc\u00e1rias, ferrugem e encardido em superf\u00edcies de m\u00e1rmore, marmorite, mosaico, tijoleira e pedra. Recupera\u00e7\u00e3o de superf\u00edcies em pedras antigas. Limpeza de calc\u00e1rio em sanit\u00e1rios. Aplic\u00e1vel em pavimentos, ombreiras, bancadas, soleiras, lareiras, rebordo de pisc...","rel":"","context":"Similar post","img":{"alt_text":"","src":"https:\/\/i0.wp.com\/mundo.seashell.pt\/wp-content\/uploads\/2022\/02\/siril500.jpeg?resize=350%2C200&ssl=1","width":350,"height":200},"classes":[]},{"id":7230,"url":"https:\/\/mundo.seashell.pt\/?product=siril-desincrustrante-1-litro","url_meta":{"origin":6020,"position":3},"title":"Siril Desincrustrante 1 Litro","date":"Fevereiro 23, 2022","format":false,"excerpt":"Siril Desincrustrante 1 Litro Limpeza de res\u00edduos de cimento, forma\u00e7\u00f5es calc\u00e1rias, ferrugem e encardido em superf\u00edcies de m\u00e1rmore, marmorite, mosaico, tijoleira e pedra. Recupera\u00e7\u00e3o de superf\u00edcies em pedras antigas. Limpeza de calc\u00e1rio em sanit\u00e1rios. Aplic\u00e1vel em pavimentos, ombreiras, bancadas, soleiras, lareiras, rebordo de pi...","rel":"","context":"Similar post","img":{"alt_text":"","src":"https:\/\/i0.wp.com\/mundo.seashell.pt\/wp-content\/uploads\/2022\/02\/transferir__5_.jpeg?resize=350%2C200&ssl=1","width":350,"height":200},"classes":[]},{"id":7232,"url":"https:\/\/mundo.seashell.pt\/?product=siril-desincrustrante-5-litros","url_meta":{"origin":6020,"position":4},"title":"Siril Desincrustrante 5 Litros","date":"Fevereiro 23, 2022","format":false,"excerpt":"Siril Desincrustrante 5 Litros Limpeza de res\u00edduos de cimento, forma\u00e7\u00f5es calc\u00e1rias, ferrugem e encardido em superf\u00edcies de m\u00e1rmore, marmorite, mosaico, tijoleira e pedra. Recupera\u00e7\u00e3o de superf\u00edcies em pedras antigas. Limpeza de calc\u00e1rio em sanit\u00e1rios. Aplic\u00e1vel em pavimentos, ombreiras, bancadas, soleiras, lareiras, rebordo de p...","rel":"","context":"Similar post","img":{"alt_text":"","src":"https:\/\/i0.wp.com\/mundo.seashell.pt\/wp-content\/uploads\/2022\/02\/transferir__6_-1.jpeg?resize=350%2C200&ssl=1","width":350,"height":200},"classes":[]},{"id":6267,"url":"https:\/\/mundo.seashell.pt\/?product=sanytol-superficies-12l","url_meta":{"origin":6020,"position":5},"title":"Sanytol Superf\u00edcies 1,2l","date":"Fevereiro 23, 2022","format":false,"excerpt":"Limpador Desinfetante Pavimentos & Superf\u00edcies \u2013 Eucalipto DESCRI\u00c7\u00c3O Mantenha sua casa saud\u00e1vel com o SANYTOL limpador desinfetante para pavimentos e superf\u00edcies! Elimina a sujidade e desinfeta completamente sem esfor\u00e7o. Quando dilu\u00eddo, \u00e9 ideal para a limpeza de pavimentos e \u00e1reas grandes, como portas ou ladrilhos. Em...","rel":"","context":"Similar post","img":{"alt_text":"","src":"https:\/\/i0.wp.com\/mundo.seashell.pt\/wp-content\/uploads\/2022\/02\/SANYTOL_DESINFECTANTE_PAVIMENTOS_E_SUPERFI_CIES_1_2l_8411135670198.png?resize=350%2C200&ssl=1","width":350,"height":200},"classes":[]}],"_links":{"self":[{"href":"https:\/\/mundo.seashell.pt\/index.php?rest_route=\/wp\/v2\/product\/6020","targetHints":{"allow":["GET"]}}],"collection":[{"href":"https:\/\/mundo.seashell.pt\/index.php?rest_route=\/wp\/v2\/product"}],"about":[{"href":"https:\/\/mundo.seashell.pt\/index.php?rest_route=\/wp\/v2\/types\/product"}],"wp:featuredmedia":[{"embeddable":true,"href":"https:\/\/mundo.seashell.pt\/index.php?rest_route=\/wp\/v2\/media\/6021"}],"wp:attachment":[{"href":"https:\/\/mundo.seashell.pt\/index.php?rest_route=%2Fwp%2Fv2%2Fmedia&parent=6020"}],"wp:term":[{"taxonomy":"product_cat","embeddable":true,"href":"https:\/\/mundo.seashell.pt\/index.php?rest_route=%2Fwp%2Fv2%2Fproduct_cat&post=6020"},{"taxonomy":"product_tag","embeddable":true,"href":"https:\/\/mundo.seashell.pt\/index.php?rest_route=%2Fwp%2Fv2%2Fproduct_tag&post=6020"}],"curies":[{"name":"wp","href":"https:\/\/api.w.org\/{rel}","templated":true}]}}