{"id":6018,"date":"2022-02-23T11:46:55","date_gmt":"2022-02-23T11:46:55","guid":{"rendered":"https:\/\/mundo.seashell.pt\/?post_type=product&#038;p=6018"},"modified":"2022-02-23T11:46:57","modified_gmt":"2022-02-23T11:46:57","slug":"beton-5kg","status":"publish","type":"product","link":"https:\/\/mundo.seashell.pt\/?product=beton-5kg","title":{"rendered":"Selante Beton 5Kg"},"content":{"rendered":"<h2>Selante acr\u00edlico para pavimentos de cimento e&nbsp;pavimentos porosos<\/h2>\n<ul>\n<li>Estudado para pavimentos muito porosos (es. em tijoleira etc..)<\/li>\n<li>Evita a forma\u00e7\u00e3o de p\u00f3. Efeito anti-mancha<\/li>\n<li>Resistente ao tr\u00e1fego pesado<\/li>\n<\/ul>\n<h4><\/h4>\n<h4>Descri\u00e7\u00e3o<\/h4>\n<p>Selante acr\u00edlico particularmente estudado para pavimentos muito porosos. Efeito anti-p\u00f3 e resistente ao tr\u00e1fego pesado. Evita a forma\u00e7\u00e3o de p\u00f3.<\/p>\n<h4><\/h4>\n<h4>Dilui\u00e7\u00e3o<\/h4>\n<p>Pronto para o uso.<\/p>\n<h4><\/h4>\n<h4>Como usar<\/h4>\n<p>Depois de ter cuidadosamente decapado e desincrustado de eventuais fluoresc\u00eancias de salitre, aplique duas camadas de selante com o aplicador de cera apropriado (para a primeira dem\u00e3o, \u00e9 aconselh\u00e1vel dilu\u00ed-la em 50% com \u00e1gua para favorecer a impregna\u00e7\u00e3o). Deixe secar cerca de 45 min. entre uma dem\u00e3o e outra.<\/p>\n","protected":false},"excerpt":{"rendered":"<p>Selante acr\u00edlico particularmente estudado para pavimentos muito porosos. Efeito anti-p\u00f3 e resistente ao tr\u00e1fego pesado.<\/p>\n","protected":false},"featured_media":6019,"template":"","meta":{"spay_email":""},"product_cat":[15],"product_tag":[],"class_list":{"0":"post-6018","1":"product","2":"type-product","3":"status-publish","4":"has-post-thumbnail","6":"product_cat-sem-categoria","8":"first","9":"instock","10":"taxable","11":"shipping-taxable","12":"purchasable","13":"product-type-simple"},"acf":[],"jetpack-related-posts":[{"id":5915,"url":"https:\/\/mundo.seashell.pt\/?product=pb-28-5kg","url_meta":{"origin":6018,"position":0},"title":"Cera PB 28 5Kg","date":"Fevereiro 23, 2022","format":false,"excerpt":"Cera de prote\u00e7\u00e3o para pavimentos.","rel":"","context":"Similar post","img":{"alt_text":"","src":"https:\/\/i0.wp.com\/mundo.seashell.pt\/wp-content\/uploads\/2022\/02\/pb_28.jpg?resize=350%2C200&ssl=1","width":350,"height":200},"classes":[]},{"id":5909,"url":"https:\/\/mundo.seashell.pt\/?product=meteor-maxima-5kg","url_meta":{"origin":6018,"position":1},"title":"Cera Acr\u00edlica Meteor Maxima 5Kg","date":"Fevereiro 23, 2022","format":false,"excerpt":"Emuls\u00e3o formulada com pol\u00edmeros acr\u00edlicos e de poliuretano de modo a garantir o m\u00e1ximo brilho e resist\u00eancia ao tr\u00e1fego.","rel":"","context":"Similar post","img":{"alt_text":"","src":"https:\/\/i0.wp.com\/mundo.seashell.pt\/wp-content\/uploads\/2022\/02\/meteor_maxima.jpg?resize=350%2C200&ssl=1","width":350,"height":200},"classes":[]},{"id":5913,"url":"https:\/\/mundo.seashell.pt\/?product=meteor-parquet-5kg","url_meta":{"origin":6018,"position":2},"title":"Cera Meteor Parquet 5Kg","date":"Fevereiro 23, 2022","format":false,"excerpt":"Formulado com uma mistura de pol\u00edmeros e ceras espec\u00edficas para a porosidade t\u00edpica dos pavimentos em madeira.","rel":"","context":"Similar post","img":{"alt_text":"","src":"https:\/\/i0.wp.com\/mundo.seashell.pt\/wp-content\/uploads\/2022\/02\/meteor_parquet.jpg?resize=350%2C200&ssl=1","width":350,"height":200},"classes":[]},{"id":6010,"url":"https:\/\/mundo.seashell.pt\/?product=singular-5kg","url_meta":{"origin":6018,"position":3},"title":"Lava e Encera Singular 5Kg","date":"Fevereiro 23, 2022","format":false,"excerpt":"Produto formulado com uma combina\u00e7\u00e3o de emuls\u00f5es polim\u00e9ricas e de detergentes para o tratamento de pavimentos sint\u00e9ticos e minerais, tais como m\u00e1rmore, marmorite e granito. \u00d3timo para a manuten\u00e7\u00e3o como lava-encera.","rel":"","context":"Similar post","img":{"alt_text":"","src":"https:\/\/i0.wp.com\/mundo.seashell.pt\/wp-content\/uploads\/2022\/02\/singular.jpg?resize=350%2C200&ssl=1","width":350,"height":200},"classes":[]},{"id":6022,"url":"https:\/\/mundo.seashell.pt\/?product=cotto-wp-5kg","url_meta":{"origin":6018,"position":4},"title":"Impermeabilizante Cotto WP 5Kg","date":"Fevereiro 23, 2022","format":false,"excerpt":"Formula especifica para o tratamento hidro-oleorepelente de pavimentos de tijoleira, pedras naturais e cimento n\u00e3o tratados. Permite uma excelente impermeabiliza\u00e7\u00e3o sem alterar o aspeto est\u00e9tico evitando.","rel":"","context":"Similar post","img":{"alt_text":"","src":"https:\/\/i0.wp.com\/mundo.seashell.pt\/wp-content\/uploads\/2022\/02\/cotto_wp.jpg?resize=350%2C200&ssl=1","width":350,"height":200},"classes":[]},{"id":5925,"url":"https:\/\/mundo.seashell.pt\/?product=cris-5kg","url_meta":{"origin":6018,"position":5},"title":"Cristalizador Cris 5Kg","date":"Fevereiro 23, 2022","format":false,"excerpt":"Cristalizador para pavimentos de origem calc\u00e1ria. Elimina as micro-porosidades reduzindo a penetra\u00e7\u00e3o da sujidade. \u00d3timo efeito brilhante.","rel":"","context":"Similar post","img":{"alt_text":"","src":"https:\/\/i0.wp.com\/mundo.seashell.pt\/wp-content\/uploads\/2022\/02\/cris.jpg?resize=350%2C200&ssl=1","width":350,"height":200},"classes":[]}],"_links":{"self":[{"href":"https:\/\/mundo.seashell.pt\/index.php?rest_route=\/wp\/v2\/product\/6018","targetHints":{"allow":["GET"]}}],"collection":[{"href":"https:\/\/mundo.seashell.pt\/index.php?rest_route=\/wp\/v2\/product"}],"about":[{"href":"https:\/\/mundo.seashell.pt\/index.php?rest_route=\/wp\/v2\/types\/product"}],"wp:featuredmedia":[{"embeddable":true,"href":"https:\/\/mundo.seashell.pt\/index.php?rest_route=\/wp\/v2\/media\/6019"}],"wp:attachment":[{"href":"https:\/\/mundo.seashell.pt\/index.php?rest_route=%2Fwp%2Fv2%2Fmedia&parent=6018"}],"wp:term":[{"taxonomy":"product_cat","embeddable":true,"href":"https:\/\/mundo.seashell.pt\/index.php?rest_route=%2Fwp%2Fv2%2Fproduct_cat&post=6018"},{"taxonomy":"product_tag","embeddable":true,"href":"https:\/\/mundo.seashell.pt\/index.php?rest_route=%2Fwp%2Fv2%2Fproduct_tag&post=6018"}],"curies":[{"name":"wp","href":"https:\/\/api.w.org\/{rel}","templated":true}]}}