{"id":6014,"date":"2022-02-23T11:46:51","date_gmt":"2022-02-23T11:46:51","guid":{"rendered":"https:\/\/mundo.seashell.pt\/?post_type=product&#038;p=6014"},"modified":"2022-02-23T11:46:53","modified_gmt":"2022-02-23T11:46:53","slug":"spolvero-mop-500ml","status":"publish","type":"product","link":"https:\/\/mundo.seashell.pt\/?product=spolvero-mop-500ml","title":{"rendered":"Anti &#8211; P\u00f3 Spolvero Mop 500ml"},"content":{"rendered":"<h2>Spray anti-p\u00f3 para pavimentos<\/h2>\n<ul>\n<li>\u00d3timo efeito anti-est\u00e1tico de longa dura\u00e7\u00e3o<\/li>\n<li>Ideal para a manuten\u00e7\u00e3o convencional de soalhos flutuantes<\/li>\n<li>Pr\u00e1tico sobre franjas para varrer, evita a acumula\u00e7\u00e3o de res\u00edduos gordurosos<\/li>\n<\/ul>\n<h4><\/h4>\n<h4>Descri\u00e7\u00e3o<\/h4>\n<p>Spray com elevada a\u00e7\u00e3o antiest\u00e1tica de longa dura\u00e7\u00e3o para limpar a seco o p\u00f3 de todos os tipos de pavimentos, exceto superf\u00edcies t\u00eaxteis. Usado sobre pavimentos encerados prolonga a dura\u00e7\u00e3o da pel\u00edcula protetiva. Ideal para a manuten\u00e7\u00e3o convencional de soalhos flutuantes em ambientes com equipamentos eletr\u00f3nicos, ou ainda em todas as situa\u00e7\u00f5es onde for desaconselhada a limpeza a h\u00famido. Pr\u00e1tico sobre franjas para varrer, evita a acumula\u00e7\u00e3o de res\u00edduos gordurosos<\/p>\n<h4><\/h4>\n<h4>Dilui\u00e7\u00e3o<\/h4>\n<p>Pronto para o uso.<\/p>\n<h4><\/h4>\n<h4>Como usar<\/h4>\n<p>Agite bem. Pulverize o produto diretamente num pano ou numa franja e passe na superf\u00edcie a limpar.<\/p>\n","protected":false},"excerpt":{"rendered":"<p>Spray com elevada a\u00e7\u00e3o antiest\u00e1tica de longa dura\u00e7\u00e3o para limpar a seco o p\u00f3 de todos os tipos de pavimentos, exceto superf\u00edcies t\u00eaxteis.<\/p>\n","protected":false},"featured_media":6015,"template":"","meta":{"spay_email":""},"product_cat":[15],"product_tag":[],"class_list":{"0":"post-6014","1":"product","2":"type-product","3":"status-publish","4":"has-post-thumbnail","6":"product_cat-sem-categoria","8":"first","9":"instock","10":"taxable","11":"shipping-taxable","12":"purchasable","13":"product-type-simple"},"acf":[],"jetpack-related-posts":[{"id":6016,"url":"https:\/\/mundo.seashell.pt\/?product=rapid-uhs-5kg","url_meta":{"origin":6014,"position":0},"title":"Renovador Rapid UHS 5Kg","date":"Fevereiro 23, 2022","format":false,"excerpt":"Emuls\u00e3o polivalente que permite com apenas uma opera\u00e7\u00e3o a limpeza, repara\u00e7\u00e3o e polimento das ceras acr\u00edlicas metalizadas","rel":"","context":"Similar post","img":{"alt_text":"","src":"https:\/\/i0.wp.com\/mundo.seashell.pt\/wp-content\/uploads\/2022\/02\/rapid_uhs.jpg?resize=350%2C200&ssl=1","width":350,"height":200},"classes":[]},{"id":5956,"url":"https:\/\/mundo.seashell.pt\/?product=azzurro-5kg","url_meta":{"origin":6014,"position":1},"title":"Detergente Antiderrapante Azzurro 5Kg","date":"Fevereiro 23, 2022","format":false,"excerpt":"Detergente neutro concentrado apropriado para a manuten\u00e7\u00e3o de todos os tipos de pavimento protegidos com cera","rel":"","context":"Similar post","img":{"alt_text":"","src":"https:\/\/i0.wp.com\/mundo.seashell.pt\/wp-content\/uploads\/2022\/02\/azzurro.jpg?resize=350%2C200&ssl=1","width":350,"height":200},"classes":[]},{"id":6010,"url":"https:\/\/mundo.seashell.pt\/?product=singular-5kg","url_meta":{"origin":6014,"position":2},"title":"Lava e Encera Singular 5Kg","date":"Fevereiro 23, 2022","format":false,"excerpt":"Produto formulado com uma combina\u00e7\u00e3o de emuls\u00f5es polim\u00e9ricas e de detergentes para o tratamento de pavimentos sint\u00e9ticos e minerais, tais como m\u00e1rmore, marmorite e granito. \u00d3timo para a manuten\u00e7\u00e3o como lava-encera.","rel":"","context":"Similar post","img":{"alt_text":"","src":"https:\/\/i0.wp.com\/mundo.seashell.pt\/wp-content\/uploads\/2022\/02\/singular.jpg?resize=350%2C200&ssl=1","width":350,"height":200},"classes":[]},{"id":6357,"url":"https:\/\/mundo.seashell.pt\/?product=anti-calcario-e-sujidade-spray-05l","url_meta":{"origin":6014,"position":3},"title":"Anti-Calc\u00e1rio e Sujidade Spray 500ml","date":"Fevereiro 23, 2022","format":false,"excerpt":"Cillit Bang spray limpeza calc\u00e1rio e sujidade tem uma f\u00f3rmula super eficaz que elimina rapidamente o calc\u00e1rio, os res\u00edduos de sab\u00e3o e a sujidade na maioria das superf\u00edcies, dentro e fora da sua casa. A sua nova f\u00f3rmula anti-reaparecimento de sujidade forma uma pel\u00edcula protetora sobre as superf\u00edcies, evitando que\u2026","rel":"","context":"Similar post","img":{"alt_text":"","src":"https:\/\/i0.wp.com\/mundo.seashell.pt\/wp-content\/uploads\/2022\/02\/CILLIT_BANG_CAL_BRI_500ML_x12__8_P__5601217132666.png?resize=350%2C200&ssl=1","width":350,"height":200},"classes":[]},{"id":5919,"url":"https:\/\/mundo.seashell.pt\/?product=elettra-5kg","url_meta":{"origin":6014,"position":4},"title":"Cera Elettra 5Kg","date":"Fevereiro 23, 2022","format":false,"excerpt":"Cera adequada para a prote\u00e7\u00e3o de todos os pavimentos existentes em locais onde a dispers\u00e3o da eletricidade est\u00e1tica.","rel":"","context":"Similar post","img":{"alt_text":"","src":"https:\/\/i0.wp.com\/mundo.seashell.pt\/wp-content\/uploads\/2022\/02\/elettra.jpg?resize=350%2C200&ssl=1","width":350,"height":200},"classes":[]},{"id":6018,"url":"https:\/\/mundo.seashell.pt\/?product=beton-5kg","url_meta":{"origin":6014,"position":5},"title":"Selante Beton 5Kg","date":"Fevereiro 23, 2022","format":false,"excerpt":"Selante acr\u00edlico particularmente estudado para pavimentos muito porosos. Efeito anti-p\u00f3 e resistente ao tr\u00e1fego pesado.","rel":"","context":"Similar post","img":{"alt_text":"","src":"https:\/\/i0.wp.com\/mundo.seashell.pt\/wp-content\/uploads\/2022\/02\/beton.jpg?resize=350%2C200&ssl=1","width":350,"height":200},"classes":[]}],"_links":{"self":[{"href":"https:\/\/mundo.seashell.pt\/index.php?rest_route=\/wp\/v2\/product\/6014","targetHints":{"allow":["GET"]}}],"collection":[{"href":"https:\/\/mundo.seashell.pt\/index.php?rest_route=\/wp\/v2\/product"}],"about":[{"href":"https:\/\/mundo.seashell.pt\/index.php?rest_route=\/wp\/v2\/types\/product"}],"wp:featuredmedia":[{"embeddable":true,"href":"https:\/\/mundo.seashell.pt\/index.php?rest_route=\/wp\/v2\/media\/6015"}],"wp:attachment":[{"href":"https:\/\/mundo.seashell.pt\/index.php?rest_route=%2Fwp%2Fv2%2Fmedia&parent=6014"}],"wp:term":[{"taxonomy":"product_cat","embeddable":true,"href":"https:\/\/mundo.seashell.pt\/index.php?rest_route=%2Fwp%2Fv2%2Fproduct_cat&post=6014"},{"taxonomy":"product_tag","embeddable":true,"href":"https:\/\/mundo.seashell.pt\/index.php?rest_route=%2Fwp%2Fv2%2Fproduct_tag&post=6014"}],"curies":[{"name":"wp","href":"https:\/\/api.w.org\/{rel}","templated":true}]}}