{"id":6008,"date":"2022-02-23T11:46:43","date_gmt":"2022-02-23T11:46:43","guid":{"rendered":"https:\/\/mundo.seashell.pt\/?post_type=product&#038;p=6008"},"modified":"2022-02-23T11:46:45","modified_gmt":"2022-02-23T11:46:45","slug":"solim-lava-encera-5l","status":"publish","type":"product","link":"https:\/\/mundo.seashell.pt\/?product=solim-lava-encera-5l","title":{"rendered":"Solim Lava Encera 5L"},"content":{"rendered":"<p>Lava e encera com anti-derrapante de aplica\u00e7\u00e3o manual ou mec\u00e2nica<\/p>\n<p><strong><br \/><\/strong><\/p>\n<p><strong>PROPRIEDADES<\/strong><\/p>\n<p>O produto proporciona um bom efeito de limpeza e manuten\u00e7\u00e3o da&nbsp;camada, assim como o brilho em todo o tipo de pavimentos.<\/p>\n<p>\u00c9 um produto l\u00edquido de cor branca composto por resinas acr\u00edlicas,&nbsp;tensioativos n\u00e3o i\u00f3nicos e conservantes.<\/p>\n<p>Cumpre a legisla\u00e7\u00e3o vigente sobre a biodegradabilidade.<\/p>\n<p><strong><br \/><\/strong><\/p>\n<p><strong>CONDI\u00c7\u00d5ES DE UTILIZA\u00c7\u00c3O<\/strong><\/p>\n<p>Usar uma concentra\u00e7\u00e3o de 10 % (1L de Solim Lava Encera em 10 L de \u00e1gua).<\/p>\n<p>Aplicar manual ou mecanicamente o produto e deixar secar.<\/p>\n<p><strong><br \/><\/strong><\/p>\n<p><strong>CARACTERISTICAS FISICO QU\u00cdMICAS<\/strong><\/p>\n<p>Aspecto: Produto L\u00edquido<\/p>\n<p>Cor: Branco<\/p>\n<p>Biodegrad\u00e1vel, conforme regulamento (CE) N\u00ba 648\/2004 Anexo II e III<\/p>\n","protected":false},"excerpt":{"rendered":"<p>Lava e encera com antiderrapante de aplica\u00e7\u00e3o manual ou mec\u00e2nica<\/p>\n","protected":false},"featured_media":6009,"template":"","meta":{"spay_email":""},"product_cat":[15],"product_tag":[],"class_list":{"0":"post-6008","1":"product","2":"type-product","3":"status-publish","4":"has-post-thumbnail","6":"product_cat-sem-categoria","8":"first","9":"instock","10":"taxable","11":"shipping-taxable","12":"purchasable","13":"product-type-simple"},"acf":[],"jetpack-related-posts":[{"id":5836,"url":"https:\/\/mundo.seashell.pt\/?product=fun-madeiras-1l","url_meta":{"origin":6008,"position":0},"title":"Fun Madeiras 1L","date":"Fevereiro 23, 2022","format":false,"excerpt":"Limpeza de parquets e outras superf\u00edcies delicadas","rel":"","context":"Similar post","img":{"alt_text":"","src":"https:\/\/i0.wp.com\/mundo.seashell.pt\/wp-content\/uploads\/2022\/02\/Fun_Madeiras_PhotoRoom_20210402_103002.jpg?resize=350%2C200&ssl=1","width":350,"height":200},"classes":[]},{"id":6010,"url":"https:\/\/mundo.seashell.pt\/?product=singular-5kg","url_meta":{"origin":6008,"position":1},"title":"Lava e Encera Singular 5Kg","date":"Fevereiro 23, 2022","format":false,"excerpt":"Produto formulado com uma combina\u00e7\u00e3o de emuls\u00f5es polim\u00e9ricas e de detergentes para o tratamento de pavimentos sint\u00e9ticos e minerais, tais como m\u00e1rmore, marmorite e granito. \u00d3timo para a manuten\u00e7\u00e3o como lava-encera.","rel":"","context":"Similar post","img":{"alt_text":"","src":"https:\/\/i0.wp.com\/mundo.seashell.pt\/wp-content\/uploads\/2022\/02\/singular.jpg?resize=350%2C200&ssl=1","width":350,"height":200},"classes":[]},{"id":5862,"url":"https:\/\/mundo.seashell.pt\/?product=solim-loica-neutro-5l-loica-manual","url_meta":{"origin":6008,"position":2},"title":"Solim Loi\u00e7a Neutro 5L &#8211; Loi\u00e7a Manual","date":"Fevereiro 23, 2022","format":false,"excerpt":"Detergente l\u00edquido para lavagem manual de loi\u00e7a","rel":"","context":"Similar post","img":{"alt_text":"","src":"https:\/\/i0.wp.com\/mundo.seashell.pt\/wp-content\/uploads\/2022\/02\/SOLIM_LOIC_A_NEUTRO_PhotoRoom_20210402_103243.jpg?resize=350%2C200&ssl=1","width":350,"height":200},"classes":[]},{"id":5848,"url":"https:\/\/mundo.seashell.pt\/?product=solim-loica-verde-5l-loica-manual","url_meta":{"origin":6008,"position":3},"title":"Solim Loi\u00e7a Verde 5L &#8211; Loi\u00e7a Manual","date":"Fevereiro 23, 2022","format":false,"excerpt":"Detergente l\u00edquido concentrado de elevada viscosidade, com cor verde, completamente sol\u00favel.","rel":"","context":"Similar post","img":{"alt_text":"","src":"https:\/\/i0.wp.com\/mundo.seashell.pt\/wp-content\/uploads\/2022\/02\/SOLIM_LOIC_A_VERDE_PhotoRoom_20210402_103325.jpg?resize=350%2C200&ssl=1","width":350,"height":200},"classes":[]},{"id":5864,"url":"https:\/\/mundo.seashell.pt\/?product=solim-loica-higiene-5l-loica-manual","url_meta":{"origin":6008,"position":4},"title":"Solim Loi\u00e7a Higiene 5L &#8211; Loi\u00e7a Manual","date":"Fevereiro 23, 2022","format":false,"excerpt":"Detergente l\u00edquido higienizante para lavagem manual de loi\u00e7a.","rel":"","context":"Similar post","img":{"alt_text":"","src":"https:\/\/i0.wp.com\/mundo.seashell.pt\/wp-content\/uploads\/2022\/02\/SOLIM_LOIC_A_HIGIENIZANTE_PhotoRoom_20210402_103557.jpg?resize=350%2C200&ssl=1","width":350,"height":200},"classes":[]},{"id":6060,"url":"https:\/\/mundo.seashell.pt\/?product=solim-clorogel-5kg","url_meta":{"origin":6008,"position":5},"title":"Solim Clorogel 5Kg","date":"Fevereiro 23, 2022","format":false,"excerpt":"Detergente higienizante com cloro para uma eficaz limpeza de balne\u00e1rios, bancadas de trabalho, sanit\u00e1rios, WC e revestimentos cer\u00e2micos e pavimentos n\u00e3o encerados.","rel":"","context":"Similar post","img":{"alt_text":"","src":"https:\/\/i0.wp.com\/mundo.seashell.pt\/wp-content\/uploads\/2022\/02\/solim_clorogel_1.jpg?resize=350%2C200&ssl=1","width":350,"height":200},"classes":[]}],"_links":{"self":[{"href":"https:\/\/mundo.seashell.pt\/index.php?rest_route=\/wp\/v2\/product\/6008","targetHints":{"allow":["GET"]}}],"collection":[{"href":"https:\/\/mundo.seashell.pt\/index.php?rest_route=\/wp\/v2\/product"}],"about":[{"href":"https:\/\/mundo.seashell.pt\/index.php?rest_route=\/wp\/v2\/types\/product"}],"wp:featuredmedia":[{"embeddable":true,"href":"https:\/\/mundo.seashell.pt\/index.php?rest_route=\/wp\/v2\/media\/6009"}],"wp:attachment":[{"href":"https:\/\/mundo.seashell.pt\/index.php?rest_route=%2Fwp%2Fv2%2Fmedia&parent=6008"}],"wp:term":[{"taxonomy":"product_cat","embeddable":true,"href":"https:\/\/mundo.seashell.pt\/index.php?rest_route=%2Fwp%2Fv2%2Fproduct_cat&post=6008"},{"taxonomy":"product_tag","embeddable":true,"href":"https:\/\/mundo.seashell.pt\/index.php?rest_route=%2Fwp%2Fv2%2Fproduct_tag&post=6008"}],"curies":[{"name":"wp","href":"https:\/\/api.w.org\/{rel}","templated":true}]}}