{"id":6000,"date":"2022-02-23T11:46:30","date_gmt":"2022-02-23T11:46:30","guid":{"rendered":"https:\/\/mundo.seashell.pt\/?post_type=product&#038;p=6000"},"modified":"2022-02-23T11:46:33","modified_gmt":"2022-02-23T11:46:33","slug":"disinfectant-5kg","status":"publish","type":"product","link":"https:\/\/mundo.seashell.pt\/?product=disinfectant-5kg","title":{"rendered":"Detergente Desinfetante Disinfectant 5kg"},"content":{"rendered":"<h2>Detergente desinfetante&nbsp;<\/h2>\n<ul>\n<li>Elevado poder germicida<\/li>\n<li>Todas as superf\u00edcies lav\u00e1veis<\/li>\n<li>Uso manual ou mec\u00e2nico<\/li>\n<\/ul>\n<h4><\/h4>\n<h4>Descri\u00e7\u00e3o<\/h4>\n<p>Detergente desinfetante de elevado poder germicida. N\u00e3o \u00e9 necess\u00e1rio enxaguar. Todo o tipo de superf\u00edcies lav\u00e1veis, tais como pavimentos, paredes, azulejos, espelhos, sanit\u00e1rios. DISINFECTANT \u00e9 recomendado para a desinfe\u00e7\u00e3o di\u00e1ria de casas de banhos, col\u00e9gios, hospitais e lares de idosos.<\/p>\n<h4><\/h4>\n<h4>Dilui\u00e7\u00e3o<\/h4>\n<p>Aplicar puro, ou a solu\u00e7\u00e3o a 1:50 conforme a \u00e1rea de aplica\u00e7\u00e3o.<\/p>\n<h4><\/h4>\n<h4>Como usar<\/h4>\n<p>Superf\u00edcies lav\u00e1veis: aplicar a solu\u00e7\u00e3o de DISINFECTANT uniformemente sobre as superf\u00edcies a limpar ou desinfetar, com auxilio de uma esfregona ou pulverizador. Deixar secar. Sanit\u00e1rios: Aplicar puro com auxilio de um pano ou pulverizador.<\/p>\n","protected":false},"excerpt":{"rendered":"<p>Detergente desinfetante de elevado poder germicida. N\u00e3o \u00e9 necess\u00e1rio enxaguar. Todo o tipo de superf\u00edcies lav\u00e1veis, tais como pavimentos, paredes, azulejos, espelhos, sanit\u00e1rios.<\/p>\n","protected":false},"featured_media":6001,"template":"","meta":{"spay_email":""},"product_cat":[15],"product_tag":[],"class_list":{"0":"post-6000","1":"product","2":"type-product","3":"status-publish","4":"has-post-thumbnail","6":"product_cat-sem-categoria","8":"first","9":"instock","10":"taxable","11":"shipping-taxable","12":"purchasable","13":"product-type-simple"},"acf":[],"jetpack-related-posts":[{"id":5970,"url":"https:\/\/mundo.seashell.pt\/?product=cuatt-88-food-5kg","url_meta":{"origin":6000,"position":0},"title":"Detergente Desinfetante Cuat 88 Food 5Kg","date":"Fevereiro 23, 2022","format":false,"excerpt":"Desinfetante para superf\u00edcies lav\u00e1veis. Adequado para a limpeza e a desinfe\u00e7\u00e3o de superf\u00edcies que possam entrar em contacto com os alimentos.","rel":"","context":"Similar post","img":{"alt_text":"","src":"https:\/\/i0.wp.com\/mundo.seashell.pt\/wp-content\/uploads\/2022\/02\/cuat_88.jpg?resize=350%2C200&ssl=1","width":350,"height":200},"classes":[]},{"id":5694,"url":"https:\/\/mundo.seashell.pt\/?product=duo-quat-ha-5kg","url_meta":{"origin":6000,"position":1},"title":"Desinfetante Desengordurante Duo Quat HA 5Kg","date":"Fevereiro 23, 2022","format":false,"excerpt":"Detergente desinfetante de base am\u00f4nio quatern\u00e1rios de largo espectro de ac\u00e7\u00e3o.","rel":"","context":"Similar post","img":{"alt_text":"","src":"https:\/\/i0.wp.com\/mundo.seashell.pt\/wp-content\/uploads\/2022\/02\/agral_duo_quat_ha.jpg?resize=350%2C200&ssl=1","width":350,"height":200},"classes":[]},{"id":5990,"url":"https:\/\/mundo.seashell.pt\/?product=onda-sanify-1lt","url_meta":{"origin":6000,"position":2},"title":"Detergente Desinfetante Onda Sanify","date":"Fevereiro 23, 2022","format":false,"excerpt":"Detergente Desinfetante, desodorizante perfumado","rel":"","context":"Similar post","img":{"alt_text":"","src":"https:\/\/i0.wp.com\/mundo.seashell.pt\/wp-content\/uploads\/2022\/02\/onda.jpg?resize=350%2C200&ssl=1","width":350,"height":200},"classes":[]},{"id":5972,"url":"https:\/\/mundo.seashell.pt\/?product=sf-300-5kg","url_meta":{"origin":6000,"position":3},"title":"Detergente Desinfetante SF 300 5Kg","date":"Fevereiro 23, 2022","format":false,"excerpt":"Detergente Desinfetante contendo cloro para a desinfe\u00e7\u00e3o de \u00e1reas de alimentos.","rel":"","context":"Similar post","img":{"alt_text":"","src":"https:\/\/i0.wp.com\/mundo.seashell.pt\/wp-content\/uploads\/2022\/02\/sf_300.jpg?resize=350%2C200&ssl=1","width":350,"height":200},"classes":[]},{"id":5998,"url":"https:\/\/mundo.seashell.pt\/?product=onda-flor-5kg","url_meta":{"origin":6000,"position":4},"title":"Detergente Desinfetante Onda Flor 5kg","date":"Fevereiro 23, 2022","format":false,"excerpt":"Detergente desinfetante com efeito desodorizante para todas as superf\u00edcies lav\u00e1veis e para a manuten\u00e7\u00e3o de todos os tipos de pavimento.","rel":"","context":"Similar post","img":{"alt_text":"","src":"https:\/\/i0.wp.com\/mundo.seashell.pt\/wp-content\/uploads\/2022\/02\/onda_flor.jpg?resize=350%2C200&ssl=1","width":350,"height":200},"classes":[]},{"id":5994,"url":"https:\/\/mundo.seashell.pt\/?product=ondaklor-5kg","url_meta":{"origin":6000,"position":5},"title":"Detergente Ondaklor 5kg","date":"Fevereiro 23, 2022","format":false,"excerpt":"ONDAKLOR \u00e9 um biocida cloroxidante de ac\u00e7\u00e3o detergente para a limpeza e a desinfec\u00e7\u00e3o de pavimentos e superf\u00edcies lav\u00e1veis.","rel":"","context":"Similar post","img":{"alt_text":"","src":"https:\/\/i0.wp.com\/mundo.seashell.pt\/wp-content\/uploads\/2022\/02\/ondaklor.jpg?resize=350%2C200&ssl=1","width":350,"height":200},"classes":[]}],"_links":{"self":[{"href":"https:\/\/mundo.seashell.pt\/index.php?rest_route=\/wp\/v2\/product\/6000","targetHints":{"allow":["GET"]}}],"collection":[{"href":"https:\/\/mundo.seashell.pt\/index.php?rest_route=\/wp\/v2\/product"}],"about":[{"href":"https:\/\/mundo.seashell.pt\/index.php?rest_route=\/wp\/v2\/types\/product"}],"wp:featuredmedia":[{"embeddable":true,"href":"https:\/\/mundo.seashell.pt\/index.php?rest_route=\/wp\/v2\/media\/6001"}],"wp:attachment":[{"href":"https:\/\/mundo.seashell.pt\/index.php?rest_route=%2Fwp%2Fv2%2Fmedia&parent=6000"}],"wp:term":[{"taxonomy":"product_cat","embeddable":true,"href":"https:\/\/mundo.seashell.pt\/index.php?rest_route=%2Fwp%2Fv2%2Fproduct_cat&post=6000"},{"taxonomy":"product_tag","embeddable":true,"href":"https:\/\/mundo.seashell.pt\/index.php?rest_route=%2Fwp%2Fv2%2Fproduct_tag&post=6000"}],"curies":[{"name":"wp","href":"https:\/\/api.w.org\/{rel}","templated":true}]}}