{"id":5996,"date":"2022-02-23T11:46:26","date_gmt":"2022-02-23T11:46:26","guid":{"rendered":"https:\/\/mundo.seashell.pt\/?post_type=product&#038;p=5996"},"modified":"2022-02-23T11:46:28","modified_gmt":"2022-02-23T11:46:28","slug":"onda-lime-5kg","status":"publish","type":"product","link":"https:\/\/mundo.seashell.pt\/?product=onda-lime-5kg","title":{"rendered":"Detergente Higienizante Onda Lime 5kg"},"content":{"rendered":"<h2>Detergente higienizante desodorizante perfumado<\/h2>\n<ul>\n<li>Limpa e higieniza libertando um agrad\u00e1vel aroma c\u00edtrico<\/li>\n<li>Efeito desodorizante prolongado<\/li>\n<li>Utiliz\u00e1vel tanto manualmente como na m\u00e1quina auto lavadora<\/li>\n<\/ul>\n<h4><\/h4>\n<h4>Descri\u00e7\u00e3o<\/h4>\n<p>Detergente higienizante com efeito desodorizante para todas as superf\u00edcies lav\u00e1veis e para a manuten\u00e7\u00e3o de todos os tipos de pavimento, inclusivamente protegidos. \u00d3timo tamb\u00e9m como desodorizante para casas de banho, WC ou recipientes do lixo. Em conformidade com a norma EN 1040. Limpeza e higiene garantidas.<\/p>\n<h4><\/h4>\n<h4>Dilui\u00e7\u00e3o<\/h4>\n<p>2% &#8211; 4% (200 ml &#8211; 400 ml em 10 L de \u00e1gua)<\/p>\n<h4><\/h4>\n<h4>Como usar<\/h4>\n<p>Dilua o produto em \u00e1gua nas concentra\u00e7\u00f5es indicadas. Aplique a solu\u00e7\u00e3o na superf\u00edcie e deixe secar. No caso de higieniza\u00e7\u00e3o, deixe atuar o produto na superf\u00edcie e enxague.<\/p>\n","protected":false},"excerpt":{"rendered":"<p>Detergente higienizante com efeito desodorizante para todas as superf\u00edcies lav\u00e1veis e para a manuten\u00e7\u00e3o de todos os tipos de pavimento.<\/p>\n","protected":false},"featured_media":5997,"template":"","meta":{"spay_email":""},"product_cat":[15],"product_tag":[],"class_list":{"0":"post-5996","1":"product","2":"type-product","3":"status-publish","4":"has-post-thumbnail","6":"product_cat-sem-categoria","8":"first","9":"instock","10":"taxable","11":"shipping-taxable","12":"purchasable","13":"product-type-simple"},"acf":[],"jetpack-related-posts":[{"id":5992,"url":"https:\/\/mundo.seashell.pt\/?product=ondasan-easy-750ml","url_meta":{"origin":5996,"position":0},"title":"Detergente Higienizante Ondasan Easy","date":"Fevereiro 23, 2022","format":false,"excerpt":"Detergente com efeito desodorizante para todas as superf\u00edcies lav\u00e1veis e para a manuten\u00e7\u00e3o de todos os tipos de pavimento, inclusivamente protegido.","rel":"","context":"Similar post","img":{"alt_text":"","src":"https:\/\/i0.wp.com\/mundo.seashell.pt\/wp-content\/uploads\/2022\/02\/ondasan_easy.jpg?resize=350%2C200&ssl=1","width":350,"height":200},"classes":[]},{"id":5998,"url":"https:\/\/mundo.seashell.pt\/?product=onda-flor-5kg","url_meta":{"origin":5996,"position":1},"title":"Detergente Desinfetante Onda Flor 5kg","date":"Fevereiro 23, 2022","format":false,"excerpt":"Detergente desinfetante com efeito desodorizante para todas as superf\u00edcies lav\u00e1veis e para a manuten\u00e7\u00e3o de todos os tipos de pavimento.","rel":"","context":"Similar post","img":{"alt_text":"","src":"https:\/\/i0.wp.com\/mundo.seashell.pt\/wp-content\/uploads\/2022\/02\/onda_flor.jpg?resize=350%2C200&ssl=1","width":350,"height":200},"classes":[]},{"id":5966,"url":"https:\/\/mundo.seashell.pt\/?product=cleansan-10lt","url_meta":{"origin":5996,"position":2},"title":"Detergente Cleansan 10Lt","date":"Fevereiro 23, 2022","format":false,"excerpt":"Detergente ultra-concentrado com efeito desodorizante para todas as superf\u00edcies lav\u00e1veis e para a manuten\u00e7\u00e3o de todos os tipos de pavimento.","rel":"","context":"Similar post","img":{"alt_text":"","src":"https:\/\/i0.wp.com\/mundo.seashell.pt\/wp-content\/uploads\/2022\/02\/clean_san.jpg?resize=350%2C200&ssl=1","width":350,"height":200},"classes":[]},{"id":5968,"url":"https:\/\/mundo.seashell.pt\/?product=ambience-spring-1lt","url_meta":{"origin":5996,"position":3},"title":"Detergente Desodorizante Ambience","date":"Fevereiro 23, 2022","format":false,"excerpt":"Detergente para todas as superf\u00edcies lav\u00e1veis com efeito desodorizante \"long lasting.","rel":"","context":"Similar post","img":{"alt_text":"","src":"https:\/\/i0.wp.com\/mundo.seashell.pt\/wp-content\/uploads\/2022\/02\/pom_ambience_autumn.jpg?resize=350%2C200&ssl=1","width":350,"height":200},"classes":[]},{"id":5696,"url":"https:\/\/mundo.seashell.pt\/?product=chlordet-24kg","url_meta":{"origin":5996,"position":4},"title":"Desengordurante Higienizante Chlordet 24Kg","date":"Fevereiro 23, 2022","format":false,"excerpt":"Detergente desengordurante higienizante sem espuma com cloro ativo para lavagem manual, mec\u00e2nica o em CIP de todas as superf\u00edcies lav\u00e1veis.","rel":"","context":"Similar post","img":{"alt_text":"","src":"https:\/\/i0.wp.com\/mundo.seashell.pt\/wp-content\/uploads\/2022\/02\/chlordet.jpg?resize=350%2C200&ssl=1","width":350,"height":200},"classes":[]},{"id":5714,"url":"https:\/\/mundo.seashell.pt\/?product=fun-higienizante-multiusos-750-ml","url_meta":{"origin":5996,"position":5},"title":"Fun Higienizante Multiusos 750 ML","date":"Fevereiro 23, 2022","format":false,"excerpt":"Detergente l\u00edquido adequado para a limpeza e higieniza\u00e7\u00e3o de todo o tipo de superf\u00edcies e equipamentos.","rel":"","context":"Similar post","img":{"alt_text":"","src":"https:\/\/i0.wp.com\/mundo.seashell.pt\/wp-content\/uploads\/2022\/02\/Fun_Higienizante_Multiusos_PhotoRoom_20210402_103034.jpg?resize=350%2C200&ssl=1","width":350,"height":200},"classes":[]}],"_links":{"self":[{"href":"https:\/\/mundo.seashell.pt\/index.php?rest_route=\/wp\/v2\/product\/5996","targetHints":{"allow":["GET"]}}],"collection":[{"href":"https:\/\/mundo.seashell.pt\/index.php?rest_route=\/wp\/v2\/product"}],"about":[{"href":"https:\/\/mundo.seashell.pt\/index.php?rest_route=\/wp\/v2\/types\/product"}],"wp:featuredmedia":[{"embeddable":true,"href":"https:\/\/mundo.seashell.pt\/index.php?rest_route=\/wp\/v2\/media\/5997"}],"wp:attachment":[{"href":"https:\/\/mundo.seashell.pt\/index.php?rest_route=%2Fwp%2Fv2%2Fmedia&parent=5996"}],"wp:term":[{"taxonomy":"product_cat","embeddable":true,"href":"https:\/\/mundo.seashell.pt\/index.php?rest_route=%2Fwp%2Fv2%2Fproduct_cat&post=5996"},{"taxonomy":"product_tag","embeddable":true,"href":"https:\/\/mundo.seashell.pt\/index.php?rest_route=%2Fwp%2Fv2%2Fproduct_tag&post=5996"}],"curies":[{"name":"wp","href":"https:\/\/api.w.org\/{rel}","templated":true}]}}