{"id":5994,"date":"2022-02-23T11:46:22","date_gmt":"2022-02-23T11:46:22","guid":{"rendered":"https:\/\/mundo.seashell.pt\/?post_type=product&#038;p=5994"},"modified":"2022-02-23T11:46:26","modified_gmt":"2022-02-23T11:46:26","slug":"ondaklor-5kg","status":"publish","type":"product","link":"https:\/\/mundo.seashell.pt\/?product=ondaklor-5kg","title":{"rendered":"Detergente Ondaklor 5kg"},"content":{"rendered":"<h2>Produto biocida autorizado para PT4: Superf\u00edcies em contacto com os g\u00e9neros aliment\u00edcios e alimentos para animais. Biocida de Uso Veterin\u00e1rio.<\/h2>\n<ul>\n<li>AUTORIZA\u00c7\u00c3O N\u00daMERO: N.\u00ba ACM: 4 09\/00\/19NBVPT<\/li>\n<li>Em conformidade com as <a target=\"_blank\" href=\"https:\/\/www.sutterprofessional.it\/pt\/sutterpedia#rule\" rel=\"noopener\">normas<\/a> EN: 1276, 1650, 13697, 14476<\/li>\n<li>\u00d3ptima ac\u00e7\u00e3o de limpeza e desinfec\u00e7\u00e3o<\/li>\n<\/ul>\n<h4><\/h4>\n<h4>Descri\u00e7\u00e3o<\/h4>\n<p>ONDAKLOR \u00e9 um biocida cloroxidante de ac\u00e7\u00e3o detergente para a limpeza e a desinfec\u00e7\u00e3o de pavimentos e superf\u00edcies lav\u00e1veis (pavimentos, paredes, sanit\u00e1rios), tamb\u00e9m para uso hospitalar.<br \/>Indicado para ve\u00edculos e equipamentos de transporte de g\u00e9neros aliment\u00edcios e superf\u00edcies\/equipamentos que entram em contacto com g\u00e9neros aliment\u00edcios.<br \/>O produto n\u00e3o deve entrar em contato direto ou indireto com produtos alimentares. Em caso de desinfe\u00e7\u00e3o de superf\u00edcies que entram em contato com alimentos, efetue um enxaguamento com \u00e1gua pot\u00e1vel.<\/p>\n<p><strong>Composi\u00e7\u00e3o:<\/strong> Hipoclorito de s\u00f3dio 26,67% (4% enquanto s.a.); Alquilldimetilaminas, N-\u00f3xidos &gt;=1% &#8211; &lt;3%; Hidroxido de s\u00f3dio, &gt;=0,5% &#8211; &lt;1%; Polyacrylic acid, Sodium salt &gt;=0,5% &#8211; &lt;1%. Solu\u00e7\u00e3o concentrada.<\/p>\n<p>Em conformidade com as <a target=\"_blank\" href=\"https:\/\/www.sutterprofessional.it\/pt\/sutterpedia#rule\" rel=\"noopener\">normas<\/a> EN: 1276, 1650, 13697, 14476.<\/p>\n<h4><\/h4>\n<h4>Dilui\u00e7\u00e3o<\/h4>\n<p>Dilui\u00e7\u00e3o de utiliza\u00e7\u00e3o 3%.<br \/>Para atividade bactericida e fungicida, em solu\u00e7\u00e3o aquosa a 3%, deixando 15min de contato e enxaguando com \u00e1gua pot\u00e1vel.<br \/>Para sujidades dif\u00edceis ou limpeza de fundo, em solu\u00e7\u00e3o aquosa a 5%.<br \/>O produto n\u00e3o deve entrar em contato direto ou indireto com produtos alimentares.<\/p>\n<h4><\/h4>\n<h4>Como usar<\/h4>\n<p><strong>Precau\u00e7\u00f5es de emprego:<\/strong> N\u00e3o utilizar puro em pavimentos protegidos com ceras ou em superf\u00edcies sens\u00edveis ao cloro, como lin\u00f3leo, alum\u00ednio; n\u00e3o utilizar em madeira, corti\u00e7a, tecidos e materiais n\u00e3o resistentes ao cloro em geral.  Antes de utilizar o produto em pavimento encerados, verifique a resist\u00eancia da camada de cera.<\/p>\n<p>ONDAKLOR tem de ser manipulado segundo as \u201cboas pr\u00e1ticas industriais para a higiene e a seguran\u00e7a\u201d. Uso profissional. Assegure-se de que o local onde vai manusear o produto tem ventila\u00e7\u00e3o adequada, especialmente em \u00e1reas confinadas. Chuveiros de emerg\u00eancia e equipamento lava-olhos ser\u00e3o necess\u00e1rios em instala\u00e7\u00f5es onde a mistura \u00e9 manuseada constantemente. Impedir o acesso de pessoal n\u00e3o autorizado. Procedimentos proibidos durante o manuseamento: N\u00e3o comer, beber e fumar nas \u00e1reas onde a mistura \u00e9 utilizada.<br \/><strong>Elimina\u00e7\u00e3o<\/strong>: Enviar para instala\u00e7\u00f5es de elimina\u00e7\u00e3o autorizadas ou para incineradoras em condi\u00e7\u00f5es controladas. Atuar em conformidade com as vigentes disposi\u00e7\u00f5es locais e nacionais. N\u00e3o deitar no ch\u00e3o ou nos esgotos.<\/p>\n","protected":false},"excerpt":{"rendered":"<p>ONDAKLOR \u00e9 um biocida cloroxidante de ac\u00e7\u00e3o detergente para a limpeza e a desinfec\u00e7\u00e3o de pavimentos e superf\u00edcies lav\u00e1veis.<\/p>\n","protected":false},"featured_media":5995,"template":"","meta":{"spay_email":""},"product_cat":[15],"product_tag":[],"class_list":{"0":"post-5994","1":"product","2":"type-product","3":"status-publish","4":"has-post-thumbnail","6":"product_cat-sem-categoria","8":"first","9":"instock","10":"taxable","11":"shipping-taxable","12":"purchasable","13":"product-type-simple"},"acf":[],"jetpack-related-posts":[{"id":5694,"url":"https:\/\/mundo.seashell.pt\/?product=duo-quat-ha-5kg","url_meta":{"origin":5994,"position":0},"title":"Desinfetante Desengordurante Duo Quat HA 5Kg","date":"Fevereiro 23, 2022","format":false,"excerpt":"Detergente desinfetante de base am\u00f4nio quatern\u00e1rios de largo espectro de ac\u00e7\u00e3o.","rel":"","context":"Similar post","img":{"alt_text":"","src":"https:\/\/i0.wp.com\/mundo.seashell.pt\/wp-content\/uploads\/2022\/02\/agral_duo_quat_ha.jpg?resize=350%2C200&ssl=1","width":350,"height":200},"classes":[]},{"id":5690,"url":"https:\/\/mundo.seashell.pt\/?product=alkachlor-foam-ha-22kg","url_meta":{"origin":5994,"position":1},"title":"Desengordurante Alkachlor Foam Ha 22Kg","date":"Fevereiro 23, 2022","format":false,"excerpt":"Espuma de elevado poder desengordurante e higienizante de base cloro. Recomendado para limpeza em \u00e1reas de processo agro-alimentar.","rel":"","context":"Similar post","img":{"alt_text":"","src":"https:\/\/i0.wp.com\/mundo.seashell.pt\/wp-content\/uploads\/2022\/02\/PhotoRoom_20210325_092137.jpg?resize=350%2C200&ssl=1","width":350,"height":200},"classes":[]},{"id":5972,"url":"https:\/\/mundo.seashell.pt\/?product=sf-300-5kg","url_meta":{"origin":5994,"position":2},"title":"Detergente Desinfetante SF 300 5Kg","date":"Fevereiro 23, 2022","format":false,"excerpt":"Detergente Desinfetante contendo cloro para a desinfe\u00e7\u00e3o de \u00e1reas de alimentos.","rel":"","context":"Similar post","img":{"alt_text":"","src":"https:\/\/i0.wp.com\/mundo.seashell.pt\/wp-content\/uploads\/2022\/02\/sf_300.jpg?resize=350%2C200&ssl=1","width":350,"height":200},"classes":[]},{"id":5970,"url":"https:\/\/mundo.seashell.pt\/?product=cuatt-88-food-5kg","url_meta":{"origin":5994,"position":3},"title":"Detergente Desinfetante Cuat 88 Food 5Kg","date":"Fevereiro 23, 2022","format":false,"excerpt":"Desinfetante para superf\u00edcies lav\u00e1veis. Adequado para a limpeza e a desinfe\u00e7\u00e3o de superf\u00edcies que possam entrar em contacto com os alimentos.","rel":"","context":"Similar post","img":{"alt_text":"","src":"https:\/\/i0.wp.com\/mundo.seashell.pt\/wp-content\/uploads\/2022\/02\/cuat_88.jpg?resize=350%2C200&ssl=1","width":350,"height":200},"classes":[]},{"id":5933,"url":"https:\/\/mundo.seashell.pt\/?product=stark-super-lp-2l","url_meta":{"origin":5994,"position":4},"title":"Stark Super LP 2L","date":"Fevereiro 23, 2022","format":false,"excerpt":"Detergente alcalino concentrado para pavimentos e superf\u00edcies duras","rel":"","context":"Similar post","img":{"alt_text":"","src":"https:\/\/i0.wp.com\/mundo.seashell.pt\/wp-content\/uploads\/2022\/02\/goods_02_436158.jpg?resize=350%2C200&ssl=1","width":350,"height":200},"classes":[]},{"id":6267,"url":"https:\/\/mundo.seashell.pt\/?product=sanytol-superficies-12l","url_meta":{"origin":5994,"position":5},"title":"Sanytol Superf\u00edcies 1,2l","date":"Fevereiro 23, 2022","format":false,"excerpt":"Limpador Desinfetante Pavimentos & Superf\u00edcies \u2013 Eucalipto DESCRI\u00c7\u00c3O Mantenha sua casa saud\u00e1vel com o SANYTOL limpador desinfetante para pavimentos e superf\u00edcies! Elimina a sujidade e desinfeta completamente sem esfor\u00e7o. Quando dilu\u00eddo, \u00e9 ideal para a limpeza de pavimentos e \u00e1reas grandes, como portas ou ladrilhos. Em...","rel":"","context":"Similar post","img":{"alt_text":"","src":"https:\/\/i0.wp.com\/mundo.seashell.pt\/wp-content\/uploads\/2022\/02\/SANYTOL_DESINFECTANTE_PAVIMENTOS_E_SUPERFI_CIES_1_2l_8411135670198.png?resize=350%2C200&ssl=1","width":350,"height":200},"classes":[]}],"_links":{"self":[{"href":"https:\/\/mundo.seashell.pt\/index.php?rest_route=\/wp\/v2\/product\/5994","targetHints":{"allow":["GET"]}}],"collection":[{"href":"https:\/\/mundo.seashell.pt\/index.php?rest_route=\/wp\/v2\/product"}],"about":[{"href":"https:\/\/mundo.seashell.pt\/index.php?rest_route=\/wp\/v2\/types\/product"}],"wp:featuredmedia":[{"embeddable":true,"href":"https:\/\/mundo.seashell.pt\/index.php?rest_route=\/wp\/v2\/media\/5995"}],"wp:attachment":[{"href":"https:\/\/mundo.seashell.pt\/index.php?rest_route=%2Fwp%2Fv2%2Fmedia&parent=5994"}],"wp:term":[{"taxonomy":"product_cat","embeddable":true,"href":"https:\/\/mundo.seashell.pt\/index.php?rest_route=%2Fwp%2Fv2%2Fproduct_cat&post=5994"},{"taxonomy":"product_tag","embeddable":true,"href":"https:\/\/mundo.seashell.pt\/index.php?rest_route=%2Fwp%2Fv2%2Fproduct_tag&post=5994"}],"curies":[{"name":"wp","href":"https:\/\/api.w.org\/{rel}","templated":true}]}}