{"id":5992,"date":"2022-02-23T11:46:19","date_gmt":"2022-02-23T11:46:19","guid":{"rendered":"https:\/\/mundo.seashell.pt\/?post_type=product&#038;p=5992"},"modified":"2022-02-23T11:46:22","modified_gmt":"2022-02-23T11:46:22","slug":"ondasan-easy-750ml","status":"publish","type":"product","link":"https:\/\/mundo.seashell.pt\/?product=ondasan-easy-750ml","title":{"rendered":"Detergente Higienizante Ondasan Easy"},"content":{"rendered":"<h2>Detergente desodorizante ultra-concentrado<\/h2>\n<ul>\n<li>Em dosagem f\u00e1cil<\/li>\n<li>Limpa libertando um agrad\u00e1vel aroma bals\u00e2mico<\/li>\n<li>Efeito desodorizante prolongado<\/li>\n<\/ul>\n<h4><\/h4>\n<h4>Descri\u00e7\u00e3o<\/h4>\n<p>Detergente com efeito desodorizante para todas as superf\u00edcies lav\u00e1veis e para a manuten\u00e7\u00e3o de todos os tipos de pavimento, inclusivamente protegidos. Em conformidade com a norma EN 1040. Sistema EASY DOSE.<\/p>\n<h4><\/h4>\n<h4>Dilui\u00e7\u00e3o<\/h4>\n<p>0,3% (30 ml em 10 L de \u00e1gua).<\/p>\n<h4><\/h4>\n<h4>Como usar<\/h4>\n<p>Formato 750 ml: Dilua o produto em \u00e1gua com sistema EASY DOSE (encha o medidor, pressionando o frasco, e verta a dose em 8-10 l de \u00e1gua).&nbsp;<\/p>\n<p>Formato 5 kg: dilua o produto em \u00e1gua com uma bomba doseadora para tanque (cada dose \u00e9 a quantidade \u00f3tima para 8-10 l de \u00e1gua) ou com sistema Venturi. Aplique a solu\u00e7\u00e3o na superf\u00edcie; deixe atuar e secar.<\/p>\n","protected":false},"excerpt":{"rendered":"<p>Detergente com efeito desodorizante para todas as superf\u00edcies lav\u00e1veis e para a manuten\u00e7\u00e3o de todos os tipos de pavimento, inclusivamente protegido.<\/p>\n","protected":false},"featured_media":5993,"template":"","meta":{"spay_email":""},"product_cat":[15],"product_tag":[],"class_list":{"0":"post-5992","1":"product","2":"type-product","3":"status-publish","4":"has-post-thumbnail","6":"product_cat-sem-categoria","8":"first","9":"instock","10":"taxable","11":"shipping-taxable","12":"purchasable","13":"product-type-simple"},"acf":[],"jetpack-related-posts":[{"id":5966,"url":"https:\/\/mundo.seashell.pt\/?product=cleansan-10lt","url_meta":{"origin":5992,"position":0},"title":"Detergente Cleansan 10Lt","date":"Fevereiro 23, 2022","format":false,"excerpt":"Detergente ultra-concentrado com efeito desodorizante para todas as superf\u00edcies lav\u00e1veis e para a manuten\u00e7\u00e3o de todos os tipos de pavimento.","rel":"","context":"Similar post","img":{"alt_text":"","src":"https:\/\/i0.wp.com\/mundo.seashell.pt\/wp-content\/uploads\/2022\/02\/clean_san.jpg?resize=350%2C200&ssl=1","width":350,"height":200},"classes":[]},{"id":5996,"url":"https:\/\/mundo.seashell.pt\/?product=onda-lime-5kg","url_meta":{"origin":5992,"position":1},"title":"Detergente Higienizante Onda Lime 5kg","date":"Fevereiro 23, 2022","format":false,"excerpt":"Detergente higienizante com efeito desodorizante para todas as superf\u00edcies lav\u00e1veis e para a manuten\u00e7\u00e3o de todos os tipos de pavimento.","rel":"","context":"Similar post","img":{"alt_text":"","src":"https:\/\/i0.wp.com\/mundo.seashell.pt\/wp-content\/uploads\/2022\/02\/onda_lime.jpg?resize=350%2C200&ssl=1","width":350,"height":200},"classes":[]},{"id":5998,"url":"https:\/\/mundo.seashell.pt\/?product=onda-flor-5kg","url_meta":{"origin":5992,"position":2},"title":"Detergente Desinfetante Onda Flor 5kg","date":"Fevereiro 23, 2022","format":false,"excerpt":"Detergente desinfetante com efeito desodorizante para todas as superf\u00edcies lav\u00e1veis e para a manuten\u00e7\u00e3o de todos os tipos de pavimento.","rel":"","context":"Similar post","img":{"alt_text":"","src":"https:\/\/i0.wp.com\/mundo.seashell.pt\/wp-content\/uploads\/2022\/02\/onda_flor.jpg?resize=350%2C200&ssl=1","width":350,"height":200},"classes":[]},{"id":5968,"url":"https:\/\/mundo.seashell.pt\/?product=ambience-spring-1lt","url_meta":{"origin":5992,"position":3},"title":"Detergente Desodorizante Ambience","date":"Fevereiro 23, 2022","format":false,"excerpt":"Detergente para todas as superf\u00edcies lav\u00e1veis com efeito desodorizante \"long lasting.","rel":"","context":"Similar post","img":{"alt_text":"","src":"https:\/\/i0.wp.com\/mundo.seashell.pt\/wp-content\/uploads\/2022\/02\/pom_ambience_autumn.jpg?resize=350%2C200&ssl=1","width":350,"height":200},"classes":[]},{"id":5990,"url":"https:\/\/mundo.seashell.pt\/?product=onda-sanify-1lt","url_meta":{"origin":5992,"position":4},"title":"Detergente Desinfetante Onda Sanify","date":"Fevereiro 23, 2022","format":false,"excerpt":"Detergente Desinfetante, desodorizante perfumado","rel":"","context":"Similar post","img":{"alt_text":"","src":"https:\/\/i0.wp.com\/mundo.seashell.pt\/wp-content\/uploads\/2022\/02\/onda.jpg?resize=350%2C200&ssl=1","width":350,"height":200},"classes":[]},{"id":6069,"url":"https:\/\/mundo.seashell.pt\/?product=diamond-easy-750ml","url_meta":{"origin":5992,"position":5},"title":"Detergente Natural Diamond Easy","date":"Fevereiro 23, 2022","format":false,"excerpt":"Detergente multiusos super concentrado para a limpeza di\u00e1ria do mobili\u00e1rio. Indicado para vidros, espelhos, superf\u00edcies lav\u00e1veis, etc","rel":"","context":"Similar post","img":{"alt_text":"","src":"https:\/\/i0.wp.com\/mundo.seashell.pt\/wp-content\/uploads\/2022\/02\/diamond_easy.jpg?resize=350%2C200&ssl=1","width":350,"height":200},"classes":[]}],"_links":{"self":[{"href":"https:\/\/mundo.seashell.pt\/index.php?rest_route=\/wp\/v2\/product\/5992","targetHints":{"allow":["GET"]}}],"collection":[{"href":"https:\/\/mundo.seashell.pt\/index.php?rest_route=\/wp\/v2\/product"}],"about":[{"href":"https:\/\/mundo.seashell.pt\/index.php?rest_route=\/wp\/v2\/types\/product"}],"wp:featuredmedia":[{"embeddable":true,"href":"https:\/\/mundo.seashell.pt\/index.php?rest_route=\/wp\/v2\/media\/5993"}],"wp:attachment":[{"href":"https:\/\/mundo.seashell.pt\/index.php?rest_route=%2Fwp%2Fv2%2Fmedia&parent=5992"}],"wp:term":[{"taxonomy":"product_cat","embeddable":true,"href":"https:\/\/mundo.seashell.pt\/index.php?rest_route=%2Fwp%2Fv2%2Fproduct_cat&post=5992"},{"taxonomy":"product_tag","embeddable":true,"href":"https:\/\/mundo.seashell.pt\/index.php?rest_route=%2Fwp%2Fv2%2Fproduct_tag&post=5992"}],"curies":[{"name":"wp","href":"https:\/\/api.w.org\/{rel}","templated":true}]}}