{"id":5988,"date":"2022-02-23T11:46:12","date_gmt":"2022-02-23T11:46:12","guid":{"rendered":"https:\/\/mundo.seashell.pt\/?post_type=product&#038;p=5988"},"modified":"2022-02-23T11:46:15","modified_gmt":"2022-02-23T11:46:15","slug":"stripp-83-5kg","status":"publish","type":"product","link":"https:\/\/mundo.seashell.pt\/?product=stripp-83-5kg","title":{"rendered":"Decapante Stripp 83 5Kg"},"content":{"rendered":"<h2>Decapante &#8211; detergente super-r\u00e1pido<\/h2>\n<ul>\n<li>Extremamente ativo<\/li>\n<li>Atua em poucos minutos<\/li>\n<\/ul>\n<h4><\/h4>\n<h4>Descri\u00e7\u00e3o<\/h4>\n<p>Detergente decapante super-r\u00e1pido para a remo\u00e7\u00e3o de camadas de cera acr\u00edlica metalizada. Requer enxaguamento.<\/p>\n<h4><\/h4>\n<h4>Dilui\u00e7\u00e3o<\/h4>\n<p>10% (1 L em 10 L de \u00e1gua)<\/p>\n<h4><\/h4>\n<h4>Como usar<\/h4>\n<p>Dilua o produto, segundo as concentra\u00e7\u00f5es indicadas, no tanque auto lavadora ou num balde . Aplique diretamente a solu\u00e7\u00e3o no pavimento com aux\u00edlio de uma esfregona ou com a auto lavadora e trabalhe com disco abrasivo verde ou preto (em fun\u00e7\u00e3o do pavimento). Aspire cuidadosamente com aspiradores de l\u00edquidos e deixe secar. Enxague de novo com auto lavadora e aspirador de l\u00edquidos.<\/p>\n","protected":false},"excerpt":{"rendered":"<p>Detergente decapante super-r\u00e1pido para a remo\u00e7\u00e3o de camadas de cera acr\u00edlica metalizada. Requer enxaguamento.<\/p>\n","protected":false},"featured_media":5989,"template":"","meta":{"spay_email":""},"product_cat":[15],"product_tag":[],"class_list":{"0":"post-5988","1":"product","2":"type-product","3":"status-publish","4":"has-post-thumbnail","6":"product_cat-sem-categoria","8":"first","9":"instock","10":"taxable","11":"shipping-taxable","12":"purchasable","13":"product-type-simple"},"acf":[],"jetpack-related-posts":[{"id":5986,"url":"https:\/\/mundo.seashell.pt\/?product=straik-nr-5kg","url_meta":{"origin":5988,"position":0},"title":"Decapante Straik N.R. 5Kg","date":"Fevereiro 23, 2022","format":false,"excerpt":"Decapante sem enxaguamento com um elevado poder solubilizante para uma r\u00e1pida remo\u00e7\u00e3o das camadas de cera acr\u00edlica metalizada.","rel":"","context":"Similar post","img":{"alt_text":"","src":"https:\/\/i0.wp.com\/mundo.seashell.pt\/wp-content\/uploads\/2022\/02\/straik_n.r..jpg?resize=350%2C200&ssl=1","width":350,"height":200},"classes":[]},{"id":5984,"url":"https:\/\/mundo.seashell.pt\/?product=linostripp-5lt","url_meta":{"origin":5988,"position":1},"title":"Decapante Linostripp 5Lt","date":"Fevereiro 23, 2022","format":false,"excerpt":"Decapante espec\u00edfico para lin\u00f3leo com um alto conte\u00fado de solventes hidrossol\u00favel para a remo\u00e7\u00e3o das camadas de cera acr\u00edlica metalizada.","rel":"","context":"Similar post","img":{"alt_text":"","src":"https:\/\/i0.wp.com\/mundo.seashell.pt\/wp-content\/uploads\/2022\/02\/linostripp.jpg?resize=350%2C200&ssl=1","width":350,"height":200},"classes":[]},{"id":5958,"url":"https:\/\/mundo.seashell.pt\/?product=fresco-5kg","url_meta":{"origin":5988,"position":2},"title":"Detergente Fresco 5Kg","date":"Fevereiro 23, 2022","format":false,"excerpt":"Detergente neutro concentrado apropriado para a manuten\u00e7\u00e3o de todos os tipos de pavimento tratados com cera acr\u00edlicas","rel":"","context":"Similar post","img":{"alt_text":"","src":"https:\/\/i0.wp.com\/mundo.seashell.pt\/wp-content\/uploads\/2022\/02\/PhotoRoom_20210325_092130.jpg?resize=350%2C200&ssl=1","width":350,"height":200},"classes":[]},{"id":5956,"url":"https:\/\/mundo.seashell.pt\/?product=azzurro-5kg","url_meta":{"origin":5988,"position":3},"title":"Detergente Antiderrapante Azzurro 5Kg","date":"Fevereiro 23, 2022","format":false,"excerpt":"Detergente neutro concentrado apropriado para a manuten\u00e7\u00e3o de todos os tipos de pavimento protegidos com cera","rel":"","context":"Similar post","img":{"alt_text":"","src":"https:\/\/i0.wp.com\/mundo.seashell.pt\/wp-content\/uploads\/2022\/02\/azzurro.jpg?resize=350%2C200&ssl=1","width":350,"height":200},"classes":[]},{"id":6010,"url":"https:\/\/mundo.seashell.pt\/?product=singular-5kg","url_meta":{"origin":5988,"position":4},"title":"Lava e Encera Singular 5Kg","date":"Fevereiro 23, 2022","format":false,"excerpt":"Produto formulado com uma combina\u00e7\u00e3o de emuls\u00f5es polim\u00e9ricas e de detergentes para o tratamento de pavimentos sint\u00e9ticos e minerais, tais como m\u00e1rmore, marmorite e granito. \u00d3timo para a manuten\u00e7\u00e3o como lava-encera.","rel":"","context":"Similar post","img":{"alt_text":"","src":"https:\/\/i0.wp.com\/mundo.seashell.pt\/wp-content\/uploads\/2022\/02\/singular.jpg?resize=350%2C200&ssl=1","width":350,"height":200},"classes":[]},{"id":5915,"url":"https:\/\/mundo.seashell.pt\/?product=pb-28-5kg","url_meta":{"origin":5988,"position":5},"title":"Cera PB 28 5Kg","date":"Fevereiro 23, 2022","format":false,"excerpt":"Cera de prote\u00e7\u00e3o para pavimentos.","rel":"","context":"Similar post","img":{"alt_text":"","src":"https:\/\/i0.wp.com\/mundo.seashell.pt\/wp-content\/uploads\/2022\/02\/pb_28.jpg?resize=350%2C200&ssl=1","width":350,"height":200},"classes":[]}],"_links":{"self":[{"href":"https:\/\/mundo.seashell.pt\/index.php?rest_route=\/wp\/v2\/product\/5988","targetHints":{"allow":["GET"]}}],"collection":[{"href":"https:\/\/mundo.seashell.pt\/index.php?rest_route=\/wp\/v2\/product"}],"about":[{"href":"https:\/\/mundo.seashell.pt\/index.php?rest_route=\/wp\/v2\/types\/product"}],"wp:featuredmedia":[{"embeddable":true,"href":"https:\/\/mundo.seashell.pt\/index.php?rest_route=\/wp\/v2\/media\/5989"}],"wp:attachment":[{"href":"https:\/\/mundo.seashell.pt\/index.php?rest_route=%2Fwp%2Fv2%2Fmedia&parent=5988"}],"wp:term":[{"taxonomy":"product_cat","embeddable":true,"href":"https:\/\/mundo.seashell.pt\/index.php?rest_route=%2Fwp%2Fv2%2Fproduct_cat&post=5988"},{"taxonomy":"product_tag","embeddable":true,"href":"https:\/\/mundo.seashell.pt\/index.php?rest_route=%2Fwp%2Fv2%2Fproduct_tag&post=5988"}],"curies":[{"name":"wp","href":"https:\/\/api.w.org\/{rel}","templated":true}]}}