{"id":5982,"date":"2022-02-23T11:46:04","date_gmt":"2022-02-23T11:46:04","guid":{"rendered":"https:\/\/mundo.seashell.pt\/?post_type=product&#038;p=5982"},"modified":"2022-02-23T11:46:08","modified_gmt":"2022-02-23T11:46:08","slug":"solim-decap-n-5kg","status":"publish","type":"product","link":"https:\/\/mundo.seashell.pt\/?product=solim-decap-n-5kg","title":{"rendered":"Solim Decap N 5Kg"},"content":{"rendered":"<p>Decapante para ceras acri\u0301licas\n<\/p>\n<p><strong><br \/><\/strong><\/p>\n<p><strong>PROPRIEDADES<br \/>\n<\/strong><\/p>\n<p>Li\u0301quido de cor verde.<br \/>\nPossui boas propriedades de limpeza e efeito antiesta\u0301tico.<br \/>\nDeixa as superfi\u0301cies brilhantes durante muito tempo.<br \/>\nSeca rapidamente.\n<\/p>\n<p><strong><br \/><\/strong><\/p>\n<p><strong>CONDIC\u0327O\u0303ES DE UTILIZAC\u0327A\u0303O<br \/>\n<\/strong><\/p>\n<p>Aplicar o produto em puro manualmente ou com ma\u0301quina.<br \/>\nNo caso de camadas leves de cera podera\u0301 diluir o <strong>Solim D<\/strong><strong>ECAP <\/strong><strong>N <\/strong>a 1:1.<br \/>\nEm utilizac\u0327o\u0303es com ma\u0301quina devera\u0301 utilizar antiespuma.\n<\/p>\n<p><strong><br \/><\/strong><\/p>\n<p><strong>CARACTERISTICAS FISICO QUI\u0301MICAS<br \/>\n<\/strong><\/p>\n<p>Aspecto: Produto Li\u0301quido<br \/>\nCor: verde claro<br \/>\npH 14<br \/>\nBiodegrada\u0301vel, conforme regulamento (CE) No 648\/2004 Anexo II e III<\/p>\n","protected":false},"excerpt":{"rendered":"<p>Decapante para ceras acri\u0301licas. Li\u0301quido de cor verde. Possui boas propriedades de limpeza e efeito antiesta\u0301tico. Deixa as superfi\u0301cies brilhantes durante muito tempo. Seca rapidamente.<\/p>\n","protected":false},"featured_media":5983,"template":"","meta":{"spay_email":""},"product_cat":[15],"product_tag":[],"class_list":{"0":"post-5982","1":"product","2":"type-product","3":"status-publish","4":"has-post-thumbnail","6":"product_cat-sem-categoria","8":"first","9":"instock","10":"taxable","11":"shipping-taxable","12":"purchasable","13":"product-type-simple"},"acf":[],"jetpack-related-posts":[{"id":5908,"url":"https:\/\/mundo.seashell.pt\/?product=solim-cera-05-5l","url_meta":{"origin":5982,"position":0},"title":"Solim Cera 05 &#8211; 5L","date":"Fevereiro 23, 2022","format":false,"excerpt":"Solim Cera 05 - Cera acr\u00edlica com antiderrapante de aplica\u00e7\u00e3o manual ou mec\u00e2nica para pavimentos duros.","rel":"","context":"Similar post","img":{"alt_text":"","src":"","width":0,"height":0},"classes":[]},{"id":5909,"url":"https:\/\/mundo.seashell.pt\/?product=meteor-maxima-5kg","url_meta":{"origin":5982,"position":1},"title":"Cera Acr\u00edlica Meteor Maxima 5Kg","date":"Fevereiro 23, 2022","format":false,"excerpt":"Emuls\u00e3o formulada com pol\u00edmeros acr\u00edlicos e de poliuretano de modo a garantir o m\u00e1ximo brilho e resist\u00eancia ao tr\u00e1fego.","rel":"","context":"Similar post","img":{"alt_text":"","src":"https:\/\/i0.wp.com\/mundo.seashell.pt\/wp-content\/uploads\/2022\/02\/meteor_maxima.jpg?resize=350%2C200&ssl=1","width":350,"height":200},"classes":[]},{"id":5915,"url":"https:\/\/mundo.seashell.pt\/?product=pb-28-5kg","url_meta":{"origin":5982,"position":2},"title":"Cera PB 28 5Kg","date":"Fevereiro 23, 2022","format":false,"excerpt":"Cera de prote\u00e7\u00e3o para pavimentos.","rel":"","context":"Similar post","img":{"alt_text":"","src":"https:\/\/i0.wp.com\/mundo.seashell.pt\/wp-content\/uploads\/2022\/02\/pb_28.jpg?resize=350%2C200&ssl=1","width":350,"height":200},"classes":[]},{"id":5984,"url":"https:\/\/mundo.seashell.pt\/?product=linostripp-5lt","url_meta":{"origin":5982,"position":3},"title":"Decapante Linostripp 5Lt","date":"Fevereiro 23, 2022","format":false,"excerpt":"Decapante espec\u00edfico para lin\u00f3leo com um alto conte\u00fado de solventes hidrossol\u00favel para a remo\u00e7\u00e3o das camadas de cera acr\u00edlica metalizada.","rel":"","context":"Similar post","img":{"alt_text":"","src":"https:\/\/i0.wp.com\/mundo.seashell.pt\/wp-content\/uploads\/2022\/02\/linostripp.jpg?resize=350%2C200&ssl=1","width":350,"height":200},"classes":[]},{"id":5986,"url":"https:\/\/mundo.seashell.pt\/?product=straik-nr-5kg","url_meta":{"origin":5982,"position":4},"title":"Decapante Straik N.R. 5Kg","date":"Fevereiro 23, 2022","format":false,"excerpt":"Decapante sem enxaguamento com um elevado poder solubilizante para uma r\u00e1pida remo\u00e7\u00e3o das camadas de cera acr\u00edlica metalizada.","rel":"","context":"Similar post","img":{"alt_text":"","src":"https:\/\/i0.wp.com\/mundo.seashell.pt\/wp-content\/uploads\/2022\/02\/straik_n.r..jpg?resize=350%2C200&ssl=1","width":350,"height":200},"classes":[]},{"id":5388,"url":"https:\/\/mundo.seashell.pt\/?product=solux-ds","url_meta":{"origin":5982,"position":5},"title":"Desengordurante Solux DS","date":"Fevereiro 23, 2022","format":false,"excerpt":"E\u0301 um produto li\u0301quido de cor verde claro, levemente aromatizado, medianamente alcalino.Tem um forte poder detergente, que lhe confere propriedades desengordurantes difi\u0301ceis de conseguir com outros compostos.","rel":"","context":"Similar post","img":{"alt_text":"","src":"https:\/\/i0.wp.com\/mundo.seashell.pt\/wp-content\/uploads\/2022\/02\/Solux_DS_PhotoRoom_20210402_103558.jpg?resize=350%2C200&ssl=1","width":350,"height":200},"classes":[]}],"_links":{"self":[{"href":"https:\/\/mundo.seashell.pt\/index.php?rest_route=\/wp\/v2\/product\/5982","targetHints":{"allow":["GET"]}}],"collection":[{"href":"https:\/\/mundo.seashell.pt\/index.php?rest_route=\/wp\/v2\/product"}],"about":[{"href":"https:\/\/mundo.seashell.pt\/index.php?rest_route=\/wp\/v2\/types\/product"}],"wp:featuredmedia":[{"embeddable":true,"href":"https:\/\/mundo.seashell.pt\/index.php?rest_route=\/wp\/v2\/media\/5983"}],"wp:attachment":[{"href":"https:\/\/mundo.seashell.pt\/index.php?rest_route=%2Fwp%2Fv2%2Fmedia&parent=5982"}],"wp:term":[{"taxonomy":"product_cat","embeddable":true,"href":"https:\/\/mundo.seashell.pt\/index.php?rest_route=%2Fwp%2Fv2%2Fproduct_cat&post=5982"},{"taxonomy":"product_tag","embeddable":true,"href":"https:\/\/mundo.seashell.pt\/index.php?rest_route=%2Fwp%2Fv2%2Fproduct_tag&post=5982"}],"curies":[{"name":"wp","href":"https:\/\/api.w.org\/{rel}","templated":true}]}}