{"id":5978,"date":"2022-02-23T11:45:57","date_gmt":"2022-02-23T11:45:57","guid":{"rendered":"https:\/\/mundo.seashell.pt\/?post_type=product&#038;p=5978"},"modified":"2022-02-23T11:46:00","modified_gmt":"2022-02-23T11:46:00","slug":"acid-plus-24-kg","status":"publish","type":"product","link":"https:\/\/mundo.seashell.pt\/?product=acid-plus-24-kg","title":{"rendered":"Detergente Acid Plus 24 Kg"},"content":{"rendered":"<h2>Detergente desincrustante \u00e1cido<\/h2>\n<ul>\n<li>Mistura fosfo-n\u00edtrica de alta efic\u00e1cia<\/li>\n<li>Tamb\u00e9m adequado para o uso em CIP (Cleaning in Place)<\/li>\n<li>Para ind\u00fastria agroalimentar. Adequado ao uso HACCP<\/li>\n<\/ul>\n<h4><\/h4>\n<h4>Descri\u00e7\u00e3o<\/h4>\n<p>Detergente desincrustante \u00e1cido sem espuma para lavagem manual, mec\u00e2nica ou em CIP de todas as superf\u00edcies lav\u00e1veis. Adequado para as ind\u00fastrias de alimentos (HACCP)<\/p>\n<h4><\/h4>\n<h4>Dilui\u00e7\u00e3o<\/h4>\n<p>1% &#8211; 3% (da 100 ml a 300 ml em 10 L de \u00e1gua).<\/p>\n<h4><\/h4>\n<h4>Como usar<\/h4>\n<p>Diluir o produto para uso manual ou em sistemas de baixa press\u00e3o. Aplicar a solu\u00e7\u00e3o sobre a superf\u00edcie; deixar atuar e ap\u00f3s esfregar em caso de sujidade excessiva e enxaguar convenientemente.&nbsp;<\/p>\n<p>USO EM CIP: coloque o produto por meio de sistemas de dilui\u00e7\u00e3o dentro do sistema de recircula\u00e7\u00e3o e proceder \u00e0 limpeza.<\/p>\n","protected":false},"excerpt":{"rendered":"<p>Detergente desincrustante \u00e1cido sem espuma para lavagem manual, mec\u00e2nica ou em CIP de todas as superf\u00edcies lav\u00e1veis<\/p>\n","protected":false},"featured_media":5979,"template":"","meta":{"spay_email":""},"product_cat":[15],"product_tag":[],"class_list":{"0":"post-5978","1":"product","2":"type-product","3":"status-publish","4":"has-post-thumbnail","6":"product_cat-sem-categoria","8":"first","9":"instock","10":"taxable","11":"shipping-taxable","12":"purchasable","13":"product-type-simple"},"acf":[],"jetpack-related-posts":[{"id":5696,"url":"https:\/\/mundo.seashell.pt\/?product=chlordet-24kg","url_meta":{"origin":5978,"position":0},"title":"Desengordurante Higienizante Chlordet 24Kg","date":"Fevereiro 23, 2022","format":false,"excerpt":"Detergente desengordurante higienizante sem espuma com cloro ativo para lavagem manual, mec\u00e2nica o em CIP de todas as superf\u00edcies lav\u00e1veis.","rel":"","context":"Similar post","img":{"alt_text":"","src":"https:\/\/i0.wp.com\/mundo.seashell.pt\/wp-content\/uploads\/2022\/02\/chlordet.jpg?resize=350%2C200&ssl=1","width":350,"height":200},"classes":[]},{"id":6004,"url":"https:\/\/mundo.seashell.pt\/?product=agrasan-per-22kg","url_meta":{"origin":5978,"position":1},"title":"Desinfectante Agrasan Per 22Kg","date":"Fevereiro 23, 2022","format":false,"excerpt":"Detergente \u00e0 base de \u00e1cido perac\u00e9tico tamb\u00e9m adequado para a limpeza em sistemas CIP.","rel":"","context":"Similar post","img":{"alt_text":"","src":"https:\/\/i0.wp.com\/mundo.seashell.pt\/wp-content\/uploads\/2022\/02\/agrasan_per.jpg?resize=350%2C200&ssl=1","width":350,"height":200},"classes":[]},{"id":5702,"url":"https:\/\/mundo.seashell.pt\/?product=alkanet-plus-24kg","url_meta":{"origin":5978,"position":2},"title":"Desengordurante Alcalino Alkanet Plus 24Kg","date":"Fevereiro 23, 2022","format":false,"excerpt":"Detergente desengordurante fortemente alcalino, pode ser usado em sistemas CIP.","rel":"","context":"Similar post","img":{"alt_text":"","src":"https:\/\/i0.wp.com\/mundo.seashell.pt\/wp-content\/uploads\/2022\/02\/alkanet_plus.jpg?resize=350%2C200&ssl=1","width":350,"height":200},"classes":[]},{"id":6093,"url":"https:\/\/mundo.seashell.pt\/?product=descaler-plus-1lt-loica-automatica","url_meta":{"origin":5978,"position":3},"title":"Detergente Desincrustante Descaler Plus 1Lt","date":"Fevereiro 23, 2022","format":false,"excerpt":"Detergente desincrustante \u00e0 base de \u00e1cidos org\u00e2nicos de origem natural","rel":"","context":"Similar post","img":{"alt_text":"","src":"https:\/\/i0.wp.com\/mundo.seashell.pt\/wp-content\/uploads\/2022\/02\/descaler_plus.jpg?resize=350%2C200&ssl=1","width":350,"height":200},"classes":[]},{"id":6105,"url":"https:\/\/mundo.seashell.pt\/?product=sf200-5kg","url_meta":{"origin":5978,"position":4},"title":"Detergente desincrustante S.F.200 5Kg","date":"Fevereiro 23, 2022","format":false,"excerpt":"Detergente \u00e1cido espec\u00edfico para a remo\u00e7\u00e3o de incrusta\u00e7\u00f5es calc\u00e1rias das superf\u00edcies","rel":"","context":"Similar post","img":{"alt_text":"","src":"https:\/\/i0.wp.com\/mundo.seashell.pt\/wp-content\/uploads\/2022\/02\/s.f.200.jpg?resize=350%2C200&ssl=1","width":350,"height":200},"classes":[]},{"id":5980,"url":"https:\/\/mundo.seashell.pt\/?product=acid-power-5-kg","url_meta":{"origin":5978,"position":5},"title":"Desincrustante Acid Power 5 Kg","date":"Fevereiro 23, 2022","format":false,"excerpt":"Detergente \u00e1cido superativo para a remo\u00e7\u00e3o de incrusta\u00e7\u00f5es calc\u00e1rias, cimento, res\u00edduos de alvaiade, efloresc\u00eancias salinas e ferrugem de superf\u00edcies resistentes aos \u00e1cidos.","rel":"","context":"Similar post","img":{"alt_text":"","src":"https:\/\/i0.wp.com\/mundo.seashell.pt\/wp-content\/uploads\/2022\/02\/acid_power.jpg?resize=350%2C200&ssl=1","width":350,"height":200},"classes":[]}],"_links":{"self":[{"href":"https:\/\/mundo.seashell.pt\/index.php?rest_route=\/wp\/v2\/product\/5978","targetHints":{"allow":["GET"]}}],"collection":[{"href":"https:\/\/mundo.seashell.pt\/index.php?rest_route=\/wp\/v2\/product"}],"about":[{"href":"https:\/\/mundo.seashell.pt\/index.php?rest_route=\/wp\/v2\/types\/product"}],"wp:featuredmedia":[{"embeddable":true,"href":"https:\/\/mundo.seashell.pt\/index.php?rest_route=\/wp\/v2\/media\/5979"}],"wp:attachment":[{"href":"https:\/\/mundo.seashell.pt\/index.php?rest_route=%2Fwp%2Fv2%2Fmedia&parent=5978"}],"wp:term":[{"taxonomy":"product_cat","embeddable":true,"href":"https:\/\/mundo.seashell.pt\/index.php?rest_route=%2Fwp%2Fv2%2Fproduct_cat&post=5978"},{"taxonomy":"product_tag","embeddable":true,"href":"https:\/\/mundo.seashell.pt\/index.php?rest_route=%2Fwp%2Fv2%2Fproduct_tag&post=5978"}],"curies":[{"name":"wp","href":"https:\/\/api.w.org\/{rel}","templated":true}]}}