{"id":5976,"date":"2022-02-23T11:45:55","date_gmt":"2022-02-23T11:45:55","guid":{"rendered":"https:\/\/mundo.seashell.pt\/?post_type=product&#038;p=5976"},"modified":"2022-02-23T11:45:57","modified_gmt":"2022-02-23T11:45:57","slug":"alka-7000-5kg","status":"publish","type":"product","link":"https:\/\/mundo.seashell.pt\/?product=alka-7000-5kg","title":{"rendered":"Detergente Alcalino Alka 7000"},"content":{"rendered":"<h2>Detergente alcalino desengordurante<\/h2>\n<ul>\n<li>Alto poder solvente e removedor da sujidade<\/li>\n<li>N\u00e3o afeta pintura, PVC, borracha e cimento<\/li>\n<li>Perfume de pinho<\/li>\n<\/ul>\n<h4><\/h4>\n<h4>Descri\u00e7\u00e3o<\/h4>\n<p>Alto poder solvente. N\u00e3o afeta pintura, PVC, borracha e cimento. Perfume de pinho.<\/p>\n<h4><\/h4>\n<h4>Dilui\u00e7\u00e3o<\/h4>\n<p>A partir de 1% (sujidade leve) a 3% (sujidade dif\u00edcil).<\/p>\n<h4><\/h4>\n<h4>Como usar<\/h4>\n<p>\u00c9 poss\u00edvel utilizar manualmente, com auto lavadora e com uma m\u00e1quina de alta press\u00e3o.<\/p>\n","protected":false},"excerpt":{"rendered":"<p>Detergente alcalino desengordurante<\/p>\n","protected":false},"featured_media":5977,"template":"","meta":{"spay_email":""},"product_cat":[15],"product_tag":[],"class_list":{"0":"post-5976","1":"product","2":"type-product","3":"status-publish","4":"has-post-thumbnail","6":"product_cat-sem-categoria","8":"first","9":"instock","10":"taxable","11":"shipping-taxable","12":"purchasable","13":"product-type-simple"},"acf":[],"jetpack-related-posts":[{"id":5682,"url":"https:\/\/mundo.seashell.pt\/?product=sf110-5kg","url_meta":{"origin":5976,"position":0},"title":"Desengordurante &#8211; S.F. 110 5Kg","date":"Fevereiro 23, 2022","format":false,"excerpt":"Detergente altamente desengordurante isento de corantes e fragr\u00e2ncias para uso em ambiente alimentar (HACCP).","rel":"","context":"Similar post","img":{"alt_text":"","src":"https:\/\/i0.wp.com\/mundo.seashell.pt\/wp-content\/uploads\/2022\/02\/s.f._110.jpg?resize=350%2C200&ssl=1","width":350,"height":200},"classes":[]},{"id":5670,"url":"https:\/\/mundo.seashell.pt\/?product=microsolv-5lt","url_meta":{"origin":5976,"position":1},"title":"Detergente Microsolv 5Lt","date":"Fevereiro 23, 2022","format":false,"excerpt":"Micro-emuls\u00e3o desengordurante \u00e0 base de solventes naturais e alif\u00e1ticos com elevado poder de solubiliza\u00e7\u00e3o","rel":"","context":"Similar post","img":{"alt_text":"","src":"https:\/\/i0.wp.com\/mundo.seashell.pt\/wp-content\/uploads\/2022\/02\/microsolv.jpg?resize=350%2C200&ssl=1","width":350,"height":200},"classes":[]},{"id":5974,"url":"https:\/\/mundo.seashell.pt\/?product=alka-6000-20kg","url_meta":{"origin":5976,"position":2},"title":"Detergente Alcalino Alka 6000 20Kg","date":"Fevereiro 23, 2022","format":false,"excerpt":"Detergente alcalino multiusos","rel":"","context":"Similar post","img":{"alt_text":"","src":"https:\/\/i0.wp.com\/mundo.seashell.pt\/wp-content\/uploads\/2022\/02\/alka_6000.jpg?resize=350%2C200&ssl=1","width":350,"height":200},"classes":[]},{"id":5400,"url":"https:\/\/mundo.seashell.pt\/?product=alka-9000-20kg","url_meta":{"origin":5976,"position":3},"title":"Detergente Alcalino Alka 9000 20kg","date":"Fevereiro 23, 2022","format":false,"excerpt":"Detergente alcalino para a lavagem qu\u00edmica de carro\u00e7arias, motores, lonas e superf\u00edcies duras em geral. N\u00e3o corr\u00f3i os componentes em borracha e cromagens. Especialmente apropriado para o uso com lavadoras de alta press\u00e3o e auto lavadora.","rel":"","context":"Similar post","img":{"alt_text":"","src":"https:\/\/i0.wp.com\/mundo.seashell.pt\/wp-content\/uploads\/2022\/02\/alka_9000.jpg?resize=350%2C200&ssl=1","width":350,"height":200},"classes":[]},{"id":5665,"url":"https:\/\/mundo.seashell.pt\/?product=stark-des-super-2l","url_meta":{"origin":5976,"position":4},"title":"Desengordurante Concentrado &#8211; Stark Des Super 2L","date":"Fevereiro 23, 2022","format":false,"excerpt":"Detergente desengordurante l\u00edquido alcalino com um excelente desempenho na remo\u00e7\u00e3o de gorduras, \u00f3leos e outro tipo de sujidades. Produto de elevada rentabilidade e economia em uso.","rel":"","context":"Similar post","img":{"alt_text":"","src":"","width":0,"height":0},"classes":[]},{"id":5882,"url":"https:\/\/mundo.seashell.pt\/?product=universal-plus-6kg-loica-automatica","url_meta":{"origin":5976,"position":5},"title":"Detergente Universal Plus &#8211; Loi\u00e7a Autom\u00e1tica","date":"Fevereiro 23, 2022","format":false,"excerpt":"Detergente alcalino em concentra\u00e7\u00e3o elevada exclusivamente concebido para a lavagem autom\u00e1tica da lou\u00e7a. Todos os tipos de \u00e1gua.","rel":"","context":"Similar post","img":{"alt_text":"","src":"https:\/\/i0.wp.com\/mundo.seashell.pt\/wp-content\/uploads\/2022\/02\/universal_plus.jpg?resize=350%2C200&ssl=1","width":350,"height":200},"classes":[]}],"_links":{"self":[{"href":"https:\/\/mundo.seashell.pt\/index.php?rest_route=\/wp\/v2\/product\/5976","targetHints":{"allow":["GET"]}}],"collection":[{"href":"https:\/\/mundo.seashell.pt\/index.php?rest_route=\/wp\/v2\/product"}],"about":[{"href":"https:\/\/mundo.seashell.pt\/index.php?rest_route=\/wp\/v2\/types\/product"}],"wp:featuredmedia":[{"embeddable":true,"href":"https:\/\/mundo.seashell.pt\/index.php?rest_route=\/wp\/v2\/media\/5977"}],"wp:attachment":[{"href":"https:\/\/mundo.seashell.pt\/index.php?rest_route=%2Fwp%2Fv2%2Fmedia&parent=5976"}],"wp:term":[{"taxonomy":"product_cat","embeddable":true,"href":"https:\/\/mundo.seashell.pt\/index.php?rest_route=%2Fwp%2Fv2%2Fproduct_cat&post=5976"},{"taxonomy":"product_tag","embeddable":true,"href":"https:\/\/mundo.seashell.pt\/index.php?rest_route=%2Fwp%2Fv2%2Fproduct_tag&post=5976"}],"curies":[{"name":"wp","href":"https:\/\/api.w.org\/{rel}","templated":true}]}}