{"id":5974,"date":"2022-02-23T11:45:52","date_gmt":"2022-02-23T11:45:52","guid":{"rendered":"https:\/\/mundo.seashell.pt\/?post_type=product&#038;p=5974"},"modified":"2022-02-23T11:45:55","modified_gmt":"2022-02-23T11:45:55","slug":"alka-6000-20kg","status":"publish","type":"product","link":"https:\/\/mundo.seashell.pt\/?product=alka-6000-20kg","title":{"rendered":"Detergente Alcalino Alka 6000 20Kg"},"content":{"rendered":"<h2>Detergente alcalino multiuso<\/h2>\n<ul>\n<li>N\u00e3o afeta a pintura<\/li>\n<li>Indicado para a limpeza de superf\u00edcies duras<\/li>\n<li>F\u00f3rmula de espuma controlada<\/li>\n<\/ul>\n<h4><\/h4>\n<h4>Descri\u00e7\u00e3o<\/h4>\n<p>N\u00e3o afeta a pintura. Particularmente indicado para o desengorduramento de superf\u00edcies.<\/p>\n<h4><\/h4>\n<h4>Dilui\u00e7\u00e3o<\/h4>\n<p>A partir de 1% (sujidade leve) a 10% (sujidade dif\u00edcil).<\/p>\n<h4><\/h4>\n<h4>Como usar<\/h4>\n<p>\u00c9 poss\u00edvel utilizar manualmente, com auto lavadora e com uma m\u00e1quina de alta press\u00e3o.<\/p>\n","protected":false},"excerpt":{"rendered":"<p>Detergente alcalino multiusos<\/p>\n","protected":false},"featured_media":5975,"template":"","meta":{"spay_email":""},"product_cat":[15],"product_tag":[],"class_list":{"0":"post-5974","1":"product","2":"type-product","3":"status-publish","4":"has-post-thumbnail","6":"product_cat-sem-categoria","8":"first","9":"instock","10":"taxable","11":"shipping-taxable","12":"purchasable","13":"product-type-simple"},"acf":[],"jetpack-related-posts":[{"id":5933,"url":"https:\/\/mundo.seashell.pt\/?product=stark-super-lp-2l","url_meta":{"origin":5974,"position":0},"title":"Stark Super LP 2L","date":"Fevereiro 23, 2022","format":false,"excerpt":"Detergente alcalino concentrado para pavimentos e superf\u00edcies duras","rel":"","context":"Similar post","img":{"alt_text":"","src":"https:\/\/i0.wp.com\/mundo.seashell.pt\/wp-content\/uploads\/2022\/02\/goods_02_436158.jpg?resize=350%2C200&ssl=1","width":350,"height":200},"classes":[]},{"id":5976,"url":"https:\/\/mundo.seashell.pt\/?product=alka-7000-5kg","url_meta":{"origin":5974,"position":1},"title":"Detergente Alcalino Alka 7000","date":"Fevereiro 23, 2022","format":false,"excerpt":"Detergente alcalino desengordurante","rel":"","context":"Similar post","img":{"alt_text":"","src":"https:\/\/i0.wp.com\/mundo.seashell.pt\/wp-content\/uploads\/2022\/02\/alka_7000.jpg?resize=350%2C200&ssl=1","width":350,"height":200},"classes":[]},{"id":5400,"url":"https:\/\/mundo.seashell.pt\/?product=alka-9000-20kg","url_meta":{"origin":5974,"position":2},"title":"Detergente Alcalino Alka 9000 20kg","date":"Fevereiro 23, 2022","format":false,"excerpt":"Detergente alcalino para a lavagem qu\u00edmica de carro\u00e7arias, motores, lonas e superf\u00edcies duras em geral. N\u00e3o corr\u00f3i os componentes em borracha e cromagens. Especialmente apropriado para o uso com lavadoras de alta press\u00e3o e auto lavadora.","rel":"","context":"Similar post","img":{"alt_text":"","src":"https:\/\/i0.wp.com\/mundo.seashell.pt\/wp-content\/uploads\/2022\/02\/alka_9000.jpg?resize=350%2C200&ssl=1","width":350,"height":200},"classes":[]},{"id":5666,"url":"https:\/\/mundo.seashell.pt\/?product=cleaner-2000-5kg","url_meta":{"origin":5974,"position":3},"title":"Detergente Alcalino &#8211; Cleaner 2000 5Kg","date":"Fevereiro 23, 2022","format":false,"excerpt":"F\u00f3rmula com concentra\u00e7\u00e3o elevada e com um grande efeito sequestrante espec\u00edfico sujidade de origem gordurosa mesmo em superf\u00edcies microporosas.","rel":"","context":"Similar post","img":{"alt_text":"","src":"https:\/\/i0.wp.com\/mundo.seashell.pt\/wp-content\/uploads\/2022\/02\/cleaner_2000.jpg?resize=350%2C200&ssl=1","width":350,"height":200},"classes":[]},{"id":5665,"url":"https:\/\/mundo.seashell.pt\/?product=stark-des-super-2l","url_meta":{"origin":5974,"position":4},"title":"Desengordurante Concentrado &#8211; Stark Des Super 2L","date":"Fevereiro 23, 2022","format":false,"excerpt":"Detergente desengordurante l\u00edquido alcalino com um excelente desempenho na remo\u00e7\u00e3o de gorduras, \u00f3leos e outro tipo de sujidades. Produto de elevada rentabilidade e economia em uso.","rel":"","context":"Similar post","img":{"alt_text":"","src":"","width":0,"height":0},"classes":[]},{"id":5790,"url":"https:\/\/mundo.seashell.pt\/?product=alka-plus-24-kg-lavandaria-automatica","url_meta":{"origin":5974,"position":5},"title":"Detergente Alcalino Alka Plus 24 Kg &#8211; Lavandaria Autom\u00e1tica","date":"Fevereiro 23, 2022","format":false,"excerpt":"Detergente alcalino para lavagem autom\u00e1tica de roupa. Para lavagem com crit\u00e9rios ambientais e para um grau de sujidade padr\u00e3o.","rel":"","context":"Similar post","img":{"alt_text":"","src":"https:\/\/i0.wp.com\/mundo.seashell.pt\/wp-content\/uploads\/2022\/02\/PhotoRoom_20210325_092134.jpg?resize=350%2C200&ssl=1","width":350,"height":200},"classes":[]}],"_links":{"self":[{"href":"https:\/\/mundo.seashell.pt\/index.php?rest_route=\/wp\/v2\/product\/5974","targetHints":{"allow":["GET"]}}],"collection":[{"href":"https:\/\/mundo.seashell.pt\/index.php?rest_route=\/wp\/v2\/product"}],"about":[{"href":"https:\/\/mundo.seashell.pt\/index.php?rest_route=\/wp\/v2\/types\/product"}],"wp:featuredmedia":[{"embeddable":true,"href":"https:\/\/mundo.seashell.pt\/index.php?rest_route=\/wp\/v2\/media\/5975"}],"wp:attachment":[{"href":"https:\/\/mundo.seashell.pt\/index.php?rest_route=%2Fwp%2Fv2%2Fmedia&parent=5974"}],"wp:term":[{"taxonomy":"product_cat","embeddable":true,"href":"https:\/\/mundo.seashell.pt\/index.php?rest_route=%2Fwp%2Fv2%2Fproduct_cat&post=5974"},{"taxonomy":"product_tag","embeddable":true,"href":"https:\/\/mundo.seashell.pt\/index.php?rest_route=%2Fwp%2Fv2%2Fproduct_tag&post=5974"}],"curies":[{"name":"wp","href":"https:\/\/api.w.org\/{rel}","templated":true}]}}