{"id":5972,"date":"2022-02-23T11:45:50","date_gmt":"2022-02-23T11:45:50","guid":{"rendered":"https:\/\/mundo.seashell.pt\/?post_type=product&#038;p=5972"},"modified":"2022-02-23T11:45:52","modified_gmt":"2022-02-23T11:45:52","slug":"sf-300-5kg","status":"publish","type":"product","link":"https:\/\/mundo.seashell.pt\/?product=sf-300-5kg","title":{"rendered":"Detergente Desinfetante SF 300 5Kg"},"content":{"rendered":"<h4>Detergente desinfetante \u00e0 base de cloro<\/h4>\n<ul>\n<li>N\u00ba registo de pesticidas: 18-20\/40-09618-HA Y 18-20\/40-09618<\/li>\n<li>Em conformidade com as <a target=\"_blank\" href=\"https:\/\/www.sutterprofessional.it\/pt\/sutterpedia#rule\" rel=\"noopener\">normas<\/a> EN: 13697, 13727, 13624, 14476<\/li>\n<li>Produto viscoso, para garantir uma maior ader\u00eancia, inclusive em superf\u00edcies verticais<\/li>\n<\/ul>\n<h4><\/h4>\n<h4>Descri\u00e7\u00e3o<\/h4>\n<p>Desinfetante detergente contendo cloro para a desinfe\u00e7\u00e3o de \u00e1reas de alimentos. SF 300 possui um excelente poder de clareamento e removedor de manchas. Para a limpeza de pisos, pias, placas, bancadas, etc. <\/p>\n<p><strong><br \/><\/strong><\/p>\n<p><strong>COMPOSI\u00c7\u00c3O QU\u00cdMICA:<\/strong> Hipoclorito S\u00f3dico (cloro) g 2,00%, Excipientes at\u00e9 g 100%. <strong>APLICA\u00c7\u00c3O E USOS AUTORIZADOS:<\/strong> Uso na ind\u00fastria alimentar. Uso ambiental. Desinfe\u00e7\u00e3o de contacto: superf\u00edcies e equipamentos. Aplica\u00e7\u00e3o por profissional. <\/p>\n<p>Em conformidade com as <a target=\"_blank\" href=\"https:\/\/www.sutterprofessional.it\/pt\/sutterpedia#rule\" rel=\"noopener\">normas<\/a> EN: 13697, 13727, 13624, 14476.<\/p>\n<p>Atende a Norma UNE-EN 13697 em condi\u00e7\u00f5es de sujidade. Atende a Norma UNE-EN 13697 em condi\u00e7\u00f5es de sujidade. Antiss\u00e9pticos e desinfetantes qu\u00edmicos. An\u00e1lise quantitativa de superf\u00edcie n\u00e3o porosa para a avalia\u00e7\u00e3o da atividade bactericida e fungicida de desinfetantes qu\u00edmicos utilizados em produtos alimentares na ind\u00fastria, em casa e na comunidade. A aplica\u00e7\u00e3o do produto na ind\u00fastria de alimentos para uso na desinfe\u00e7\u00e3o de contacto: superf\u00edcies e equipamentos, ser\u00e1 conduzida na aus\u00eancia de alimentos.<\/p>\n<h4><\/h4>\n<h4>Dilui\u00e7\u00e3o<\/h4>\n<p>Diluir SF 300 para 6% (bactericida) ou 1,5% (fungicida) e proceder com a limpeza. Para uso bactericida deixar atuar durante 5 minutos. Para uso fungicida deixar atuar durante 15 minutos. Enxaguar com \u00e1gua. Em caso de necessidade, aumentar a concentra\u00e7\u00e3o.<\/p>\n<h4><\/h4>\n<h4>Como usar<\/h4>\n<p>Antes de utilizar o produto, ler atentamente o r\u00f3tulo.<br \/>Modo de emprego desinfe\u00e7\u00e3o de contacto: superf\u00edcies e equipamentos com pano e&nbsp;&nbsp;esfregona com o produto puro ou dilu\u00eddo em \u00e1gua, respeitando o tempo de contacto. Ser\u00e3o tomadas todas as medidas necess\u00e1rias para que os alimentos, m\u00e1quinas ou utens\u00edlios que forem manipulados nas superf\u00edcies, nos locais ou instala\u00e7\u00f5es anteriormente tratadas com o produto mencionado, n\u00e3o contenham res\u00edduos de qualquer de seus componentes. Para este efeito, se dever\u00e1 lavar adequadamente com \u00e1gua pot\u00e1vel as partes tratadas antes da utiliza\u00e7\u00e3o. Evitar o contato com superf\u00edcies tratadas ou exposto. N\u00e3o misturar com outros produtos qu\u00edmicos. Incompat\u00edvel com \u00e1cidos, amoniacal, am\u00f4nia, redutores de agentes, materiais combust\u00edveis org\u00e2nicos. Um teste antes do tratamento deve ser feito para verificar a compatibilidade dos materiais ao produto. Recipientes vazios, res\u00edduos de produtos, \u00e1gua de lavagem, recipientes e outros res\u00edduos gerados durante a aplica\u00e7\u00e3o s\u00e3o considerados res\u00edduos perigosos. Entregar este res\u00edduo a um gestor de res\u00edduos perigosos licenciado, em conformidade com os regulamentos em vigor. Codifique os res\u00edduos de acordo com a decis\u00e3o 20154\/955\/UE. N\u00e3o deitar em solos n\u00e3o pavimentados, em cursos de \u00e1gua.<\/p>\n","protected":false},"excerpt":{"rendered":"<p>Detergente Desinfetante contendo cloro para a desinfe\u00e7\u00e3o de \u00e1reas de alimentos.<\/p>\n","protected":false},"featured_media":5973,"template":"","meta":{"spay_email":""},"product_cat":[15],"product_tag":[],"class_list":{"0":"post-5972","1":"product","2":"type-product","3":"status-publish","4":"has-post-thumbnail","6":"product_cat-sem-categoria","8":"first","9":"instock","10":"taxable","11":"shipping-taxable","12":"purchasable","13":"product-type-simple"},"acf":[],"jetpack-related-posts":[{"id":6006,"url":"https:\/\/mundo.seashell.pt\/?product=chlor-ha-24-kg","url_meta":{"origin":5972,"position":0},"title":"Desinfetante Clorado Chlor HA 24 Kg","date":"Fevereiro 23, 2022","format":false,"excerpt":"Desinfetante clorado formulado para ser utilizado em \u00e1reas agro-alimentares.","rel":"","context":"Similar post","img":{"alt_text":"","src":"https:\/\/i0.wp.com\/mundo.seashell.pt\/wp-content\/uploads\/2022\/02\/chlor.jpg?resize=350%2C200&ssl=1","width":350,"height":200},"classes":[]},{"id":5970,"url":"https:\/\/mundo.seashell.pt\/?product=cuatt-88-food-5kg","url_meta":{"origin":5972,"position":1},"title":"Detergente Desinfetante Cuat 88 Food 5Kg","date":"Fevereiro 23, 2022","format":false,"excerpt":"Desinfetante para superf\u00edcies lav\u00e1veis. Adequado para a limpeza e a desinfe\u00e7\u00e3o de superf\u00edcies que possam entrar em contacto com os alimentos.","rel":"","context":"Similar post","img":{"alt_text":"","src":"https:\/\/i0.wp.com\/mundo.seashell.pt\/wp-content\/uploads\/2022\/02\/cuat_88.jpg?resize=350%2C200&ssl=1","width":350,"height":200},"classes":[]},{"id":5990,"url":"https:\/\/mundo.seashell.pt\/?product=onda-sanify-1lt","url_meta":{"origin":5972,"position":2},"title":"Detergente Desinfetante Onda Sanify","date":"Fevereiro 23, 2022","format":false,"excerpt":"Detergente Desinfetante, desodorizante perfumado","rel":"","context":"Similar post","img":{"alt_text":"","src":"https:\/\/i0.wp.com\/mundo.seashell.pt\/wp-content\/uploads\/2022\/02\/onda.jpg?resize=350%2C200&ssl=1","width":350,"height":200},"classes":[]},{"id":5994,"url":"https:\/\/mundo.seashell.pt\/?product=ondaklor-5kg","url_meta":{"origin":5972,"position":3},"title":"Detergente Ondaklor 5kg","date":"Fevereiro 23, 2022","format":false,"excerpt":"ONDAKLOR \u00e9 um biocida cloroxidante de ac\u00e7\u00e3o detergente para a limpeza e a desinfec\u00e7\u00e3o de pavimentos e superf\u00edcies lav\u00e1veis.","rel":"","context":"Similar post","img":{"alt_text":"","src":"https:\/\/i0.wp.com\/mundo.seashell.pt\/wp-content\/uploads\/2022\/02\/ondaklor.jpg?resize=350%2C200&ssl=1","width":350,"height":200},"classes":[]},{"id":6000,"url":"https:\/\/mundo.seashell.pt\/?product=disinfectant-5kg","url_meta":{"origin":5972,"position":4},"title":"Detergente Desinfetante Disinfectant 5kg","date":"Fevereiro 23, 2022","format":false,"excerpt":"Detergente desinfetante de elevado poder germicida. N\u00e3o \u00e9 necess\u00e1rio enxaguar. Todo o tipo de superf\u00edcies lav\u00e1veis, tais como pavimentos, paredes, azulejos, espelhos, sanit\u00e1rios.","rel":"","context":"Similar post","img":{"alt_text":"","src":"https:\/\/i0.wp.com\/mundo.seashell.pt\/wp-content\/uploads\/2022\/02\/disinfectant.jpg?resize=350%2C200&ssl=1","width":350,"height":200},"classes":[]},{"id":5690,"url":"https:\/\/mundo.seashell.pt\/?product=alkachlor-foam-ha-22kg","url_meta":{"origin":5972,"position":5},"title":"Desengordurante Alkachlor Foam Ha 22Kg","date":"Fevereiro 23, 2022","format":false,"excerpt":"Espuma de elevado poder desengordurante e higienizante de base cloro. Recomendado para limpeza em \u00e1reas de processo agro-alimentar.","rel":"","context":"Similar post","img":{"alt_text":"","src":"https:\/\/i0.wp.com\/mundo.seashell.pt\/wp-content\/uploads\/2022\/02\/PhotoRoom_20210325_092137.jpg?resize=350%2C200&ssl=1","width":350,"height":200},"classes":[]}],"_links":{"self":[{"href":"https:\/\/mundo.seashell.pt\/index.php?rest_route=\/wp\/v2\/product\/5972","targetHints":{"allow":["GET"]}}],"collection":[{"href":"https:\/\/mundo.seashell.pt\/index.php?rest_route=\/wp\/v2\/product"}],"about":[{"href":"https:\/\/mundo.seashell.pt\/index.php?rest_route=\/wp\/v2\/types\/product"}],"wp:featuredmedia":[{"embeddable":true,"href":"https:\/\/mundo.seashell.pt\/index.php?rest_route=\/wp\/v2\/media\/5973"}],"wp:attachment":[{"href":"https:\/\/mundo.seashell.pt\/index.php?rest_route=%2Fwp%2Fv2%2Fmedia&parent=5972"}],"wp:term":[{"taxonomy":"product_cat","embeddable":true,"href":"https:\/\/mundo.seashell.pt\/index.php?rest_route=%2Fwp%2Fv2%2Fproduct_cat&post=5972"},{"taxonomy":"product_tag","embeddable":true,"href":"https:\/\/mundo.seashell.pt\/index.php?rest_route=%2Fwp%2Fv2%2Fproduct_tag&post=5972"}],"curies":[{"name":"wp","href":"https:\/\/api.w.org\/{rel}","templated":true}]}}