{"id":5970,"date":"2022-02-23T11:45:47","date_gmt":"2022-02-23T11:45:47","guid":{"rendered":"https:\/\/mundo.seashell.pt\/?post_type=product&#038;p=5970"},"modified":"2022-02-23T11:45:48","modified_gmt":"2022-02-23T11:45:48","slug":"cuatt-88-food-5kg","status":"publish","type":"product","link":"https:\/\/mundo.seashell.pt\/?product=cuatt-88-food-5kg","title":{"rendered":"Detergente Desinfetante Cuat 88 Food 5Kg"},"content":{"rendered":"<h2>Detergente desinfetante para pavimentos e superf\u00edcies lav\u00e1veis<\/h2>\n<ul>\n<li>Em conformidade com as <a target=\"_blank\" href=\"https:\/\/www.sutterprofessional.it\/pt\/sutterpedia#rule\" rel=\"noopener\">normas<\/a> EN: 1040, 1276<\/li>\n<li>Indicado para a limpeza e desinfe\u00e7\u00e3o di\u00e1ria de todas as superf\u00edcies lav\u00e1veis<\/li>\n<li>Sem cor nem perfume. Adequado para o uso HACCP<\/li>\n<\/ul>\n<h4><\/h4>\n<h4>Descri\u00e7\u00e3o<\/h4>\n<p>Desinfetante para superf\u00edcies lav\u00e1veis. Adequado para a limpeza e a desinfe\u00e7\u00e3o de superf\u00edcies que possam entrar em contacto com os alimentos.<\/p>\n<h4><\/h4>\n<h4>Dilui\u00e7\u00e3o<\/h4>\n<p>3% (300 g por 10 L de \u00e1gua).<\/p>\n<h4><\/h4>\n<h4>Como usar<\/h4>\n<p>Para os pavimentos, aplique com mopa ou pano a solu\u00e7\u00e3o CUAT 88 FOOD. Deixe atuar durante 5 minutos e, ent\u00e3o, enxague com \u00e1gua. Para outras superf\u00edcies lav\u00e1veis, como mesas de trabalho, lavabos, paredes e prateleiras, c\u00e2maras frigor\u00edficas, etc., aplicar a solu\u00e7\u00e3o com uma esponja ou com um pulverizador, deixe atuar durante 5 minutos e enxague com \u00e1gua.<\/p>\n","protected":false},"excerpt":{"rendered":"<p>Desinfetante para superf\u00edcies lav\u00e1veis. Adequado para a limpeza e a desinfe\u00e7\u00e3o de superf\u00edcies que possam entrar em contacto com os alimentos.<\/p>\n","protected":false},"featured_media":5971,"template":"","meta":{"spay_email":""},"product_cat":[15],"product_tag":[],"class_list":{"0":"post-5970","1":"product","2":"type-product","3":"status-publish","4":"has-post-thumbnail","6":"product_cat-sem-categoria","8":"first","9":"instock","10":"taxable","11":"shipping-taxable","12":"purchasable","13":"product-type-simple"},"acf":[],"jetpack-related-posts":[{"id":5990,"url":"https:\/\/mundo.seashell.pt\/?product=onda-sanify-1lt","url_meta":{"origin":5970,"position":0},"title":"Detergente Desinfetante Onda Sanify","date":"Fevereiro 23, 2022","format":false,"excerpt":"Detergente Desinfetante, desodorizante perfumado","rel":"","context":"Similar post","img":{"alt_text":"","src":"https:\/\/i0.wp.com\/mundo.seashell.pt\/wp-content\/uploads\/2022\/02\/onda.jpg?resize=350%2C200&ssl=1","width":350,"height":200},"classes":[]},{"id":5972,"url":"https:\/\/mundo.seashell.pt\/?product=sf-300-5kg","url_meta":{"origin":5970,"position":1},"title":"Detergente Desinfetante SF 300 5Kg","date":"Fevereiro 23, 2022","format":false,"excerpt":"Detergente Desinfetante contendo cloro para a desinfe\u00e7\u00e3o de \u00e1reas de alimentos.","rel":"","context":"Similar post","img":{"alt_text":"","src":"https:\/\/i0.wp.com\/mundo.seashell.pt\/wp-content\/uploads\/2022\/02\/sf_300.jpg?resize=350%2C200&ssl=1","width":350,"height":200},"classes":[]},{"id":5998,"url":"https:\/\/mundo.seashell.pt\/?product=onda-flor-5kg","url_meta":{"origin":5970,"position":2},"title":"Detergente Desinfetante Onda Flor 5kg","date":"Fevereiro 23, 2022","format":false,"excerpt":"Detergente desinfetante com efeito desodorizante para todas as superf\u00edcies lav\u00e1veis e para a manuten\u00e7\u00e3o de todos os tipos de pavimento.","rel":"","context":"Similar post","img":{"alt_text":"","src":"https:\/\/i0.wp.com\/mundo.seashell.pt\/wp-content\/uploads\/2022\/02\/onda_flor.jpg?resize=350%2C200&ssl=1","width":350,"height":200},"classes":[]},{"id":6000,"url":"https:\/\/mundo.seashell.pt\/?product=disinfectant-5kg","url_meta":{"origin":5970,"position":3},"title":"Detergente Desinfetante Disinfectant 5kg","date":"Fevereiro 23, 2022","format":false,"excerpt":"Detergente desinfetante de elevado poder germicida. N\u00e3o \u00e9 necess\u00e1rio enxaguar. Todo o tipo de superf\u00edcies lav\u00e1veis, tais como pavimentos, paredes, azulejos, espelhos, sanit\u00e1rios.","rel":"","context":"Similar post","img":{"alt_text":"","src":"https:\/\/i0.wp.com\/mundo.seashell.pt\/wp-content\/uploads\/2022\/02\/disinfectant.jpg?resize=350%2C200&ssl=1","width":350,"height":200},"classes":[]},{"id":6267,"url":"https:\/\/mundo.seashell.pt\/?product=sanytol-superficies-12l","url_meta":{"origin":5970,"position":4},"title":"Sanytol Superf\u00edcies 1,2l","date":"Fevereiro 23, 2022","format":false,"excerpt":"Limpador Desinfetante Pavimentos & Superf\u00edcies \u2013 Eucalipto DESCRI\u00c7\u00c3O Mantenha sua casa saud\u00e1vel com o SANYTOL limpador desinfetante para pavimentos e superf\u00edcies! Elimina a sujidade e desinfeta completamente sem esfor\u00e7o. Quando dilu\u00eddo, \u00e9 ideal para a limpeza de pavimentos e \u00e1reas grandes, como portas ou ladrilhos. Em...","rel":"","context":"Similar post","img":{"alt_text":"","src":"https:\/\/i0.wp.com\/mundo.seashell.pt\/wp-content\/uploads\/2022\/02\/SANYTOL_DESINFECTANTE_PAVIMENTOS_E_SUPERFI_CIES_1_2l_8411135670198.png?resize=350%2C200&ssl=1","width":350,"height":200},"classes":[]},{"id":6265,"url":"https:\/\/mundo.seashell.pt\/?product=sonasol-lava-tudo-desinfetante-11l","url_meta":{"origin":5970,"position":5},"title":"Sonasol Lava-Tudo Desinfetante 1,1l","date":"Fevereiro 23, 2022","format":false,"excerpt":"Sonasol desinfetante \u00e9 um lava tudo desinfetante multiuso, que garante m\u00e1xima limpeza e desinfe\u00e7\u00e3o sem lix\u00edvia nem amon\u00edaco. Pode ser utilizado em todas as superf\u00edcies, mesmo as mais delicadas.Benef\u00edcios: - Elimina 99,9% das bat\u00e9rias das superf\u00edcies. Conselhos de utiliza\u00e7\u00e3o: Dilua 2 tampas de produto num balde ...","rel":"","context":"Similar post","img":{"alt_text":"","src":"https:\/\/i0.wp.com\/mundo.seashell.pt\/wp-content\/uploads\/2022\/02\/SONASOL_DESINFETANTE_1L10_8410436343527.jpeg?resize=350%2C200&ssl=1","width":350,"height":200},"classes":[]}],"_links":{"self":[{"href":"https:\/\/mundo.seashell.pt\/index.php?rest_route=\/wp\/v2\/product\/5970","targetHints":{"allow":["GET"]}}],"collection":[{"href":"https:\/\/mundo.seashell.pt\/index.php?rest_route=\/wp\/v2\/product"}],"about":[{"href":"https:\/\/mundo.seashell.pt\/index.php?rest_route=\/wp\/v2\/types\/product"}],"wp:featuredmedia":[{"embeddable":true,"href":"https:\/\/mundo.seashell.pt\/index.php?rest_route=\/wp\/v2\/media\/5971"}],"wp:attachment":[{"href":"https:\/\/mundo.seashell.pt\/index.php?rest_route=%2Fwp%2Fv2%2Fmedia&parent=5970"}],"wp:term":[{"taxonomy":"product_cat","embeddable":true,"href":"https:\/\/mundo.seashell.pt\/index.php?rest_route=%2Fwp%2Fv2%2Fproduct_cat&post=5970"},{"taxonomy":"product_tag","embeddable":true,"href":"https:\/\/mundo.seashell.pt\/index.php?rest_route=%2Fwp%2Fv2%2Fproduct_tag&post=5970"}],"curies":[{"name":"wp","href":"https:\/\/api.w.org\/{rel}","templated":true}]}}