{"id":5962,"date":"2022-02-23T11:45:33","date_gmt":"2022-02-23T11:45:33","guid":{"rendered":"https:\/\/mundo.seashell.pt\/?post_type=product&#038;p=5962"},"modified":"2022-02-23T11:45:35","modified_gmt":"2022-02-23T11:45:35","slug":"parquet-clean-5kg","status":"publish","type":"product","link":"https:\/\/mundo.seashell.pt\/?product=parquet-clean-5kg","title":{"rendered":"Detergente Parquet Clean 5Kg"},"content":{"rendered":"<h2>Detergente neutro para pavimentos em parquet<\/h2>\n<ul>\n<li>Agradavelmente perfumado<\/li>\n<li>Cuida o parquet com \u00f3leo de cedro e enriquecido com pol\u00edmeros<\/li>\n<li>Utiliza\u00e7\u00e3o manual ou mec\u00e2nica. N\u00e3o produz espuma<\/li>\n<\/ul>\n<h4><\/h4>\n<h4>Descri\u00e7\u00e3o<\/h4>\n<p>Detergente neutro concentrado adequado para a manuten\u00e7\u00e3o de todos os pavimentos em parquet. Enriquecido com pol\u00edmeros e \u00f3leo de Cedro. Perfume agrad\u00e1vel e n\u00e3o necessita enxaguamento.<\/p>\n<h4><\/h4>\n<h4>Dilui\u00e7\u00e3o<\/h4>\n<p>1% &#8211; 2% (100 ml &#8211; 200 ml em 10 L de \u00e1gua).<\/p>\n<h4><\/h4>\n<h4>Como usar<\/h4>\n<p>Dilua o produto em \u00e1gua nas concentra\u00e7\u00f5es indicadas. Aplique a solu\u00e7\u00e3o na superf\u00edcie; deixe atuar e secar. Utiliz\u00e1vel tamb\u00e9m na m\u00e1quina auto lavadora.<\/p>\n","protected":false},"excerpt":{"rendered":"<p>Detergente neutro concentrado adequado para a manuten\u00e7\u00e3o de todos os pavimentos em parquet<\/p>\n","protected":false},"featured_media":5963,"template":"","meta":{"spay_email":""},"product_cat":[15],"product_tag":[],"class_list":{"0":"post-5962","1":"product","2":"type-product","3":"status-publish","4":"has-post-thumbnail","6":"product_cat-sem-categoria","8":"first","9":"instock","10":"taxable","11":"shipping-taxable","12":"purchasable","13":"product-type-simple"},"acf":[],"jetpack-related-posts":[{"id":5960,"url":"https:\/\/mundo.seashell.pt\/?product=reflesh-5kg","url_meta":{"origin":5962,"position":0},"title":"Detergente Reflesh 5Kg","date":"Fevereiro 23, 2022","format":false,"excerpt":"Detergente neutro concentrado de efeito brilhante adequado para a manuten\u00e7\u00e3o de todos os pavimentos polidos.","rel":"","context":"Similar post","img":{"alt_text":"","src":"https:\/\/i0.wp.com\/mundo.seashell.pt\/wp-content\/uploads\/2022\/02\/reflesh_1.jpg?resize=350%2C200&ssl=1","width":350,"height":200},"classes":[]},{"id":5958,"url":"https:\/\/mundo.seashell.pt\/?product=fresco-5kg","url_meta":{"origin":5962,"position":1},"title":"Detergente Fresco 5Kg","date":"Fevereiro 23, 2022","format":false,"excerpt":"Detergente neutro concentrado apropriado para a manuten\u00e7\u00e3o de todos os tipos de pavimento tratados com cera acr\u00edlicas","rel":"","context":"Similar post","img":{"alt_text":"","src":"https:\/\/i0.wp.com\/mundo.seashell.pt\/wp-content\/uploads\/2022\/02\/PhotoRoom_20210325_092130.jpg?resize=350%2C200&ssl=1","width":350,"height":200},"classes":[]},{"id":5956,"url":"https:\/\/mundo.seashell.pt\/?product=azzurro-5kg","url_meta":{"origin":5962,"position":2},"title":"Detergente Antiderrapante Azzurro 5Kg","date":"Fevereiro 23, 2022","format":false,"excerpt":"Detergente neutro concentrado apropriado para a manuten\u00e7\u00e3o de todos os tipos de pavimento protegidos com cera","rel":"","context":"Similar post","img":{"alt_text":"","src":"https:\/\/i0.wp.com\/mundo.seashell.pt\/wp-content\/uploads\/2022\/02\/azzurro.jpg?resize=350%2C200&ssl=1","width":350,"height":200},"classes":[]},{"id":5950,"url":"https:\/\/mundo.seashell.pt\/?product=gres-750ml","url_meta":{"origin":5962,"position":3},"title":"Detergente Gres","date":"Fevereiro 23, 2022","format":false,"excerpt":"Detergente concentrado polivalente para as limpezas ordin\u00e1rias e peri\u00f3dicas dos pavimentos em gr\u00e9s ou pavimentos microporosos","rel":"","context":"Similar post","img":{"alt_text":"","src":"https:\/\/i0.wp.com\/mundo.seashell.pt\/wp-content\/uploads\/2022\/02\/gres.jpg?resize=350%2C200&ssl=1","width":350,"height":200},"classes":[]},{"id":5966,"url":"https:\/\/mundo.seashell.pt\/?product=cleansan-10lt","url_meta":{"origin":5962,"position":4},"title":"Detergente Cleansan 10Lt","date":"Fevereiro 23, 2022","format":false,"excerpt":"Detergente ultra-concentrado com efeito desodorizante para todas as superf\u00edcies lav\u00e1veis e para a manuten\u00e7\u00e3o de todos os tipos de pavimento.","rel":"","context":"Similar post","img":{"alt_text":"","src":"https:\/\/i0.wp.com\/mundo.seashell.pt\/wp-content\/uploads\/2022\/02\/clean_san.jpg?resize=350%2C200&ssl=1","width":350,"height":200},"classes":[]},{"id":5992,"url":"https:\/\/mundo.seashell.pt\/?product=ondasan-easy-750ml","url_meta":{"origin":5962,"position":5},"title":"Detergente Higienizante Ondasan Easy","date":"Fevereiro 23, 2022","format":false,"excerpt":"Detergente com efeito desodorizante para todas as superf\u00edcies lav\u00e1veis e para a manuten\u00e7\u00e3o de todos os tipos de pavimento, inclusivamente protegido.","rel":"","context":"Similar post","img":{"alt_text":"","src":"https:\/\/i0.wp.com\/mundo.seashell.pt\/wp-content\/uploads\/2022\/02\/ondasan_easy.jpg?resize=350%2C200&ssl=1","width":350,"height":200},"classes":[]}],"_links":{"self":[{"href":"https:\/\/mundo.seashell.pt\/index.php?rest_route=\/wp\/v2\/product\/5962","targetHints":{"allow":["GET"]}}],"collection":[{"href":"https:\/\/mundo.seashell.pt\/index.php?rest_route=\/wp\/v2\/product"}],"about":[{"href":"https:\/\/mundo.seashell.pt\/index.php?rest_route=\/wp\/v2\/types\/product"}],"wp:featuredmedia":[{"embeddable":true,"href":"https:\/\/mundo.seashell.pt\/index.php?rest_route=\/wp\/v2\/media\/5963"}],"wp:attachment":[{"href":"https:\/\/mundo.seashell.pt\/index.php?rest_route=%2Fwp%2Fv2%2Fmedia&parent=5962"}],"wp:term":[{"taxonomy":"product_cat","embeddable":true,"href":"https:\/\/mundo.seashell.pt\/index.php?rest_route=%2Fwp%2Fv2%2Fproduct_cat&post=5962"},{"taxonomy":"product_tag","embeddable":true,"href":"https:\/\/mundo.seashell.pt\/index.php?rest_route=%2Fwp%2Fv2%2Fproduct_tag&post=5962"}],"curies":[{"name":"wp","href":"https:\/\/api.w.org\/{rel}","templated":true}]}}