{"id":5956,"date":"2022-02-23T11:45:25","date_gmt":"2022-02-23T11:45:25","guid":{"rendered":"https:\/\/mundo.seashell.pt\/?post_type=product&#038;p=5956"},"modified":"2022-02-23T11:45:28","modified_gmt":"2022-02-23T11:45:28","slug":"azzurro-5kg","status":"publish","type":"product","link":"https:\/\/mundo.seashell.pt\/?product=azzurro-5kg","title":{"rendered":"Detergente Antiderrapante Azzurro 5Kg"},"content":{"rendered":"<h2>Detergente neutro antiderrapante com res\u00edduo auto brilhante<\/h2>\n<ul>\n<li>Efeito antiderrapante testado pelos laborat\u00f3rios UL<\/li>\n<li>N\u00e3o cont\u00e9m ceras<\/li>\n<li>Apropriado para a manuten\u00e7\u00e3o das ceras acr\u00edlicas metalizadas<\/li>\n<\/ul>\n<h4><\/h4>\n<h4>Descri\u00e7\u00e3o<\/h4>\n<p>Detergente neutro concentrado apropriado para a manuten\u00e7\u00e3o de todos os tipos de pavimento protegidos com cera. N\u00e3o torna a superf\u00edcie escorregadia e n\u00e3o se acumula. Aroma agrad\u00e1vel. Registado Underwriters Laboratories Inc. como produto de alta resist\u00eancia antiderrapante.<\/p>\n<h4><\/h4>\n<h4>Dilui\u00e7\u00e3o<\/h4>\n<p>2% &#8211; 4% (200 &#8211; 400 ml em 10 L de \u00e1gua).<\/p>\n<h4><\/h4>\n<h4>Como usar<\/h4>\n<p>Dilua o produto em \u00e1gua nas concentra\u00e7\u00f5es indicadas. Aplica\u00e7\u00e3o manual: estenda a solu\u00e7\u00e3o com mopa ou franja de lavagem; recupere a solu\u00e7\u00e3o com mopa ou franja bem escorrida. Aplica\u00e7\u00e3o com m\u00e1quina lavadora: despeje a solu\u00e7\u00e3o no reservat\u00f3rio, e depois proceder com a lavagem.<\/p>\n","protected":false},"excerpt":{"rendered":"<p>Detergente neutro concentrado apropriado para a manuten\u00e7\u00e3o de todos os tipos de pavimento protegidos com cera<\/p>\n","protected":false},"featured_media":5957,"template":"","meta":{"spay_email":""},"product_cat":[15],"product_tag":[],"class_list":{"0":"post-5956","1":"product","2":"type-product","3":"status-publish","4":"has-post-thumbnail","6":"product_cat-sem-categoria","8":"first","9":"instock","10":"taxable","11":"shipping-taxable","12":"purchasable","13":"product-type-simple"},"acf":[],"jetpack-related-posts":[{"id":5958,"url":"https:\/\/mundo.seashell.pt\/?product=fresco-5kg","url_meta":{"origin":5956,"position":0},"title":"Detergente Fresco 5Kg","date":"Fevereiro 23, 2022","format":false,"excerpt":"Detergente neutro concentrado apropriado para a manuten\u00e7\u00e3o de todos os tipos de pavimento tratados com cera acr\u00edlicas","rel":"","context":"Similar post","img":{"alt_text":"","src":"https:\/\/i0.wp.com\/mundo.seashell.pt\/wp-content\/uploads\/2022\/02\/PhotoRoom_20210325_092130.jpg?resize=350%2C200&ssl=1","width":350,"height":200},"classes":[]},{"id":6010,"url":"https:\/\/mundo.seashell.pt\/?product=singular-5kg","url_meta":{"origin":5956,"position":1},"title":"Lava e Encera Singular 5Kg","date":"Fevereiro 23, 2022","format":false,"excerpt":"Produto formulado com uma combina\u00e7\u00e3o de emuls\u00f5es polim\u00e9ricas e de detergentes para o tratamento de pavimentos sint\u00e9ticos e minerais, tais como m\u00e1rmore, marmorite e granito. \u00d3timo para a manuten\u00e7\u00e3o como lava-encera.","rel":"","context":"Similar post","img":{"alt_text":"","src":"https:\/\/i0.wp.com\/mundo.seashell.pt\/wp-content\/uploads\/2022\/02\/singular.jpg?resize=350%2C200&ssl=1","width":350,"height":200},"classes":[]},{"id":5917,"url":"https:\/\/mundo.seashell.pt\/?product=unisplend-5kg","url_meta":{"origin":5956,"position":2},"title":"Cera Acr\u00edlica Unisplend 5Kg","date":"Fevereiro 23, 2022","format":false,"excerpt":"Emuls\u00e3o formulada com uma alta concentra\u00e7\u00e3o de pol\u00edmeros acr\u00edlicos, ceras e resinas.","rel":"","context":"Similar post","img":{"alt_text":"","src":"https:\/\/i0.wp.com\/mundo.seashell.pt\/wp-content\/uploads\/2022\/02\/unisplend.jpg?resize=350%2C200&ssl=1","width":350,"height":200},"classes":[]},{"id":6012,"url":"https:\/\/mundo.seashell.pt\/?product=ravviva-5kg","url_meta":{"origin":5956,"position":3},"title":"Lava e Encera Ravviva 5Kg","date":"Fevereiro 23, 2022","format":false,"excerpt":"Detergente de polimento, liberta no pavimento uma fina pel\u00edcula auto brilhante a fim de reparar a velha camada de cera ou dar uma ligeira prote\u00e7\u00e3o nos pavimentos n\u00e3o tratados.","rel":"","context":"Similar post","img":{"alt_text":"","src":"https:\/\/i0.wp.com\/mundo.seashell.pt\/wp-content\/uploads\/2022\/02\/ravviva.jpg?resize=350%2C200&ssl=1","width":350,"height":200},"classes":[]},{"id":5911,"url":"https:\/\/mundo.seashell.pt\/?product=meteor-matt-5kg","url_meta":{"origin":5956,"position":4},"title":"Cera Acr\u00edlica Meteor Matt 5Kg","date":"Fevereiro 23, 2022","format":false,"excerpt":"Emuls\u00e3o formulada com uma mistura exclusiva de pol\u00edmeros e ceras para um especial efeito acetinado.","rel":"","context":"Similar post","img":{"alt_text":"","src":"https:\/\/i0.wp.com\/mundo.seashell.pt\/wp-content\/uploads\/2022\/02\/meteor_matt.jpg?resize=350%2C200&ssl=1","width":350,"height":200},"classes":[]},{"id":6016,"url":"https:\/\/mundo.seashell.pt\/?product=rapid-uhs-5kg","url_meta":{"origin":5956,"position":5},"title":"Renovador Rapid UHS 5Kg","date":"Fevereiro 23, 2022","format":false,"excerpt":"Emuls\u00e3o polivalente que permite com apenas uma opera\u00e7\u00e3o a limpeza, repara\u00e7\u00e3o e polimento das ceras acr\u00edlicas metalizadas","rel":"","context":"Similar post","img":{"alt_text":"","src":"https:\/\/i0.wp.com\/mundo.seashell.pt\/wp-content\/uploads\/2022\/02\/rapid_uhs.jpg?resize=350%2C200&ssl=1","width":350,"height":200},"classes":[]}],"_links":{"self":[{"href":"https:\/\/mundo.seashell.pt\/index.php?rest_route=\/wp\/v2\/product\/5956","targetHints":{"allow":["GET"]}}],"collection":[{"href":"https:\/\/mundo.seashell.pt\/index.php?rest_route=\/wp\/v2\/product"}],"about":[{"href":"https:\/\/mundo.seashell.pt\/index.php?rest_route=\/wp\/v2\/types\/product"}],"wp:featuredmedia":[{"embeddable":true,"href":"https:\/\/mundo.seashell.pt\/index.php?rest_route=\/wp\/v2\/media\/5957"}],"wp:attachment":[{"href":"https:\/\/mundo.seashell.pt\/index.php?rest_route=%2Fwp%2Fv2%2Fmedia&parent=5956"}],"wp:term":[{"taxonomy":"product_cat","embeddable":true,"href":"https:\/\/mundo.seashell.pt\/index.php?rest_route=%2Fwp%2Fv2%2Fproduct_cat&post=5956"},{"taxonomy":"product_tag","embeddable":true,"href":"https:\/\/mundo.seashell.pt\/index.php?rest_route=%2Fwp%2Fv2%2Fproduct_tag&post=5956"}],"curies":[{"name":"wp","href":"https:\/\/api.w.org\/{rel}","templated":true}]}}