{"id":5954,"date":"2022-02-23T11:45:23","date_gmt":"2022-02-23T11:45:23","guid":{"rendered":"https:\/\/mundo.seashell.pt\/?post_type=product&#038;p=5954"},"modified":"2022-02-23T11:45:25","modified_gmt":"2022-02-23T11:45:25","slug":"acid-at-100-5kg","status":"publish","type":"product","link":"https:\/\/mundo.seashell.pt\/?product=acid-at-100-5kg","title":{"rendered":"Desincrustante Acid AT 100 5Kg"},"content":{"rendered":"<h2>Detergente desincrustante \u00e1cido<\/h2>\n<ul>\n<li>\u00c0 base de \u00e1cido fosf\u00f3rico<\/li>\n<li>F\u00f3rmula tamponada. N\u00e3o corr\u00f3i as superf\u00edcies e os metais<\/li>\n<li>Ideal para eliminar incrusta\u00e7\u00f5es calc\u00e1rias e minerais<\/li>\n<\/ul>\n<h4><\/h4>\n<h4>Descri\u00e7\u00e3o<\/h4>\n<p>Detergente \u00e1cido espec\u00edfico para a remo\u00e7\u00e3o de incrusta\u00e7\u00f5es calc\u00e1rias das superf\u00edcies. Apropriado para o primeiro tratamento dos pavimentos de tijolos, cimento ou pedra<\/p>\n<h4><\/h4>\n<h4>Dilui\u00e7\u00e3o<\/h4>\n<p>10% &#8211; 20% (1 L &#8211; 2 L a cada 10 L de \u00e1gua).<\/p>\n<h4><\/h4>\n<h4>Como usar<\/h4>\n<p>Diluir o produto em \u00e1gua a partir das concentra\u00e7\u00f5es indicadas. Limpar a superf\u00edcie com uma boa a\u00e7\u00e3o mec\u00e2nica (sobre os pavimentos usar m\u00e1quina rotativa ou disco abrasivo preto ou marrom). Enxague abundantemente.<\/p>\n","protected":false},"excerpt":{"rendered":"<p>Detergente \u00e1cido espec\u00edfico para a remo\u00e7\u00e3o de incrusta\u00e7\u00f5es calc\u00e1rias das superf\u00edcies<\/p>\n","protected":false},"featured_media":5955,"template":"","meta":{"spay_email":""},"product_cat":[15],"product_tag":[],"class_list":{"0":"post-5954","1":"product","2":"type-product","3":"status-publish","4":"has-post-thumbnail","6":"product_cat-sem-categoria","8":"first","9":"instock","10":"taxable","11":"shipping-taxable","12":"purchasable","13":"product-type-simple"},"acf":[],"jetpack-related-posts":[{"id":6105,"url":"https:\/\/mundo.seashell.pt\/?product=sf200-5kg","url_meta":{"origin":5954,"position":0},"title":"Detergente desincrustante S.F.200 5Kg","date":"Fevereiro 23, 2022","format":false,"excerpt":"Detergente \u00e1cido espec\u00edfico para a remo\u00e7\u00e3o de incrusta\u00e7\u00f5es calc\u00e1rias das superf\u00edcies","rel":"","context":"Similar post","img":{"alt_text":"","src":"https:\/\/i0.wp.com\/mundo.seashell.pt\/wp-content\/uploads\/2022\/02\/s.f.200.jpg?resize=350%2C200&ssl=1","width":350,"height":200},"classes":[]},{"id":5980,"url":"https:\/\/mundo.seashell.pt\/?product=acid-power-5-kg","url_meta":{"origin":5954,"position":1},"title":"Desincrustante Acid Power 5 Kg","date":"Fevereiro 23, 2022","format":false,"excerpt":"Detergente \u00e1cido superativo para a remo\u00e7\u00e3o de incrusta\u00e7\u00f5es calc\u00e1rias, cimento, res\u00edduos de alvaiade, efloresc\u00eancias salinas e ferrugem de superf\u00edcies resistentes aos \u00e1cidos.","rel":"","context":"Similar post","img":{"alt_text":"","src":"https:\/\/i0.wp.com\/mundo.seashell.pt\/wp-content\/uploads\/2022\/02\/acid_power.jpg?resize=350%2C200&ssl=1","width":350,"height":200},"classes":[]},{"id":5952,"url":"https:\/\/mundo.seashell.pt\/?product=decalc-1lt","url_meta":{"origin":5954,"position":2},"title":"Detergente Desincrustante Decalc","date":"Fevereiro 23, 2022","format":false,"excerpt":"Detergente concentrado polivalente para as limpezas ordin\u00e1rias e peri\u00f3dicas dos pavimentos em gr\u00e9s ou pavimentos microporosos","rel":"","context":"Similar post","img":{"alt_text":"","src":"https:\/\/i0.wp.com\/mundo.seashell.pt\/wp-content\/uploads\/2022\/02\/decalc.jpg?resize=350%2C200&ssl=1","width":350,"height":200},"classes":[]},{"id":6095,"url":"https:\/\/mundo.seashell.pt\/?product=edelweiss-500ml","url_meta":{"origin":5954,"position":3},"title":"Detergente Desincrustante Edelweiss","date":"Fevereiro 23, 2022","format":false,"excerpt":"Detergente desincrustante \u00e0 base de \u00e1cido c\u00edtrico f\u00e1cil de enxaguar","rel":"","context":"Similar post","img":{"alt_text":"","src":"https:\/\/i0.wp.com\/mundo.seashell.pt\/wp-content\/uploads\/2022\/02\/edelweiss.jpg?resize=350%2C200&ssl=1","width":350,"height":200},"classes":[]},{"id":5978,"url":"https:\/\/mundo.seashell.pt\/?product=acid-plus-24-kg","url_meta":{"origin":5954,"position":4},"title":"Detergente Acid Plus 24 Kg","date":"Fevereiro 23, 2022","format":false,"excerpt":"Detergente desincrustante \u00e1cido sem espuma para lavagem manual, mec\u00e2nica ou em CIP de todas as superf\u00edcies lav\u00e1veis","rel":"","context":"Similar post","img":{"alt_text":"","src":"https:\/\/i0.wp.com\/mundo.seashell.pt\/wp-content\/uploads\/2022\/02\/acidplus.jpg?resize=350%2C200&ssl=1","width":350,"height":200},"classes":[]},{"id":6093,"url":"https:\/\/mundo.seashell.pt\/?product=descaler-plus-1lt-loica-automatica","url_meta":{"origin":5954,"position":5},"title":"Detergente Desincrustante Descaler Plus 1Lt","date":"Fevereiro 23, 2022","format":false,"excerpt":"Detergente desincrustante \u00e0 base de \u00e1cidos org\u00e2nicos de origem natural","rel":"","context":"Similar post","img":{"alt_text":"","src":"https:\/\/i0.wp.com\/mundo.seashell.pt\/wp-content\/uploads\/2022\/02\/descaler_plus.jpg?resize=350%2C200&ssl=1","width":350,"height":200},"classes":[]}],"_links":{"self":[{"href":"https:\/\/mundo.seashell.pt\/index.php?rest_route=\/wp\/v2\/product\/5954","targetHints":{"allow":["GET"]}}],"collection":[{"href":"https:\/\/mundo.seashell.pt\/index.php?rest_route=\/wp\/v2\/product"}],"about":[{"href":"https:\/\/mundo.seashell.pt\/index.php?rest_route=\/wp\/v2\/types\/product"}],"wp:featuredmedia":[{"embeddable":true,"href":"https:\/\/mundo.seashell.pt\/index.php?rest_route=\/wp\/v2\/media\/5955"}],"wp:attachment":[{"href":"https:\/\/mundo.seashell.pt\/index.php?rest_route=%2Fwp%2Fv2%2Fmedia&parent=5954"}],"wp:term":[{"taxonomy":"product_cat","embeddable":true,"href":"https:\/\/mundo.seashell.pt\/index.php?rest_route=%2Fwp%2Fv2%2Fproduct_cat&post=5954"},{"taxonomy":"product_tag","embeddable":true,"href":"https:\/\/mundo.seashell.pt\/index.php?rest_route=%2Fwp%2Fv2%2Fproduct_tag&post=5954"}],"curies":[{"name":"wp","href":"https:\/\/api.w.org\/{rel}","templated":true}]}}