{"id":5950,"date":"2022-02-23T11:45:15","date_gmt":"2022-02-23T11:45:15","guid":{"rendered":"https:\/\/mundo.seashell.pt\/?post_type=product&#038;p=5950"},"modified":"2022-02-23T11:45:16","modified_gmt":"2022-02-23T11:45:16","slug":"gres-750ml","status":"publish","type":"product","link":"https:\/\/mundo.seashell.pt\/?product=gres-750ml","title":{"rendered":"Detergente Gres"},"content":{"rendered":"<h2>Detergente espec\u00edfico para a limpeza e a manuten\u00e7\u00e3o dos pavimentos em gr\u00e9s ou microporosos<\/h2>\n<ul>\n<li>\u00d3timo poder de solubiliza\u00e7\u00e3o tamb\u00e9m nos micro-poros<\/li>\n<li>Altamente desengordurante<\/li>\n<li>Para uso manual como mec\u00e2nico<\/li>\n<\/ul>\n<h4><\/h4>\n<h4>Descri\u00e7\u00e3o<\/h4>\n<p>Detergente concentrado polivalente para as limpezas ordin\u00e1rias e peri\u00f3dicas dos pavimentos em gr\u00e9s ou pavimentos microporosos. Apropriado para uso manual ou mec\u00e2nico.<\/p>\n<h4><\/h4>\n<h4>Dilui\u00e7\u00e3o<\/h4>\n<p>0,5% &#8211; 3% (50 ml &#8211; 300 ml em 10 L de \u00e1gua).<\/p>\n<h4><\/h4>\n<h4>Como usar<\/h4>\n<p>Dilua o produto em \u00e1gua nas concentra\u00e7\u00f5es indicadas. Aplique o produto, deixe atuar e depois enxague. Para as limpezas de rotina \u00e9 poss\u00edvel n\u00e3o enxaguar.<\/p>\n","protected":false},"excerpt":{"rendered":"<p>Detergente concentrado polivalente para as limpezas ordin\u00e1rias e peri\u00f3dicas dos pavimentos em gr\u00e9s ou pavimentos microporosos<\/p>\n","protected":false},"featured_media":5951,"template":"","meta":{"spay_email":""},"product_cat":[15],"product_tag":[],"class_list":{"0":"post-5950","1":"product","2":"type-product","3":"status-publish","4":"has-post-thumbnail","6":"product_cat-sem-categoria","8":"first","9":"instock","10":"taxable","11":"shipping-taxable","12":"purchasable","13":"product-type-simple"},"acf":[],"jetpack-related-posts":[{"id":5952,"url":"https:\/\/mundo.seashell.pt\/?product=decalc-1lt","url_meta":{"origin":5950,"position":0},"title":"Detergente Desincrustante Decalc","date":"Fevereiro 23, 2022","format":false,"excerpt":"Detergente concentrado polivalente para as limpezas ordin\u00e1rias e peri\u00f3dicas dos pavimentos em gr\u00e9s ou pavimentos microporosos","rel":"","context":"Similar post","img":{"alt_text":"","src":"https:\/\/i0.wp.com\/mundo.seashell.pt\/wp-content\/uploads\/2022\/02\/decalc.jpg?resize=350%2C200&ssl=1","width":350,"height":200},"classes":[]},{"id":5960,"url":"https:\/\/mundo.seashell.pt\/?product=reflesh-5kg","url_meta":{"origin":5950,"position":1},"title":"Detergente Reflesh 5Kg","date":"Fevereiro 23, 2022","format":false,"excerpt":"Detergente neutro concentrado de efeito brilhante adequado para a manuten\u00e7\u00e3o de todos os pavimentos polidos.","rel":"","context":"Similar post","img":{"alt_text":"","src":"https:\/\/i0.wp.com\/mundo.seashell.pt\/wp-content\/uploads\/2022\/02\/reflesh_1.jpg?resize=350%2C200&ssl=1","width":350,"height":200},"classes":[]},{"id":5948,"url":"https:\/\/mundo.seashell.pt\/?product=lindet-5kg","url_meta":{"origin":5950,"position":2},"title":"Detergente Lindet 5Kg","date":"Fevereiro 23, 2022","format":false,"excerpt":"Detergente \u00e0 base de sab\u00e3o natural de \u00f3leo de linha\u00e7a e de coco especificamente formulado para a limpeza e manuten\u00e7\u00e3o de superf\u00edcies de cer\u00e2mica microporosa e de madeira natural.","rel":"","context":"Similar post","img":{"alt_text":"","src":"https:\/\/i0.wp.com\/mundo.seashell.pt\/wp-content\/uploads\/2022\/02\/lindet.jpg?resize=350%2C200&ssl=1","width":350,"height":200},"classes":[]},{"id":5666,"url":"https:\/\/mundo.seashell.pt\/?product=cleaner-2000-5kg","url_meta":{"origin":5950,"position":3},"title":"Detergente Alcalino &#8211; Cleaner 2000 5Kg","date":"Fevereiro 23, 2022","format":false,"excerpt":"F\u00f3rmula com concentra\u00e7\u00e3o elevada e com um grande efeito sequestrante espec\u00edfico sujidade de origem gordurosa mesmo em superf\u00edcies microporosas.","rel":"","context":"Similar post","img":{"alt_text":"","src":"https:\/\/i0.wp.com\/mundo.seashell.pt\/wp-content\/uploads\/2022\/02\/cleaner_2000.jpg?resize=350%2C200&ssl=1","width":350,"height":200},"classes":[]},{"id":5996,"url":"https:\/\/mundo.seashell.pt\/?product=onda-lime-5kg","url_meta":{"origin":5950,"position":4},"title":"Detergente Higienizante Onda Lime 5kg","date":"Fevereiro 23, 2022","format":false,"excerpt":"Detergente higienizante com efeito desodorizante para todas as superf\u00edcies lav\u00e1veis e para a manuten\u00e7\u00e3o de todos os tipos de pavimento.","rel":"","context":"Similar post","img":{"alt_text":"","src":"https:\/\/i0.wp.com\/mundo.seashell.pt\/wp-content\/uploads\/2022\/02\/onda_lime.jpg?resize=350%2C200&ssl=1","width":350,"height":200},"classes":[]},{"id":5998,"url":"https:\/\/mundo.seashell.pt\/?product=onda-flor-5kg","url_meta":{"origin":5950,"position":5},"title":"Detergente Desinfetante Onda Flor 5kg","date":"Fevereiro 23, 2022","format":false,"excerpt":"Detergente desinfetante com efeito desodorizante para todas as superf\u00edcies lav\u00e1veis e para a manuten\u00e7\u00e3o de todos os tipos de pavimento.","rel":"","context":"Similar post","img":{"alt_text":"","src":"https:\/\/i0.wp.com\/mundo.seashell.pt\/wp-content\/uploads\/2022\/02\/onda_flor.jpg?resize=350%2C200&ssl=1","width":350,"height":200},"classes":[]}],"_links":{"self":[{"href":"https:\/\/mundo.seashell.pt\/index.php?rest_route=\/wp\/v2\/product\/5950","targetHints":{"allow":["GET"]}}],"collection":[{"href":"https:\/\/mundo.seashell.pt\/index.php?rest_route=\/wp\/v2\/product"}],"about":[{"href":"https:\/\/mundo.seashell.pt\/index.php?rest_route=\/wp\/v2\/types\/product"}],"wp:featuredmedia":[{"embeddable":true,"href":"https:\/\/mundo.seashell.pt\/index.php?rest_route=\/wp\/v2\/media\/5951"}],"wp:attachment":[{"href":"https:\/\/mundo.seashell.pt\/index.php?rest_route=%2Fwp%2Fv2%2Fmedia&parent=5950"}],"wp:term":[{"taxonomy":"product_cat","embeddable":true,"href":"https:\/\/mundo.seashell.pt\/index.php?rest_route=%2Fwp%2Fv2%2Fproduct_cat&post=5950"},{"taxonomy":"product_tag","embeddable":true,"href":"https:\/\/mundo.seashell.pt\/index.php?rest_route=%2Fwp%2Fv2%2Fproduct_tag&post=5950"}],"curies":[{"name":"wp","href":"https:\/\/api.w.org\/{rel}","templated":true}]}}