{"id":5948,"date":"2022-02-23T11:45:12","date_gmt":"2022-02-23T11:45:12","guid":{"rendered":"https:\/\/mundo.seashell.pt\/?post_type=product&#038;p=5948"},"modified":"2022-02-23T11:45:14","modified_gmt":"2022-02-23T11:45:14","slug":"lindet-5kg","status":"publish","type":"product","link":"https:\/\/mundo.seashell.pt\/?product=lindet-5kg","title":{"rendered":"Detergente Lindet 5Kg"},"content":{"rendered":"<h2>Detergente concentrado \u00e0 base de sab\u00e3o natural<\/h2>\n<ul>\n<li>Espec\u00edfico para pavimentos porosos<\/li>\n<li>D\u00e1 ao pavimento um brilho acetinado<\/li>\n<li>Sem espuma<\/li>\n<\/ul>\n<h4><\/h4>\n<h4>Descri\u00e7\u00e3o<\/h4>\n<p>Detergente \u00e0 base de sab\u00e3o natural de \u00f3leo de linha\u00e7a e de coco especificamente formulado para a limpeza e manuten\u00e7\u00e3o de superf\u00edcies de cer\u00e2mica microporosa e de madeira natural.<\/p>\n<h4><\/h4>\n<h4>Dilui\u00e7\u00e3o<\/h4>\n<p>1% &#8211; 2,5%.<\/p>\n<h4><\/h4>\n<h4>Como usar<\/h4>\n<p>Para uso manual ou com m\u00e1quina auto lavadora: Diluir a 1% para a manuten\u00e7\u00e3o di\u00e1ria; 2,5% para pavimentos de cer\u00e2mica novos onde \u00e9 necess\u00e1rio uma limpeza a fundo.<\/p>\n","protected":false},"excerpt":{"rendered":"<p>Detergente \u00e0 base de sab\u00e3o natural de \u00f3leo de linha\u00e7a e de coco especificamente formulado para a limpeza e manuten\u00e7\u00e3o de superf\u00edcies de cer\u00e2mica microporosa e de madeira natural.<\/p>\n","protected":false},"featured_media":5949,"template":"","meta":{"spay_email":""},"product_cat":[15],"product_tag":[],"class_list":{"0":"post-5948","1":"product","2":"type-product","3":"status-publish","4":"has-post-thumbnail","6":"product_cat-sem-categoria","8":"first","9":"instock","10":"taxable","11":"shipping-taxable","12":"purchasable","13":"product-type-simple"},"acf":[],"jetpack-related-posts":[{"id":5952,"url":"https:\/\/mundo.seashell.pt\/?product=decalc-1lt","url_meta":{"origin":5948,"position":0},"title":"Detergente Desincrustante Decalc","date":"Fevereiro 23, 2022","format":false,"excerpt":"Detergente concentrado polivalente para as limpezas ordin\u00e1rias e peri\u00f3dicas dos pavimentos em gr\u00e9s ou pavimentos microporosos","rel":"","context":"Similar post","img":{"alt_text":"","src":"https:\/\/i0.wp.com\/mundo.seashell.pt\/wp-content\/uploads\/2022\/02\/decalc.jpg?resize=350%2C200&ssl=1","width":350,"height":200},"classes":[]},{"id":5666,"url":"https:\/\/mundo.seashell.pt\/?product=cleaner-2000-5kg","url_meta":{"origin":5948,"position":1},"title":"Detergente Alcalino &#8211; Cleaner 2000 5Kg","date":"Fevereiro 23, 2022","format":false,"excerpt":"F\u00f3rmula com concentra\u00e7\u00e3o elevada e com um grande efeito sequestrante espec\u00edfico sujidade de origem gordurosa mesmo em superf\u00edcies microporosas.","rel":"","context":"Similar post","img":{"alt_text":"","src":"https:\/\/i0.wp.com\/mundo.seashell.pt\/wp-content\/uploads\/2022\/02\/cleaner_2000.jpg?resize=350%2C200&ssl=1","width":350,"height":200},"classes":[]},{"id":5950,"url":"https:\/\/mundo.seashell.pt\/?product=gres-750ml","url_meta":{"origin":5948,"position":2},"title":"Detergente Gres","date":"Fevereiro 23, 2022","format":false,"excerpt":"Detergente concentrado polivalente para as limpezas ordin\u00e1rias e peri\u00f3dicas dos pavimentos em gr\u00e9s ou pavimentos microporosos","rel":"","context":"Similar post","img":{"alt_text":"","src":"https:\/\/i0.wp.com\/mundo.seashell.pt\/wp-content\/uploads\/2022\/02\/gres.jpg?resize=350%2C200&ssl=1","width":350,"height":200},"classes":[]},{"id":5834,"url":"https:\/\/mundo.seashell.pt\/?product=solim-limpa-madeiras-5l","url_meta":{"origin":5948,"position":3},"title":"Solim Limpa Madeiras 5L","date":"Fevereiro 23, 2022","format":false,"excerpt":"O SOLIM\u00ae LIMPA MADEIRAS \u00e9 um detergente l\u00edquido com sab\u00e3o, completamente sol\u00favel, perfumado, de rea\u00e7\u00e3o neutra, indicado para a limpeza e prote\u00e7\u00e3o de madeira.","rel":"","context":"Similar post","img":{"alt_text":"","src":"https:\/\/i0.wp.com\/mundo.seashell.pt\/wp-content\/uploads\/2022\/02\/SOLIM_LIMPA_MADEIRAS_PhotoRoom_20210402_103552.jpg?resize=350%2C200&ssl=1","width":350,"height":200},"classes":[]},{"id":6081,"url":"https:\/\/mundo.seashell.pt\/?product=clorogel-1lt","url_meta":{"origin":5948,"position":4},"title":"Detergente Higienizante Clorogel","date":"Fevereiro 23, 2022","format":false,"excerpt":"Detergente higienizante com cloro para uma eficaz limpeza de lavabos, bancadas de trabalho, sanit\u00e1rios, WC e revestimentos cer\u00e2micos e pavimentos n\u00e3o encerados.","rel":"","context":"Similar post","img":{"alt_text":"","src":"https:\/\/i0.wp.com\/mundo.seashell.pt\/wp-content\/uploads\/2022\/02\/clorogel.jpg?resize=350%2C200&ssl=1","width":350,"height":200},"classes":[]},{"id":6093,"url":"https:\/\/mundo.seashell.pt\/?product=descaler-plus-1lt-loica-automatica","url_meta":{"origin":5948,"position":5},"title":"Detergente Desincrustante Descaler Plus 1Lt","date":"Fevereiro 23, 2022","format":false,"excerpt":"Detergente desincrustante \u00e0 base de \u00e1cidos org\u00e2nicos de origem natural","rel":"","context":"Similar post","img":{"alt_text":"","src":"https:\/\/i0.wp.com\/mundo.seashell.pt\/wp-content\/uploads\/2022\/02\/descaler_plus.jpg?resize=350%2C200&ssl=1","width":350,"height":200},"classes":[]}],"_links":{"self":[{"href":"https:\/\/mundo.seashell.pt\/index.php?rest_route=\/wp\/v2\/product\/5948","targetHints":{"allow":["GET"]}}],"collection":[{"href":"https:\/\/mundo.seashell.pt\/index.php?rest_route=\/wp\/v2\/product"}],"about":[{"href":"https:\/\/mundo.seashell.pt\/index.php?rest_route=\/wp\/v2\/types\/product"}],"wp:featuredmedia":[{"embeddable":true,"href":"https:\/\/mundo.seashell.pt\/index.php?rest_route=\/wp\/v2\/media\/5949"}],"wp:attachment":[{"href":"https:\/\/mundo.seashell.pt\/index.php?rest_route=%2Fwp%2Fv2%2Fmedia&parent=5948"}],"wp:term":[{"taxonomy":"product_cat","embeddable":true,"href":"https:\/\/mundo.seashell.pt\/index.php?rest_route=%2Fwp%2Fv2%2Fproduct_cat&post=5948"},{"taxonomy":"product_tag","embeddable":true,"href":"https:\/\/mundo.seashell.pt\/index.php?rest_route=%2Fwp%2Fv2%2Fproduct_tag&post=5948"}],"curies":[{"name":"wp","href":"https:\/\/api.w.org\/{rel}","templated":true}]}}