{"id":5942,"date":"2022-02-23T11:44:59","date_gmt":"2022-02-23T11:44:59","guid":{"rendered":"https:\/\/mundo.seashell.pt\/?post_type=product&#038;p=5942"},"modified":"2022-02-23T11:45:05","modified_gmt":"2022-02-23T11:45:05","slug":"emerald-easy-750ml","status":"publish","type":"product","link":"https:\/\/mundo.seashell.pt\/?product=emerald-easy-750ml","title":{"rendered":"Detergente Super Concentrado Emerald Easy"},"content":{"rendered":"<h2>Detergente desengordurante natural super concentrado<\/h2>\n<ul>\n<li>Efic\u00e1cia vs l\u00edderes de mercado testada em laborat\u00f3rio certificado ISO 17025<\/li>\n<li>Produto com mat\u00e9rias-primas de origem vegetal e completamente biodegrad\u00e1vel*<\/li>\n<li>Produto superconcentrado<\/li>\n<\/ul>\n<h4><\/h4>\n<h4>Descri\u00e7\u00e3o<\/h4>\n<p>Detergente universal super concentrado de alto desempenho, para a limpeza de todas as superf\u00edcies duras. \u00d3timo inclusive com lavadora-aspiradora. Eficaz contra a sujidade persistente. Perfume c\u00edtrico, sem <a target=\"_blank\" href=\"https:\/\/www.sutterprofessional.it\/pt\/sutterpedia#allergen\" rel=\"noopener\">alerg\u00e9nios<\/a> (Reg. 648\/2004). Cont\u00e9m mat\u00e9rias-primas de origem vegetal (ex. tensioativos) derivadas do processamento de milho, batatas, beterraba sacarina e \u00f3leo de coco. Sem fosfatos, sem n\u00edquel (inferior a 0,01 ppm). Se o produto for dilu\u00eddo de acordo com a dilui\u00e7\u00e3o aconselhada, n\u00e3o \u00e9 classificado como perigoso (sem s\u00edmbolos CLP) em conformidade com o Reg. 1272\/2008.<\/p>\n<h4><\/h4>\n<h4>Dilui\u00e7\u00e3o<\/h4>\n<p>0,3% (30 ml em 10 L de \u00e1gua). O uso da dilui\u00e7\u00e3o aconselhada permite poupar e reduzir ao m\u00ednimo o impacto ambiental. \u00c9 suficiente uma pequena quantidade de produto comparado com um produto dilu\u00eddo.<\/p>\n<h4><\/h4>\n<h4>Como usar<\/h4>\n<p>Uso manual e\/ou com lavadora-aspiradora. Diluir a quantidade da tampa doseadora (30 ml) em caso de frasco de 750 ml; com bid\u00e3o de 5 kg utilizar a bomba doseadora com a dose aconselhada (30 ml). Diluir o produto e aplicar na superf\u00edcie. Deixar atuar. Enxaguar em caso de res\u00edduos. Id\u00f3neo tamb\u00e9m na limpeza de superf\u00edcies interiores de embarca\u00e7\u00f5es, barcos e outros meios de transporte.<\/p>\n","protected":false},"excerpt":{"rendered":"<p>Detergente universal super concentrado de alto desempenho, para a limpeza de todas as superf\u00edcies duras.<\/p>\n","protected":false},"featured_media":5943,"template":"","meta":{"spay_email":""},"product_cat":[15],"product_tag":[],"class_list":{"0":"post-5942","1":"product","2":"type-product","3":"status-publish","4":"has-post-thumbnail","6":"product_cat-sem-categoria","8":"first","9":"instock","10":"taxable","11":"shipping-taxable","12":"purchasable","13":"product-type-simple"},"acf":[],"jetpack-related-posts":[{"id":5946,"url":"https:\/\/mundo.seashell.pt\/?product=flower-easy-750ml","url_meta":{"origin":5942,"position":0},"title":"Detergente Flower Easy","date":"Fevereiro 23, 2022","format":false,"excerpt":"Detergente universal multiusos super concentrado para a limpeza di\u00e1ria de superf\u00edcies com ou sem tratamento.","rel":"","context":"Similar post","img":{"alt_text":"","src":"https:\/\/i0.wp.com\/mundo.seashell.pt\/wp-content\/uploads\/2022\/02\/flower_easy.jpg?resize=350%2C200&ssl=1","width":350,"height":200},"classes":[]},{"id":6042,"url":"https:\/\/mundo.seashell.pt\/?product=pine-easy-750ml","url_meta":{"origin":5942,"position":1},"title":"Detergente natural Pine Easy","date":"Fevereiro 23, 2022","format":false,"excerpt":"Detergente universal multiusos super concentrado para a limpeza di\u00e1ria de superf\u00edcies duras","rel":"","context":"Similar post","img":{"alt_text":"","src":"https:\/\/i0.wp.com\/mundo.seashell.pt\/wp-content\/uploads\/2022\/02\/pine_easy.jpg?resize=350%2C200&ssl=1","width":350,"height":200},"classes":[]},{"id":6091,"url":"https:\/\/mundo.seashell.pt\/?product=ruby-easy-750ml","url_meta":{"origin":5942,"position":2},"title":"Detergente antic\u00e1lcario Ruby Easy","date":"Fevereiro 23, 2022","format":false,"excerpt":"Detergente desincrustante super concentrado \u00e0 base de \u00e1cido org\u00e2nico de origem natural","rel":"","context":"Similar post","img":{"alt_text":"","src":"https:\/\/i0.wp.com\/mundo.seashell.pt\/wp-content\/uploads\/2022\/02\/ruby_easy.jpg?resize=350%2C200&ssl=1","width":350,"height":200},"classes":[]},{"id":6069,"url":"https:\/\/mundo.seashell.pt\/?product=diamond-easy-750ml","url_meta":{"origin":5942,"position":3},"title":"Detergente Natural Diamond Easy","date":"Fevereiro 23, 2022","format":false,"excerpt":"Detergente multiusos super concentrado para a limpeza di\u00e1ria do mobili\u00e1rio. Indicado para vidros, espelhos, superf\u00edcies lav\u00e1veis, etc","rel":"","context":"Similar post","img":{"alt_text":"","src":"https:\/\/i0.wp.com\/mundo.seashell.pt\/wp-content\/uploads\/2022\/02\/diamond_easy.jpg?resize=350%2C200&ssl=1","width":350,"height":200},"classes":[]},{"id":5940,"url":"https:\/\/mundo.seashell.pt\/?product=emerald-5kg","url_meta":{"origin":5942,"position":4},"title":"Detergente Emerald 5Kg","date":"Fevereiro 23, 2022","format":false,"excerpt":"Detergente concentrado desengordurante natural para a limpeza de todas as superf\u00edcies duras.","rel":"","context":"Similar post","img":{"alt_text":"","src":"https:\/\/i0.wp.com\/mundo.seashell.pt\/wp-content\/uploads\/2022\/02\/emerald_zero.jpg?resize=350%2C200&ssl=1","width":350,"height":200},"classes":[]},{"id":5944,"url":"https:\/\/mundo.seashell.pt\/?product=flower-5kg","url_meta":{"origin":5942,"position":5},"title":"Detergente Flower 5Kg","date":"Fevereiro 23, 2022","format":false,"excerpt":"Detergente natural hidroalc\u00f3olico perfumado","rel":"","context":"Similar post","img":{"alt_text":"","src":"https:\/\/i0.wp.com\/mundo.seashell.pt\/wp-content\/uploads\/2022\/02\/flower.jpg?resize=350%2C200&ssl=1","width":350,"height":200},"classes":[]}],"_links":{"self":[{"href":"https:\/\/mundo.seashell.pt\/index.php?rest_route=\/wp\/v2\/product\/5942","targetHints":{"allow":["GET"]}}],"collection":[{"href":"https:\/\/mundo.seashell.pt\/index.php?rest_route=\/wp\/v2\/product"}],"about":[{"href":"https:\/\/mundo.seashell.pt\/index.php?rest_route=\/wp\/v2\/types\/product"}],"wp:featuredmedia":[{"embeddable":true,"href":"https:\/\/mundo.seashell.pt\/index.php?rest_route=\/wp\/v2\/media\/5943"}],"wp:attachment":[{"href":"https:\/\/mundo.seashell.pt\/index.php?rest_route=%2Fwp%2Fv2%2Fmedia&parent=5942"}],"wp:term":[{"taxonomy":"product_cat","embeddable":true,"href":"https:\/\/mundo.seashell.pt\/index.php?rest_route=%2Fwp%2Fv2%2Fproduct_cat&post=5942"},{"taxonomy":"product_tag","embeddable":true,"href":"https:\/\/mundo.seashell.pt\/index.php?rest_route=%2Fwp%2Fv2%2Fproduct_tag&post=5942"}],"curies":[{"name":"wp","href":"https:\/\/api.w.org\/{rel}","templated":true}]}}