{"id":5938,"date":"2022-02-23T11:44:53","date_gmt":"2022-02-23T11:44:53","guid":{"rendered":"https:\/\/mundo.seashell.pt\/?post_type=product&#038;p=5938"},"modified":"2022-02-23T11:44:56","modified_gmt":"2022-02-23T11:44:56","slug":"terso-5kg","status":"publish","type":"product","link":"https:\/\/mundo.seashell.pt\/?product=terso-5kg","title":{"rendered":"Detergente Universal Terso 5Kg"},"content":{"rendered":"<h2>Detergente universal concentrado de alta efic\u00e1cia para a limpeza de todas as superf\u00edcies lav\u00e1veis<\/h2>\n<ul>\n<li>Elevado poder dissolvente e apropriado para qualquer superf\u00edcie<\/li>\n<li>Utiliza\u00e7\u00e3o manual ou mec\u00e2nica.<\/li>\n<li>N\u00e3o produz espuma<\/li>\n<\/ul>\n<h4><\/h4>\n<h4>Descri\u00e7\u00e3o<\/h4>\n<p>Detergente de alto poder sequestrante apropriado para qualquer superf\u00edcie.<\/p>\n<h4><\/h4>\n<h4>Dilui\u00e7\u00e3o<\/h4>\n<p>1% (100 ml em 10 L de \u00e1gua).<\/p>\n<h4><\/h4>\n<h4>Como usar<\/h4>\n<p>Dilua o produto num balde para uso MANUAL ou em M\u00c1QUINA AUTO LAVADORA. Aplique-o na superf\u00edcie; deixe atuar e, em caso de sujidade persistente, esfregar e enxaguar.&nbsp;<\/p>\n<p>Produto N\u00c3O CORROSIVO.<\/p>\n","protected":false},"excerpt":{"rendered":"<p>Detergente universal concentrado de alta efic\u00e1cia para a limpeza de todas as superf\u00edcies lav\u00e1veis<\/p>\n","protected":false},"featured_media":5939,"template":"","meta":{"spay_email":""},"product_cat":[15],"product_tag":[],"class_list":{"0":"post-5938","1":"product","2":"type-product","3":"status-publish","4":"has-post-thumbnail","6":"product_cat-sem-categoria","8":"first","9":"instock","10":"taxable","11":"shipping-taxable","12":"purchasable","13":"product-type-simple"},"acf":[],"jetpack-related-posts":[{"id":5942,"url":"https:\/\/mundo.seashell.pt\/?product=emerald-easy-750ml","url_meta":{"origin":5938,"position":0},"title":"Detergente Super Concentrado Emerald Easy","date":"Fevereiro 23, 2022","format":false,"excerpt":"Detergente universal super concentrado de alto desempenho, para a limpeza de todas as superf\u00edcies duras.","rel":"","context":"Similar post","img":{"alt_text":"","src":"https:\/\/i0.wp.com\/mundo.seashell.pt\/wp-content\/uploads\/2022\/02\/emerald_easy.jpg?resize=350%2C200&ssl=1","width":350,"height":200},"classes":[]},{"id":6042,"url":"https:\/\/mundo.seashell.pt\/?product=pine-easy-750ml","url_meta":{"origin":5938,"position":1},"title":"Detergente natural Pine Easy","date":"Fevereiro 23, 2022","format":false,"excerpt":"Detergente universal multiusos super concentrado para a limpeza di\u00e1ria de superf\u00edcies duras","rel":"","context":"Similar post","img":{"alt_text":"","src":"https:\/\/i0.wp.com\/mundo.seashell.pt\/wp-content\/uploads\/2022\/02\/pine_easy.jpg?resize=350%2C200&ssl=1","width":350,"height":200},"classes":[]},{"id":5940,"url":"https:\/\/mundo.seashell.pt\/?product=emerald-5kg","url_meta":{"origin":5938,"position":2},"title":"Detergente Emerald 5Kg","date":"Fevereiro 23, 2022","format":false,"excerpt":"Detergente concentrado desengordurante natural para a limpeza de todas as superf\u00edcies duras.","rel":"","context":"Similar post","img":{"alt_text":"","src":"https:\/\/i0.wp.com\/mundo.seashell.pt\/wp-content\/uploads\/2022\/02\/emerald_zero.jpg?resize=350%2C200&ssl=1","width":350,"height":200},"classes":[]},{"id":5946,"url":"https:\/\/mundo.seashell.pt\/?product=flower-easy-750ml","url_meta":{"origin":5938,"position":3},"title":"Detergente Flower Easy","date":"Fevereiro 23, 2022","format":false,"excerpt":"Detergente universal multiusos super concentrado para a limpeza di\u00e1ria de superf\u00edcies com ou sem tratamento.","rel":"","context":"Similar post","img":{"alt_text":"","src":"https:\/\/i0.wp.com\/mundo.seashell.pt\/wp-content\/uploads\/2022\/02\/flower_easy.jpg?resize=350%2C200&ssl=1","width":350,"height":200},"classes":[]},{"id":5978,"url":"https:\/\/mundo.seashell.pt\/?product=acid-plus-24-kg","url_meta":{"origin":5938,"position":4},"title":"Detergente Acid Plus 24 Kg","date":"Fevereiro 23, 2022","format":false,"excerpt":"Detergente desincrustante \u00e1cido sem espuma para lavagem manual, mec\u00e2nica ou em CIP de todas as superf\u00edcies lav\u00e1veis","rel":"","context":"Similar post","img":{"alt_text":"","src":"https:\/\/i0.wp.com\/mundo.seashell.pt\/wp-content\/uploads\/2022\/02\/acidplus.jpg?resize=350%2C200&ssl=1","width":350,"height":200},"classes":[]},{"id":5668,"url":"https:\/\/mundo.seashell.pt\/?product=forte-5kg","url_meta":{"origin":5938,"position":5},"title":"Desengordurante &#8211; Forte 5Kg","date":"Fevereiro 23, 2022","format":false,"excerpt":"Detergente altamente desengordurante apropriado para a remo\u00e7\u00e3o de sujidade dif\u00edcil gra\u00e7as ao seu poder separador e solubilizante","rel":"","context":"Similar post","img":{"alt_text":"","src":"https:\/\/i0.wp.com\/mundo.seashell.pt\/wp-content\/uploads\/2022\/02\/forte.jpg?resize=350%2C200&ssl=1","width":350,"height":200},"classes":[]}],"_links":{"self":[{"href":"https:\/\/mundo.seashell.pt\/index.php?rest_route=\/wp\/v2\/product\/5938","targetHints":{"allow":["GET"]}}],"collection":[{"href":"https:\/\/mundo.seashell.pt\/index.php?rest_route=\/wp\/v2\/product"}],"about":[{"href":"https:\/\/mundo.seashell.pt\/index.php?rest_route=\/wp\/v2\/types\/product"}],"wp:featuredmedia":[{"embeddable":true,"href":"https:\/\/mundo.seashell.pt\/index.php?rest_route=\/wp\/v2\/media\/5939"}],"wp:attachment":[{"href":"https:\/\/mundo.seashell.pt\/index.php?rest_route=%2Fwp%2Fv2%2Fmedia&parent=5938"}],"wp:term":[{"taxonomy":"product_cat","embeddable":true,"href":"https:\/\/mundo.seashell.pt\/index.php?rest_route=%2Fwp%2Fv2%2Fproduct_cat&post=5938"},{"taxonomy":"product_tag","embeddable":true,"href":"https:\/\/mundo.seashell.pt\/index.php?rest_route=%2Fwp%2Fv2%2Fproduct_tag&post=5938"}],"curies":[{"name":"wp","href":"https:\/\/api.w.org\/{rel}","templated":true}]}}