{"id":5936,"date":"2022-02-23T11:44:47","date_gmt":"2022-02-23T11:44:47","guid":{"rendered":"https:\/\/mundo.seashell.pt\/?post_type=product&#038;p=5936"},"modified":"2022-02-23T11:44:49","modified_gmt":"2022-02-23T11:44:49","slug":"fun-intense-rose-750-ml","status":"publish","type":"product","link":"https:\/\/mundo.seashell.pt\/?product=fun-intense-rose-750-ml","title":{"rendered":"Fun Intense 750 ML"},"content":{"rendered":"<p>Lava tudo concentrado, perfumado<\/p>\n<p><strong><br \/><\/strong><\/p>\n<p><strong>PROPRIEDADES<\/strong><\/p>\n<p>Lava tudo neutro, perfumado, indicado para a limpeza de todo o tipo de&nbsp;superf\u00edcies duras, como cer\u00e2mica, pedra e azulejos.<\/p>\n<p><strong><br \/><\/strong><\/p>\n<p><strong>CONDI\u00c7\u00d5ES DE UTILIZA\u00c7\u00c3O<\/strong><\/p>\n<p>Diluir uma tampa por cada 5L de \u00e1gua. N\u00e3o \u00e9 necess\u00e1rio enxaguar.<\/p>\n<p><strong><br \/><\/strong><\/p>\n<p><strong>CARACTER\u00cdSTICAS F\u00cdSICO-QU\u00cdMICAS<\/strong><\/p>\n<p>Apar\u00eancia: l\u00edquido perfumado azul<\/p>\n<p>pH 8<\/p>\n<p>Perfumado<\/p>\n<p>Biodegrad\u00e1vel<\/p>\n","protected":false},"excerpt":{"rendered":"<p>Lava tudo concentrado, perfumado<\/p>\n","protected":false},"featured_media":5937,"template":"","meta":{"spay_email":""},"product_cat":[15],"product_tag":[],"class_list":{"0":"post-5936","1":"product","2":"type-product","3":"status-publish","4":"has-post-thumbnail","6":"product_cat-sem-categoria","8":"first","9":"instock","10":"taxable","11":"shipping-taxable","12":"purchasable","13":"product-type-simple"},"acf":[],"jetpack-related-posts":[{"id":5738,"url":"https:\/\/mundo.seashell.pt\/?product=soft-power-caps-5kg-lavandaria-automaticamanual","url_meta":{"origin":5936,"position":0},"title":"Amaciador Soft Power Caps &#8211; Lavandaria Autom\u00e1tica\/Manual","date":"Fevereiro 23, 2022","format":false,"excerpt":"Amaciador concentrado altamente perfumado para lavagem da roupa tecnologia patenteada com microc\u00e1psulas","rel":"","context":"Similar post","img":{"alt_text":"","src":"https:\/\/i0.wp.com\/mundo.seashell.pt\/wp-content\/uploads\/2022\/02\/soft_power_caps.jpg?resize=350%2C200&ssl=1","width":350,"height":200},"classes":[]},{"id":5740,"url":"https:\/\/mundo.seashell.pt\/?product=soft-power-caps-eco-20kg","url_meta":{"origin":5936,"position":1},"title":"Amaciador Soft Power Caps Eco 20Kg","date":"Fevereiro 23, 2022","format":false,"excerpt":"Amaciador concentrado altamente perfumado para lavagem da roupa. Tecnologia patenteada com perfume microencapsulado.","rel":"","context":"Similar post","img":{"alt_text":"","src":"https:\/\/i0.wp.com\/mundo.seashell.pt\/wp-content\/uploads\/2022\/02\/soft_power_caps_eco.jpg?resize=350%2C200&ssl=1","width":350,"height":200},"classes":[]},{"id":6038,"url":"https:\/\/mundo.seashell.pt\/?product=fun-multiusos-15l","url_meta":{"origin":5936,"position":2},"title":"Fun Multiusos 1.5L","date":"Fevereiro 23, 2022","format":false,"excerpt":"Detergente lava tudo FUN limpezas gerais e \ufeffde aplica\u00e7\u00e3o universal\ufeff, com 6 variedades \u00e0 sua escolha","rel":"","context":"Similar post","img":{"alt_text":"","src":"https:\/\/i0.wp.com\/mundo.seashell.pt\/wp-content\/uploads\/2022\/02\/fun_lava_tudo_1.5l.jpg?resize=350%2C200&ssl=1","width":350,"height":200},"classes":[]},{"id":7028,"url":"https:\/\/mundo.seashell.pt\/?product=comfort-saquetas-perfumadas-para-armario-3un","url_meta":{"origin":5936,"position":3},"title":"Comfort Saquetas Perfumadas para Arm\u00e1rio 3un","date":"Fevereiro 23, 2022","format":false,"excerpt":"Com as saquetas perfumadas de Comfort, pode sentir durante mais tempo a fragr\u00e2ncia delicada e deliciosa dos amaciadores de roupa Comfort. Liberta gradualmente o seu aroma durante 6 semanas, para que a sua roupa fique maravilhosamente fresca como se tivesse sido acabada de lavar. Benef\u00edcios: - Fragr\u00e2ncia fresca e duradoura;...","rel":"","context":"Similar post","img":{"alt_text":"","src":"https:\/\/i0.wp.com\/mundo.seashell.pt\/wp-content\/uploads\/2022\/02\/COMFORT_SAQUETAS_PERFUMADAS_AZUL_-_3SAQ_5601068010953.jpeg?resize=350%2C200&ssl=1","width":350,"height":200},"classes":[]},{"id":5874,"url":"https:\/\/mundo.seashell.pt\/?product=fun-lava-loica-5l","url_meta":{"origin":5936,"position":4},"title":"Fun Lava Loi\u00e7a 5L &#8211; Lavagem Manual","date":"Fevereiro 23, 2022","format":false,"excerpt":"Detergente l\u00edquido concentrado para lavagem manual de loi\u00e7a","rel":"","context":"Similar post","img":{"alt_text":"","src":"https:\/\/i0.wp.com\/mundo.seashell.pt\/wp-content\/uploads\/2022\/02\/Fun_Lava_Loic_a_5L_PhotoRoom_20210402_103224.jpg?resize=350%2C200&ssl=1","width":350,"height":200},"classes":[]},{"id":6048,"url":"https:\/\/mundo.seashell.pt\/?product=plural-10lt","url_meta":{"origin":5936,"position":5},"title":"Detergente Multiusos Plural 10Lt","date":"Fevereiro 23, 2022","format":false,"excerpt":"Detergente multiusos ultra-concentrado para a limpeza di\u00e1ria do mobili\u00e1rio. Indicado para vidros, espelhos, superf\u00edcies lav\u00e1veis.","rel":"","context":"Similar post","img":{"alt_text":"","src":"https:\/\/i0.wp.com\/mundo.seashell.pt\/wp-content\/uploads\/2022\/02\/plural.jpg?resize=350%2C200&ssl=1","width":350,"height":200},"classes":[]}],"_links":{"self":[{"href":"https:\/\/mundo.seashell.pt\/index.php?rest_route=\/wp\/v2\/product\/5936","targetHints":{"allow":["GET"]}}],"collection":[{"href":"https:\/\/mundo.seashell.pt\/index.php?rest_route=\/wp\/v2\/product"}],"about":[{"href":"https:\/\/mundo.seashell.pt\/index.php?rest_route=\/wp\/v2\/types\/product"}],"wp:featuredmedia":[{"embeddable":true,"href":"https:\/\/mundo.seashell.pt\/index.php?rest_route=\/wp\/v2\/media\/5937"}],"wp:attachment":[{"href":"https:\/\/mundo.seashell.pt\/index.php?rest_route=%2Fwp%2Fv2%2Fmedia&parent=5936"}],"wp:term":[{"taxonomy":"product_cat","embeddable":true,"href":"https:\/\/mundo.seashell.pt\/index.php?rest_route=%2Fwp%2Fv2%2Fproduct_cat&post=5936"},{"taxonomy":"product_tag","embeddable":true,"href":"https:\/\/mundo.seashell.pt\/index.php?rest_route=%2Fwp%2Fv2%2Fproduct_tag&post=5936"}],"curies":[{"name":"wp","href":"https:\/\/api.w.org\/{rel}","templated":true}]}}