{"id":5935,"date":"2022-02-23T11:44:47","date_gmt":"2022-02-23T11:44:47","guid":{"rendered":"https:\/\/mundo.seashell.pt\/?post_type=product&#038;p=5935"},"modified":"2022-02-23T11:44:47","modified_gmt":"2022-02-23T11:44:47","slug":"stark-cl-super-2l","status":"publish","type":"product","link":"https:\/\/mundo.seashell.pt\/?product=stark-cl-super-2l","title":{"rendered":"Stark CL Super 2L"},"content":{"rendered":"","protected":false},"excerpt":{"rendered":"","protected":false},"featured_media":0,"template":"","meta":{"spay_email":""},"product_cat":[15],"product_tag":[],"class_list":{"0":"post-5935","1":"product","2":"type-product","3":"status-publish","5":"product_cat-sem-categoria","7":"first","8":"instock","9":"taxable","10":"shipping-taxable","11":"purchasable","12":"product-type-simple"},"acf":[],"jetpack-related-posts":[{"id":5933,"url":"https:\/\/mundo.seashell.pt\/?product=stark-super-lp-2l","url_meta":{"origin":5935,"position":0},"title":"Stark Super LP 2L","date":"Fevereiro 23, 2022","format":false,"excerpt":"Detergente alcalino concentrado para pavimentos e superf\u00edcies duras","rel":"","context":"Similar post","img":{"alt_text":"","src":"https:\/\/i0.wp.com\/mundo.seashell.pt\/wp-content\/uploads\/2022\/02\/goods_02_436158.jpg?resize=350%2C200&ssl=1","width":350,"height":200},"classes":[]},{"id":5665,"url":"https:\/\/mundo.seashell.pt\/?product=stark-des-super-2l","url_meta":{"origin":5935,"position":1},"title":"Desengordurante Concentrado &#8211; Stark Des Super 2L","date":"Fevereiro 23, 2022","format":false,"excerpt":"Detergente desengordurante l\u00edquido alcalino com um excelente desempenho na remo\u00e7\u00e3o de gorduras, \u00f3leos e outro tipo de sujidades. Produto de elevada rentabilidade e economia em uso.","rel":"","context":"Similar post","img":{"alt_text":"","src":"","width":0,"height":0},"classes":[]},{"id":6075,"url":"https:\/\/mundo.seashell.pt\/?product=stark-wc-2l","url_meta":{"origin":5935,"position":2},"title":"Detergente Stark WC 2L","date":"Fevereiro 23, 2022","format":false,"excerpt":"Detergente concentrado \u00e1cido para WC com forte poder aromatizante","rel":"","context":"Similar post","img":{"alt_text":"","src":"https:\/\/i0.wp.com\/mundo.seashell.pt\/wp-content\/uploads\/2022\/02\/goods_02_436158_2.jpg?resize=350%2C200&ssl=1","width":350,"height":200},"classes":[]},{"id":6066,"url":"https:\/\/mundo.seashell.pt\/?product=stark-vm-2l","url_meta":{"origin":5935,"position":3},"title":"Multiusos Stark VM 2L","date":"Fevereiro 23, 2022","format":false,"excerpt":"Detergente neutro ultraconcentrado indicado para a limpeza r\u00e1pida, por spray, de todo o tipo de superf\u00edcies lav\u00e1veis.","rel":"","context":"Similar post","img":{"alt_text":"","src":"","width":0,"height":0},"classes":[]},{"id":6036,"url":"https:\/\/mundo.seashell.pt\/?product=stark-lt-flores-vermelhas","url_meta":{"origin":5935,"position":4},"title":"Stark LT Flores Vermelhas","date":"Fevereiro 23, 2022","format":false,"excerpt":"Detergente li\u0301quido concentrado indicado para a limpeza de superfi\u0301cies duras tais como pavimentos, paredes, portas, tectos, equipamento em geral, entre outros.","rel":"","context":"Similar post","img":{"alt_text":"","src":"https:\/\/i0.wp.com\/mundo.seashell.pt\/wp-content\/uploads\/2022\/02\/stark_lt_flores_vermelhas.jpg?resize=350%2C200&ssl=1","width":350,"height":200},"classes":[]},{"id":6032,"url":"https:\/\/mundo.seashell.pt\/?product=stark-intense-5l","url_meta":{"origin":5935,"position":5},"title":"Multiusos Stark Intense 5L","date":"Fevereiro 23, 2022","format":false,"excerpt":"Multiusos concentrado super perfumado","rel":"","context":"Similar post","img":{"alt_text":"","src":"https:\/\/i0.wp.com\/mundo.seashell.pt\/wp-content\/uploads\/2022\/02\/Stark_Intense_PhotoRoom_20210402_103209.jpg?resize=350%2C200&ssl=1","width":350,"height":200},"classes":[]}],"_links":{"self":[{"href":"https:\/\/mundo.seashell.pt\/index.php?rest_route=\/wp\/v2\/product\/5935","targetHints":{"allow":["GET"]}}],"collection":[{"href":"https:\/\/mundo.seashell.pt\/index.php?rest_route=\/wp\/v2\/product"}],"about":[{"href":"https:\/\/mundo.seashell.pt\/index.php?rest_route=\/wp\/v2\/types\/product"}],"wp:attachment":[{"href":"https:\/\/mundo.seashell.pt\/index.php?rest_route=%2Fwp%2Fv2%2Fmedia&parent=5935"}],"wp:term":[{"taxonomy":"product_cat","embeddable":true,"href":"https:\/\/mundo.seashell.pt\/index.php?rest_route=%2Fwp%2Fv2%2Fproduct_cat&post=5935"},{"taxonomy":"product_tag","embeddable":true,"href":"https:\/\/mundo.seashell.pt\/index.php?rest_route=%2Fwp%2Fv2%2Fproduct_tag&post=5935"}],"curies":[{"name":"wp","href":"https:\/\/api.w.org\/{rel}","templated":true}]}}