{"id":5933,"date":"2022-02-23T11:44:42","date_gmt":"2022-02-23T11:44:42","guid":{"rendered":"https:\/\/mundo.seashell.pt\/?post_type=product&#038;p=5933"},"modified":"2022-02-23T11:44:47","modified_gmt":"2022-02-23T11:44:47","slug":"stark-super-lp-2l","status":"publish","type":"product","link":"https:\/\/mundo.seashell.pt\/?product=stark-super-lp-2l","title":{"rendered":"Stark Super LP 2L"},"content":{"rendered":"<p>Detergente alcalino concentrado para pavimentos e superf\u00edcies duras<\/p>\n<p><strong><br \/><\/strong><\/p>\n<p><strong>PROPRIEDADES<\/strong><\/p>\n<p>Detergente l\u00edquido concentrado, completamente sol\u00favel, inodoro,&nbsp;constitu\u00eddo por agentes org\u00e2nicos e inorg\u00e2nicos capazes de remover todo o tipo de sujidades de metais, pl\u00e1sticos e borracha. N\u00e3o deve ser&nbsp;utilizado em superf\u00edcies em alum\u00ednio.<\/p>\n<p>O STARK SUPER LP pode ser utilizado na limpeza de equipamentos,&nbsp;pavimentos e superf\u00edcies em todo o tipo de ind\u00fastrias, incluindo ind\u00fastria alimentar.<\/p>\n<p><strong><br \/><\/strong><\/p>\n<p><strong>CONDI\u00c7\u00d5ES DE UTILIZA\u00c7\u00c3O<\/strong><\/p>\n<p>Dever\u00e1 usar uma concentra\u00e7\u00e3o de 2% a 5% (20 a 50g de produto por&nbsp;litro de \u00e1gua) dependendo do tipo de sujidade a remover.<\/p>\n<p>Ap\u00f3s dilui\u00e7\u00e3o aplicar o produto sobre a superf\u00edcie a limpar.<\/p>\n<p><strong><br \/><\/strong><\/p>\n<p><strong>CARACTERISTICAS FISICO QU\u00cdMICAS<\/strong><\/p>\n<p>pH 14<\/p>\n<p>inodoro<\/p>\n<p>Biodegrad\u00e1vel, conforme regulamento (CE) N\u00ba 648\/2004 Anexo II e III<\/p>\n","protected":false},"excerpt":{"rendered":"<p>Detergente alcalino concentrado para pavimentos e superf\u00edcies duras<\/p>\n","protected":false},"featured_media":5934,"template":"","meta":{"spay_email":""},"product_cat":[15],"product_tag":[],"class_list":{"0":"post-5933","1":"product","2":"type-product","3":"status-publish","4":"has-post-thumbnail","6":"product_cat-sem-categoria","8":"first","9":"instock","10":"taxable","11":"shipping-taxable","12":"purchasable","13":"product-type-simple"},"acf":[],"jetpack-related-posts":[{"id":6032,"url":"https:\/\/mundo.seashell.pt\/?product=stark-intense-5l","url_meta":{"origin":5933,"position":0},"title":"Multiusos Stark Intense 5L","date":"Fevereiro 23, 2022","format":false,"excerpt":"Multiusos concentrado super perfumado","rel":"","context":"Similar post","img":{"alt_text":"","src":"https:\/\/i0.wp.com\/mundo.seashell.pt\/wp-content\/uploads\/2022\/02\/Stark_Intense_PhotoRoom_20210402_103209.jpg?resize=350%2C200&ssl=1","width":350,"height":200},"classes":[]},{"id":5665,"url":"https:\/\/mundo.seashell.pt\/?product=stark-des-super-2l","url_meta":{"origin":5933,"position":1},"title":"Desengordurante Concentrado &#8211; Stark Des Super 2L","date":"Fevereiro 23, 2022","format":false,"excerpt":"Detergente desengordurante l\u00edquido alcalino com um excelente desempenho na remo\u00e7\u00e3o de gorduras, \u00f3leos e outro tipo de sujidades. Produto de elevada rentabilidade e economia em uso.","rel":"","context":"Similar post","img":{"alt_text":"","src":"","width":0,"height":0},"classes":[]},{"id":6075,"url":"https:\/\/mundo.seashell.pt\/?product=stark-wc-2l","url_meta":{"origin":5933,"position":2},"title":"Detergente Stark WC 2L","date":"Fevereiro 23, 2022","format":false,"excerpt":"Detergente concentrado \u00e1cido para WC com forte poder aromatizante","rel":"","context":"Similar post","img":{"alt_text":"","src":"https:\/\/i0.wp.com\/mundo.seashell.pt\/wp-content\/uploads\/2022\/02\/goods_02_436158_2.jpg?resize=350%2C200&ssl=1","width":350,"height":200},"classes":[]},{"id":6036,"url":"https:\/\/mundo.seashell.pt\/?product=stark-lt-flores-vermelhas","url_meta":{"origin":5933,"position":3},"title":"Stark LT Flores Vermelhas","date":"Fevereiro 23, 2022","format":false,"excerpt":"Detergente li\u0301quido concentrado indicado para a limpeza de superfi\u0301cies duras tais como pavimentos, paredes, portas, tectos, equipamento em geral, entre outros.","rel":"","context":"Similar post","img":{"alt_text":"","src":"https:\/\/i0.wp.com\/mundo.seashell.pt\/wp-content\/uploads\/2022\/02\/stark_lt_flores_vermelhas.jpg?resize=350%2C200&ssl=1","width":350,"height":200},"classes":[]},{"id":6034,"url":"https:\/\/mundo.seashell.pt\/?product=solim-d-san-5kg","url_meta":{"origin":5933,"position":4},"title":"Solim D-San 5Kg","date":"Fevereiro 23, 2022","format":false,"excerpt":"Desengordurante, higienizante l\u00edquido, completamente sol\u00favel, inodoro, constitu\u00eddo por agentes \ufefforg\u00e2nicos e inorg\u00e2nicos capazes de remover \u00f3leos...","rel":"","context":"Similar post","img":{"alt_text":"","src":"https:\/\/i0.wp.com\/mundo.seashell.pt\/wp-content\/uploads\/2022\/02\/Solim_D_San_PhotoRoom_20210402_103339.jpg?resize=350%2C200&ssl=1","width":350,"height":200},"classes":[]},{"id":5836,"url":"https:\/\/mundo.seashell.pt\/?product=fun-madeiras-1l","url_meta":{"origin":5933,"position":5},"title":"Fun Madeiras 1L","date":"Fevereiro 23, 2022","format":false,"excerpt":"Limpeza de parquets e outras superf\u00edcies delicadas","rel":"","context":"Similar post","img":{"alt_text":"","src":"https:\/\/i0.wp.com\/mundo.seashell.pt\/wp-content\/uploads\/2022\/02\/Fun_Madeiras_PhotoRoom_20210402_103002.jpg?resize=350%2C200&ssl=1","width":350,"height":200},"classes":[]}],"_links":{"self":[{"href":"https:\/\/mundo.seashell.pt\/index.php?rest_route=\/wp\/v2\/product\/5933","targetHints":{"allow":["GET"]}}],"collection":[{"href":"https:\/\/mundo.seashell.pt\/index.php?rest_route=\/wp\/v2\/product"}],"about":[{"href":"https:\/\/mundo.seashell.pt\/index.php?rest_route=\/wp\/v2\/types\/product"}],"wp:featuredmedia":[{"embeddable":true,"href":"https:\/\/mundo.seashell.pt\/index.php?rest_route=\/wp\/v2\/media\/5934"}],"wp:attachment":[{"href":"https:\/\/mundo.seashell.pt\/index.php?rest_route=%2Fwp%2Fv2%2Fmedia&parent=5933"}],"wp:term":[{"taxonomy":"product_cat","embeddable":true,"href":"https:\/\/mundo.seashell.pt\/index.php?rest_route=%2Fwp%2Fv2%2Fproduct_cat&post=5933"},{"taxonomy":"product_tag","embeddable":true,"href":"https:\/\/mundo.seashell.pt\/index.php?rest_route=%2Fwp%2Fv2%2Fproduct_tag&post=5933"}],"curies":[{"name":"wp","href":"https:\/\/api.w.org\/{rel}","templated":true}]}}