{"id":5931,"date":"2022-02-23T11:44:38","date_gmt":"2022-02-23T11:44:38","guid":{"rendered":"https:\/\/mundo.seashell.pt\/?post_type=product&#038;p=5931"},"modified":"2022-02-23T11:44:42","modified_gmt":"2022-02-23T11:44:42","slug":"solux-d69-5kg","status":"publish","type":"product","link":"https:\/\/mundo.seashell.pt\/?product=solux-d69-5kg","title":{"rendered":"Desengordurante Solux D69"},"content":{"rendered":"<p>Desengordurante \u00e1cido<\/p>\n<p><strong><br \/><\/strong><\/p>\n<p><strong>PROPRIEDADES<\/strong><\/p>\n<p>O SOLUX\u00ae D69 \u00e9 um produto l\u00edquido, \u00e1cido e inodoro. Tem um bom&nbsp;poder desengordurante e, simultaneamente, permite uma desoxida\u00e7\u00e3o homog\u00e9nea de toda a superf\u00edcie a tratar.<\/p>\n<p><strong><br \/><\/strong><\/p>\n<p><strong>CONDI\u00c7\u00d5ES DE UTILIZA\u00c7\u00c3O<\/strong><\/p>\n<p>Limpeza de azulejos em esta\u00e7\u00f5es de servi\u00e7o: Usar uma&nbsp;concentra\u00e7\u00e3o de 10% e aplicar por pulveriza\u00e7\u00e3o.<\/p>\n<p>Carro\u00e7arias de alum\u00ednio: Usar uma concentra\u00e7\u00e3o de 2 a 3% e aplicar&nbsp;por pulveriza\u00e7\u00e3o.<\/p>\n<p>Jantes de alum\u00ednio: Usar uma concentra\u00e7\u00e3o de 2 a 3% e aplicar por&nbsp;pulveriza\u00e7\u00e3o.<\/p>\n<p>Limpeza de ch\u00e3o: Especialmente indicado para eliminar o p\u00f3 de&nbsp;cimento, ou res\u00edduos inorg\u00e2nicos do ch\u00e3o.<\/p>\n<p><strong><br \/><\/strong><\/p>\n<p><strong>CARACTERISTICAS FISICO QUIMICAS<\/strong><\/p>\n<p> Aspeto L\u00edquido ligeiramente amarelado<\/p>\n<p> Odor Caracter\u00edstico<\/p>\n<p> pH 1<\/p>\n","protected":false},"excerpt":{"rendered":"<p>Desengordurante Solux D69 <\/p>\n","protected":false},"featured_media":5932,"template":"","meta":{"spay_email":""},"product_cat":[15],"product_tag":[],"class_list":{"0":"post-5931","1":"product","2":"type-product","3":"status-publish","4":"has-post-thumbnail","6":"product_cat-sem-categoria","8":"first","9":"instock","10":"taxable","11":"shipping-taxable","12":"purchasable","13":"product-type-simple"},"acf":[],"jetpack-related-posts":[{"id":5614,"url":"https:\/\/mundo.seashell.pt\/?product=solux-limpa-jantes-20kg","url_meta":{"origin":5931,"position":0},"title":"Solux Limpa Jantes 20Kg","date":"Fevereiro 23, 2022","format":false,"excerpt":"O SOLUX\u00ae LIMPA JANTES \u00e9 um produto l\u00edquido, \u00e1cido e inodoro. Tem um bom poder desengordurante e, simultaneamente, permite uma desoxida\u00e7\u00e3o homog\u00e9nea de toda a superf\u00edcie a tratar.","rel":"","context":"Similar post","img":{"alt_text":"","src":"https:\/\/i0.wp.com\/mundo.seashell.pt\/wp-content\/uploads\/2022\/02\/SOLUX_LIMPA_JANTES_PhotoRoom_20210402_103056.jpg?resize=350%2C200&ssl=1","width":350,"height":200},"classes":[]},{"id":5663,"url":"https:\/\/mundo.seashell.pt\/?product=solux-dm-5kg","url_meta":{"origin":5931,"position":1},"title":"Desengordurante &#8211; Solux DM 5Kg","date":"Fevereiro 23, 2022","format":false,"excerpt":"Desengordurante industrial de aplica\u00e7\u00e3o universal para todos os tipos de ind\u00fastrias.","rel":"","context":"Similar post","img":{"alt_text":"","src":"https:\/\/i0.wp.com\/mundo.seashell.pt\/wp-content\/uploads\/2022\/02\/SOLUX_DM_PhotoRoom_20210402_103221.jpg?resize=350%2C200&ssl=1","width":350,"height":200},"classes":[]},{"id":5388,"url":"https:\/\/mundo.seashell.pt\/?product=solux-ds","url_meta":{"origin":5931,"position":2},"title":"Desengordurante Solux DS","date":"Fevereiro 23, 2022","format":false,"excerpt":"E\u0301 um produto li\u0301quido de cor verde claro, levemente aromatizado, medianamente alcalino.Tem um forte poder detergente, que lhe confere propriedades desengordurantes difi\u0301ceis de conseguir com outros compostos.","rel":"","context":"Similar post","img":{"alt_text":"","src":"https:\/\/i0.wp.com\/mundo.seashell.pt\/wp-content\/uploads\/2022\/02\/Solux_DS_PhotoRoom_20210402_103558.jpg?resize=350%2C200&ssl=1","width":350,"height":200},"classes":[]},{"id":5390,"url":"https:\/\/mundo.seashell.pt\/?product=solux-super-auto-20kg","url_meta":{"origin":5931,"position":3},"title":"Desengordurante Solux Super Auto 20kg","date":"Fevereiro 23, 2022","format":false,"excerpt":"APLICAC\u0327A\u0303O Desengordurante alcalino PROPRIEDADES E\u0301 um produto li\u0301quido incolor, medianamente alcalino. Tem um forte poder detergente, que lhe confere propriedades desengordurantes difi\u0301ceis de conseguir com outros compostos. Devido a\u0300s suas caracteri\u0301sticas e\u0301 um produto d...","rel":"","context":"Similar post","img":{"alt_text":"","src":"https:\/\/i0.wp.com\/mundo.seashell.pt\/wp-content\/uploads\/2022\/02\/Solux_Super_Auto_PhotoRoom_20210402_103216.jpg?resize=350%2C200&ssl=1","width":350,"height":200},"classes":[]},{"id":5659,"url":"https:\/\/mundo.seashell.pt\/?product=solim-d-forte-5kg","url_meta":{"origin":5931,"position":4},"title":"Desengordurante Alcalino &#8211; Solim D-Forte 5Kg","date":"Fevereiro 23, 2022","format":false,"excerpt":"Desengordurante l\u00edquido alcalino com um excelente desempenho na remo\u00e7\u00e3o de gorduras, \u00f3leos e outro tipo de sujidades em pl\u00e1sticos, borracha, cimento e pedra.","rel":"","context":"Similar post","img":{"alt_text":"","src":"https:\/\/i0.wp.com\/mundo.seashell.pt\/wp-content\/uploads\/2022\/02\/SOLIM_D-FORTE_PhotoRoom_20210402_103423.jpg?resize=350%2C200&ssl=1","width":350,"height":200},"classes":[]},{"id":5665,"url":"https:\/\/mundo.seashell.pt\/?product=stark-des-super-2l","url_meta":{"origin":5931,"position":5},"title":"Desengordurante Concentrado &#8211; Stark Des Super 2L","date":"Fevereiro 23, 2022","format":false,"excerpt":"Detergente desengordurante l\u00edquido alcalino com um excelente desempenho na remo\u00e7\u00e3o de gorduras, \u00f3leos e outro tipo de sujidades. Produto de elevada rentabilidade e economia em uso.","rel":"","context":"Similar post","img":{"alt_text":"","src":"","width":0,"height":0},"classes":[]}],"_links":{"self":[{"href":"https:\/\/mundo.seashell.pt\/index.php?rest_route=\/wp\/v2\/product\/5931","targetHints":{"allow":["GET"]}}],"collection":[{"href":"https:\/\/mundo.seashell.pt\/index.php?rest_route=\/wp\/v2\/product"}],"about":[{"href":"https:\/\/mundo.seashell.pt\/index.php?rest_route=\/wp\/v2\/types\/product"}],"wp:featuredmedia":[{"embeddable":true,"href":"https:\/\/mundo.seashell.pt\/index.php?rest_route=\/wp\/v2\/media\/5932"}],"wp:attachment":[{"href":"https:\/\/mundo.seashell.pt\/index.php?rest_route=%2Fwp%2Fv2%2Fmedia&parent=5931"}],"wp:term":[{"taxonomy":"product_cat","embeddable":true,"href":"https:\/\/mundo.seashell.pt\/index.php?rest_route=%2Fwp%2Fv2%2Fproduct_cat&post=5931"},{"taxonomy":"product_tag","embeddable":true,"href":"https:\/\/mundo.seashell.pt\/index.php?rest_route=%2Fwp%2Fv2%2Fproduct_tag&post=5931"}],"curies":[{"name":"wp","href":"https:\/\/api.w.org\/{rel}","templated":true}]}}