{"id":5927,"date":"2022-02-23T11:44:30","date_gmt":"2022-02-23T11:44:30","guid":{"rendered":"https:\/\/mundo.seashell.pt\/?post_type=product&#038;p=5927"},"modified":"2022-02-23T11:44:35","modified_gmt":"2022-02-23T11:44:35","slug":"cris-azul-5kg","status":"publish","type":"product","link":"https:\/\/mundo.seashell.pt\/?product=cris-azul-5kg","title":{"rendered":"Pr\u00e9 Cristaliza\u00e7\u00e3o Cris Azul 5Kg"},"content":{"rendered":"<h2>Tratamento b\u00e1sico para cristaliza\u00e7\u00e3o de pavimentos de m\u00e1rmore<\/h2>\n<ul>\n<li>Gra\u00e7as \u00e0 sua f\u00f3rmula super concentrada, elimina rapidamente a porosidade dos pavimentos calc\u00e1rios.<\/li>\n<li>Ideal para preparar a cristaliza\u00e7\u00e3o final com Cris<\/li>\n<li>Abrilhanta e protege os pavimentos de origem calc\u00e1ria<\/li>\n<\/ul>\n<h4><\/h4>\n<h4>Descri\u00e7\u00e3o<\/h4>\n<p>F\u00f3rmula super concentrada apropiada para superf\u00edcies calc\u00e1rias (m\u00e1rmore e marmorite).<\/p>\n<h4><\/h4>\n<h4>Dilui\u00e7\u00e3o<\/h4>\n<p>Pronto para o uso.<\/p>\n<h4><\/h4>\n<h4>Como usar<\/h4>\n<p>Usando a m\u00e1quina mono disco de baixa velocidade (m\u00e1x. 150 rpm, m\u00ednimo 45 kg de peso, equipado com palha de a\u00e7o N.2). Para obter melhores resultados: decapar o pavimento com um decapante da linha SUTTER PROFESSIONAL. Deixar secar o pavimento. Pulverizar uma pequena quantidade de CRIS AZUL e tratar o pavimento at\u00e9 que se obtenha o brilho desejado (4-5 ml sqm). Cristalizar o pavimento usando CRIS.<\/p>\n","protected":false},"excerpt":{"rendered":"<p>Tratamento b\u00e1sico para cristaliza\u00e7\u00e3o de pavimentos de m\u00e1rmore. Ideal para preparar a cristaliza\u00e7\u00e3o.<\/p>\n","protected":false},"featured_media":5928,"template":"","meta":{"spay_email":""},"product_cat":[15],"product_tag":[],"class_list":{"0":"post-5927","1":"product","2":"type-product","3":"status-publish","4":"has-post-thumbnail","6":"product_cat-sem-categoria","8":"first","9":"instock","10":"taxable","11":"shipping-taxable","12":"purchasable","13":"product-type-simple"},"acf":[],"jetpack-related-posts":[{"id":5925,"url":"https:\/\/mundo.seashell.pt\/?product=cris-5kg","url_meta":{"origin":5927,"position":0},"title":"Cristalizador Cris 5Kg","date":"Fevereiro 23, 2022","format":false,"excerpt":"Cristalizador para pavimentos de origem calc\u00e1ria. Elimina as micro-porosidades reduzindo a penetra\u00e7\u00e3o da sujidade. \u00d3timo efeito brilhante.","rel":"","context":"Similar post","img":{"alt_text":"","src":"https:\/\/i0.wp.com\/mundo.seashell.pt\/wp-content\/uploads\/2022\/02\/cris.jpg?resize=350%2C200&ssl=1","width":350,"height":200},"classes":[]},{"id":6010,"url":"https:\/\/mundo.seashell.pt\/?product=singular-5kg","url_meta":{"origin":5927,"position":1},"title":"Lava e Encera Singular 5Kg","date":"Fevereiro 23, 2022","format":false,"excerpt":"Produto formulado com uma combina\u00e7\u00e3o de emuls\u00f5es polim\u00e9ricas e de detergentes para o tratamento de pavimentos sint\u00e9ticos e minerais, tais como m\u00e1rmore, marmorite e granito. \u00d3timo para a manuten\u00e7\u00e3o como lava-encera.","rel":"","context":"Similar post","img":{"alt_text":"","src":"https:\/\/i0.wp.com\/mundo.seashell.pt\/wp-content\/uploads\/2022\/02\/singular.jpg?resize=350%2C200&ssl=1","width":350,"height":200},"classes":[]},{"id":7228,"url":"https:\/\/mundo.seashell.pt\/?product=siril-desincrustrante-500ml","url_meta":{"origin":5927,"position":2},"title":"Siril Desincrustrante 500ml","date":"Fevereiro 23, 2022","format":false,"excerpt":"Siril Desincrustrante 500ml Limpeza de res\u00edduos de cimento, forma\u00e7\u00f5es calc\u00e1rias, ferrugem e encardido em superf\u00edcies de m\u00e1rmore, marmorite, mosaico, tijoleira e pedra. Recupera\u00e7\u00e3o de superf\u00edcies em pedras antigas. Limpeza de calc\u00e1rio em sanit\u00e1rios. Aplic\u00e1vel em pavimentos, ombreiras, bancadas, soleiras, lareiras, rebordo de pisc...","rel":"","context":"Similar post","img":{"alt_text":"","src":"https:\/\/i0.wp.com\/mundo.seashell.pt\/wp-content\/uploads\/2022\/02\/siril500.jpeg?resize=350%2C200&ssl=1","width":350,"height":200},"classes":[]},{"id":7230,"url":"https:\/\/mundo.seashell.pt\/?product=siril-desincrustrante-1-litro","url_meta":{"origin":5927,"position":3},"title":"Siril Desincrustrante 1 Litro","date":"Fevereiro 23, 2022","format":false,"excerpt":"Siril Desincrustrante 1 Litro Limpeza de res\u00edduos de cimento, forma\u00e7\u00f5es calc\u00e1rias, ferrugem e encardido em superf\u00edcies de m\u00e1rmore, marmorite, mosaico, tijoleira e pedra. Recupera\u00e7\u00e3o de superf\u00edcies em pedras antigas. Limpeza de calc\u00e1rio em sanit\u00e1rios. Aplic\u00e1vel em pavimentos, ombreiras, bancadas, soleiras, lareiras, rebordo de pi...","rel":"","context":"Similar post","img":{"alt_text":"","src":"https:\/\/i0.wp.com\/mundo.seashell.pt\/wp-content\/uploads\/2022\/02\/transferir__5_.jpeg?resize=350%2C200&ssl=1","width":350,"height":200},"classes":[]},{"id":7232,"url":"https:\/\/mundo.seashell.pt\/?product=siril-desincrustrante-5-litros","url_meta":{"origin":5927,"position":4},"title":"Siril Desincrustrante 5 Litros","date":"Fevereiro 23, 2022","format":false,"excerpt":"Siril Desincrustrante 5 Litros Limpeza de res\u00edduos de cimento, forma\u00e7\u00f5es calc\u00e1rias, ferrugem e encardido em superf\u00edcies de m\u00e1rmore, marmorite, mosaico, tijoleira e pedra. Recupera\u00e7\u00e3o de superf\u00edcies em pedras antigas. Limpeza de calc\u00e1rio em sanit\u00e1rios. Aplic\u00e1vel em pavimentos, ombreiras, bancadas, soleiras, lareiras, rebordo de p...","rel":"","context":"Similar post","img":{"alt_text":"","src":"https:\/\/i0.wp.com\/mundo.seashell.pt\/wp-content\/uploads\/2022\/02\/transferir__6_-1.jpeg?resize=350%2C200&ssl=1","width":350,"height":200},"classes":[]},{"id":5960,"url":"https:\/\/mundo.seashell.pt\/?product=reflesh-5kg","url_meta":{"origin":5927,"position":5},"title":"Detergente Reflesh 5Kg","date":"Fevereiro 23, 2022","format":false,"excerpt":"Detergente neutro concentrado de efeito brilhante adequado para a manuten\u00e7\u00e3o de todos os pavimentos polidos.","rel":"","context":"Similar post","img":{"alt_text":"","src":"https:\/\/i0.wp.com\/mundo.seashell.pt\/wp-content\/uploads\/2022\/02\/reflesh_1.jpg?resize=350%2C200&ssl=1","width":350,"height":200},"classes":[]}],"_links":{"self":[{"href":"https:\/\/mundo.seashell.pt\/index.php?rest_route=\/wp\/v2\/product\/5927","targetHints":{"allow":["GET"]}}],"collection":[{"href":"https:\/\/mundo.seashell.pt\/index.php?rest_route=\/wp\/v2\/product"}],"about":[{"href":"https:\/\/mundo.seashell.pt\/index.php?rest_route=\/wp\/v2\/types\/product"}],"wp:featuredmedia":[{"embeddable":true,"href":"https:\/\/mundo.seashell.pt\/index.php?rest_route=\/wp\/v2\/media\/5928"}],"wp:attachment":[{"href":"https:\/\/mundo.seashell.pt\/index.php?rest_route=%2Fwp%2Fv2%2Fmedia&parent=5927"}],"wp:term":[{"taxonomy":"product_cat","embeddable":true,"href":"https:\/\/mundo.seashell.pt\/index.php?rest_route=%2Fwp%2Fv2%2Fproduct_cat&post=5927"},{"taxonomy":"product_tag","embeddable":true,"href":"https:\/\/mundo.seashell.pt\/index.php?rest_route=%2Fwp%2Fv2%2Fproduct_tag&post=5927"}],"curies":[{"name":"wp","href":"https:\/\/api.w.org\/{rel}","templated":true}]}}