{"id":5925,"date":"2022-02-23T11:44:28","date_gmt":"2022-02-23T11:44:28","guid":{"rendered":"https:\/\/mundo.seashell.pt\/?post_type=product&#038;p=5925"},"modified":"2022-02-23T11:44:30","modified_gmt":"2022-02-23T11:44:30","slug":"cris-5kg","status":"publish","type":"product","link":"https:\/\/mundo.seashell.pt\/?product=cris-5kg","title":{"rendered":"Cristalizador Cris 5Kg"},"content":{"rendered":"<h2>Cristalizador antiderrapante para o tratamento de pavimentos em m\u00e1rmore e marmorite.<\/h2>\n<ul>\n<li>Efeito antiderrapante testado pelos laborat\u00f3rios UL<\/li>\n<li>Elimina a porosidade dos pavimentos de origem calc\u00e1ria<\/li>\n<li>Efeito brilhante<\/li>\n<\/ul>\n<h4><\/h4>\n<h4>Descri\u00e7\u00e3o<\/h4>\n<p>Cristalizador para pavimentos de origem calc\u00e1ria. Elimina as micro-porosidades reduzindo a penetra\u00e7\u00e3o da sujidade. \u00d3timo efeito brilhante. Registado Underwriters Laboratories Inc. como produto de alta resist\u00eancia antiderrapante.<\/p>\n<h4><\/h4>\n<h4>Dilui\u00e7\u00e3o<\/h4>\n<p>Pronto para o uso.<\/p>\n<h4><\/h4>\n<h4>Como usar<\/h4>\n<p>Depois de ter cuidadosamente decapado o pavimento com o decapante apropriado da linha SUTTER PROFESSIONAL, e com o pavimento completamente seco, pulverize pequenas quantidades de produto (8-10 ml por m2) diretamente no pavimento e passe com a m\u00e1quina rotativa de baixa velocidade (150\/ 170 rpm peso m\u00ednimo 45 kg) dotada de disco de l\u00e3 de a\u00e7o (N.2) at\u00e9 obter o brilho desejado (8-10 min m2). Se necess\u00e1rio, repita a opera\u00e7\u00e3o. No fim do tratamento, varrer o pavimento e passar um pano h\u00famido.<\/p>\n","protected":false},"excerpt":{"rendered":"<p>Cristalizador para pavimentos de origem calc\u00e1ria. Elimina as micro-porosidades reduzindo a penetra\u00e7\u00e3o da sujidade. \u00d3timo efeito brilhante. <\/p>\n","protected":false},"featured_media":5926,"template":"","meta":{"spay_email":""},"product_cat":[15],"product_tag":[],"class_list":{"0":"post-5925","1":"product","2":"type-product","3":"status-publish","4":"has-post-thumbnail","6":"product_cat-sem-categoria","8":"first","9":"instock","10":"taxable","11":"shipping-taxable","12":"purchasable","13":"product-type-simple"},"acf":[],"jetpack-related-posts":[{"id":5913,"url":"https:\/\/mundo.seashell.pt\/?product=meteor-parquet-5kg","url_meta":{"origin":5925,"position":0},"title":"Cera Meteor Parquet 5Kg","date":"Fevereiro 23, 2022","format":false,"excerpt":"Formulado com uma mistura de pol\u00edmeros e ceras espec\u00edficas para a porosidade t\u00edpica dos pavimentos em madeira.","rel":"","context":"Similar post","img":{"alt_text":"","src":"https:\/\/i0.wp.com\/mundo.seashell.pt\/wp-content\/uploads\/2022\/02\/meteor_parquet.jpg?resize=350%2C200&ssl=1","width":350,"height":200},"classes":[]},{"id":5927,"url":"https:\/\/mundo.seashell.pt\/?product=cris-azul-5kg","url_meta":{"origin":5925,"position":1},"title":"Pr\u00e9 Cristaliza\u00e7\u00e3o Cris Azul 5Kg","date":"Fevereiro 23, 2022","format":false,"excerpt":"Tratamento b\u00e1sico para cristaliza\u00e7\u00e3o de pavimentos de m\u00e1rmore. Ideal para preparar a cristaliza\u00e7\u00e3o.","rel":"","context":"Similar post","img":{"alt_text":"","src":"https:\/\/i0.wp.com\/mundo.seashell.pt\/wp-content\/uploads\/2022\/02\/cris_azul.jpg?resize=350%2C200&ssl=1","width":350,"height":200},"classes":[]},{"id":5956,"url":"https:\/\/mundo.seashell.pt\/?product=azzurro-5kg","url_meta":{"origin":5925,"position":2},"title":"Detergente Antiderrapante Azzurro 5Kg","date":"Fevereiro 23, 2022","format":false,"excerpt":"Detergente neutro concentrado apropriado para a manuten\u00e7\u00e3o de todos os tipos de pavimento protegidos com cera","rel":"","context":"Similar post","img":{"alt_text":"","src":"https:\/\/i0.wp.com\/mundo.seashell.pt\/wp-content\/uploads\/2022\/02\/azzurro.jpg?resize=350%2C200&ssl=1","width":350,"height":200},"classes":[]},{"id":5915,"url":"https:\/\/mundo.seashell.pt\/?product=pb-28-5kg","url_meta":{"origin":5925,"position":3},"title":"Cera PB 28 5Kg","date":"Fevereiro 23, 2022","format":false,"excerpt":"Cera de prote\u00e7\u00e3o para pavimentos.","rel":"","context":"Similar post","img":{"alt_text":"","src":"https:\/\/i0.wp.com\/mundo.seashell.pt\/wp-content\/uploads\/2022\/02\/pb_28.jpg?resize=350%2C200&ssl=1","width":350,"height":200},"classes":[]},{"id":6016,"url":"https:\/\/mundo.seashell.pt\/?product=rapid-uhs-5kg","url_meta":{"origin":5925,"position":4},"title":"Renovador Rapid UHS 5Kg","date":"Fevereiro 23, 2022","format":false,"excerpt":"Emuls\u00e3o polivalente que permite com apenas uma opera\u00e7\u00e3o a limpeza, repara\u00e7\u00e3o e polimento das ceras acr\u00edlicas metalizadas","rel":"","context":"Similar post","img":{"alt_text":"","src":"https:\/\/i0.wp.com\/mundo.seashell.pt\/wp-content\/uploads\/2022\/02\/rapid_uhs.jpg?resize=350%2C200&ssl=1","width":350,"height":200},"classes":[]},{"id":5909,"url":"https:\/\/mundo.seashell.pt\/?product=meteor-maxima-5kg","url_meta":{"origin":5925,"position":5},"title":"Cera Acr\u00edlica Meteor Maxima 5Kg","date":"Fevereiro 23, 2022","format":false,"excerpt":"Emuls\u00e3o formulada com pol\u00edmeros acr\u00edlicos e de poliuretano de modo a garantir o m\u00e1ximo brilho e resist\u00eancia ao tr\u00e1fego.","rel":"","context":"Similar post","img":{"alt_text":"","src":"https:\/\/i0.wp.com\/mundo.seashell.pt\/wp-content\/uploads\/2022\/02\/meteor_maxima.jpg?resize=350%2C200&ssl=1","width":350,"height":200},"classes":[]}],"_links":{"self":[{"href":"https:\/\/mundo.seashell.pt\/index.php?rest_route=\/wp\/v2\/product\/5925","targetHints":{"allow":["GET"]}}],"collection":[{"href":"https:\/\/mundo.seashell.pt\/index.php?rest_route=\/wp\/v2\/product"}],"about":[{"href":"https:\/\/mundo.seashell.pt\/index.php?rest_route=\/wp\/v2\/types\/product"}],"wp:featuredmedia":[{"embeddable":true,"href":"https:\/\/mundo.seashell.pt\/index.php?rest_route=\/wp\/v2\/media\/5926"}],"wp:attachment":[{"href":"https:\/\/mundo.seashell.pt\/index.php?rest_route=%2Fwp%2Fv2%2Fmedia&parent=5925"}],"wp:term":[{"taxonomy":"product_cat","embeddable":true,"href":"https:\/\/mundo.seashell.pt\/index.php?rest_route=%2Fwp%2Fv2%2Fproduct_cat&post=5925"},{"taxonomy":"product_tag","embeddable":true,"href":"https:\/\/mundo.seashell.pt\/index.php?rest_route=%2Fwp%2Fv2%2Fproduct_tag&post=5925"}],"curies":[{"name":"wp","href":"https:\/\/api.w.org\/{rel}","templated":true}]}}