{"id":5919,"date":"2022-02-23T11:44:07","date_gmt":"2022-02-23T11:44:07","guid":{"rendered":"https:\/\/mundo.seashell.pt\/?post_type=product&#038;p=5919"},"modified":"2022-02-23T11:44:12","modified_gmt":"2022-02-23T11:44:12","slug":"elettra-5kg","status":"publish","type":"product","link":"https:\/\/mundo.seashell.pt\/?product=elettra-5kg","title":{"rendered":"Cera Elettra 5Kg"},"content":{"rendered":"<h2>Cera anti-est\u00e1tica para pavimentos<\/h2>\n<ul>\n<li>N\u00e3o isola o pavimento (cert. 25246 Ist. Naz. Elettrotecnica Galileo Ferraris de Turim)<\/li>\n<li>F\u00f3rmula enriquecida com derivados quatern\u00e1rios para garantir as caracter\u00edsticas de ESD<\/li>\n<li>Efeito brilhante e facilidade de manuten\u00e7\u00e3o<\/li>\n<\/ul>\n<h4><\/h4>\n<h4>Descri\u00e7\u00e3o<\/h4>\n<p>Cera adequada para a prote\u00e7\u00e3o de todos os pavimentos existentes em locais onde a dispers\u00e3o da eletricidade est\u00e1tica \u00e9 um elemento de seguran\u00e7a indispens\u00e1vel (por ex., centros de processamento de dados, c\u00e2maras brancas, etc.). Forma uma pel\u00edcula de prote\u00e7\u00e3o de elevado brilho, que responde a v\u00e1rias t\u00e9cnicas de manuten\u00e7\u00e3o. N\u00e3o isola o pavimento (cert. 25246 Ist. Naz. Elettrotecnica Galileo Ferraris de Turim).<\/p>\n<h4><\/h4>\n<h4>Dilui\u00e7\u00e3o<\/h4>\n<p>Pronto para o uso.<\/p>\n<h4><\/h4>\n<h4>Como usar<\/h4>\n<p>Depois de ter cuidadosamente decapado o pavimento com o decapante apropriado da linha SUTTER PROFESSIONAL, enxague e aplique duas dem\u00e3os de cera com o aplicador de cera apropriado. Deixe secar cerca de 45 min. entre uma dem\u00e3o e outra. Apropriada tamb\u00e9m para a manuten\u00e7\u00e3o spray UHS (m\u00e1quina de alta velocidade dotada de disco bege) diluindo Elettra 1:3 com \u00e1gua.<\/p>\n","protected":false},"excerpt":{"rendered":"<p>Cera adequada para a prote\u00e7\u00e3o de todos os pavimentos existentes em locais onde a dispers\u00e3o da eletricidade est\u00e1tica.<\/p>\n","protected":false},"featured_media":5920,"template":"","meta":{"spay_email":""},"product_cat":[15],"product_tag":[],"class_list":{"0":"post-5919","1":"product","2":"type-product","3":"status-publish","4":"has-post-thumbnail","6":"product_cat-sem-categoria","8":"first","9":"instock","10":"taxable","11":"shipping-taxable","12":"purchasable","13":"product-type-simple"},"acf":[],"jetpack-related-posts":[{"id":6012,"url":"https:\/\/mundo.seashell.pt\/?product=ravviva-5kg","url_meta":{"origin":5919,"position":0},"title":"Lava e Encera Ravviva 5Kg","date":"Fevereiro 23, 2022","format":false,"excerpt":"Detergente de polimento, liberta no pavimento uma fina pel\u00edcula auto brilhante a fim de reparar a velha camada de cera ou dar uma ligeira prote\u00e7\u00e3o nos pavimentos n\u00e3o tratados.","rel":"","context":"Similar post","img":{"alt_text":"","src":"https:\/\/i0.wp.com\/mundo.seashell.pt\/wp-content\/uploads\/2022\/02\/ravviva.jpg?resize=350%2C200&ssl=1","width":350,"height":200},"classes":[]},{"id":5915,"url":"https:\/\/mundo.seashell.pt\/?product=pb-28-5kg","url_meta":{"origin":5919,"position":1},"title":"Cera PB 28 5Kg","date":"Fevereiro 23, 2022","format":false,"excerpt":"Cera de prote\u00e7\u00e3o para pavimentos.","rel":"","context":"Similar post","img":{"alt_text":"","src":"https:\/\/i0.wp.com\/mundo.seashell.pt\/wp-content\/uploads\/2022\/02\/pb_28.jpg?resize=350%2C200&ssl=1","width":350,"height":200},"classes":[]},{"id":5913,"url":"https:\/\/mundo.seashell.pt\/?product=meteor-parquet-5kg","url_meta":{"origin":5919,"position":2},"title":"Cera Meteor Parquet 5Kg","date":"Fevereiro 23, 2022","format":false,"excerpt":"Formulado com uma mistura de pol\u00edmeros e ceras espec\u00edficas para a porosidade t\u00edpica dos pavimentos em madeira.","rel":"","context":"Similar post","img":{"alt_text":"","src":"https:\/\/i0.wp.com\/mundo.seashell.pt\/wp-content\/uploads\/2022\/02\/meteor_parquet.jpg?resize=350%2C200&ssl=1","width":350,"height":200},"classes":[]},{"id":5958,"url":"https:\/\/mundo.seashell.pt\/?product=fresco-5kg","url_meta":{"origin":5919,"position":3},"title":"Detergente Fresco 5Kg","date":"Fevereiro 23, 2022","format":false,"excerpt":"Detergente neutro concentrado apropriado para a manuten\u00e7\u00e3o de todos os tipos de pavimento tratados com cera acr\u00edlicas","rel":"","context":"Similar post","img":{"alt_text":"","src":"https:\/\/i0.wp.com\/mundo.seashell.pt\/wp-content\/uploads\/2022\/02\/PhotoRoom_20210325_092130.jpg?resize=350%2C200&ssl=1","width":350,"height":200},"classes":[]},{"id":5956,"url":"https:\/\/mundo.seashell.pt\/?product=azzurro-5kg","url_meta":{"origin":5919,"position":4},"title":"Detergente Antiderrapante Azzurro 5Kg","date":"Fevereiro 23, 2022","format":false,"excerpt":"Detergente neutro concentrado apropriado para a manuten\u00e7\u00e3o de todos os tipos de pavimento protegidos com cera","rel":"","context":"Similar post","img":{"alt_text":"","src":"https:\/\/i0.wp.com\/mundo.seashell.pt\/wp-content\/uploads\/2022\/02\/azzurro.jpg?resize=350%2C200&ssl=1","width":350,"height":200},"classes":[]},{"id":5923,"url":"https:\/\/mundo.seashell.pt\/?product=top-shine-marron-5kg","url_meta":{"origin":5919,"position":5},"title":"Cera Top Shine Marron 5Kg","date":"Fevereiro 23, 2022","format":false,"excerpt":"Cera acr\u00edlica auto brilhante para pavimentos em madeira e corti\u00e7a.","rel":"","context":"Similar post","img":{"alt_text":"","src":"https:\/\/i0.wp.com\/mundo.seashell.pt\/wp-content\/uploads\/2022\/02\/top_shine_marron.jpg?resize=350%2C200&ssl=1","width":350,"height":200},"classes":[]}],"_links":{"self":[{"href":"https:\/\/mundo.seashell.pt\/index.php?rest_route=\/wp\/v2\/product\/5919","targetHints":{"allow":["GET"]}}],"collection":[{"href":"https:\/\/mundo.seashell.pt\/index.php?rest_route=\/wp\/v2\/product"}],"about":[{"href":"https:\/\/mundo.seashell.pt\/index.php?rest_route=\/wp\/v2\/types\/product"}],"wp:featuredmedia":[{"embeddable":true,"href":"https:\/\/mundo.seashell.pt\/index.php?rest_route=\/wp\/v2\/media\/5920"}],"wp:attachment":[{"href":"https:\/\/mundo.seashell.pt\/index.php?rest_route=%2Fwp%2Fv2%2Fmedia&parent=5919"}],"wp:term":[{"taxonomy":"product_cat","embeddable":true,"href":"https:\/\/mundo.seashell.pt\/index.php?rest_route=%2Fwp%2Fv2%2Fproduct_cat&post=5919"},{"taxonomy":"product_tag","embeddable":true,"href":"https:\/\/mundo.seashell.pt\/index.php?rest_route=%2Fwp%2Fv2%2Fproduct_tag&post=5919"}],"curies":[{"name":"wp","href":"https:\/\/api.w.org\/{rel}","templated":true}]}}