{"id":5917,"date":"2022-02-23T11:43:58","date_gmt":"2022-02-23T11:43:58","guid":{"rendered":"https:\/\/mundo.seashell.pt\/?post_type=product&#038;p=5917"},"modified":"2022-02-23T11:44:07","modified_gmt":"2022-02-23T11:44:07","slug":"unisplend-5kg","status":"publish","type":"product","link":"https:\/\/mundo.seashell.pt\/?product=unisplend-5kg","title":{"rendered":"Cera Acr\u00edlica Unisplend 5Kg"},"content":{"rendered":"<h2>Emuls\u00e3o acr\u00edlica antiderrapante de alta concentra\u00e7\u00e3o<\/h2>\n<ul>\n<li>Efeito antiderrapante testado pelos laborat\u00f3rios UL<\/li>\n<li>Aplica\u00e7\u00e3o mono camada<\/li>\n<li>Apropriada para os sistemas spray cleaning e spray buffing<\/li>\n<\/ul>\n<h4><\/h4>\n<h4>Descri\u00e7\u00e3o<\/h4>\n<p>Emuls\u00e3o formulada com uma alta concentra\u00e7\u00e3o de pol\u00edmeros acr\u00edlicos, ceras e resinas. Apropriada para aplica\u00e7\u00f5es mono camada. Registado Underwriters Laboratories Inc. como cera de alta resist\u00eancia antiderrapante.<\/p>\n<h4><\/h4>\n<h4>Dilui\u00e7\u00e3o<\/h4>\n<p>Pronto para o uso.<\/p>\n<h4><\/h4>\n<h4>Como usar<\/h4>\n<p>Depois de ter cuidadosamente decapado o pavimento com o decapante apropriado da linha SUTTER PROFESSIONAL, aplique apenas uma camada de cera com o aplicador de cera ou esfregona de algod\u00e3o limpa. Apropriada tamb\u00e9m para a manuten\u00e7\u00e3o spray cleaning ou spray buffing UHS. Manuten\u00e7\u00e3o aconselhada: AZZURRO UL para manuten\u00e7\u00e3o em h\u00famido; RAPID UHS UL para m\u00e9todo spray.<\/p>\n","protected":false},"excerpt":{"rendered":"<p>Emuls\u00e3o formulada com uma alta concentra\u00e7\u00e3o de pol\u00edmeros acr\u00edlicos, ceras e resinas.<\/p>\n","protected":false},"featured_media":5918,"template":"","meta":{"spay_email":""},"product_cat":[15],"product_tag":[],"class_list":{"0":"post-5917","1":"product","2":"type-product","3":"status-publish","4":"has-post-thumbnail","6":"product_cat-sem-categoria","8":"first","9":"instock","10":"taxable","11":"shipping-taxable","12":"purchasable","13":"product-type-simple"},"acf":[],"jetpack-related-posts":[{"id":5909,"url":"https:\/\/mundo.seashell.pt\/?product=meteor-maxima-5kg","url_meta":{"origin":5917,"position":0},"title":"Cera Acr\u00edlica Meteor Maxima 5Kg","date":"Fevereiro 23, 2022","format":false,"excerpt":"Emuls\u00e3o formulada com pol\u00edmeros acr\u00edlicos e de poliuretano de modo a garantir o m\u00e1ximo brilho e resist\u00eancia ao tr\u00e1fego.","rel":"","context":"Similar post","img":{"alt_text":"","src":"https:\/\/i0.wp.com\/mundo.seashell.pt\/wp-content\/uploads\/2022\/02\/meteor_maxima.jpg?resize=350%2C200&ssl=1","width":350,"height":200},"classes":[]},{"id":5911,"url":"https:\/\/mundo.seashell.pt\/?product=meteor-matt-5kg","url_meta":{"origin":5917,"position":1},"title":"Cera Acr\u00edlica Meteor Matt 5Kg","date":"Fevereiro 23, 2022","format":false,"excerpt":"Emuls\u00e3o formulada com uma mistura exclusiva de pol\u00edmeros e ceras para um especial efeito acetinado.","rel":"","context":"Similar post","img":{"alt_text":"","src":"https:\/\/i0.wp.com\/mundo.seashell.pt\/wp-content\/uploads\/2022\/02\/meteor_matt.jpg?resize=350%2C200&ssl=1","width":350,"height":200},"classes":[]},{"id":5915,"url":"https:\/\/mundo.seashell.pt\/?product=pb-28-5kg","url_meta":{"origin":5917,"position":2},"title":"Cera PB 28 5Kg","date":"Fevereiro 23, 2022","format":false,"excerpt":"Cera de prote\u00e7\u00e3o para pavimentos.","rel":"","context":"Similar post","img":{"alt_text":"","src":"https:\/\/i0.wp.com\/mundo.seashell.pt\/wp-content\/uploads\/2022\/02\/pb_28.jpg?resize=350%2C200&ssl=1","width":350,"height":200},"classes":[]},{"id":5913,"url":"https:\/\/mundo.seashell.pt\/?product=meteor-parquet-5kg","url_meta":{"origin":5917,"position":3},"title":"Cera Meteor Parquet 5Kg","date":"Fevereiro 23, 2022","format":false,"excerpt":"Formulado com uma mistura de pol\u00edmeros e ceras espec\u00edficas para a porosidade t\u00edpica dos pavimentos em madeira.","rel":"","context":"Similar post","img":{"alt_text":"","src":"https:\/\/i0.wp.com\/mundo.seashell.pt\/wp-content\/uploads\/2022\/02\/meteor_parquet.jpg?resize=350%2C200&ssl=1","width":350,"height":200},"classes":[]},{"id":6016,"url":"https:\/\/mundo.seashell.pt\/?product=rapid-uhs-5kg","url_meta":{"origin":5917,"position":4},"title":"Renovador Rapid UHS 5Kg","date":"Fevereiro 23, 2022","format":false,"excerpt":"Emuls\u00e3o polivalente que permite com apenas uma opera\u00e7\u00e3o a limpeza, repara\u00e7\u00e3o e polimento das ceras acr\u00edlicas metalizadas","rel":"","context":"Similar post","img":{"alt_text":"","src":"https:\/\/i0.wp.com\/mundo.seashell.pt\/wp-content\/uploads\/2022\/02\/rapid_uhs.jpg?resize=350%2C200&ssl=1","width":350,"height":200},"classes":[]},{"id":5956,"url":"https:\/\/mundo.seashell.pt\/?product=azzurro-5kg","url_meta":{"origin":5917,"position":5},"title":"Detergente Antiderrapante Azzurro 5Kg","date":"Fevereiro 23, 2022","format":false,"excerpt":"Detergente neutro concentrado apropriado para a manuten\u00e7\u00e3o de todos os tipos de pavimento protegidos com cera","rel":"","context":"Similar post","img":{"alt_text":"","src":"https:\/\/i0.wp.com\/mundo.seashell.pt\/wp-content\/uploads\/2022\/02\/azzurro.jpg?resize=350%2C200&ssl=1","width":350,"height":200},"classes":[]}],"_links":{"self":[{"href":"https:\/\/mundo.seashell.pt\/index.php?rest_route=\/wp\/v2\/product\/5917","targetHints":{"allow":["GET"]}}],"collection":[{"href":"https:\/\/mundo.seashell.pt\/index.php?rest_route=\/wp\/v2\/product"}],"about":[{"href":"https:\/\/mundo.seashell.pt\/index.php?rest_route=\/wp\/v2\/types\/product"}],"wp:featuredmedia":[{"embeddable":true,"href":"https:\/\/mundo.seashell.pt\/index.php?rest_route=\/wp\/v2\/media\/5918"}],"wp:attachment":[{"href":"https:\/\/mundo.seashell.pt\/index.php?rest_route=%2Fwp%2Fv2%2Fmedia&parent=5917"}],"wp:term":[{"taxonomy":"product_cat","embeddable":true,"href":"https:\/\/mundo.seashell.pt\/index.php?rest_route=%2Fwp%2Fv2%2Fproduct_cat&post=5917"},{"taxonomy":"product_tag","embeddable":true,"href":"https:\/\/mundo.seashell.pt\/index.php?rest_route=%2Fwp%2Fv2%2Fproduct_tag&post=5917"}],"curies":[{"name":"wp","href":"https:\/\/api.w.org\/{rel}","templated":true}]}}