{"id":5908,"date":"2022-02-23T11:43:47","date_gmt":"2022-02-23T11:43:47","guid":{"rendered":"https:\/\/mundo.seashell.pt\/?post_type=product&#038;p=5908"},"modified":"2022-02-23T11:43:47","modified_gmt":"2022-02-23T11:43:47","slug":"solim-cera-05-5l","status":"publish","type":"product","link":"https:\/\/mundo.seashell.pt\/?product=solim-cera-05-5l","title":{"rendered":"Solim Cera 05 &#8211; 5L"},"content":{"rendered":"<p>Cera acr\u00edlica<\/p>\n<p><strong><br \/><\/strong><\/p>\n<p><strong>PROPRIEDADES<\/strong><\/p>\n<p>Trata-se de uma emuls\u00e3o indicada para a maioria dos pavimentos macios&nbsp;e duros.<\/p>\n<p>Proporciona uma camada dur\u00e1vel, resistente e anti-derrapante.<\/p>\n<p><strong><br \/><\/strong><\/p>\n<p><strong>CONDI\u00c7\u00d5ES DE UTILIZA\u00c7\u00c3O<\/strong><\/p>\n<p>O pavimento deve estar limpo, ou seja, decapado, enxaguado e&nbsp;completamente seco.<\/p>\n<p>Aplicar o produto com uma mopa em puro sobre o pavimento e deixar&nbsp;secar antes de aplicar novas camadas. Duas camadas ser\u00e3o suficientes para obter o aspeto desejado.<\/p>\n<p>A decapagem da cera deve ser feita com Solim DECAP N, de acordo com&nbsp;as indica\u00e7\u00f5es constantes na respetiva documenta\u00e7\u00e3o t\u00e9cnica.<\/p>\n<p><strong><br \/><\/strong><\/p>\n<p><strong>CARACTERISTICAS FISICO QU\u00cdMICAS<\/strong><\/p>\n<p>Aspecto: Produto L\u00edquido<\/p>\n<p>Cor: Branco<\/p>\n<p>Biodegrad\u00e1vel, conforme regulamento (CE) N\u00ba 648\/2004 Anexo II e III<\/p>\n","protected":false},"excerpt":{"rendered":"<p>Solim Cera 05 &#8211; Cera acr\u00edlica com antiderrapante de aplica\u00e7\u00e3o manual ou mec\u00e2nica para pavimentos duros.<\/p>\n","protected":false},"featured_media":0,"template":"","meta":{"spay_email":""},"product_cat":[15],"product_tag":[],"class_list":{"0":"post-5908","1":"product","2":"type-product","3":"status-publish","5":"product_cat-sem-categoria","7":"first","8":"instock","9":"taxable","10":"shipping-taxable","11":"purchasable","12":"product-type-simple"},"acf":[],"jetpack-related-posts":[{"id":5982,"url":"https:\/\/mundo.seashell.pt\/?product=solim-decap-n-5kg","url_meta":{"origin":5908,"position":0},"title":"Solim Decap N 5Kg","date":"Fevereiro 23, 2022","format":false,"excerpt":"Decapante para ceras acri\u0301licas. Li\u0301quido de cor verde. Possui boas propriedades de limpeza e efeito antiesta\u0301tico. Deixa as superfi\u0301cies brilhantes durante muito tempo. Seca rapidamente.","rel":"","context":"Similar post","img":{"alt_text":"","src":"https:\/\/i0.wp.com\/mundo.seashell.pt\/wp-content\/uploads\/2022\/02\/SOLIM_DECAP_N_PhotoRoom_20210402_103559.jpg?resize=350%2C200&ssl=1","width":350,"height":200},"classes":[]},{"id":5917,"url":"https:\/\/mundo.seashell.pt\/?product=unisplend-5kg","url_meta":{"origin":5908,"position":1},"title":"Cera Acr\u00edlica Unisplend 5Kg","date":"Fevereiro 23, 2022","format":false,"excerpt":"Emuls\u00e3o formulada com uma alta concentra\u00e7\u00e3o de pol\u00edmeros acr\u00edlicos, ceras e resinas.","rel":"","context":"Similar post","img":{"alt_text":"","src":"https:\/\/i0.wp.com\/mundo.seashell.pt\/wp-content\/uploads\/2022\/02\/unisplend.jpg?resize=350%2C200&ssl=1","width":350,"height":200},"classes":[]},{"id":6018,"url":"https:\/\/mundo.seashell.pt\/?product=beton-5kg","url_meta":{"origin":5908,"position":2},"title":"Selante Beton 5Kg","date":"Fevereiro 23, 2022","format":false,"excerpt":"Selante acr\u00edlico particularmente estudado para pavimentos muito porosos. Efeito anti-p\u00f3 e resistente ao tr\u00e1fego pesado.","rel":"","context":"Similar post","img":{"alt_text":"","src":"https:\/\/i0.wp.com\/mundo.seashell.pt\/wp-content\/uploads\/2022\/02\/beton.jpg?resize=350%2C200&ssl=1","width":350,"height":200},"classes":[]},{"id":5915,"url":"https:\/\/mundo.seashell.pt\/?product=pb-28-5kg","url_meta":{"origin":5908,"position":3},"title":"Cera PB 28 5Kg","date":"Fevereiro 23, 2022","format":false,"excerpt":"Cera de prote\u00e7\u00e3o para pavimentos.","rel":"","context":"Similar post","img":{"alt_text":"","src":"https:\/\/i0.wp.com\/mundo.seashell.pt\/wp-content\/uploads\/2022\/02\/pb_28.jpg?resize=350%2C200&ssl=1","width":350,"height":200},"classes":[]},{"id":5913,"url":"https:\/\/mundo.seashell.pt\/?product=meteor-parquet-5kg","url_meta":{"origin":5908,"position":4},"title":"Cera Meteor Parquet 5Kg","date":"Fevereiro 23, 2022","format":false,"excerpt":"Formulado com uma mistura de pol\u00edmeros e ceras espec\u00edficas para a porosidade t\u00edpica dos pavimentos em madeira.","rel":"","context":"Similar post","img":{"alt_text":"","src":"https:\/\/i0.wp.com\/mundo.seashell.pt\/wp-content\/uploads\/2022\/02\/meteor_parquet.jpg?resize=350%2C200&ssl=1","width":350,"height":200},"classes":[]},{"id":5911,"url":"https:\/\/mundo.seashell.pt\/?product=meteor-matt-5kg","url_meta":{"origin":5908,"position":5},"title":"Cera Acr\u00edlica Meteor Matt 5Kg","date":"Fevereiro 23, 2022","format":false,"excerpt":"Emuls\u00e3o formulada com uma mistura exclusiva de pol\u00edmeros e ceras para um especial efeito acetinado.","rel":"","context":"Similar post","img":{"alt_text":"","src":"https:\/\/i0.wp.com\/mundo.seashell.pt\/wp-content\/uploads\/2022\/02\/meteor_matt.jpg?resize=350%2C200&ssl=1","width":350,"height":200},"classes":[]}],"_links":{"self":[{"href":"https:\/\/mundo.seashell.pt\/index.php?rest_route=\/wp\/v2\/product\/5908","targetHints":{"allow":["GET"]}}],"collection":[{"href":"https:\/\/mundo.seashell.pt\/index.php?rest_route=\/wp\/v2\/product"}],"about":[{"href":"https:\/\/mundo.seashell.pt\/index.php?rest_route=\/wp\/v2\/types\/product"}],"wp:attachment":[{"href":"https:\/\/mundo.seashell.pt\/index.php?rest_route=%2Fwp%2Fv2%2Fmedia&parent=5908"}],"wp:term":[{"taxonomy":"product_cat","embeddable":true,"href":"https:\/\/mundo.seashell.pt\/index.php?rest_route=%2Fwp%2Fv2%2Fproduct_cat&post=5908"},{"taxonomy":"product_tag","embeddable":true,"href":"https:\/\/mundo.seashell.pt\/index.php?rest_route=%2Fwp%2Fv2%2Fproduct_tag&post=5908"}],"curies":[{"name":"wp","href":"https:\/\/api.w.org\/{rel}","templated":true}]}}