{"id":5906,"date":"2022-02-23T11:43:42","date_gmt":"2022-02-23T11:43:42","guid":{"rendered":"https:\/\/mundo.seashell.pt\/?post_type=product&#038;p=5906"},"modified":"2022-02-23T11:43:44","modified_gmt":"2022-02-23T11:43:44","slug":"fun-tira-gorduras-500ml","status":"publish","type":"product","link":"https:\/\/mundo.seashell.pt\/?product=fun-tira-gorduras-500ml","title":{"rendered":"Fun Tira Gorduras  500ML"},"content":{"rendered":"<p><strong>APLICA\u00c7\u00c3O<\/strong><\/p>\n<p>Tira Gorduras<\/p>\n<p><strong><br \/><\/strong><\/p>\n<p><strong>PROPRIEDADES<\/strong><\/p>\n<p>O FUN\u00ae TIRA GORDURAS \u00e9 um desengordurante l\u00edquido alcalino com um&nbsp;excelente desempenho na remo\u00e7\u00e3o de gorduras, \u00f3leos e outro tipo de sujidades em pl\u00e1sticos, borracha, cimento e pedra. N\u00e3o deve ser&nbsp;utilizado em superf\u00edcies de alum\u00ednio.<\/p>\n<p>Pode ser utilizado no sector alimentar.<\/p>\n<p><strong><br \/><\/strong><\/p>\n<p><strong>CONDI\u00c7\u00d5ES DE UTILIZA\u00c7\u00c3O<\/strong><\/p>\n<p>Pulverizar o produto sobre a superf\u00edcie a limpar. Deixar atuar cerca de 3 minutos e enxaguar com \u00e1gua.<\/p>\n<\/p>\n<p><strong>CARACTERISTICAS FISICO QU\u00cdMICAS<\/strong><\/p>\n<p>Aspecto: Produto L\u00edquido<\/p>\n<p>Cor: avermelhado<\/p>\n<p>pH 14<\/p>\n","protected":false},"excerpt":{"rendered":"<p>Fun Tira Gorduras desengordurante l\u00edquido alcalino<\/p>\n","protected":false},"featured_media":5907,"template":"","meta":{"spay_email":""},"product_cat":[15],"product_tag":[],"class_list":{"0":"post-5906","1":"product","2":"type-product","3":"status-publish","4":"has-post-thumbnail","6":"product_cat-sem-categoria","8":"first","9":"instock","10":"taxable","11":"shipping-taxable","12":"purchasable","13":"product-type-simple"},"acf":[],"jetpack-related-posts":[{"id":5665,"url":"https:\/\/mundo.seashell.pt\/?product=stark-des-super-2l","url_meta":{"origin":5906,"position":0},"title":"Desengordurante Concentrado &#8211; Stark Des Super 2L","date":"Fevereiro 23, 2022","format":false,"excerpt":"Detergente desengordurante l\u00edquido alcalino com um excelente desempenho na remo\u00e7\u00e3o de gorduras, \u00f3leos e outro tipo de sujidades. Produto de elevada rentabilidade e economia em uso.","rel":"","context":"Similar post","img":{"alt_text":"","src":"","width":0,"height":0},"classes":[]},{"id":5657,"url":"https:\/\/mundo.seashell.pt\/?product=solim-fogoes-5kg","url_meta":{"origin":5906,"position":1},"title":"Desengordurante Alcalino &#8211; Solim Fog\u00f5es 5Kg","date":"Fevereiro 23, 2022","format":false,"excerpt":"Desengordurante l\u00edquido com elevada alcalinidade e poder molhante. Remove todas as gorduras, mesmo as caramelizadas.","rel":"","context":"Similar post","img":{"alt_text":"","src":"https:\/\/i0.wp.com\/mundo.seashell.pt\/wp-content\/uploads\/2022\/02\/Solim_Fogo_es_PhotoRoom_20210402_103025.jpg?resize=350%2C200&ssl=1","width":350,"height":200},"classes":[]},{"id":5659,"url":"https:\/\/mundo.seashell.pt\/?product=solim-d-forte-5kg","url_meta":{"origin":5906,"position":2},"title":"Desengordurante Alcalino &#8211; Solim D-Forte 5Kg","date":"Fevereiro 23, 2022","format":false,"excerpt":"Desengordurante l\u00edquido alcalino com um excelente desempenho na remo\u00e7\u00e3o de gorduras, \u00f3leos e outro tipo de sujidades em pl\u00e1sticos, borracha, cimento e pedra.","rel":"","context":"Similar post","img":{"alt_text":"","src":"https:\/\/i0.wp.com\/mundo.seashell.pt\/wp-content\/uploads\/2022\/02\/SOLIM_D-FORTE_PhotoRoom_20210402_103423.jpg?resize=350%2C200&ssl=1","width":350,"height":200},"classes":[]},{"id":5661,"url":"https:\/\/mundo.seashell.pt\/?product=solim-gorduras-10kg","url_meta":{"origin":5906,"position":3},"title":"Desengordurante Alcalino &#8211; Solim Gorduras 10kg","date":"Fevereiro 23, 2022","format":false,"excerpt":"Detergente em p\u00f3 concentrado, completamente sol\u00favel em \u00e1gua. Tem um forte componente alcalino e um bom poder molhante.","rel":"","context":"Similar post","img":{"alt_text":"","src":"https:\/\/i0.wp.com\/mundo.seashell.pt\/wp-content\/uploads\/2022\/02\/Solim_Gorduras_PhotoRoom_20210402_103656.jpg?resize=350%2C200&ssl=1","width":350,"height":200},"classes":[]},{"id":6501,"url":"https:\/\/mundo.seashell.pt\/?product=fairy-fresh-laranja-25-pastilhas","url_meta":{"origin":5906,"position":4},"title":"Fairy Fresh Laranja 25 Pastilhas","date":"Fevereiro 23, 2022","format":false,"excerpt":"As c\u00e1psulas para m\u00e1quina da loi\u00e7a Fairy t\u00eam uma a\u00e7\u00e3o de limpeza \u00e0 primeira e a sua f\u00f3rmula remove mesmo a gordura incrustada. Fairy combina l\u00edquido e p\u00f3 numa s\u00f3 c\u00e1psula poderosa. O seu inv\u00f3lucro ultrassol\u00favel dissolve-se muito mais rapidamente do que as c\u00e1psulas prensadas, por isso come\u00e7am a funcionar\u2026","rel":"","context":"Similar post","img":{"alt_text":"","src":"https:\/\/i0.wp.com\/mundo.seashell.pt\/wp-content\/uploads\/2022\/02\/002299866.jpeg?resize=350%2C200&ssl=1","width":350,"height":200},"classes":[]},{"id":5686,"url":"https:\/\/mundo.seashell.pt\/?product=sf210-fornos-500ml","url_meta":{"origin":5906,"position":5},"title":"Desengordurante &#8211; S.F. 210 Fornos","date":"Fevereiro 23, 2022","format":false,"excerpt":"Detergente alcalino espec\u00edfico para a remo\u00e7\u00e3o de gordura carbonizada de fornos, grelhas, placas de cozedura e assadores.","rel":"","context":"Similar post","img":{"alt_text":"","src":"https:\/\/i0.wp.com\/mundo.seashell.pt\/wp-content\/uploads\/2022\/02\/sf_210.jpg?resize=350%2C200&ssl=1","width":350,"height":200},"classes":[]}],"_links":{"self":[{"href":"https:\/\/mundo.seashell.pt\/index.php?rest_route=\/wp\/v2\/product\/5906","targetHints":{"allow":["GET"]}}],"collection":[{"href":"https:\/\/mundo.seashell.pt\/index.php?rest_route=\/wp\/v2\/product"}],"about":[{"href":"https:\/\/mundo.seashell.pt\/index.php?rest_route=\/wp\/v2\/types\/product"}],"wp:featuredmedia":[{"embeddable":true,"href":"https:\/\/mundo.seashell.pt\/index.php?rest_route=\/wp\/v2\/media\/5907"}],"wp:attachment":[{"href":"https:\/\/mundo.seashell.pt\/index.php?rest_route=%2Fwp%2Fv2%2Fmedia&parent=5906"}],"wp:term":[{"taxonomy":"product_cat","embeddable":true,"href":"https:\/\/mundo.seashell.pt\/index.php?rest_route=%2Fwp%2Fv2%2Fproduct_cat&post=5906"},{"taxonomy":"product_tag","embeddable":true,"href":"https:\/\/mundo.seashell.pt\/index.php?rest_route=%2Fwp%2Fv2%2Fproduct_tag&post=5906"}],"curies":[{"name":"wp","href":"https:\/\/api.w.org\/{rel}","templated":true}]}}