{"id":5904,"date":"2022-02-23T11:43:40","date_gmt":"2022-02-23T11:43:40","guid":{"rendered":"https:\/\/mundo.seashell.pt\/?post_type=product&#038;p=5904"},"modified":"2022-02-23T11:43:42","modified_gmt":"2022-02-23T11:43:42","slug":"solim-acido-5kg-loica-automatica","status":"publish","type":"product","link":"https:\/\/mundo.seashell.pt\/?product=solim-acido-5kg-loica-automatica","title":{"rendered":"Solim \u00c1cido 5Kg &#8211; Loi\u00e7a Autom\u00e1tica"},"content":{"rendered":"<p><strong>APLICA\u00c7\u00c3O<\/strong><\/p>\n<p>Detergente \u00e1cido para limpeza de m\u00e1quinas de lavar loi\u00e7a<\/p>\n<\/p>\n<p><strong>PROPRIEDADES<\/strong><\/p>\n<p>O SOLIM\u00ae \u00c1CIDO foi estudado especialmente para a limpeza de calc\u00e1rio e&nbsp;outras incrusta\u00e7\u00f5es nas m\u00e1quinas de lavar loi\u00e7a, provenientes de \u00e1guas duras ou f\u00e9rricas.<\/p>\n<p><strong><br \/><\/strong><\/p>\n<p><strong>CONDI\u00c7\u00d5ES DE UTILIZA\u00c7\u00c3O<\/strong><\/p>\n<p>&#8211; Coloca-se na m\u00e1quina o dobro da quantidade de SOLIM\u00ae \u00c1CIDO&nbsp;relativamente \u00e1 quantidade de detergente que utiliza habitualmente.<\/p>\n<p>&#8211; No caso de poder determinar a quantidade de \u00e1gua no banho, usar 30&nbsp;a 50 gramas de SOLIM\u00ae \u00c1CIDO por litro de \u00e1gua.<\/p>\n<p>&#8211; Deixar atuar at\u00e9 remo\u00e7\u00e3o completa das incrusta\u00e7\u00f5es.<\/p>\n<p>&#8211; Em seguida, encher a m\u00e1quina novamente e lig\u00e1-la na posi\u00e7\u00e3o de&nbsp;lavagem, sem detergente. Repetir o processo at\u00e9 remo\u00e7\u00e3o completa&nbsp;do produto.<\/p>\n<p>&#8211; Fazer novo banho com detergente e iniciar as lavagens normais.&nbsp;<\/p>\n<\/p>\n<p><strong>CARACTERISTICAS FISICO QU\u00cdMICAS<\/strong><br \/>Aspecto: Produto L\u00edquido<br \/>Cor: incolor<br \/>pH 1<br \/>Biodegrad\u00e1vel, conforme regulamento (CE) No 648\/2004 Anexo II e III<\/p>\n","protected":false},"excerpt":{"rendered":"<p>Detergente \u00e1cido para limpeza de m\u00e1quinas de lavar loi\u00e7a<\/p>\n","protected":false},"featured_media":5905,"template":"","meta":{"spay_email":""},"product_cat":[15],"product_tag":[],"class_list":{"0":"post-5904","1":"product","2":"type-product","3":"status-publish","4":"has-post-thumbnail","6":"product_cat-sem-categoria","8":"first","9":"instock","10":"taxable","11":"shipping-taxable","12":"purchasable","13":"product-type-simple"},"acf":[],"jetpack-related-posts":[{"id":6093,"url":"https:\/\/mundo.seashell.pt\/?product=descaler-plus-1lt-loica-automatica","url_meta":{"origin":5904,"position":0},"title":"Detergente Desincrustante Descaler Plus 1Lt","date":"Fevereiro 23, 2022","format":false,"excerpt":"Detergente desincrustante \u00e0 base de \u00e1cidos org\u00e2nicos de origem natural","rel":"","context":"Similar post","img":{"alt_text":"","src":"https:\/\/i0.wp.com\/mundo.seashell.pt\/wp-content\/uploads\/2022\/02\/descaler_plus.jpg?resize=350%2C200&ssl=1","width":350,"height":200},"classes":[]},{"id":6087,"url":"https:\/\/mundo.seashell.pt\/?product=solim-wc-higienizante-5l","url_meta":{"origin":5904,"position":1},"title":"Solim WC Higienizante 5L","date":"Fevereiro 23, 2022","format":false,"excerpt":"Detergente \u00e1cido de cor azul, viscoso e perfumado, especialmente \ufeffconcebido para a limpeza de instala\u00e7\u00f5es sanit\u00e1rias.","rel":"","context":"Similar post","img":{"alt_text":"","src":"https:\/\/i0.wp.com\/mundo.seashell.pt\/wp-content\/uploads\/2022\/02\/Solim_WC_Higienizante_PhotoRoom_20210402_103551.jpg?resize=350%2C200&ssl=1","width":350,"height":200},"classes":[]},{"id":5980,"url":"https:\/\/mundo.seashell.pt\/?product=acid-power-5-kg","url_meta":{"origin":5904,"position":2},"title":"Desincrustante Acid Power 5 Kg","date":"Fevereiro 23, 2022","format":false,"excerpt":"Detergente \u00e1cido superativo para a remo\u00e7\u00e3o de incrusta\u00e7\u00f5es calc\u00e1rias, cimento, res\u00edduos de alvaiade, efloresc\u00eancias salinas e ferrugem de superf\u00edcies resistentes aos \u00e1cidos.","rel":"","context":"Similar post","img":{"alt_text":"","src":"https:\/\/i0.wp.com\/mundo.seashell.pt\/wp-content\/uploads\/2022\/02\/acid_power.jpg?resize=350%2C200&ssl=1","width":350,"height":200},"classes":[]},{"id":6075,"url":"https:\/\/mundo.seashell.pt\/?product=stark-wc-2l","url_meta":{"origin":5904,"position":3},"title":"Detergente Stark WC 2L","date":"Fevereiro 23, 2022","format":false,"excerpt":"Detergente concentrado \u00e1cido para WC com forte poder aromatizante","rel":"","context":"Similar post","img":{"alt_text":"","src":"https:\/\/i0.wp.com\/mundo.seashell.pt\/wp-content\/uploads\/2022\/02\/goods_02_436158_2.jpg?resize=350%2C200&ssl=1","width":350,"height":200},"classes":[]},{"id":5868,"url":"https:\/\/mundo.seashell.pt\/?product=solim-am-55kg-loica-automatica","url_meta":{"origin":5904,"position":4},"title":"Solim AM &#8211; Loi\u00e7a Autom\u00e1tica","date":"Fevereiro 23, 2022","format":false,"excerpt":"Detergente l\u00edquido para lavagem autom\u00e1tica de loi\u00e7a \u2013 \u00e1guas macias","rel":"","context":"Similar post","img":{"alt_text":"","src":"https:\/\/i0.wp.com\/mundo.seashell.pt\/wp-content\/uploads\/2022\/02\/Solim_AM_25kg_PhotoRoom_20210402_103223.jpg?resize=350%2C200&ssl=1","width":350,"height":200},"classes":[]},{"id":5870,"url":"https:\/\/mundo.seashell.pt\/?product=solim-hw-55kg-loica-automatica","url_meta":{"origin":5904,"position":5},"title":"Solim HW &#8211; Loi\u00e7a Autom\u00e1tica","date":"Fevereiro 23, 2022","format":false,"excerpt":"Detergente l\u00edquido para lavagem autom\u00e1tica de loi\u00e7a \u2013 \u00e1guas duras","rel":"","context":"Similar post","img":{"alt_text":"","src":"https:\/\/i0.wp.com\/mundo.seashell.pt\/wp-content\/uploads\/2022\/02\/Solim_HW_25kg_PhotoRoom_20210402_103536.jpg?resize=350%2C200&ssl=1","width":350,"height":200},"classes":[]}],"_links":{"self":[{"href":"https:\/\/mundo.seashell.pt\/index.php?rest_route=\/wp\/v2\/product\/5904","targetHints":{"allow":["GET"]}}],"collection":[{"href":"https:\/\/mundo.seashell.pt\/index.php?rest_route=\/wp\/v2\/product"}],"about":[{"href":"https:\/\/mundo.seashell.pt\/index.php?rest_route=\/wp\/v2\/types\/product"}],"wp:featuredmedia":[{"embeddable":true,"href":"https:\/\/mundo.seashell.pt\/index.php?rest_route=\/wp\/v2\/media\/5905"}],"wp:attachment":[{"href":"https:\/\/mundo.seashell.pt\/index.php?rest_route=%2Fwp%2Fv2%2Fmedia&parent=5904"}],"wp:term":[{"taxonomy":"product_cat","embeddable":true,"href":"https:\/\/mundo.seashell.pt\/index.php?rest_route=%2Fwp%2Fv2%2Fproduct_cat&post=5904"},{"taxonomy":"product_tag","embeddable":true,"href":"https:\/\/mundo.seashell.pt\/index.php?rest_route=%2Fwp%2Fv2%2Fproduct_tag&post=5904"}],"curies":[{"name":"wp","href":"https:\/\/api.w.org\/{rel}","templated":true}]}}