{"id":5902,"date":"2022-02-23T11:43:37","date_gmt":"2022-02-23T11:43:37","guid":{"rendered":"https:\/\/mundo.seashell.pt\/?post_type=product&#038;p=5902"},"modified":"2022-02-23T11:43:40","modified_gmt":"2022-02-23T11:43:40","slug":"seq-2-10lt-loica-automatica","status":"publish","type":"product","link":"https:\/\/mundo.seashell.pt\/?product=seq-2-10lt-loica-automatica","title":{"rendered":"Sequestrante Seq 2 10Lt &#8211; Loi\u00e7a Autom\u00e1tica"},"content":{"rendered":"<h2>Sequestrante para m\u00e1quinas de lavar lou\u00e7a profissionais para qualquer tipo de \u00e1guas<\/h2>\n<ul>\n<li>Seguro, conveniente e sustent\u00e1vel<\/li>\n<li>Produto a elevada concentra\u00e7\u00e3o<\/li>\n<li>Deve ser utilizado com detergente e abrilhantador<\/li>\n<\/ul>\n<h4><\/h4>\n<h4>Descri\u00e7\u00e3o<\/h4>\n<p>Sequestrante em concentra\u00e7\u00e3o elevada exclusivamente concebido para a lavagem autom\u00e1tica da lou\u00e7a. Ideal por todo tipo de \u00e1gua. \u00d3ptimo para o uso com doseadores autom\u00e1ticos. F\u00d3RMULA SEM ESPUMA.<\/p>\n<p>Certificado Ecolabel: IT\/038\/001.<\/p>\n<h4><\/h4>\n<h4>Dilui\u00e7\u00e3o<\/h4>\n<p>USAR \u00daNICAMENTE DILU\u00cdDO!<br \/>Dosear em fun\u00e7\u00e3o da dureza da \u00e1gua e do tipo de sujidade. O uso da dilui\u00e7\u00e3o aconselhada permite poupar e reduzir ao m\u00ednimo o impacto ambiental. Para reduzir ao m\u00ednimo o consumo de energia e de \u00e1gua, recomenda-se uma temperatura m\u00ednima de 50\u00b0C. \u00c8 suficiente uma pequena quantidade de produto comparado com um produto dilu\u00eddo.<br \/>Produto dosado do sistema de dosagem. Para mais informa\u00e7\u00f5es contactar os t\u00e9cnicos da Sutter Professional.<\/p>\n<p><strong>Especifica\u00e7\u00f5es<\/strong><\/p>\n<p>Doses (g\/L):<\/p>\n<table>\n<tbody>\n<tr>\n<td><strong>Dureza da \u00e1gua<\/strong><\/td>\n<td><strong>Pouca sujeira<\/strong><\/td>\n<td><strong>Sujeira normal<\/strong><\/td>\n<td><strong>Muita sujeira<\/strong><\/td>\n<\/tr>\n<tr>\n<td>\u00c1guas macias (0-15\u00b0 F)<\/td>\n<td>0,3 g\/L<\/td>\n<td>0,5 g\/L<\/td>\n<td>0,7 g\/L<\/td>\n<\/tr>\n<tr>\n<td>\u00c1guas m\u00e9dias (15-25\u00b0 F)<\/td>\n<td>0,6 g\/L<\/td>\n<td>1 g\/L<\/td>\n<td>1,4 g\/L<\/td>\n<\/tr>\n<tr>\n<td>\u00c1guas duras (&gt; 25\u00b0 F)<\/td>\n<td>1 g\/L<\/td>\n<td>1,5 g\/L<\/td>\n<td>2,2 g\/L<\/td>\n<\/tr>\n<\/tbody>\n<\/table>\n<h4>Como usar<\/h4>\n<p>Deve ser utilizado com outros produtos da linha Pick a Box e com sistemas autom\u00e1ticos de dosagem Sutter Tech.<\/p>\n","protected":false},"excerpt":{"rendered":"<p>Sequestrante em concentra\u00e7\u00e3o elevada exclusivamente concebido para a lavagem autom\u00e1tica da lou\u00e7a. Ideal por todo tipo de \u00e1gua.<\/p>\n","protected":false},"featured_media":5903,"template":"","meta":{"spay_email":""},"product_cat":[15],"product_tag":[],"class_list":{"0":"post-5902","1":"product","2":"type-product","3":"status-publish","4":"has-post-thumbnail","6":"product_cat-sem-categoria","8":"first","9":"instock","10":"taxable","11":"shipping-taxable","12":"purchasable","13":"product-type-simple"},"acf":[],"jetpack-related-posts":[{"id":5876,"url":"https:\/\/mundo.seashell.pt\/?product=det-10lt-loica-automatica","url_meta":{"origin":5902,"position":0},"title":"Detergente Det 1 &#8211; 10Lt &#8211; Loi\u00e7a Autom\u00e1tica","date":"Fevereiro 23, 2022","format":false,"excerpt":"Detergente alcalino em concentra\u00e7\u00e3o elevada exclusivamente concebido para a lavagem autom\u00e1tica da lou\u00e7a.","rel":"","context":"Similar post","img":{"alt_text":"","src":"https:\/\/i0.wp.com\/mundo.seashell.pt\/wp-content\/uploads\/2022\/02\/det_1.jpg?resize=350%2C200&ssl=1","width":350,"height":200},"classes":[]},{"id":5882,"url":"https:\/\/mundo.seashell.pt\/?product=universal-plus-6kg-loica-automatica","url_meta":{"origin":5902,"position":1},"title":"Detergente Universal Plus &#8211; Loi\u00e7a Autom\u00e1tica","date":"Fevereiro 23, 2022","format":false,"excerpt":"Detergente alcalino em concentra\u00e7\u00e3o elevada exclusivamente concebido para a lavagem autom\u00e1tica da lou\u00e7a. Todos os tipos de \u00e1gua.","rel":"","context":"Similar post","img":{"alt_text":"","src":"https:\/\/i0.wp.com\/mundo.seashell.pt\/wp-content\/uploads\/2022\/02\/universal_plus.jpg?resize=350%2C200&ssl=1","width":350,"height":200},"classes":[]},{"id":5814,"url":"https:\/\/mundo.seashell.pt\/?product=alka-power-24-kg-lavandaria-automatica","url_meta":{"origin":5902,"position":2},"title":"Aditivo Alcalino Alka Power 24Kg &#8211; Lavandaria Autom\u00e1tica","date":"Fevereiro 23, 2022","format":false,"excerpt":"Aditivo alcalino secuestrante para lavagem autom\u00e1tica de roupa","rel":"","context":"Similar post","img":{"alt_text":"","src":"https:\/\/i0.wp.com\/mundo.seashell.pt\/wp-content\/uploads\/2022\/02\/alka_power_5.jpg?resize=350%2C200&ssl=1","width":350,"height":200},"classes":[]},{"id":5838,"url":"https:\/\/mundo.seashell.pt\/?product=rinse-3-10lt-loica-automatica","url_meta":{"origin":5902,"position":3},"title":"Abrilhantador Rinse 3 10Lt &#8211; Loi\u00e7a Autom\u00e1tica","date":"Fevereiro 23, 2022","format":false,"excerpt":"Abrilhantador \u00e1cido, \u00e0 base de \u00e1cido l\u00e1tico, em concentra\u00e7\u00e3o elevada para a lavagem mec\u00e2nica da lou\u00e7a.","rel":"","context":"Similar post","img":{"alt_text":"","src":"https:\/\/i0.wp.com\/mundo.seashell.pt\/wp-content\/uploads\/2022\/02\/rinse_3.jpg?resize=350%2C200&ssl=1","width":350,"height":200},"classes":[]},{"id":5786,"url":"https:\/\/mundo.seashell.pt\/?product=alka-extra-22-kg-lavandaria-automatica","url_meta":{"origin":5902,"position":4},"title":"Detergente Aditivo Alka Extra 22 Kg &#8211; Lavandaria Autom\u00e1tica","date":"Fevereiro 23, 2022","format":false,"excerpt":"Detergente aditivo refor\u00e7ador para a lavagem autom\u00e1tica dos tecidos.","rel":"","context":"Similar post","img":{"alt_text":"","src":"https:\/\/i0.wp.com\/mundo.seashell.pt\/wp-content\/uploads\/2022\/02\/alka_extra_4.jpg?resize=350%2C200&ssl=1","width":350,"height":200},"classes":[]},{"id":5784,"url":"https:\/\/mundo.seashell.pt\/?product=enzy-extra-5-kg-lavandaria-automaticamanual","url_meta":{"origin":5902,"position":5},"title":"Detergente Enzy Extra &#8211; Lavandaria Autom\u00e1tica\/Manual","date":"Fevereiro 23, 2022","format":false,"excerpt":"Detergente completo enzim\u00e1tico para lavagem manual e autom\u00e1tica de tecidos","rel":"","context":"Similar post","img":{"alt_text":"","src":"https:\/\/i0.wp.com\/mundo.seashell.pt\/wp-content\/uploads\/2022\/02\/enzy_extra.jpg?resize=350%2C200&ssl=1","width":350,"height":200},"classes":[]}],"_links":{"self":[{"href":"https:\/\/mundo.seashell.pt\/index.php?rest_route=\/wp\/v2\/product\/5902","targetHints":{"allow":["GET"]}}],"collection":[{"href":"https:\/\/mundo.seashell.pt\/index.php?rest_route=\/wp\/v2\/product"}],"about":[{"href":"https:\/\/mundo.seashell.pt\/index.php?rest_route=\/wp\/v2\/types\/product"}],"wp:featuredmedia":[{"embeddable":true,"href":"https:\/\/mundo.seashell.pt\/index.php?rest_route=\/wp\/v2\/media\/5903"}],"wp:attachment":[{"href":"https:\/\/mundo.seashell.pt\/index.php?rest_route=%2Fwp%2Fv2%2Fmedia&parent=5902"}],"wp:term":[{"taxonomy":"product_cat","embeddable":true,"href":"https:\/\/mundo.seashell.pt\/index.php?rest_route=%2Fwp%2Fv2%2Fproduct_cat&post=5902"},{"taxonomy":"product_tag","embeddable":true,"href":"https:\/\/mundo.seashell.pt\/index.php?rest_route=%2Fwp%2Fv2%2Fproduct_tag&post=5902"}],"curies":[{"name":"wp","href":"https:\/\/api.w.org\/{rel}","templated":true}]}}