{"id":5900,"date":"2022-02-23T11:43:34","date_gmt":"2022-02-23T11:43:34","guid":{"rendered":"https:\/\/mundo.seashell.pt\/?post_type=product&#038;p=5900"},"modified":"2022-02-23T11:43:37","modified_gmt":"2022-02-23T11:43:37","slug":"stark-sec-d-200-secante-loica-automatica","status":"publish","type":"product","link":"https:\/\/mundo.seashell.pt\/?product=stark-sec-d-200-secante-loica-automatica","title":{"rendered":"Stark Sec D-200 &#8211; Loi\u00e7a Autom\u00e1tica"},"content":{"rendered":"<h3>Propriedades<\/h3>\n<p>Produto de cor azul indicado para o enxaguamento e abrilhantamento da loi\u00e7a, talheres e vidros em m\u00e1quinas autom\u00e1ticas e t\u00faneis de lavagem. Evita o dep\u00f3sito de res\u00edduos calc\u00e1rios, tanto na loi\u00e7a como na m\u00e1quina. Ideal para \u00e1guas duras e extremamente duras.<\/p>\n<h3><\/h3>\n<h3>Condi\u00e7\u00f5es de Utiliza\u00e7\u00e3o<\/h3>\n<p>Concentra\u00e7\u00e3o de utiliza\u00e7\u00e3o: 0.02 a 0.5% (0.2 a 0.5g de produto por litro de \u00e1gua) a uma temperatura compreendida entre os 85 e os 90\u00baC. Quando n\u00e3o est\u00e1 a ser utilizado doseador apropriado, deve ser reposto produto a cada duas lavagens.<\/p>\n","protected":false},"excerpt":{"rendered":"<p>Produto de cor azul indicado para o enxaguamento e abrilhantamento da loi\u00e7a, talheres e vidros em m\u00e1quinas autom\u00e1ticas e tuneis de lavagem. Evita o dep\u00f3sito de res\u00edduos calc\u00e1rios, tanto na loi\u00e7a como na m\u00e1quina. Ideal para \u00e1guas duras e extremamente duras.<\/p>\n","protected":false},"featured_media":5901,"template":"","meta":{"spay_email":""},"product_cat":[15],"product_tag":[],"class_list":{"0":"post-5900","1":"product","2":"type-product","3":"status-publish","4":"has-post-thumbnail","6":"product_cat-sem-categoria","8":"first","9":"instock","10":"taxable","11":"shipping-taxable","12":"purchasable","13":"product-type-simple"},"acf":[],"jetpack-related-posts":[{"id":5898,"url":"https:\/\/mundo.seashell.pt\/?product=solim-secante-5l-loica-automatica","url_meta":{"origin":5900,"position":0},"title":"Solim Secante &#8211; Loi\u00e7a Autom\u00e1tica","date":"Fevereiro 23, 2022","format":false,"excerpt":"Secante com fun\u00e7\u00e3o de abrilhantador da loi\u00e7a na lavagem autom\u00e1tica e \ufeffpara a aplica\u00e7\u00e3o em fornos com programas de limpeza autom\u00e1tica","rel":"","context":"Similar post","img":{"alt_text":"","src":"https:\/\/i0.wp.com\/mundo.seashell.pt\/wp-content\/uploads\/2022\/02\/Solim_secante_5L.jpg?resize=350%2C200&ssl=1","width":350,"height":200},"classes":[]},{"id":5872,"url":"https:\/\/mundo.seashell.pt\/?product=stark-maq-d-200-6kg-loica-automatica","url_meta":{"origin":5900,"position":1},"title":"Stark Maq D-200 &#8211; Loi\u00e7a Autom\u00e1tica","date":"Fevereiro 23, 2022","format":false,"excerpt":"Detergente l\u00edquido para lavagem autom\u00e1tica de loi\u00e7a \u2013 \u00e1guas duras","rel":"","context":"Similar post","img":{"alt_text":"","src":"https:\/\/i0.wp.com\/mundo.seashell.pt\/wp-content\/uploads\/2022\/02\/STARK_MAQ_D100-scaled.jpg?resize=350%2C200&ssl=1","width":350,"height":200},"classes":[]},{"id":5870,"url":"https:\/\/mundo.seashell.pt\/?product=solim-hw-55kg-loica-automatica","url_meta":{"origin":5900,"position":2},"title":"Solim HW &#8211; Loi\u00e7a Autom\u00e1tica","date":"Fevereiro 23, 2022","format":false,"excerpt":"Detergente l\u00edquido para lavagem autom\u00e1tica de loi\u00e7a \u2013 \u00e1guas duras","rel":"","context":"Similar post","img":{"alt_text":"","src":"https:\/\/i0.wp.com\/mundo.seashell.pt\/wp-content\/uploads\/2022\/02\/Solim_HW_25kg_PhotoRoom_20210402_103536.jpg?resize=350%2C200&ssl=1","width":350,"height":200},"classes":[]},{"id":5886,"url":"https:\/\/mundo.seashell.pt\/?product=cristal-bar-750ml-loica-automatica","url_meta":{"origin":5900,"position":3},"title":"Detergente Cristal Bar &#8211; Loi\u00e7a Autom\u00e1tica","date":"Fevereiro 23, 2022","format":false,"excerpt":"Detergente alcalino de elevada concentra\u00e7\u00e3o para pequenas m\u00e1quinas de lavar loi\u00e7a, com MGDA para um melhor desempenho e menor impacto ambiental. Concebido para a lavagem autom\u00e1tica da loi\u00e7a.","rel":"","context":"Similar post","img":{"alt_text":"","src":"https:\/\/i0.wp.com\/mundo.seashell.pt\/wp-content\/uploads\/2022\/02\/cristal_bar.jpg?resize=350%2C200&ssl=1","width":350,"height":200},"classes":[]},{"id":5868,"url":"https:\/\/mundo.seashell.pt\/?product=solim-am-55kg-loica-automatica","url_meta":{"origin":5900,"position":4},"title":"Solim AM &#8211; Loi\u00e7a Autom\u00e1tica","date":"Fevereiro 23, 2022","format":false,"excerpt":"Detergente l\u00edquido para lavagem autom\u00e1tica de loi\u00e7a \u2013 \u00e1guas macias","rel":"","context":"Similar post","img":{"alt_text":"","src":"https:\/\/i0.wp.com\/mundo.seashell.pt\/wp-content\/uploads\/2022\/02\/Solim_AM_25kg_PhotoRoom_20210402_103223.jpg?resize=350%2C200&ssl=1","width":350,"height":200},"classes":[]},{"id":5866,"url":"https:\/\/mundo.seashell.pt\/?product=solim-10la-55kg-loica-automatica","url_meta":{"origin":5900,"position":5},"title":"Solim 10LA 5.5Kg &#8211; Loi\u00e7a Autom\u00e1tica","date":"Fevereiro 23, 2022","format":false,"excerpt":"Detergente l\u00edquido para lavagem autom\u00e1tica de loi\u00e7a.","rel":"","context":"Similar post","img":{"alt_text":"","src":"https:\/\/i0.wp.com\/mundo.seashell.pt\/wp-content\/uploads\/2022\/02\/Solim_10LA_PhotoRoom_20210402_103540.jpg?resize=350%2C200&ssl=1","width":350,"height":200},"classes":[]}],"_links":{"self":[{"href":"https:\/\/mundo.seashell.pt\/index.php?rest_route=\/wp\/v2\/product\/5900","targetHints":{"allow":["GET"]}}],"collection":[{"href":"https:\/\/mundo.seashell.pt\/index.php?rest_route=\/wp\/v2\/product"}],"about":[{"href":"https:\/\/mundo.seashell.pt\/index.php?rest_route=\/wp\/v2\/types\/product"}],"wp:featuredmedia":[{"embeddable":true,"href":"https:\/\/mundo.seashell.pt\/index.php?rest_route=\/wp\/v2\/media\/5901"}],"wp:attachment":[{"href":"https:\/\/mundo.seashell.pt\/index.php?rest_route=%2Fwp%2Fv2%2Fmedia&parent=5900"}],"wp:term":[{"taxonomy":"product_cat","embeddable":true,"href":"https:\/\/mundo.seashell.pt\/index.php?rest_route=%2Fwp%2Fv2%2Fproduct_cat&post=5900"},{"taxonomy":"product_tag","embeddable":true,"href":"https:\/\/mundo.seashell.pt\/index.php?rest_route=%2Fwp%2Fv2%2Fproduct_tag&post=5900"}],"curies":[{"name":"wp","href":"https:\/\/api.w.org\/{rel}","templated":true}]}}