{"id":5898,"date":"2022-02-23T11:43:31","date_gmt":"2022-02-23T11:43:31","guid":{"rendered":"https:\/\/mundo.seashell.pt\/?post_type=product&#038;p=5898"},"modified":"2022-02-23T11:43:34","modified_gmt":"2022-02-23T11:43:34","slug":"solim-secante-5l-loica-automatica","status":"publish","type":"product","link":"https:\/\/mundo.seashell.pt\/?product=solim-secante-5l-loica-automatica","title":{"rendered":"Solim Secante &#8211; Loi\u00e7a Autom\u00e1tica"},"content":{"rendered":"<p><strong>APLICA\u00c7\u00c3O<\/strong><\/p>\n<p>Secante com fun\u00e7\u00e3o de abrilhantador da loi\u00e7a na lavagem autom\u00e1tica e&nbsp;para a aplica\u00e7\u00e3o em fornos com programas de limpeza autom\u00e1tica<\/p>\n<p><strong><br \/><\/strong><\/p>\n<p><strong>PROPRIEDADES<\/strong><\/p>\n<p>Produto \u00e1cido com um \u00f3timo poder molhante, permitindo uma secagem r\u00e1pida. Possui na sua composi\u00e7\u00e3o agentes tensioativos com forma\u00e7\u00e3o de espuma&nbsp;controlada e agentes que evitam o dep\u00f3sito de res\u00edduos calc\u00e1rios.<\/p>\n<p><strong><br \/><\/strong><\/p>\n<p><strong>CONDI\u00c7\u00d5ES DE UTILIZA\u00c7\u00c3O<\/strong><\/p>\n<p>No caso da lavagem autom\u00e1tica da loi\u00e7a, o Solim\u00ae Secante utiliza-se de&nbsp;prefer\u00eancia com doseador apropriado. Deve ser aplicado a uma concentra\u00e7\u00e3o&nbsp;de 1 a 8 gramas de produto por cada 10 litros de \u00e1gua.&nbsp;Devem ser seguidas as instru\u00e7\u00f5es do fabricante da m\u00e1quina.&nbsp;&nbsp;<\/p>\n<p>Na limpeza de fornos, o Solim\u00ae Secante \u00e9 doseado automaticamente na \u00e1gua&nbsp;do enxaguamento do&nbsp;programa de limpeza atrav\u00e9s de doseadores integrados&nbsp;no pr\u00f3prio forno. Os n\u00edveis de limpeza s\u00e3o determinados pelos programas de&nbsp;lavagem do mesmo.<\/p>\n<p><strong><br \/><\/strong><\/p>\n<p><strong>CARACTERISTICAS F\u00cdSICO QU\u00cdMICAS<\/strong><\/p>\n<p>Aspecto: Produto L\u00edquido<\/p>\n<p>Cor: Azul<\/p>\n<p>pH 2.0\u00b11.0<\/p>\n<p>Biodegrad\u00e1vel, conforme regulamento (CE) No 648\/2004 Anexo II e III<\/p>\n","protected":false},"excerpt":{"rendered":"<p>Secante com fun\u00e7\u00e3o de abrilhantador da loi\u00e7a na lavagem autom\u00e1tica e \ufeffpara a aplica\u00e7\u00e3o em fornos com programas de limpeza autom\u00e1tica<\/p>\n","protected":false},"featured_media":5899,"template":"","meta":{"spay_email":""},"product_cat":[15],"product_tag":[],"class_list":{"0":"post-5898","1":"product","2":"type-product","3":"status-publish","4":"has-post-thumbnail","6":"product_cat-sem-categoria","8":"first","9":"instock","10":"taxable","11":"shipping-taxable","12":"purchasable","13":"product-type-simple"},"acf":[],"jetpack-related-posts":[{"id":5868,"url":"https:\/\/mundo.seashell.pt\/?product=solim-am-55kg-loica-automatica","url_meta":{"origin":5898,"position":0},"title":"Solim AM &#8211; Loi\u00e7a Autom\u00e1tica","date":"Fevereiro 23, 2022","format":false,"excerpt":"Detergente l\u00edquido para lavagem autom\u00e1tica de loi\u00e7a \u2013 \u00e1guas macias","rel":"","context":"Similar post","img":{"alt_text":"","src":"https:\/\/i0.wp.com\/mundo.seashell.pt\/wp-content\/uploads\/2022\/02\/Solim_AM_25kg_PhotoRoom_20210402_103223.jpg?resize=350%2C200&ssl=1","width":350,"height":200},"classes":[]},{"id":5870,"url":"https:\/\/mundo.seashell.pt\/?product=solim-hw-55kg-loica-automatica","url_meta":{"origin":5898,"position":1},"title":"Solim HW &#8211; Loi\u00e7a Autom\u00e1tica","date":"Fevereiro 23, 2022","format":false,"excerpt":"Detergente l\u00edquido para lavagem autom\u00e1tica de loi\u00e7a \u2013 \u00e1guas duras","rel":"","context":"Similar post","img":{"alt_text":"","src":"https:\/\/i0.wp.com\/mundo.seashell.pt\/wp-content\/uploads\/2022\/02\/Solim_HW_25kg_PhotoRoom_20210402_103536.jpg?resize=350%2C200&ssl=1","width":350,"height":200},"classes":[]},{"id":5866,"url":"https:\/\/mundo.seashell.pt\/?product=solim-10la-55kg-loica-automatica","url_meta":{"origin":5898,"position":2},"title":"Solim 10LA 5.5Kg &#8211; Loi\u00e7a Autom\u00e1tica","date":"Fevereiro 23, 2022","format":false,"excerpt":"Detergente l\u00edquido para lavagem autom\u00e1tica de loi\u00e7a.","rel":"","context":"Similar post","img":{"alt_text":"","src":"https:\/\/i0.wp.com\/mundo.seashell.pt\/wp-content\/uploads\/2022\/02\/Solim_10LA_PhotoRoom_20210402_103540.jpg?resize=350%2C200&ssl=1","width":350,"height":200},"classes":[]},{"id":5900,"url":"https:\/\/mundo.seashell.pt\/?product=stark-sec-d-200-secante-loica-automatica","url_meta":{"origin":5898,"position":3},"title":"Stark Sec D-200 &#8211; Loi\u00e7a Autom\u00e1tica","date":"Fevereiro 23, 2022","format":false,"excerpt":"Produto de cor azul indicado para o enxaguamento e abrilhantamento da loi\u00e7a, talheres e vidros em m\u00e1quinas autom\u00e1ticas e tuneis de lavagem. Evita o dep\u00f3sito de res\u00edduos calc\u00e1rios, tanto na loi\u00e7a como na m\u00e1quina. Ideal para \u00e1guas duras e extremamente duras.","rel":"","context":"Similar post","img":{"alt_text":"","src":"https:\/\/i0.wp.com\/mundo.seashell.pt\/wp-content\/uploads\/2022\/02\/stark_sec_d_200.jpg?resize=350%2C200&ssl=1","width":350,"height":200},"classes":[]},{"id":5904,"url":"https:\/\/mundo.seashell.pt\/?product=solim-acido-5kg-loica-automatica","url_meta":{"origin":5898,"position":4},"title":"Solim \u00c1cido 5Kg &#8211; Loi\u00e7a Autom\u00e1tica","date":"Fevereiro 23, 2022","format":false,"excerpt":"Detergente \u00e1cido para limpeza de m\u00e1quinas de lavar loi\u00e7a","rel":"","context":"Similar post","img":{"alt_text":"","src":"https:\/\/i0.wp.com\/mundo.seashell.pt\/wp-content\/uploads\/2022\/02\/Solim_A_cido_PhotoRoom_20210402_103416.jpg?resize=350%2C200&ssl=1","width":350,"height":200},"classes":[]},{"id":5840,"url":"https:\/\/mundo.seashell.pt\/?product=eco-rinse-5kg-loica-automatica","url_meta":{"origin":5898,"position":5},"title":"Abrilhantador Eco Rinse &#8211; Loi\u00e7a Autom\u00e1tica","date":"Fevereiro 23, 2022","format":false,"excerpt":"Abrilhantador neutro para lavagem mec\u00e2nica de lou\u00e7a para todos os tipos de \u00e1gua.","rel":"","context":"Similar post","img":{"alt_text":"","src":"https:\/\/i0.wp.com\/mundo.seashell.pt\/wp-content\/uploads\/2022\/02\/eco_rinse.jpg?resize=350%2C200&ssl=1","width":350,"height":200},"classes":[]}],"_links":{"self":[{"href":"https:\/\/mundo.seashell.pt\/index.php?rest_route=\/wp\/v2\/product\/5898","targetHints":{"allow":["GET"]}}],"collection":[{"href":"https:\/\/mundo.seashell.pt\/index.php?rest_route=\/wp\/v2\/product"}],"about":[{"href":"https:\/\/mundo.seashell.pt\/index.php?rest_route=\/wp\/v2\/types\/product"}],"wp:featuredmedia":[{"embeddable":true,"href":"https:\/\/mundo.seashell.pt\/index.php?rest_route=\/wp\/v2\/media\/5899"}],"wp:attachment":[{"href":"https:\/\/mundo.seashell.pt\/index.php?rest_route=%2Fwp%2Fv2%2Fmedia&parent=5898"}],"wp:term":[{"taxonomy":"product_cat","embeddable":true,"href":"https:\/\/mundo.seashell.pt\/index.php?rest_route=%2Fwp%2Fv2%2Fproduct_cat&post=5898"},{"taxonomy":"product_tag","embeddable":true,"href":"https:\/\/mundo.seashell.pt\/index.php?rest_route=%2Fwp%2Fv2%2Fproduct_tag&post=5898"}],"curies":[{"name":"wp","href":"https:\/\/api.w.org\/{rel}","templated":true}]}}